{"id":16616,"date":"2019-03-15T00:09:04","date_gmt":"2019-03-14T21:09:04","guid":{"rendered":"https:\/\/www.hexagonstudio.com.tr\/references\/"},"modified":"2019-05-30T17:13:30","modified_gmt":"2019-05-30T14:13:30","slug":"industrial-design-references","status":"publish","type":"page","link":"https:\/\/www.hexagonstudio.com.tr\/en\/design-and-innovation\/industrial-design\/industrial-design-references\/","title":{"rendered":"Industrial Design References"},"content":{"rendered":"<div class=\"wpb-content-wrapper\"><p>[vc_row row_type=&#8221;row&#8221; type=&#8221;full_width&#8221; text_align=&#8221;left&#8221; css_animation=&#8221;&#8221;][vc_column][vc_single_image image=&#8221;15780&#8243; img_size=&#8221;full&#8221; qode_css_animation=&#8221;&#8221;][\/vc_column][\/vc_row][vc_row row_type=&#8221;row&#8221; type=&#8221;grid&#8221; text_align=&#8221;left&#8221; padding_top=&#8221;40&#8243; padding_bottom=&#8221;40&#8243; css_animation=&#8221;&#8221;][vc_column][vc_text_separator title=&#8221;Industrial Design References&#8221; border=&#8221;no&#8221; el_class=&#8221;referans-sep&#8221;][vc_separator type=&#8221;transparent&#8221; thickness=&#8221;20&#8243;][vc_gallery type=&#8221;image_grid&#8221; images=&#8221;13909,13831,13847,13863,13889,13929,13933,13901,13931,13903&#8243; img_size=&#8221;full&#8221; onclick=&#8221;&#8221; column_number=&#8221;5&#8243;][\/vc_column][\/vc_row]<\/p>\n<\/div>","protected":false},"excerpt":{"rendered":"<p>[vc_row row_type=&#8221;row&#8221; type=&#8221;full_width&#8221; text_align=&#8221;left&#8221; css_animation=&#8221;&#8221;][vc_column][vc_single_image image=&#8221;15780&#8243; img_size=&#8221;full&#8221; qode_css_animation=&#8221;&#8221;][\/vc_column][\/vc_row][vc_row row_type=&#8221;row&#8221; type=&#8221;grid&#8221; text_align=&#8221;left&#8221; padding_top=&#8221;40&#8243; padding_bottom=&#8221;40&#8243; css_animation=&#8221;&#8221;][vc_column][vc_text_separator title=&#8221;Industrial Design References&#8221; border=&#8221;no&#8221; el_class=&#8221;referans-sep&#8221;][vc_separator type=&#8221;transparent&#8221; thickness=&#8221;20&#8243;][vc_gallery type=&#8221;image_grid&#8221; images=&#8221;13909,13831,13847,13863,13889,13929,13933,13901,13931,13903&#8243; img_size=&#8221;full&#8221; onclick=&#8221;&#8221; column_number=&#8221;5&#8243;][\/vc_column][\/vc_row]<\/p>\n","protected":false},"author":1,"featured_media":0,"parent":16813,"menu_order":3,"comment_status":"closed","ping_status":"closed","template":"full_width.php","meta":{"_acf_changed":false,"footnotes":""},"acf":[],"yoast_head":"<!-- This site is optimized with the Yoast SEO plugin v22.1 - https:\/\/yoast.com\/wordpress\/plugins\/seo\/ -->\n<title>Industrial Design References - Hexagon Studio<\/title>\n<meta name=\"robots\" content=\"index, follow, max-snippet:-1, max-image-preview:large, max-video-preview:-1\" \/>\n<link rel=\"canonical\" href=\"https:\/\/www.hexagonstudio.com.tr\/en\/design-and-innovation\/industrial-design\/industrial-design-references\/\" \/>\n<meta property=\"og:locale\" content=\"en_US\" \/>\n<meta property=\"og:type\" content=\"article\" \/>\n<meta property=\"og:title\" content=\"Industrial Design References - Hexagon Studio\" \/>\n<meta property=\"og:description\" content=\"[vc_row row_type=&#8221;row&#8221; type=&#8221;full_width&#8221; text_align=&#8221;left&#8221; css_animation=&#8221;&#8221;][vc_column][vc_single_image image=&#8221;15780&#8243; img_size=&#8221;full&#8221; qode_css_animation=&#8221;&#8221;][\/vc_column][\/vc_row][vc_row row_type=&#8221;row&#8221; type=&#8221;grid&#8221; text_align=&#8221;left&#8221; padding_top=&#8221;40&#8243; padding_bottom=&#8221;40&#8243; css_animation=&#8221;&#8221;][vc_column][vc_text_separator title=&#8221;Industrial Design References&#8221; border=&#8221;no&#8221; el_class=&#8221;referans-sep&#8221;][vc_separator type=&#8221;transparent&#8221; thickness=&#8221;20&#8243;][vc_gallery type=&#8221;image_grid&#8221; images=&#8221;13909,13831,13847,13863,13889,13929,13933,13901,13931,13903&#8243; img_size=&#8221;full&#8221; onclick=&#8221;&#8221; column_number=&#8221;5&#8243;][\/vc_column][\/vc_row]\" \/>\n<meta property=\"og:url\" content=\"https:\/\/www.hexagonstudio.com.tr\/en\/design-and-innovation\/industrial-design\/industrial-design-references\/\" \/>\n<meta property=\"og:site_name\" content=\"Hexagon Studio\" \/>\n<meta property=\"article:publisher\" content=\"https:\/\/www.facebook.com\/hexagonstudio\" \/>\n<meta property=\"article:modified_time\" content=\"2019-05-30T14:13:30+00:00\" \/>\n<meta name=\"twitter:card\" content=\"summary_large_image\" \/>\n<meta name=\"twitter:site\" content=\"@hexagonstudiotr\" \/>\n<!-- \/ Yoast SEO plugin. -->","yoast_head_json":{"title":"Industrial Design References - Hexagon Studio","robots":{"index":"index","follow":"follow","max-snippet":"max-snippet:-1","max-image-preview":"max-image-preview:large","max-video-preview":"max-video-preview:-1"},"canonical":"https:\/\/www.hexagonstudio.com.tr\/en\/design-and-innovation\/industrial-design\/industrial-design-references\/","og_locale":"en_US","og_type":"article","og_title":"Industrial Design References - Hexagon Studio","og_description":"[vc_row row_type=&#8221;row&#8221; type=&#8221;full_width&#8221; text_align=&#8221;left&#8221; css_animation=&#8221;&#8221;][vc_column][vc_single_image image=&#8221;15780&#8243; img_size=&#8221;full&#8221; qode_css_animation=&#8221;&#8221;][\/vc_column][\/vc_row][vc_row row_type=&#8221;row&#8221; type=&#8221;grid&#8221; text_align=&#8221;left&#8221; padding_top=&#8221;40&#8243; padding_bottom=&#8221;40&#8243; css_animation=&#8221;&#8221;][vc_column][vc_text_separator title=&#8221;Industrial Design References&#8221; border=&#8221;no&#8221; el_class=&#8221;referans-sep&#8221;][vc_separator type=&#8221;transparent&#8221; thickness=&#8221;20&#8243;][vc_gallery type=&#8221;image_grid&#8221; images=&#8221;13909,13831,13847,13863,13889,13929,13933,13901,13931,13903&#8243; img_size=&#8221;full&#8221; onclick=&#8221;&#8221; column_number=&#8221;5&#8243;][\/vc_column][\/vc_row]","og_url":"https:\/\/www.hexagonstudio.com.tr\/en\/design-and-innovation\/industrial-design\/industrial-design-references\/","og_site_name":"Hexagon Studio","article_publisher":"https:\/\/www.facebook.com\/hexagonstudio","article_modified_time":"2019-05-30T14:13:30+00:00","twitter_card":"summary_large_image","twitter_site":"@hexagonstudiotr","schema":{"@context":"https:\/\/schema.org","@graph":[{"@type":"WebPage","@id":"https:\/\/www.hexagonstudio.com.tr\/en\/design-and-innovation\/industrial-design\/industrial-design-references\/","url":"https:\/\/www.hexagonstudio.com.tr\/en\/design-and-innovation\/industrial-design\/industrial-design-references\/","name":"Industrial Design References - Hexagon Studio","isPartOf":{"@id":"https:\/\/www.hexagonstudio.com.tr\/en\/#website"},"datePublished":"2019-03-14T21:09:04+00:00","dateModified":"2019-05-30T14:13:30+00:00","breadcrumb":{"@id":"https:\/\/www.hexagonstudio.com.tr\/en\/design-and-innovation\/industrial-design\/industrial-design-references\/#breadcrumb"},"inLanguage":"en-US","potentialAction":[{"@type":"ReadAction","target":["https:\/\/www.hexagonstudio.com.tr\/en\/design-and-innovation\/industrial-design\/industrial-design-references\/"]}]},{"@type":"BreadcrumbList","@id":"https:\/\/www.hexagonstudio.com.tr\/en\/design-and-innovation\/industrial-design\/industrial-design-references\/#breadcrumb","itemListElement":[{"@type":"ListItem","position":1,"name":"Ana sayfa","item":"https:\/\/www.hexagonstudio.com.tr\/en\/"},{"@type":"ListItem","position":2,"name":"Design and Innovation","item":"https:\/\/www.hexagonstudio.com.tr\/en\/design-and-innovation\/"},{"@type":"ListItem","position":3,"name":"Industrial Design","item":"https:\/\/www.hexagonstudio.com.tr\/en\/design-and-innovation\/industrial-design\/"},{"@type":"ListItem","position":4,"name":"Industrial Design References"}]},{"@type":"WebSite","@id":"https:\/\/www.hexagonstudio.com.tr\/en\/#website","url":"https:\/\/www.hexagonstudio.com.tr\/en\/","name":"Hexagon Studio","description":"\u00d6zg\u00fcn Tasar\u0131m ve M\u00fchendislik \u00c7\u00f6z\u00fcmleri","publisher":{"@id":"https:\/\/www.hexagonstudio.com.tr\/en\/#organization"},"potentialAction":[{"@type":"SearchAction","target":{"@type":"EntryPoint","urlTemplate":"https:\/\/www.hexagonstudio.com.tr\/en\/?s={search_term_string}"},"query-input":"required name=search_term_string"}],"inLanguage":"en-US"},{"@type":"Organization","@id":"https:\/\/www.hexagonstudio.com.tr\/en\/#organization","name":"Hexagon Studio","url":"https:\/\/www.hexagonstudio.com.tr\/en\/","logo":{"@type":"ImageObject","inLanguage":"en-US","@id":"https:\/\/www.hexagonstudio.com.tr\/en\/#\/schema\/logo\/image\/","url":"https:\/\/www.hexagonstudio.com.tr\/wp-content\/uploads\/2019\/01\/logo.png","contentUrl":"https:\/\/www.hexagonstudio.com.tr\/wp-content\/uploads\/2019\/01\/logo.png","width":280,"height":130,"caption":"Hexagon Studio"},"image":{"@id":"https:\/\/www.hexagonstudio.com.tr\/en\/#\/schema\/logo\/image\/"},"sameAs":["https:\/\/www.facebook.com\/hexagonstudio","https:\/\/twitter.com\/hexagonstudiotr","https:\/\/www.instagram.com\/hexagonstudiotr\/","https:\/\/www.linkedin.com\/company\/hexagon-studio"]}]}},"jetpack_sharing_enabled":true,"_links":{"self":[{"href":"https:\/\/www.hexagonstudio.com.tr\/en\/wp-json\/wp\/v2\/pages\/16616"}],"collection":[{"href":"https:\/\/www.hexagonstudio.com.tr\/en\/wp-json\/wp\/v2\/pages"}],"about":[{"href":"https:\/\/www.hexagonstudio.com.tr\/en\/wp-json\/wp\/v2\/types\/page"}],"author":[{"embeddable":true,"href":"https:\/\/www.hexagonstudio.com.tr\/en\/wp-json\/wp\/v2\/users\/1"}],"replies":[{"embeddable":true,"href":"https:\/\/www.hexagonstudio.com.tr\/en\/wp-json\/wp\/v2\/comments?post=16616"}],"version-history":[{"count":12,"href":"https:\/\/www.hexagonstudio.com.tr\/en\/wp-json\/wp\/v2\/pages\/16616\/revisions"}],"predecessor-version":[{"id":19758,"href":"https:\/\/www.hexagonstudio.com.tr\/en\/wp-json\/wp\/v2\/pages\/16616\/revisions\/19758"}],"up":[{"embeddable":true,"href":"https:\/\/www.hexagonstudio.com.tr\/en\/wp-json\/wp\/v2\/pages\/16813"}],"wp:attachment":[{"href":"https:\/\/www.hexagonstudio.com.tr\/en\/wp-json\/wp\/v2\/media?parent=16616"}],"curies":[{"name":"wp","href":"https:\/\/api.w.org\/{rel}","templated":true}]}}