{"id":16637,"date":"2014-02-07T13:37:05","date_gmt":"2014-02-07T11:37:05","guid":{"rendered":"https:\/\/www.hexagonstudio.com.tr\/about-us\/"},"modified":"2019-07-11T12:43:59","modified_gmt":"2019-07-11T09:43:59","slug":"about-us","status":"publish","type":"page","link":"https:\/\/www.hexagonstudio.com.tr\/en\/corporate\/about-us\/","title":{"rendered":"About Us"},"content":{"rendered":"<div class=\"wpb-content-wrapper\"><p>[vc_row row_type=&#8221;content_menu&#8221;][vc_column][\/vc_column][\/vc_row][vc_row row_type=&#8221;row&#8221; type=&#8221;grid&#8221; anchor=&#8221;about-us&#8221; in_content_menu=&#8221;in_content_menu&#8221; content_menu_title=&#8221;About Us&#8221; content_menu_icon=&#8221;&#8221; text_align=&#8221;left&#8221; border_color=&#8221;#f0f0f0&#8243; padding_top=&#8221;42&#8243; padding_bottom=&#8221;20&#8243; css_animation=&#8221;&#8221;][vc_column width=&#8221;1\/2&#8243;][vc_custom_heading text=&#8221;About Us&#8221; font_container=&#8221;tag:h3|text_align:left&#8221; use_theme_fonts=&#8221;yes&#8221;]<blockquote class='' style=''><h5 class='blockquote-text' style=''>Hexagon Studio is founded in 2005 with a vision on giving design and engineering services to carry out turnkey solutions. Our facility has been a registered area as \u201cR&amp;D Center\u201d by Ministry of Industry and Technology (Turkey) since 2011.<\/h5><\/blockquote>[vc_column_text css=&#8221;.vc_custom_1559134656207{margin-top: 10px !important;}&#8221;]Automotive, maritime, railway, agricultural and special-purpose machines are priorty industries that we provide engineering services. We give services from our R&amp;D center to many countries in Europe, Asia and America with turnkey projects.[\/vc_column_text][\/vc_column][vc_column width=&#8221;1\/2&#8243;][vc_video link=&#8221;https:\/\/www.youtube.com\/watch?v=HlZIV43b5P8&#8243;][\/vc_column][\/vc_row][vc_row row_type=&#8221;row&#8221; type=&#8221;grid&#8221; anchor=&#8221;vision&#8221; in_content_menu=&#8221;in_content_menu&#8221; content_menu_title=&#8221;Vision&#8221; content_menu_icon=&#8221;&#8221; text_align=&#8221;left&#8221; border_color=&#8221;#f0f0f0&#8243; padding_top=&#8221;20&#8243; padding_bottom=&#8221;20&#8243; css_animation=&#8221;&#8221;][vc_column][vc_custom_heading text=&#8221;Vision&#8221; font_container=&#8221;tag:h3|text_align:left&#8221; use_theme_fonts=&#8221;yes&#8221;][vc_column_text]Our vision is being a pioneer model as a design and engineering center in the world.<\/p>\n<p>We reflect our vision to all our innovation activities and focus on creating added-value in product development. Our scope starts with conceptional design and ends with product launching with using technological tools and methodologies in every steps.[\/vc_column_text][\/vc_column][\/vc_row][vc_row row_type=&#8221;row&#8221; type=&#8221;grid&#8221; anchor=&#8221;mission&#8221; in_content_menu=&#8221;in_content_menu&#8221; content_menu_title=&#8221;Mission&#8221; content_menu_icon=&#8221;&#8221; text_align=&#8221;left&#8221; border_color=&#8221;#f0f0f0&#8243; padding_top=&#8221;20&#8243; padding_bottom=&#8221;20&#8243; css_animation=&#8221;&#8221;][vc_column][vc_custom_heading text=&#8221;Mission&#8221; font_container=&#8221;tag:h3|text_align:left&#8221; use_theme_fonts=&#8221;yes&#8221;][vc_separator type=&#8221;transparent&#8221; up=&#8221;0&#8243; down=&#8221;12&#8243;][vc_column_text]We manage our projects with our own and awarded project management systems called \u201cHexagon Studio Integrated Project Management System\u201d which was designed to manage projects with a wide scope on time, budget and industry.<\/p>\n<p>We use analytic methods by considering esthetics and innovative approach to reach our vision with our mature corporate processes.[\/vc_column_text][\/vc_column][\/vc_row][vc_row row_type=&#8221;row&#8221; type=&#8221;grid&#8221; anchor=&#8221;policies&#8221; in_content_menu=&#8221;in_content_menu&#8221; content_menu_title=&#8221;Policies&#8221; content_menu_icon=&#8221;&#8221; text_align=&#8221;left&#8221; border_color=&#8221;#f0f0f0&#8243; padding_top=&#8221;20&#8243; padding_bottom=&#8221;20&#8243; css_animation=&#8221;&#8221;][vc_column][vc_custom_heading text=&#8221;Policies&#8221; font_container=&#8221;tag:h3|text_align:left&#8221; use_theme_fonts=&#8221;yes&#8221;][vc_separator type=&#8221;transparent&#8221; up=&#8221;0&#8243; down=&#8221;12&#8243;][\/vc_column][vc_column width=&#8221;1\/3&#8243;][vc_custom_heading text=&#8221;Corporate Collaboration Culture&#8221; font_container=&#8221;tag:h4|text_align:left&#8221; use_theme_fonts=&#8221;yes&#8221;][vc_column_text]We create and utilize opportunities for long-term and strategic collaborations to reach common targets and create value with a synergy.[\/vc_column_text][\/vc_column][vc_column width=&#8221;1\/3&#8243;][vc_custom_heading text=&#8221;Quality&#8221; font_container=&#8221;tag:h4|text_align:left&#8221; use_theme_fonts=&#8221;yes&#8221;][vc_column_text]Our quality perspective provides sustainability, repeatability and customer satisfaction with a systematic approach.[\/vc_column_text][\/vc_column][vc_column width=&#8221;1\/3&#8243;][vc_custom_heading text=&#8221;Human Resources Policy&#8221; font_container=&#8221;tag:h4|text_align:left&#8221; use_theme_fonts=&#8221;yes&#8221;][vc_column_text]Our human resources policy is to build an employee profile which is parallel with our principles, targets, and high-quality service perception.[\/vc_column_text][\/vc_column][\/vc_row][vc_row row_type=&#8221;row&#8221; type=&#8221;grid&#8221; anchor=&#8221;values&#8221; in_content_menu=&#8221;in_content_menu&#8221; content_menu_title=&#8221;Values&#8221; content_menu_icon=&#8221;&#8221; text_align=&#8221;left&#8221; border_color=&#8221;#eaeaea&#8221; padding_top=&#8221;20&#8243; padding_bottom=&#8221;40&#8243; css_animation=&#8221;&#8221; el_class=&#8221;toolbar_color&#8221;][vc_column][vc_custom_heading text=&#8221;Values&#8221; font_container=&#8221;tag:h3|text_align:left&#8221; use_theme_fonts=&#8221;yes&#8221;][vc_column_text]We are encouraged by our values to go through in our innovation journey.[\/vc_column_text][vc_separator type=&#8221;transparent&#8221; up=&#8221;18&#8243; down=&#8221;18&#8243;][vc_row_inner row_type=&#8221;row&#8221; type=&#8221;grid&#8221; text_align=&#8221;left&#8221; css_animation=&#8221;&#8221;][vc_column_inner width=&#8221;1\/3&#8243;]<div class='q_icon_with_title tiny normal_icon'><div class=\"icon_holder q_icon_animation\" style=\" transition-delay: 100ms; -webkit-transition-delay: 100ms; -moz-transition-delay: 100ms; -o-transition-delay: 100ms;\"><span style=\"font-size: 29px;\" class=\"q_font_awsome_icon fa-lg \"><i class=\"fa fa-cogs\" style=\"color: #e3261c;\"><\/i><\/span><\/div><div class=\"icon_text_holder\"><div class=\"icon_text_inner\" style=\"\"><h4 class=\"icon_title\" style=\"\">Innovativeness<\/h4><p style=''>Motivation to create novel solutions with using design thinking tools.<\/p><\/div><\/div><\/div>[vc_separator type=&#8221;transparent&#8221; up=&#8221;18&#8243; down=&#8221;18&#8243;][\/vc_column_inner][vc_column_inner width=&#8221;1\/3&#8243;]<div class='q_icon_with_title small normal_icon'><div class=\"icon_holder q_icon_animation\" style=\" transition-delay: 200ms; -webkit-transition-delay: 200ms; -moz-transition-delay: 200ms; -o-transition-delay: 200ms;\"><span style=\"font-size: 29px;\" class=\"q_font_awsome_icon fa-2x \"><i class=\"fa fa-anchor\" style=\"color: #e3261c;\"><\/i><\/span><\/div><div class=\"icon_text_holder\"><div class=\"icon_text_inner\" style=\"\"><h4 class=\"icon_title\" style=\"\">Trust<\/h4><p style=''>Respect to the confidentiality concerns of all our stakeholders.<\/p><\/div><\/div><\/div>[vc_separator type=&#8221;transparent&#8221; up=&#8221;18&#8243; down=&#8221;18&#8243;][\/vc_column_inner][vc_column_inner width=&#8221;1\/3&#8243;]<div class='q_icon_with_title tiny normal_icon'><div class=\"icon_holder q_icon_animation\" style=\" transition-delay: 300ms; -webkit-transition-delay: 300ms; -moz-transition-delay: 300ms; -o-transition-delay: 300ms;\"><span style=\"font-size: 29px;\" class=\"q_font_awsome_icon fa-lg \"><i class=\"fa fa-magic\" style=\"color: #e3261c;\"><\/i><\/span><\/div><div class=\"icon_text_holder\"><div class=\"icon_text_inner\" style=\"\"><h4 class=\"icon_title\" style=\"\">Advancement<\/h4><p style=''>Investing for reaching new horizons with new capabilities and expertise.<\/p><\/div><\/div><\/div>[vc_separator type=&#8221;transparent&#8221; up=&#8221;18&#8243; down=&#8221;18&#8243;][\/vc_column_inner][\/vc_row_inner][vc_row_inner row_type=&#8221;row&#8221; type=&#8221;grid&#8221; text_align=&#8221;left&#8221; css_animation=&#8221;&#8221;][vc_column_inner width=&#8221;1\/3&#8243;]<div class='q_icon_with_title small normal_icon'><div class=\"icon_holder q_icon_animation\" style=\" transition-delay: 400ms; -webkit-transition-delay: 400ms; -moz-transition-delay: 400ms; -o-transition-delay: 400ms;\"><span style=\"font-size: 29px;\" class=\"q_font_awsome_icon fa-2x \"><i class=\"fa fa-refresh\" style=\"color: #e3261c;\"><\/i><\/span><\/div><div class=\"icon_text_holder\"><div class=\"icon_text_inner\" style=\"\"><h4 class=\"icon_title\" style=\"\">Sustainability<\/h4><p style=''>Using and enriching corporate memory.<\/p><\/div><\/div><\/div>[vc_separator type=&#8221;transparent&#8221; up=&#8221;18&#8243; down=&#8221;18&#8243;][\/vc_column_inner][vc_column_inner width=&#8221;1\/3&#8243;]<div class='q_icon_with_title small normal_icon'><div class=\"icon_holder q_icon_animation\" style=\" transition-delay: 500ms; -webkit-transition-delay: 500ms; -moz-transition-delay: 500ms; -o-transition-delay: 500ms;\"><span style=\"font-size: 29px;\" class=\"q_font_awsome_icon fa-2x \"><i class=\"fa fa-trophy\" style=\"color: #e3261c;\"><\/i><\/span><\/div><div class=\"icon_text_holder\"><div class=\"icon_text_inner\" style=\"\"><h4 class=\"icon_title\" style=\"\">Leadership<\/h4><p style=''>Dominating the evolution of trends and generating competitive results.<\/p><\/div><\/div><\/div>[vc_separator type=&#8221;transparent&#8221; up=&#8221;18&#8243; down=&#8221;18&#8243;][\/vc_column_inner][vc_column_inner width=&#8221;1\/3&#8243;][\/vc_column_inner][\/vc_row_inner][\/vc_column][\/vc_row]<\/p>\n<\/div>","protected":false},"excerpt":{"rendered":"<p>[vc_row row_type=&#8221;content_menu&#8221;][vc_column][\/vc_column][\/vc_row][vc_row row_type=&#8221;row&#8221; type=&#8221;grid&#8221; anchor=&#8221;about-us&#8221; in_content_menu=&#8221;in_content_menu&#8221; content_menu_title=&#8221;About Us&#8221; content_menu_icon=&#8221;&#8221; text_align=&#8221;left&#8221; border_color=&#8221;#f0f0f0&#8243; padding_top=&#8221;42&#8243; padding_bottom=&#8221;20&#8243; css_animation=&#8221;&#8221;][vc_column width=&#8221;1\/2&#8243;][vc_custom_heading text=&#8221;About Us&#8221; font_container=&#8221;tag:h3|text_align:left&#8221; use_theme_fonts=&#8221;yes&#8221;][vc_column_text css=&#8221;.vc_custom_1559134656207{margin-top: 10px !important;}&#8221;]Automotive, maritime, railway, agricultural and special-purpose machines are priorty industries that we provide engineering services. We give services from our R&amp;D center to many&#8230;<\/p>\n","protected":false},"author":1,"featured_media":0,"parent":16614,"menu_order":1,"comment_status":"closed","ping_status":"closed","template":"full_width.php","meta":{"_acf_changed":false,"footnotes":""},"acf":[],"yoast_head":"<!-- This site is optimized with the Yoast SEO plugin v22.1 - https:\/\/yoast.com\/wordpress\/plugins\/seo\/ -->\n<title>About Us - Hexagon Studio<\/title>\n<meta name=\"robots\" content=\"index, follow, max-snippet:-1, max-image-preview:large, max-video-preview:-1\" \/>\n<link rel=\"canonical\" href=\"https:\/\/www.hexagonstudio.com.tr\/en\/corporate\/about-us\/\" \/>\n<meta property=\"og:locale\" content=\"en_US\" \/>\n<meta property=\"og:type\" content=\"article\" \/>\n<meta property=\"og:title\" content=\"About Us - Hexagon Studio\" \/>\n<meta property=\"og:description\" content=\"[vc_row row_type=&#8221;content_menu&#8221;][vc_column][\/vc_column][\/vc_row][vc_row row_type=&#8221;row&#8221; type=&#8221;grid&#8221; anchor=&#8221;about-us&#8221; in_content_menu=&#8221;in_content_menu&#8221; content_menu_title=&#8221;About Us&#8221; content_menu_icon=&#8221;&#8221; text_align=&#8221;left&#8221; border_color=&#8221;#f0f0f0&#8243; padding_top=&#8221;42&#8243; padding_bottom=&#8221;20&#8243; css_animation=&#8221;&#8221;][vc_column width=&#8221;1\/2&#8243;][vc_custom_heading text=&#8221;About Us&#8221; font_container=&#8221;tag:h3|text_align:left&#8221; use_theme_fonts=&#8221;yes&#8221;][vc_column_text css=&#8221;.vc_custom_1559134656207{margin-top: 10px !important;}&#8221;]Automotive, maritime, railway, agricultural and special-purpose machines are priorty industries that we provide engineering services. We give services from our R&amp;D center to many...\" \/>\n<meta property=\"og:url\" content=\"https:\/\/www.hexagonstudio.com.tr\/en\/corporate\/about-us\/\" \/>\n<meta property=\"og:site_name\" content=\"Hexagon Studio\" \/>\n<meta property=\"article:publisher\" content=\"https:\/\/www.facebook.com\/hexagonstudio\" \/>\n<meta property=\"article:modified_time\" content=\"2019-07-11T09:43:59+00:00\" \/>\n<meta name=\"twitter:card\" content=\"summary_large_image\" \/>\n<meta name=\"twitter:site\" content=\"@hexagonstudiotr\" \/>\n<meta name=\"twitter:label1\" content=\"Est. reading time\" \/>\n\t<meta name=\"twitter:data1\" content=\"5 minutes\" \/>\n<!-- \/ Yoast SEO plugin. -->","yoast_head_json":{"title":"About Us - Hexagon Studio","robots":{"index":"index","follow":"follow","max-snippet":"max-snippet:-1","max-image-preview":"max-image-preview:large","max-video-preview":"max-video-preview:-1"},"canonical":"https:\/\/www.hexagonstudio.com.tr\/en\/corporate\/about-us\/","og_locale":"en_US","og_type":"article","og_title":"About Us - Hexagon Studio","og_description":"[vc_row row_type=&#8221;content_menu&#8221;][vc_column][\/vc_column][\/vc_row][vc_row row_type=&#8221;row&#8221; type=&#8221;grid&#8221; anchor=&#8221;about-us&#8221; in_content_menu=&#8221;in_content_menu&#8221; content_menu_title=&#8221;About Us&#8221; content_menu_icon=&#8221;&#8221; text_align=&#8221;left&#8221; border_color=&#8221;#f0f0f0&#8243; padding_top=&#8221;42&#8243; padding_bottom=&#8221;20&#8243; css_animation=&#8221;&#8221;][vc_column width=&#8221;1\/2&#8243;][vc_custom_heading text=&#8221;About Us&#8221; font_container=&#8221;tag:h3|text_align:left&#8221; use_theme_fonts=&#8221;yes&#8221;][vc_column_text css=&#8221;.vc_custom_1559134656207{margin-top: 10px !important;}&#8221;]Automotive, maritime, railway, agricultural and special-purpose machines are priorty industries that we provide engineering services. We give services from our R&amp;D center to many...","og_url":"https:\/\/www.hexagonstudio.com.tr\/en\/corporate\/about-us\/","og_site_name":"Hexagon Studio","article_publisher":"https:\/\/www.facebook.com\/hexagonstudio","article_modified_time":"2019-07-11T09:43:59+00:00","twitter_card":"summary_large_image","twitter_site":"@hexagonstudiotr","twitter_misc":{"Est. reading time":"5 minutes"},"schema":{"@context":"https:\/\/schema.org","@graph":[{"@type":"WebPage","@id":"https:\/\/www.hexagonstudio.com.tr\/en\/corporate\/about-us\/","url":"https:\/\/www.hexagonstudio.com.tr\/en\/corporate\/about-us\/","name":"About Us - Hexagon Studio","isPartOf":{"@id":"https:\/\/www.hexagonstudio.com.tr\/en\/#website"},"datePublished":"2014-02-07T11:37:05+00:00","dateModified":"2019-07-11T09:43:59+00:00","breadcrumb":{"@id":"https:\/\/www.hexagonstudio.com.tr\/en\/corporate\/about-us\/#breadcrumb"},"inLanguage":"en-US","potentialAction":[{"@type":"ReadAction","target":["https:\/\/www.hexagonstudio.com.tr\/en\/corporate\/about-us\/"]}]},{"@type":"BreadcrumbList","@id":"https:\/\/www.hexagonstudio.com.tr\/en\/corporate\/about-us\/#breadcrumb","itemListElement":[{"@type":"ListItem","position":1,"name":"Ana sayfa","item":"https:\/\/www.hexagonstudio.com.tr\/en\/"},{"@type":"ListItem","position":2,"name":"Corporate","item":"https:\/\/www.hexagonstudio.com.tr\/en\/corporate\/"},{"@type":"ListItem","position":3,"name":"About Us"}]},{"@type":"WebSite","@id":"https:\/\/www.hexagonstudio.com.tr\/en\/#website","url":"https:\/\/www.hexagonstudio.com.tr\/en\/","name":"Hexagon Studio","description":"\u00d6zg\u00fcn Tasar\u0131m ve M\u00fchendislik \u00c7\u00f6z\u00fcmleri","publisher":{"@id":"https:\/\/www.hexagonstudio.com.tr\/en\/#organization"},"potentialAction":[{"@type":"SearchAction","target":{"@type":"EntryPoint","urlTemplate":"https:\/\/www.hexagonstudio.com.tr\/en\/?s={search_term_string}"},"query-input":"required name=search_term_string"}],"inLanguage":"en-US"},{"@type":"Organization","@id":"https:\/\/www.hexagonstudio.com.tr\/en\/#organization","name":"Hexagon Studio","url":"https:\/\/www.hexagonstudio.com.tr\/en\/","logo":{"@type":"ImageObject","inLanguage":"en-US","@id":"https:\/\/www.hexagonstudio.com.tr\/en\/#\/schema\/logo\/image\/","url":"https:\/\/www.hexagonstudio.com.tr\/wp-content\/uploads\/2019\/01\/logo.png","contentUrl":"https:\/\/www.hexagonstudio.com.tr\/wp-content\/uploads\/2019\/01\/logo.png","width":280,"height":130,"caption":"Hexagon Studio"},"image":{"@id":"https:\/\/www.hexagonstudio.com.tr\/en\/#\/schema\/logo\/image\/"},"sameAs":["https:\/\/www.facebook.com\/hexagonstudio","https:\/\/twitter.com\/hexagonstudiotr","https:\/\/www.instagram.com\/hexagonstudiotr\/","https:\/\/www.linkedin.com\/company\/hexagon-studio"]}]}},"jetpack_sharing_enabled":true,"_links":{"self":[{"href":"https:\/\/www.hexagonstudio.com.tr\/en\/wp-json\/wp\/v2\/pages\/16637"}],"collection":[{"href":"https:\/\/www.hexagonstudio.com.tr\/en\/wp-json\/wp\/v2\/pages"}],"about":[{"href":"https:\/\/www.hexagonstudio.com.tr\/en\/wp-json\/wp\/v2\/types\/page"}],"author":[{"embeddable":true,"href":"https:\/\/www.hexagonstudio.com.tr\/en\/wp-json\/wp\/v2\/users\/1"}],"replies":[{"embeddable":true,"href":"https:\/\/www.hexagonstudio.com.tr\/en\/wp-json\/wp\/v2\/comments?post=16637"}],"version-history":[{"count":12,"href":"https:\/\/www.hexagonstudio.com.tr\/en\/wp-json\/wp\/v2\/pages\/16637\/revisions"}],"predecessor-version":[{"id":20381,"href":"https:\/\/www.hexagonstudio.com.tr\/en\/wp-json\/wp\/v2\/pages\/16637\/revisions\/20381"}],"up":[{"embeddable":true,"href":"https:\/\/www.hexagonstudio.com.tr\/en\/wp-json\/wp\/v2\/pages\/16614"}],"wp:attachment":[{"href":"https:\/\/www.hexagonstudio.com.tr\/en\/wp-json\/wp\/v2\/media?parent=16637"}],"curies":[{"name":"wp","href":"https:\/\/api.w.org\/{rel}","templated":true}]}}