{"id":16642,"date":"2019-03-06T04:58:21","date_gmt":"2019-03-06T01:58:21","guid":{"rendered":"https:\/\/www.hexagonstudio.com.tr\/our-story\/"},"modified":"2021-09-29T10:53:50","modified_gmt":"2021-09-29T07:53:50","slug":"our-history","status":"publish","type":"page","link":"https:\/\/www.hexagonstudio.com.tr\/en\/corporate\/our-history\/","title":{"rendered":"Our History"},"content":{"rendered":"<div class=\"wpb-content-wrapper\"><p>[vc_row row_type=&#8221;row&#8221; type=&#8221;full_width&#8221; text_align=&#8221;left&#8221; css_animation=&#8221;&#8221;][vc_column][vc_single_image image=&#8221;15611&#8243; img_size=&#8221;full&#8221; alignment=&#8221;center&#8221; qode_css_animation=&#8221;&#8221;][\/vc_column][\/vc_row][vc_row row_type=&#8221;content_menu&#8221;][vc_column][\/vc_column][\/vc_row][vc_row row_type=&#8221;row&#8221; type=&#8221;full_width&#8221; anchor=&#8221;year2005&#8243; in_content_menu=&#8221;in_content_menu&#8221; content_menu_title=&#8221;2005&#8243; content_menu_icon=&#8221;&#8221; text_align=&#8221;left&#8221; css_animation=&#8221;&#8221; el_id=&#8221;year2005&#8243; el_class=&#8221;timeline-row&#8221;][vc_column width=&#8221;6\/12&#8243;][vc_single_image image=&#8221;15618&#8243; img_size=&#8221;600&#215;450&#8243; alignment=&#8221;right&#8221; qode_css_animation=&#8221;&#8221;][\/vc_column][vc_column width=&#8221;4\/12&#8243; el_class=&#8221;timeline-right-text&#8221;][vc_column_text el_class=&#8221;timeline-text&#8221;]<\/p>\n<h3>28 November 2005<\/h3>\n<h2>Founded in 2005 with a vision to create innovative solutions for transport, maritime, agricultural and special-purpose machines.<\/h2>\n<p>[\/vc_column_text][\/vc_column][\/vc_row][vc_row row_type=&#8221;row&#8221; type=&#8221;full_width&#8221; anchor=&#8221;year2010&#8243; in_content_menu=&#8221;in_content_menu&#8221; content_menu_title=&#8221;2010&#8243; content_menu_icon=&#8221;&#8221; text_align=&#8221;left&#8221; css_animation=&#8221;&#8221; el_class=&#8221;timeline-row&#8221; el_id=&#8221;year2010&#8243;][vc_column width=&#8221;2\/12&#8243; el_class=&#8221;timeline-left-text&#8221;][\/vc_column][vc_column width=&#8221;4\/12&#8243; el_class=&#8221;timeline-left-text&#8221;][vc_column_text el_class=&#8221;timeline-text&#8221;]<\/p>\n<h3>28 January 2010<\/h3>\n<h2>Qualified for ISO 9001:2008 Quality Certification.<\/h2>\n<p>[\/vc_column_text][\/vc_column][vc_column width=&#8221;6\/12&#8243;][vc_single_image image=&#8221;17293&#8243; img_size=&#8221;600&#215;450&#8243; qode_css_animation=&#8221;&#8221;][\/vc_column][\/vc_row][vc_row row_type=&#8221;row&#8221; type=&#8221;full_width&#8221; anchor=&#8221;year2011&#8243; in_content_menu=&#8221;in_content_menu&#8221; content_menu_title=&#8221;2011&#8243; content_menu_icon=&#8221;&#8221; text_align=&#8221;left&#8221; css_animation=&#8221;&#8221; el_id=&#8221;year2011&#8243; el_class=&#8221;timeline-row&#8221;][vc_column width=&#8221;6\/12&#8243;][vc_single_image image=&#8221;17297&#8243; img_size=&#8221;600&#215;450&#8243; alignment=&#8221;right&#8221; qode_css_animation=&#8221;&#8221;][\/vc_column][vc_column width=&#8221;4\/12&#8243; el_class=&#8221;timeline-right-text&#8221;][vc_column_text el_class=&#8221;timeline-text&#8221;]<\/p>\n<h3>26 April 2011<\/h3>\n<h2>Received &#8220;R&amp;D Centre&#8221; certification by the Ministry of Industry and Technology.<\/h2>\n<p>[\/vc_column_text][\/vc_column][\/vc_row][vc_row row_type=&#8221;row&#8221; type=&#8221;full_width&#8221; text_align=&#8221;left&#8221; css_animation=&#8221;&#8221; el_class=&#8221;timeline-row&#8221;][vc_column width=&#8221;2\/12&#8243; el_class=&#8221;timeline-left-text&#8221;][\/vc_column][vc_column width=&#8221;4\/12&#8243; el_class=&#8221;timeline-left-text&#8221;][vc_column_text el_class=&#8221;timeline-text&#8221;]<\/p>\n<h3>14 June 2011<\/h3>\n<h2>Completed &#8220;Concept V1 New York Taxi&#8221; project successfully with a scope from industrial design to prototyping.<\/h2>\n<p>[\/vc_column_text][\/vc_column][vc_column width=&#8221;6\/12&#8243;][vc_single_image image=&#8221;14743&#8243; img_size=&#8221;600&#215;450&#8243; qode_css_animation=&#8221;&#8221;][\/vc_column][\/vc_row][vc_row row_type=&#8221;row&#8221; type=&#8221;full_width&#8221; anchor=&#8221;year2012&#8243; in_content_menu=&#8221;in_content_menu&#8221; content_menu_title=&#8221;2012&#8243; content_menu_icon=&#8221;&#8221; text_align=&#8221;left&#8221; css_animation=&#8221;&#8221; el_id=&#8221;year2012&#8243; el_class=&#8221;timeline-row&#8221;][vc_column width=&#8221;6\/12&#8243;][vc_single_image image=&#8221;14745&#8243; img_size=&#8221;600&#215;450&#8243; alignment=&#8221;right&#8221; qode_css_animation=&#8221;&#8221;][\/vc_column][vc_column width=&#8221;4\/12&#8243; el_class=&#8221;timeline-right-text&#8221;][vc_column_text el_class=&#8221;timeline-text&#8221;]<\/p>\n<h3>6 March 2012<\/h3>\n<h2>Exhibited &#8220;Concept V1 New York Taxi&#8221; at Geneva International Motor Show.<\/h2>\n<p>[\/vc_column_text][\/vc_column][\/vc_row][vc_row row_type=&#8221;row&#8221; type=&#8221;full_width&#8221; anchor=&#8221;year2013&#8243; in_content_menu=&#8221;in_content_menu&#8221; content_menu_title=&#8221;2013&#8243; content_menu_icon=&#8221;&#8221; text_align=&#8221;left&#8221; css_animation=&#8221;&#8221; el_class=&#8221;timeline-row&#8221; css=&#8221;.vc_custom_1632902029590{padding-top: 20px !important;}&#8221; el_id=&#8221;year2013&#8243;][vc_column width=&#8221;2\/12&#8243;][\/vc_column][vc_column width=&#8221;4\/12&#8243; el_class=&#8221;timeline-left-text&#8221;][vc_column_text el_class=&#8221;timeline-text&#8221;]<\/p>\n<h3 style=\"text-align: right;\">17 December 2013<\/h3>\n<h2 style=\"text-align: right;\">Completed &#8220;High Speed Train&#8221; Project of &#8220;The State Railways of the Republic of Turkey&#8221;.<\/h2>\n<p>[\/vc_column_text][\/vc_column][vc_column width=&#8221;6\/12&#8243;][vc_single_image image=&#8221;15622&#8243; img_size=&#8221;600&#215;450&#8243; qode_css_animation=&#8221;&#8221;][\/vc_column][\/vc_row][vc_row row_type=&#8221;row&#8221; type=&#8221;full_width&#8221; anchor=&#8221;year2014&#8243; in_content_menu=&#8221;in_content_menu&#8221; content_menu_title=&#8221;2014&#8243; content_menu_icon=&#8221;&#8221; text_align=&#8221;left&#8221; css_animation=&#8221;&#8221; el_class=&#8221;timeline-row&#8221; el_id=&#8221;year2014&#8243;][vc_column width=&#8221;6\/12&#8243; el_class=&#8221;timeline-left-text&#8221;][vc_single_image image=&#8221;14747&#8243; img_size=&#8221;600&#215;450&#8243; alignment=&#8221;right&#8221; qode_css_animation=&#8221;&#8221;][\/vc_column][vc_column width=&#8221;4\/12&#8243; el_class=&#8221;timeline-right-text&#8221;][vc_column_text el_class=&#8221;timeline-text&#8221;]<\/p>\n<h3>17 January 2014<\/h3>\n<h2>Signed a strategic partnership agreement with Royal College of Art.<\/h2>\n<p>[\/vc_column_text][\/vc_column][\/vc_row][vc_row row_type=&#8221;row&#8221; type=&#8221;full_width&#8221; text_align=&#8221;left&#8221; css_animation=&#8221;&#8221; el_class=&#8221;timeline-row&#8221;][vc_column width=&#8221;2\/12&#8243;][\/vc_column][vc_column width=&#8221;4\/12&#8243; el_class=&#8221;timeline-left-text&#8221;][vc_column_text el_class=&#8221;timeline-text&#8221;]<\/p>\n<h3 style=\"text-align: right;\">5 March 2014<\/h3>\n<h2 style=\"text-align: right;\">Hexagon Studio has been awarded for &#8220;INOVALIG Innovation Organization and Culture&#8221; Runner-Up Prize by TIM and AT Kearney.<\/h2>\n<p>[\/vc_column_text][\/vc_column][vc_column width=&#8221;6\/12&#8243;][vc_single_image image=&#8221;17299&#8243; img_size=&#8221;600&#215;450&#8243; qode_css_animation=&#8221;&#8221;][\/vc_column][\/vc_row][vc_row row_type=&#8221;row&#8221; type=&#8221;full_width&#8221; text_align=&#8221;left&#8221; css_animation=&#8221;&#8221; el_class=&#8221;timeline-row&#8221;][vc_column width=&#8221;6\/12&#8243; el_class=&#8221;timeline-left-text&#8221;][vc_single_image image=&#8221;14753&#8243; img_size=&#8221;600&#215;450&#8243; alignment=&#8221;right&#8221; qode_css_animation=&#8221;&#8221;][\/vc_column][vc_column width=&#8221;4\/12&#8243; el_class=&#8221;timeline-right-text&#8221;][vc_column_text el_class=&#8221;timeline-text&#8221;]<\/p>\n<h3>28 November 2014<\/h3>\n<h2>Hexagon Studio has been awarded Transport Vehicles Good Design First Prize in Design Turkey.<\/h2>\n<p>[\/vc_column_text][\/vc_column][\/vc_row][vc_row row_type=&#8221;row&#8221; type=&#8221;full_width&#8221; anchor=&#8221;year2015&#8243; in_content_menu=&#8221;in_content_menu&#8221; content_menu_title=&#8221;2015&#8243; content_menu_icon=&#8221;&#8221; text_align=&#8221;left&#8221; css_animation=&#8221;&#8221; el_class=&#8221;timeline-row&#8221; el_id=&#8221;year2015&#8243;][vc_column width=&#8221;2\/12&#8243; el_class=&#8221;timeline-left-text&#8221;][\/vc_column][vc_column width=&#8221;4\/12&#8243; el_class=&#8221;timeline-left-text&#8221;][vc_column_text el_class=&#8221;timeline-text&#8221;]<\/p>\n<h3>14 May 2015<\/h3>\n<h2>Completed 12-meter hybrid public transport bus.<\/h2>\n<p>[\/vc_column_text][\/vc_column][vc_column width=&#8221;6\/12&#8243;][vc_single_image image=&#8221;16112&#8243; img_size=&#8221;600&#215;450&#8243; qode_css_animation=&#8221;&#8221;][\/vc_column][\/vc_row][vc_row row_type=&#8221;row&#8221; type=&#8221;full_width&#8221; anchor=&#8221;year2016&#8243; in_content_menu=&#8221;in_content_menu&#8221; content_menu_title=&#8221;2016&#8243; content_menu_icon=&#8221;&#8221; text_align=&#8221;left&#8221; css_animation=&#8221;&#8221; el_id=&#8221;year2016&#8243; el_class=&#8221;timeline-row&#8221;][vc_column width=&#8221;6\/12&#8243;][vc_single_image image=&#8221;14759&#8243; img_size=&#8221;600&#215;450&#8243; alignment=&#8221;right&#8221; qode_css_animation=&#8221;&#8221;][\/vc_column][vc_column width=&#8221;4\/12&#8243; el_class=&#8221;timeline-right-text&#8221;][vc_column_text el_class=&#8221;timeline-text&#8221;]<\/p>\n<h3>16 January 2016<\/h3>\n<h2>Exhibited &#8220;Concept V1 New York Taxi&#8221; at London Municipality taxi event.<\/h2>\n<p>[\/vc_column_text][\/vc_column][\/vc_row][vc_row row_type=&#8221;row&#8221; type=&#8221;full_width&#8221; text_align=&#8221;left&#8221; css_animation=&#8221;&#8221; el_class=&#8221;timeline-row&#8221;][vc_column width=&#8221;2\/12&#8243; el_class=&#8221;timeline-left-text&#8221;][\/vc_column][vc_column width=&#8221;4\/12&#8243; el_class=&#8221;timeline-left-text&#8221;][vc_column_text el_class=&#8221;timeline-text&#8221;]<\/p>\n<h3>21 April 2016<\/h3>\n<h2>Hexagon Studio Project Management System has been awarded as &#8220;Best Practice in R&amp;D&#8221; by Ministry of Industry and Technology.<\/h2>\n<p>[\/vc_column_text][\/vc_column][vc_column width=&#8221;6\/12&#8243;][vc_single_image image=&#8221;14761&#8243; img_size=&#8221;600&#215;450&#8243; qode_css_animation=&#8221;&#8221;][\/vc_column][\/vc_row][vc_row row_type=&#8221;row&#8221; type=&#8221;full_width&#8221; text_align=&#8221;left&#8221; css_animation=&#8221;&#8221; el_class=&#8221;timeline-row&#8221;][vc_column width=&#8221;6\/12&#8243;][vc_single_image image=&#8221;14763&#8243; img_size=&#8221;600&#215;450&#8243; alignment=&#8221;right&#8221; qode_css_animation=&#8221;&#8221;][\/vc_column][vc_column width=&#8221;4\/12&#8243; el_class=&#8221;timeline-right-text&#8221;][vc_column_text el_class=&#8221;timeline-text&#8221;]<\/p>\n<h3>22 June 2016<\/h3>\n<h2>Our design &#8220;Karsan Innovative Electric Minibus Platform&#8221; Project has awarded with Special Jury Prize by TUBITAK and TTGV.<\/h2>\n<p>[\/vc_column_text][\/vc_column][\/vc_row][vc_row row_type=&#8221;row&#8221; type=&#8221;full_width&#8221; text_align=&#8221;left&#8221; css_animation=&#8221;&#8221; el_class=&#8221;timeline-row&#8221;][vc_column width=&#8221;2\/12&#8243;][\/vc_column][vc_column width=&#8221;4\/12&#8243; el_class=&#8221;timeline-left-text&#8221;][vc_column_text el_class=&#8221;timeline-text&#8221;]<\/p>\n<h3>20 July 2016<\/h3>\n<h2>Hexagon Studio EU Funded Project Management System has been awarded as &#8220;Best Practice in R&amp;D&#8221; by Ministry of Industry and Technology.<\/h2>\n<p>[\/vc_column_text][\/vc_column][vc_column width=&#8221;6\/12&#8243;][vc_single_image image=&#8221;14765&#8243; img_size=&#8221;600&#215;450&#8243; qode_css_animation=&#8221;&#8221;][\/vc_column][\/vc_row][vc_row row_type=&#8221;row&#8221; type=&#8221;full_width&#8221; anchor=&#8221;year2017&#8243; in_content_menu=&#8221;in_content_menu&#8221; content_menu_title=&#8221;2017&#8243; content_menu_icon=&#8221;&#8221; text_align=&#8221;left&#8221; css_animation=&#8221;&#8221; el_id=&#8221;year2017&#8243; el_class=&#8221;timeline-row&#8221;][vc_column width=&#8221;6\/12&#8243;][vc_single_image image=&#8221;14769&#8243; img_size=&#8221;600&#215;450&#8243; alignment=&#8221;right&#8221; qode_css_animation=&#8221;&#8221;][\/vc_column][vc_column width=&#8221;4\/12&#8243; el_class=&#8221;timeline-right-text&#8221;][vc_column_text el_class=&#8221;timeline-text&#8221;]<\/p>\n<h3>27 April 2017<\/h3>\n<h2>Hexagon Studio has been awarded for &#8220;INOVALIG Innovation Sources&#8221; Runner-Up Prize by TIM and AT Kearney.<\/h2>\n<p>[\/vc_column_text][\/vc_column][\/vc_row][vc_row row_type=&#8221;row&#8221; type=&#8221;full_width&#8221; text_align=&#8221;left&#8221; css_animation=&#8221;&#8221; el_class=&#8221;timeline-row&#8221;][vc_column width=&#8221;2\/12&#8243; el_class=&#8221;timeline-left-text&#8221;][\/vc_column][vc_column width=&#8221;4\/12&#8243; el_class=&#8221;timeline-left-text&#8221;][vc_column_text el_class=&#8221;timeline-text&#8221;]<\/p>\n<h3>12 July 2017<\/h3>\n<h2>Awarded as &#8220;Most Successful Design and Engineering R&amp;D Centre in Turkey&#8221; by Ministry of Industry and Technology.<\/h2>\n<p>[\/vc_column_text][\/vc_column][vc_column width=&#8221;6\/12&#8243;][vc_single_image image=&#8221;14771&#8243; img_size=&#8221;600&#215;450&#8243; qode_css_animation=&#8221;&#8221;][\/vc_column][\/vc_row][vc_row row_type=&#8221;row&#8221; type=&#8221;full_width&#8221; text_align=&#8221;left&#8221; css_animation=&#8221;&#8221; el_class=&#8221;timeline-row&#8221;][vc_column width=&#8221;6\/12&#8243;][vc_single_image image=&#8221;14773&#8243; img_size=&#8221;600&#215;450&#8243; alignment=&#8221;right&#8221; qode_css_animation=&#8221;&#8221;][\/vc_column][vc_column width=&#8221;4\/12&#8243; el_class=&#8221;timeline-right-text&#8221;][vc_column_text el_class=&#8221;timeline-text&#8221;]<\/p>\n<h3>13 October 2017<\/h3>\n<h2>Designed the USA Post Service USPS Vehicle Tender finalist vehicle.<\/h2>\n<p>[\/vc_column_text][\/vc_column][\/vc_row][vc_row row_type=&#8221;row&#8221; type=&#8221;full_width&#8221; anchor=&#8221;year2018&#8243; in_content_menu=&#8221;in_content_menu&#8221; content_menu_title=&#8221;2018&#8243; content_menu_icon=&#8221;&#8221; text_align=&#8221;left&#8221; css_animation=&#8221;&#8221; el_class=&#8221;timeline-row&#8221; el_id=&#8221;year2018&#8243;][vc_column width=&#8221;2\/12&#8243; el_class=&#8221;timeline-left-text&#8221;][\/vc_column][vc_column width=&#8221;4\/12&#8243; el_class=&#8221;timeline-left-text&#8221;][vc_column_text el_class=&#8221;timeline-text&#8221;]<\/p>\n<h3>25 January 2018<\/h3>\n<h2>Listed in &#8220;Most Successful Engineering Service Companies on working internationally&#8221; list by Turkish Exporters Association.<\/h2>\n<p>[\/vc_column_text][\/vc_column][vc_column width=&#8221;6\/12&#8243;][vc_single_image image=&#8221;17289&#8243; img_size=&#8221;600&#215;450&#8243; qode_css_animation=&#8221;&#8221;][\/vc_column][\/vc_row][vc_row row_type=&#8221;row&#8221; type=&#8221;full_width&#8221; text_align=&#8221;left&#8221; css_animation=&#8221;&#8221; el_class=&#8221;timeline-row&#8221;][vc_column width=&#8221;6\/12&#8243;][vc_single_image image=&#8221;15620&#8243; img_size=&#8221;600&#215;450&#8243; alignment=&#8221;right&#8221; qode_css_animation=&#8221;&#8221;][\/vc_column][vc_column width=&#8221;4\/12&#8243; el_class=&#8221;timeline-right-text&#8221;][vc_column_text el_class=&#8221;timeline-text&#8221;]<\/p>\n<h3>19 September 2018<\/h3>\n<h2>Completed &#8220;Electric Jest Minibus Project&#8221; successfully.<\/h2>\n<p>[\/vc_column_text][\/vc_column][\/vc_row][vc_row row_type=&#8221;row&#8221; type=&#8221;full_width&#8221; text_align=&#8221;left&#8221; css_animation=&#8221;&#8221;][vc_column][vc_separator type=&#8221;transparent&#8221; thickness=&#8221;40&#8243;][\/vc_column][\/vc_row]<\/p>\n<\/div>","protected":false},"excerpt":{"rendered":"<p>[vc_row row_type=&#8221;row&#8221; type=&#8221;full_width&#8221; text_align=&#8221;left&#8221; css_animation=&#8221;&#8221;][vc_column][vc_single_image image=&#8221;15611&#8243; img_size=&#8221;full&#8221; alignment=&#8221;center&#8221; qode_css_animation=&#8221;&#8221;][\/vc_column][\/vc_row][vc_row row_type=&#8221;content_menu&#8221;][vc_column][\/vc_column][\/vc_row][vc_row row_type=&#8221;row&#8221; type=&#8221;full_width&#8221; anchor=&#8221;year2005&#8243; in_content_menu=&#8221;in_content_menu&#8221; content_menu_title=&#8221;2005&#8243; content_menu_icon=&#8221;&#8221; text_align=&#8221;left&#8221; css_animation=&#8221;&#8221; el_id=&#8221;year2005&#8243; el_class=&#8221;timeline-row&#8221;][vc_column width=&#8221;6\/12&#8243;][vc_single_image image=&#8221;15618&#8243; img_size=&#8221;600&#215;450&#8243; alignment=&#8221;right&#8221; qode_css_animation=&#8221;&#8221;][\/vc_column][vc_column width=&#8221;4\/12&#8243; el_class=&#8221;timeline-right-text&#8221;][vc_column_text el_class=&#8221;timeline-text&#8221;] 28 November 2005 Founded in 2005 with a vision to create innovative solutions for transport, maritime, agricultural&#8230;<\/p>\n","protected":false},"author":1,"featured_media":0,"parent":16614,"menu_order":2,"comment_status":"closed","ping_status":"closed","template":"full_width.php","meta":{"_acf_changed":false,"footnotes":""},"acf":[],"yoast_head":"<!-- This site is optimized with the Yoast SEO plugin v22.1 - https:\/\/yoast.com\/wordpress\/plugins\/seo\/ -->\n<title>Our History - Hexagon Studio<\/title>\n<meta name=\"robots\" content=\"index, follow, max-snippet:-1, max-image-preview:large, max-video-preview:-1\" \/>\n<link rel=\"canonical\" href=\"https:\/\/www.hexagonstudio.com.tr\/en\/corporate\/our-history\/\" \/>\n<meta property=\"og:locale\" content=\"en_US\" \/>\n<meta property=\"og:type\" content=\"article\" \/>\n<meta property=\"og:title\" content=\"Our History - Hexagon Studio\" \/>\n<meta property=\"og:description\" content=\"[vc_row row_type=&#8221;row&#8221; type=&#8221;full_width&#8221; text_align=&#8221;left&#8221; css_animation=&#8221;&#8221;][vc_column][vc_single_image image=&#8221;15611&#8243; img_size=&#8221;full&#8221; alignment=&#8221;center&#8221; qode_css_animation=&#8221;&#8221;][\/vc_column][\/vc_row][vc_row row_type=&#8221;content_menu&#8221;][vc_column][\/vc_column][\/vc_row][vc_row row_type=&#8221;row&#8221; type=&#8221;full_width&#8221; anchor=&#8221;year2005&#8243; in_content_menu=&#8221;in_content_menu&#8221; content_menu_title=&#8221;2005&#8243; content_menu_icon=&#8221;&#8221; text_align=&#8221;left&#8221; css_animation=&#8221;&#8221; el_id=&#8221;year2005&#8243; el_class=&#8221;timeline-row&#8221;][vc_column width=&#8221;6\/12&#8243;][vc_single_image image=&#8221;15618&#8243; img_size=&#8221;600&#215;450&#8243; alignment=&#8221;right&#8221; qode_css_animation=&#8221;&#8221;][\/vc_column][vc_column width=&#8221;4\/12&#8243; el_class=&#8221;timeline-right-text&#8221;][vc_column_text el_class=&#8221;timeline-text&#8221;] 28 November 2005 Founded in 2005 with a vision to create innovative solutions for transport, maritime, agricultural...\" \/>\n<meta property=\"og:url\" content=\"https:\/\/www.hexagonstudio.com.tr\/en\/corporate\/our-history\/\" \/>\n<meta property=\"og:site_name\" content=\"Hexagon Studio\" \/>\n<meta property=\"article:publisher\" content=\"https:\/\/www.facebook.com\/hexagonstudio\" \/>\n<meta property=\"article:modified_time\" content=\"2021-09-29T07:53:50+00:00\" \/>\n<meta name=\"twitter:card\" content=\"summary_large_image\" \/>\n<meta name=\"twitter:site\" content=\"@hexagonstudiotr\" \/>\n<meta name=\"twitter:label1\" content=\"Est. reading time\" \/>\n\t<meta name=\"twitter:data1\" content=\"8 minutes\" \/>\n<!-- \/ Yoast SEO plugin. -->","yoast_head_json":{"title":"Our History - Hexagon Studio","robots":{"index":"index","follow":"follow","max-snippet":"max-snippet:-1","max-image-preview":"max-image-preview:large","max-video-preview":"max-video-preview:-1"},"canonical":"https:\/\/www.hexagonstudio.com.tr\/en\/corporate\/our-history\/","og_locale":"en_US","og_type":"article","og_title":"Our History - Hexagon Studio","og_description":"[vc_row row_type=&#8221;row&#8221; type=&#8221;full_width&#8221; text_align=&#8221;left&#8221; css_animation=&#8221;&#8221;][vc_column][vc_single_image image=&#8221;15611&#8243; img_size=&#8221;full&#8221; alignment=&#8221;center&#8221; qode_css_animation=&#8221;&#8221;][\/vc_column][\/vc_row][vc_row row_type=&#8221;content_menu&#8221;][vc_column][\/vc_column][\/vc_row][vc_row row_type=&#8221;row&#8221; type=&#8221;full_width&#8221; anchor=&#8221;year2005&#8243; in_content_menu=&#8221;in_content_menu&#8221; content_menu_title=&#8221;2005&#8243; content_menu_icon=&#8221;&#8221; text_align=&#8221;left&#8221; css_animation=&#8221;&#8221; el_id=&#8221;year2005&#8243; el_class=&#8221;timeline-row&#8221;][vc_column width=&#8221;6\/12&#8243;][vc_single_image image=&#8221;15618&#8243; img_size=&#8221;600&#215;450&#8243; alignment=&#8221;right&#8221; qode_css_animation=&#8221;&#8221;][\/vc_column][vc_column width=&#8221;4\/12&#8243; el_class=&#8221;timeline-right-text&#8221;][vc_column_text el_class=&#8221;timeline-text&#8221;] 28 November 2005 Founded in 2005 with a vision to create innovative solutions for transport, maritime, agricultural...","og_url":"https:\/\/www.hexagonstudio.com.tr\/en\/corporate\/our-history\/","og_site_name":"Hexagon Studio","article_publisher":"https:\/\/www.facebook.com\/hexagonstudio","article_modified_time":"2021-09-29T07:53:50+00:00","twitter_card":"summary_large_image","twitter_site":"@hexagonstudiotr","twitter_misc":{"Est. reading time":"8 minutes"},"schema":{"@context":"https:\/\/schema.org","@graph":[{"@type":"WebPage","@id":"https:\/\/www.hexagonstudio.com.tr\/en\/corporate\/our-history\/","url":"https:\/\/www.hexagonstudio.com.tr\/en\/corporate\/our-history\/","name":"Our History - Hexagon Studio","isPartOf":{"@id":"https:\/\/www.hexagonstudio.com.tr\/en\/#website"},"datePublished":"2019-03-06T01:58:21+00:00","dateModified":"2021-09-29T07:53:50+00:00","breadcrumb":{"@id":"https:\/\/www.hexagonstudio.com.tr\/en\/corporate\/our-history\/#breadcrumb"},"inLanguage":"en-US","potentialAction":[{"@type":"ReadAction","target":["https:\/\/www.hexagonstudio.com.tr\/en\/corporate\/our-history\/"]}]},{"@type":"BreadcrumbList","@id":"https:\/\/www.hexagonstudio.com.tr\/en\/corporate\/our-history\/#breadcrumb","itemListElement":[{"@type":"ListItem","position":1,"name":"Ana sayfa","item":"https:\/\/www.hexagonstudio.com.tr\/en\/"},{"@type":"ListItem","position":2,"name":"Corporate","item":"https:\/\/www.hexagonstudio.com.tr\/en\/corporate\/"},{"@type":"ListItem","position":3,"name":"Our History"}]},{"@type":"WebSite","@id":"https:\/\/www.hexagonstudio.com.tr\/en\/#website","url":"https:\/\/www.hexagonstudio.com.tr\/en\/","name":"Hexagon Studio","description":"\u00d6zg\u00fcn Tasar\u0131m ve M\u00fchendislik \u00c7\u00f6z\u00fcmleri","publisher":{"@id":"https:\/\/www.hexagonstudio.com.tr\/en\/#organization"},"potentialAction":[{"@type":"SearchAction","target":{"@type":"EntryPoint","urlTemplate":"https:\/\/www.hexagonstudio.com.tr\/en\/?s={search_term_string}"},"query-input":"required name=search_term_string"}],"inLanguage":"en-US"},{"@type":"Organization","@id":"https:\/\/www.hexagonstudio.com.tr\/en\/#organization","name":"Hexagon Studio","url":"https:\/\/www.hexagonstudio.com.tr\/en\/","logo":{"@type":"ImageObject","inLanguage":"en-US","@id":"https:\/\/www.hexagonstudio.com.tr\/en\/#\/schema\/logo\/image\/","url":"https:\/\/www.hexagonstudio.com.tr\/wp-content\/uploads\/2019\/01\/logo.png","contentUrl":"https:\/\/www.hexagonstudio.com.tr\/wp-content\/uploads\/2019\/01\/logo.png","width":280,"height":130,"caption":"Hexagon Studio"},"image":{"@id":"https:\/\/www.hexagonstudio.com.tr\/en\/#\/schema\/logo\/image\/"},"sameAs":["https:\/\/www.facebook.com\/hexagonstudio","https:\/\/twitter.com\/hexagonstudiotr","https:\/\/www.instagram.com\/hexagonstudiotr\/","https:\/\/www.linkedin.com\/company\/hexagon-studio"]}]}},"jetpack_sharing_enabled":true,"_links":{"self":[{"href":"https:\/\/www.hexagonstudio.com.tr\/en\/wp-json\/wp\/v2\/pages\/16642"}],"collection":[{"href":"https:\/\/www.hexagonstudio.com.tr\/en\/wp-json\/wp\/v2\/pages"}],"about":[{"href":"https:\/\/www.hexagonstudio.com.tr\/en\/wp-json\/wp\/v2\/types\/page"}],"author":[{"embeddable":true,"href":"https:\/\/www.hexagonstudio.com.tr\/en\/wp-json\/wp\/v2\/users\/1"}],"replies":[{"embeddable":true,"href":"https:\/\/www.hexagonstudio.com.tr\/en\/wp-json\/wp\/v2\/comments?post=16642"}],"version-history":[{"count":22,"href":"https:\/\/www.hexagonstudio.com.tr\/en\/wp-json\/wp\/v2\/pages\/16642\/revisions"}],"predecessor-version":[{"id":20949,"href":"https:\/\/www.hexagonstudio.com.tr\/en\/wp-json\/wp\/v2\/pages\/16642\/revisions\/20949"}],"up":[{"embeddable":true,"href":"https:\/\/www.hexagonstudio.com.tr\/en\/wp-json\/wp\/v2\/pages\/16614"}],"wp:attachment":[{"href":"https:\/\/www.hexagonstudio.com.tr\/en\/wp-json\/wp\/v2\/media?parent=16642"}],"curies":[{"name":"wp","href":"https:\/\/api.w.org\/{rel}","templated":true}]}}