{"id":16645,"date":"2019-01-30T03:41:50","date_gmt":"2019-01-30T00:41:50","guid":{"rendered":"https:\/\/www.hexagonstudio.com.tr\/references-2\/"},"modified":"2019-05-24T11:56:18","modified_gmt":"2019-05-24T08:56:18","slug":"references","status":"publish","type":"page","link":"https:\/\/www.hexagonstudio.com.tr\/en\/corporate\/references\/","title":{"rendered":"References"},"content":{"rendered":"<div class=\"wpb-content-wrapper\"><p>[vc_row row_type=&#8221;content_menu&#8221;][vc_column][\/vc_column][\/vc_row][vc_row row_type=&#8221;row&#8221; type=&#8221;grid&#8221; anchor=&#8221;otomotiv&#8221; in_content_menu=&#8221;in_content_menu&#8221; content_menu_title=&#8221;Otomotiv&#8221; content_menu_icon=&#8221;&#8221; text_align=&#8221;left&#8221; padding_top=&#8221;40&#8243; padding_bottom=&#8221;20&#8243; css_animation=&#8221;&#8221;][vc_column][vc_text_separator title=&#8221;Automotive&#8221; border=&#8221;no&#8221; el_class=&#8221;referans-sep&#8221;][vc_separator type=&#8221;transparent&#8221; thickness=&#8221;20&#8243;][vc_gallery type=&#8221;image_grid&#8221; images=&#8221;15367,13816,13818,13820,13822,13826,13828,13830,13832,13834,13836,13838,13840,13842,13844,13846,13848,13850,13852,13854,13856,13858,13860,13926,13862,13864,13866,13868&#8243; img_size=&#8221;medium&#8221; onclick=&#8221;&#8221; css_animation=&#8221;none&#8221; column_number=&#8221;5&#8243;][vc_separator type=&#8221;transparent&#8221; thickness=&#8221;20&#8243;][\/vc_column][\/vc_row][vc_row row_type=&#8221;row&#8221; type=&#8221;grid&#8221; anchor=&#8221;denizcilik&#8221; in_content_menu=&#8221;in_content_menu&#8221; content_menu_title=&#8221;Denizcilik&#8221; content_menu_icon=&#8221;&#8221; text_align=&#8221;left&#8221; css_animation=&#8221;&#8221;][vc_column][vc_text_separator title=&#8221;Marine&#8221; border=&#8221;no&#8221; el_class=&#8221;referans-sep&#8221;][vc_separator type=&#8221;transparent&#8221; thickness=&#8221;20&#8243;][vc_gallery type=&#8221;image_grid&#8221; images=&#8221;13872,13874,13876,13880,13882,13884,13886,13888,13890,13892&#8243; img_size=&#8221;medium&#8221; onclick=&#8221;&#8221; css_animation=&#8221;none&#8221; column_number=&#8221;5&#8243;][vc_separator type=&#8221;transparent&#8221; thickness=&#8221;20&#8243;][\/vc_column][\/vc_row][vc_row row_type=&#8221;row&#8221; type=&#8221;grid&#8221; anchor=&#8221;tarim-ve-is-makineleri&#8221; in_content_menu=&#8221;in_content_menu&#8221; content_menu_title=&#8221;Tar\u0131m ve \u0130\u015f Makineleri&#8221; content_menu_icon=&#8221;&#8221; text_align=&#8221;left&#8221; css_animation=&#8221;&#8221;][vc_column][vc_text_separator title=&#8221;Agriculture and Construction Machinery&#8221; border=&#8221;no&#8221; el_class=&#8221;referans-sep&#8221;][vc_separator type=&#8221;transparent&#8221; thickness=&#8221;20&#8243;][vc_gallery type=&#8221;image_grid&#8221; images=&#8221;13894,13896,13898,13900&#8243; img_size=&#8221;medium&#8221; onclick=&#8221;&#8221; css_animation=&#8221;none&#8221; column_number=&#8221;5&#8243;][vc_separator type=&#8221;transparent&#8221; thickness=&#8221;20&#8243;][\/vc_column][\/vc_row][vc_row row_type=&#8221;row&#8221; type=&#8221;grid&#8221; anchor=&#8221;rayli-sistemler&#8221; in_content_menu=&#8221;in_content_menu&#8221; content_menu_title=&#8221;Rayl\u0131 Sistemler&#8221; content_menu_icon=&#8221;&#8221; text_align=&#8221;left&#8221; css_animation=&#8221;&#8221;][vc_column][vc_text_separator title=&#8221;Railway Systems&#8221; border=&#8221;no&#8221; el_class=&#8221;referans-sep&#8221;][vc_separator type=&#8221;transparent&#8221; thickness=&#8221;20&#8243;][vc_gallery type=&#8221;image_grid&#8221; images=&#8221;13902,13904&#8243; img_size=&#8221;medium&#8221; onclick=&#8221;&#8221; css_animation=&#8221;none&#8221; column_number=&#8221;5&#8243;][vc_separator type=&#8221;transparent&#8221; thickness=&#8221;20&#8243;][\/vc_column][\/vc_row][vc_row row_type=&#8221;row&#8221; type=&#8221;grid&#8221; anchor=&#8221;diger&#8221; in_content_menu=&#8221;in_content_menu&#8221; content_menu_title=&#8221;Di\u011fer&#8221; content_menu_icon=&#8221;&#8221; text_align=&#8221;left&#8221; css_animation=&#8221;&#8221;][vc_column][vc_text_separator title=&#8221;Other&#8221; border=&#8221;no&#8221; el_class=&#8221;referans-sep&#8221;][vc_separator type=&#8221;transparent&#8221; thickness=&#8221;20&#8243;][vc_gallery type=&#8221;image_grid&#8221; images=&#8221;13908,13910,13912,13914,13916,13918,13920,13922,13928,13932,13934&#8243; img_size=&#8221;medium&#8221; onclick=&#8221;&#8221; css_animation=&#8221;none&#8221; column_number=&#8221;5&#8243;][vc_separator type=&#8221;transparent&#8221; thickness=&#8221;20&#8243;][\/vc_column][\/vc_row]<\/p>\n<\/div>","protected":false},"excerpt":{"rendered":"<p>[vc_row row_type=&#8221;content_menu&#8221;][vc_column][\/vc_column][\/vc_row][vc_row row_type=&#8221;row&#8221; type=&#8221;grid&#8221; anchor=&#8221;otomotiv&#8221; in_content_menu=&#8221;in_content_menu&#8221; content_menu_title=&#8221;Otomotiv&#8221; content_menu_icon=&#8221;&#8221; text_align=&#8221;left&#8221; padding_top=&#8221;40&#8243; padding_bottom=&#8221;20&#8243; css_animation=&#8221;&#8221;][vc_column][vc_text_separator title=&#8221;Automotive&#8221; border=&#8221;no&#8221; el_class=&#8221;referans-sep&#8221;][vc_separator type=&#8221;transparent&#8221; thickness=&#8221;20&#8243;][vc_gallery type=&#8221;image_grid&#8221; images=&#8221;15367,13816,13818,13820,13822,13826,13828,13830,13832,13834,13836,13838,13840,13842,13844,13846,13848,13850,13852,13854,13856,13858,13860,13926,13862,13864,13866,13868&#8243; img_size=&#8221;medium&#8221; onclick=&#8221;&#8221; css_animation=&#8221;none&#8221; column_number=&#8221;5&#8243;][vc_separator type=&#8221;transparent&#8221; thickness=&#8221;20&#8243;][\/vc_column][\/vc_row][vc_row row_type=&#8221;row&#8221; type=&#8221;grid&#8221; anchor=&#8221;denizcilik&#8221; in_content_menu=&#8221;in_content_menu&#8221; content_menu_title=&#8221;Denizcilik&#8221; content_menu_icon=&#8221;&#8221; text_align=&#8221;left&#8221; css_animation=&#8221;&#8221;][vc_column][vc_text_separator title=&#8221;Marine&#8221; border=&#8221;no&#8221; el_class=&#8221;referans-sep&#8221;][vc_separator type=&#8221;transparent&#8221; thickness=&#8221;20&#8243;][vc_gallery type=&#8221;image_grid&#8221; images=&#8221;13872,13874,13876,13880,13882,13884,13886,13888,13890,13892&#8243; img_size=&#8221;medium&#8221; onclick=&#8221;&#8221; css_animation=&#8221;none&#8221; column_number=&#8221;5&#8243;][vc_separator type=&#8221;transparent&#8221;&#8230;<\/p>\n","protected":false},"author":1,"featured_media":0,"parent":16614,"menu_order":3,"comment_status":"closed","ping_status":"closed","template":"full_width.php","meta":{"_acf_changed":false,"footnotes":""},"acf":[],"yoast_head":"<!-- This site is optimized with the Yoast SEO plugin v22.1 - https:\/\/yoast.com\/wordpress\/plugins\/seo\/ -->\n<title>References - Hexagon Studio<\/title>\n<meta name=\"robots\" content=\"index, follow, max-snippet:-1, max-image-preview:large, max-video-preview:-1\" \/>\n<link rel=\"canonical\" href=\"https:\/\/www.hexagonstudio.com.tr\/en\/corporate\/references\/\" \/>\n<meta property=\"og:locale\" content=\"en_US\" \/>\n<meta property=\"og:type\" content=\"article\" \/>\n<meta property=\"og:title\" content=\"References - Hexagon Studio\" \/>\n<meta property=\"og:description\" content=\"[vc_row row_type=&#8221;content_menu&#8221;][vc_column][\/vc_column][\/vc_row][vc_row row_type=&#8221;row&#8221; type=&#8221;grid&#8221; anchor=&#8221;otomotiv&#8221; in_content_menu=&#8221;in_content_menu&#8221; content_menu_title=&#8221;Otomotiv&#8221; content_menu_icon=&#8221;&#8221; text_align=&#8221;left&#8221; padding_top=&#8221;40&#8243; padding_bottom=&#8221;20&#8243; css_animation=&#8221;&#8221;][vc_column][vc_text_separator title=&#8221;Automotive&#8221; border=&#8221;no&#8221; el_class=&#8221;referans-sep&#8221;][vc_separator type=&#8221;transparent&#8221; thickness=&#8221;20&#8243;][vc_gallery type=&#8221;image_grid&#8221; images=&#8221;15367,13816,13818,13820,13822,13826,13828,13830,13832,13834,13836,13838,13840,13842,13844,13846,13848,13850,13852,13854,13856,13858,13860,13926,13862,13864,13866,13868&#8243; img_size=&#8221;medium&#8221; onclick=&#8221;&#8221; css_animation=&#8221;none&#8221; column_number=&#8221;5&#8243;][vc_separator type=&#8221;transparent&#8221; thickness=&#8221;20&#8243;][\/vc_column][\/vc_row][vc_row row_type=&#8221;row&#8221; type=&#8221;grid&#8221; anchor=&#8221;denizcilik&#8221; in_content_menu=&#8221;in_content_menu&#8221; content_menu_title=&#8221;Denizcilik&#8221; content_menu_icon=&#8221;&#8221; text_align=&#8221;left&#8221; css_animation=&#8221;&#8221;][vc_column][vc_text_separator title=&#8221;Marine&#8221; border=&#8221;no&#8221; el_class=&#8221;referans-sep&#8221;][vc_separator type=&#8221;transparent&#8221; thickness=&#8221;20&#8243;][vc_gallery type=&#8221;image_grid&#8221; images=&#8221;13872,13874,13876,13880,13882,13884,13886,13888,13890,13892&#8243; img_size=&#8221;medium&#8221; onclick=&#8221;&#8221; css_animation=&#8221;none&#8221; column_number=&#8221;5&#8243;][vc_separator type=&#8221;transparent&#8221;...\" \/>\n<meta property=\"og:url\" content=\"https:\/\/www.hexagonstudio.com.tr\/en\/corporate\/references\/\" \/>\n<meta property=\"og:site_name\" content=\"Hexagon Studio\" \/>\n<meta property=\"article:publisher\" content=\"https:\/\/www.facebook.com\/hexagonstudio\" \/>\n<meta property=\"article:modified_time\" content=\"2019-05-24T08:56:18+00:00\" \/>\n<meta name=\"twitter:card\" content=\"summary_large_image\" \/>\n<meta name=\"twitter:site\" content=\"@hexagonstudiotr\" \/>\n<meta name=\"twitter:label1\" content=\"Est. reading time\" \/>\n\t<meta name=\"twitter:data1\" content=\"2 minutes\" \/>\n<!-- \/ Yoast SEO plugin. -->","yoast_head_json":{"title":"References - Hexagon Studio","robots":{"index":"index","follow":"follow","max-snippet":"max-snippet:-1","max-image-preview":"max-image-preview:large","max-video-preview":"max-video-preview:-1"},"canonical":"https:\/\/www.hexagonstudio.com.tr\/en\/corporate\/references\/","og_locale":"en_US","og_type":"article","og_title":"References - Hexagon Studio","og_description":"[vc_row row_type=&#8221;content_menu&#8221;][vc_column][\/vc_column][\/vc_row][vc_row row_type=&#8221;row&#8221; type=&#8221;grid&#8221; anchor=&#8221;otomotiv&#8221; in_content_menu=&#8221;in_content_menu&#8221; content_menu_title=&#8221;Otomotiv&#8221; content_menu_icon=&#8221;&#8221; text_align=&#8221;left&#8221; padding_top=&#8221;40&#8243; padding_bottom=&#8221;20&#8243; css_animation=&#8221;&#8221;][vc_column][vc_text_separator title=&#8221;Automotive&#8221; border=&#8221;no&#8221; el_class=&#8221;referans-sep&#8221;][vc_separator type=&#8221;transparent&#8221; thickness=&#8221;20&#8243;][vc_gallery type=&#8221;image_grid&#8221; images=&#8221;15367,13816,13818,13820,13822,13826,13828,13830,13832,13834,13836,13838,13840,13842,13844,13846,13848,13850,13852,13854,13856,13858,13860,13926,13862,13864,13866,13868&#8243; img_size=&#8221;medium&#8221; onclick=&#8221;&#8221; css_animation=&#8221;none&#8221; column_number=&#8221;5&#8243;][vc_separator type=&#8221;transparent&#8221; thickness=&#8221;20&#8243;][\/vc_column][\/vc_row][vc_row row_type=&#8221;row&#8221; type=&#8221;grid&#8221; anchor=&#8221;denizcilik&#8221; in_content_menu=&#8221;in_content_menu&#8221; content_menu_title=&#8221;Denizcilik&#8221; content_menu_icon=&#8221;&#8221; text_align=&#8221;left&#8221; css_animation=&#8221;&#8221;][vc_column][vc_text_separator title=&#8221;Marine&#8221; border=&#8221;no&#8221; el_class=&#8221;referans-sep&#8221;][vc_separator type=&#8221;transparent&#8221; thickness=&#8221;20&#8243;][vc_gallery type=&#8221;image_grid&#8221; images=&#8221;13872,13874,13876,13880,13882,13884,13886,13888,13890,13892&#8243; img_size=&#8221;medium&#8221; onclick=&#8221;&#8221; css_animation=&#8221;none&#8221; column_number=&#8221;5&#8243;][vc_separator type=&#8221;transparent&#8221;...","og_url":"https:\/\/www.hexagonstudio.com.tr\/en\/corporate\/references\/","og_site_name":"Hexagon Studio","article_publisher":"https:\/\/www.facebook.com\/hexagonstudio","article_modified_time":"2019-05-24T08:56:18+00:00","twitter_card":"summary_large_image","twitter_site":"@hexagonstudiotr","twitter_misc":{"Est. reading time":"2 minutes"},"schema":{"@context":"https:\/\/schema.org","@graph":[{"@type":"WebPage","@id":"https:\/\/www.hexagonstudio.com.tr\/en\/corporate\/references\/","url":"https:\/\/www.hexagonstudio.com.tr\/en\/corporate\/references\/","name":"References - Hexagon Studio","isPartOf":{"@id":"https:\/\/www.hexagonstudio.com.tr\/en\/#website"},"datePublished":"2019-01-30T00:41:50+00:00","dateModified":"2019-05-24T08:56:18+00:00","breadcrumb":{"@id":"https:\/\/www.hexagonstudio.com.tr\/en\/corporate\/references\/#breadcrumb"},"inLanguage":"en-US","potentialAction":[{"@type":"ReadAction","target":["https:\/\/www.hexagonstudio.com.tr\/en\/corporate\/references\/"]}]},{"@type":"BreadcrumbList","@id":"https:\/\/www.hexagonstudio.com.tr\/en\/corporate\/references\/#breadcrumb","itemListElement":[{"@type":"ListItem","position":1,"name":"Ana sayfa","item":"https:\/\/www.hexagonstudio.com.tr\/en\/"},{"@type":"ListItem","position":2,"name":"Corporate","item":"https:\/\/www.hexagonstudio.com.tr\/en\/corporate\/"},{"@type":"ListItem","position":3,"name":"References"}]},{"@type":"WebSite","@id":"https:\/\/www.hexagonstudio.com.tr\/en\/#website","url":"https:\/\/www.hexagonstudio.com.tr\/en\/","name":"Hexagon Studio","description":"\u00d6zg\u00fcn Tasar\u0131m ve M\u00fchendislik \u00c7\u00f6z\u00fcmleri","publisher":{"@id":"https:\/\/www.hexagonstudio.com.tr\/en\/#organization"},"potentialAction":[{"@type":"SearchAction","target":{"@type":"EntryPoint","urlTemplate":"https:\/\/www.hexagonstudio.com.tr\/en\/?s={search_term_string}"},"query-input":"required name=search_term_string"}],"inLanguage":"en-US"},{"@type":"Organization","@id":"https:\/\/www.hexagonstudio.com.tr\/en\/#organization","name":"Hexagon Studio","url":"https:\/\/www.hexagonstudio.com.tr\/en\/","logo":{"@type":"ImageObject","inLanguage":"en-US","@id":"https:\/\/www.hexagonstudio.com.tr\/en\/#\/schema\/logo\/image\/","url":"https:\/\/www.hexagonstudio.com.tr\/wp-content\/uploads\/2019\/01\/logo.png","contentUrl":"https:\/\/www.hexagonstudio.com.tr\/wp-content\/uploads\/2019\/01\/logo.png","width":280,"height":130,"caption":"Hexagon Studio"},"image":{"@id":"https:\/\/www.hexagonstudio.com.tr\/en\/#\/schema\/logo\/image\/"},"sameAs":["https:\/\/www.facebook.com\/hexagonstudio","https:\/\/twitter.com\/hexagonstudiotr","https:\/\/www.instagram.com\/hexagonstudiotr\/","https:\/\/www.linkedin.com\/company\/hexagon-studio"]}]}},"jetpack_sharing_enabled":true,"_links":{"self":[{"href":"https:\/\/www.hexagonstudio.com.tr\/en\/wp-json\/wp\/v2\/pages\/16645"}],"collection":[{"href":"https:\/\/www.hexagonstudio.com.tr\/en\/wp-json\/wp\/v2\/pages"}],"about":[{"href":"https:\/\/www.hexagonstudio.com.tr\/en\/wp-json\/wp\/v2\/types\/page"}],"author":[{"embeddable":true,"href":"https:\/\/www.hexagonstudio.com.tr\/en\/wp-json\/wp\/v2\/users\/1"}],"replies":[{"embeddable":true,"href":"https:\/\/www.hexagonstudio.com.tr\/en\/wp-json\/wp\/v2\/comments?post=16645"}],"version-history":[{"count":9,"href":"https:\/\/www.hexagonstudio.com.tr\/en\/wp-json\/wp\/v2\/pages\/16645\/revisions"}],"predecessor-version":[{"id":18887,"href":"https:\/\/www.hexagonstudio.com.tr\/en\/wp-json\/wp\/v2\/pages\/16645\/revisions\/18887"}],"up":[{"embeddable":true,"href":"https:\/\/www.hexagonstudio.com.tr\/en\/wp-json\/wp\/v2\/pages\/16614"}],"wp:attachment":[{"href":"https:\/\/www.hexagonstudio.com.tr\/en\/wp-json\/wp\/v2\/media?parent=16645"}],"curies":[{"name":"wp","href":"https:\/\/api.w.org\/{rel}","templated":true}]}}