{"id":16651,"date":"2019-01-30T04:53:29","date_gmt":"2019-01-30T01:53:29","guid":{"rendered":"https:\/\/www.hexagonstudio.com.tr\/homologation-and-type-approval\/"},"modified":"2019-05-30T11:59:22","modified_gmt":"2019-05-30T08:59:22","slug":"homologation-and-type-approval","status":"publish","type":"page","link":"https:\/\/www.hexagonstudio.com.tr\/en\/vehicle-development\/vehicle-engineering\/homologation-and-type-approval\/","title":{"rendered":"Homologation and Type Approval"},"content":{"rendered":"<div class=\"wpb-content-wrapper\"><p>[vc_row row_type=&#8221;row&#8221; type=&#8221;grid&#8221; anchor=&#8221;homologasyon-ve-tip-onayi&#8221; text_align=&#8221;left&#8221; border_color=&#8221;#f0f0f0&#8243; padding_top=&#8221;40&#8243; padding_bottom=&#8221;40&#8243; css_animation=&#8221;&#8221;][vc_column][vc_column_text]<\/p>\n<h2><strong>Homologation and Type Approval<\/strong><\/h2>\n<p>[\/vc_column_text][vc_separator type=&#8221;transparent&#8221; thickness=&#8221;10&#8243;][vc_row_inner row_type=&#8221;row&#8221; type=&#8221;grid&#8221; text_align=&#8221;left&#8221; css_animation=&#8221;&#8221;][vc_column_inner width=&#8221;1\/2&#8243;][vc_column_text]With our experienced homologation specialists; we provide support to our customers in many areas in automotive industry, such as: Defining the mandatory requirements according to vehicle category, taking precautions for incoming regulations or new requirements, making the necessary works and applications in order to obtain type approvals, overcoming the conformity of production (COP) procedures.<\/p>\n<ul>\n<li>Defining the specific homologation requirements according to vehicle category<\/li>\n<li>Defining, performing and following the homologation tests<\/li>\n<li>Making applications of type approval and following the approval process<\/li>\n<li>Type approval process trainings for other firms<\/li>\n<li>Certification<\/li>\n<li>Project consultancy<\/li>\n<li>Conformity of Production &#8211; COP<\/li>\n<\/ul>\n<p>[\/vc_column_text][\/vc_column_inner][vc_column_inner width=&#8221;1\/2&#8243;][vc_gallery type=&#8221;nivo&#8221; interval=&#8221;3&#8243; images=&#8221;13720,13722,13724,13726&#8243; img_size=&#8221;full&#8221;][\/vc_column_inner][\/vc_row_inner][\/vc_column][\/vc_row]<\/p>\n<\/div>","protected":false},"excerpt":{"rendered":"<p>[vc_row row_type=&#8221;row&#8221; type=&#8221;grid&#8221; anchor=&#8221;homologasyon-ve-tip-onayi&#8221; text_align=&#8221;left&#8221; border_color=&#8221;#f0f0f0&#8243; padding_top=&#8221;40&#8243; padding_bottom=&#8221;40&#8243; css_animation=&#8221;&#8221;][vc_column][vc_column_text] Homologation and Type Approval [\/vc_column_text][vc_separator type=&#8221;transparent&#8221; thickness=&#8221;10&#8243;][vc_row_inner row_type=&#8221;row&#8221; type=&#8221;grid&#8221; text_align=&#8221;left&#8221; css_animation=&#8221;&#8221;][vc_column_inner width=&#8221;1\/2&#8243;][vc_column_text]With our experienced homologation specialists; we provide support to our customers in many areas in automotive industry, such as: Defining the mandatory requirements according to&#8230;<\/p>\n","protected":false},"author":1,"featured_media":0,"parent":16687,"menu_order":5,"comment_status":"closed","ping_status":"closed","template":"full_width.php","meta":{"_acf_changed":false,"footnotes":""},"acf":[],"yoast_head":"<!-- This site is optimized with the Yoast SEO plugin v22.1 - https:\/\/yoast.com\/wordpress\/plugins\/seo\/ -->\n<title>Homologation and Type Approval - Hexagon Studio<\/title>\n<meta name=\"robots\" content=\"index, follow, max-snippet:-1, max-image-preview:large, max-video-preview:-1\" \/>\n<link rel=\"canonical\" href=\"https:\/\/www.hexagonstudio.com.tr\/en\/vehicle-development\/vehicle-engineering\/homologation-and-type-approval\/\" \/>\n<meta property=\"og:locale\" content=\"en_US\" \/>\n<meta property=\"og:type\" content=\"article\" \/>\n<meta property=\"og:title\" content=\"Homologation and Type Approval - Hexagon Studio\" \/>\n<meta property=\"og:description\" content=\"[vc_row row_type=&#8221;row&#8221; type=&#8221;grid&#8221; anchor=&#8221;homologasyon-ve-tip-onayi&#8221; text_align=&#8221;left&#8221; border_color=&#8221;#f0f0f0&#8243; padding_top=&#8221;40&#8243; padding_bottom=&#8221;40&#8243; css_animation=&#8221;&#8221;][vc_column][vc_column_text] Homologation and Type Approval [\/vc_column_text][vc_separator type=&#8221;transparent&#8221; thickness=&#8221;10&#8243;][vc_row_inner row_type=&#8221;row&#8221; type=&#8221;grid&#8221; text_align=&#8221;left&#8221; css_animation=&#8221;&#8221;][vc_column_inner width=&#8221;1\/2&#8243;][vc_column_text]With our experienced homologation specialists; we provide support to our customers in many areas in automotive industry, such as: Defining the mandatory requirements according to...\" \/>\n<meta property=\"og:url\" content=\"https:\/\/www.hexagonstudio.com.tr\/en\/vehicle-development\/vehicle-engineering\/homologation-and-type-approval\/\" \/>\n<meta property=\"og:site_name\" content=\"Hexagon Studio\" \/>\n<meta property=\"article:publisher\" content=\"https:\/\/www.facebook.com\/hexagonstudio\" \/>\n<meta property=\"article:modified_time\" content=\"2019-05-30T08:59:22+00:00\" \/>\n<meta name=\"twitter:card\" content=\"summary_large_image\" \/>\n<meta name=\"twitter:site\" content=\"@hexagonstudiotr\" \/>\n<meta name=\"twitter:label1\" content=\"Est. reading time\" \/>\n\t<meta name=\"twitter:data1\" content=\"1 minute\" \/>\n<!-- \/ Yoast SEO plugin. -->","yoast_head_json":{"title":"Homologation and Type Approval - Hexagon Studio","robots":{"index":"index","follow":"follow","max-snippet":"max-snippet:-1","max-image-preview":"max-image-preview:large","max-video-preview":"max-video-preview:-1"},"canonical":"https:\/\/www.hexagonstudio.com.tr\/en\/vehicle-development\/vehicle-engineering\/homologation-and-type-approval\/","og_locale":"en_US","og_type":"article","og_title":"Homologation and Type Approval - Hexagon Studio","og_description":"[vc_row row_type=&#8221;row&#8221; type=&#8221;grid&#8221; anchor=&#8221;homologasyon-ve-tip-onayi&#8221; text_align=&#8221;left&#8221; border_color=&#8221;#f0f0f0&#8243; padding_top=&#8221;40&#8243; padding_bottom=&#8221;40&#8243; css_animation=&#8221;&#8221;][vc_column][vc_column_text] Homologation and Type Approval [\/vc_column_text][vc_separator type=&#8221;transparent&#8221; thickness=&#8221;10&#8243;][vc_row_inner row_type=&#8221;row&#8221; type=&#8221;grid&#8221; text_align=&#8221;left&#8221; css_animation=&#8221;&#8221;][vc_column_inner width=&#8221;1\/2&#8243;][vc_column_text]With our experienced homologation specialists; we provide support to our customers in many areas in automotive industry, such as: Defining the mandatory requirements according to...","og_url":"https:\/\/www.hexagonstudio.com.tr\/en\/vehicle-development\/vehicle-engineering\/homologation-and-type-approval\/","og_site_name":"Hexagon Studio","article_publisher":"https:\/\/www.facebook.com\/hexagonstudio","article_modified_time":"2019-05-30T08:59:22+00:00","twitter_card":"summary_large_image","twitter_site":"@hexagonstudiotr","twitter_misc":{"Est. reading time":"1 minute"},"schema":{"@context":"https:\/\/schema.org","@graph":[{"@type":"WebPage","@id":"https:\/\/www.hexagonstudio.com.tr\/en\/vehicle-development\/vehicle-engineering\/homologation-and-type-approval\/","url":"https:\/\/www.hexagonstudio.com.tr\/en\/vehicle-development\/vehicle-engineering\/homologation-and-type-approval\/","name":"Homologation and Type Approval - Hexagon Studio","isPartOf":{"@id":"https:\/\/www.hexagonstudio.com.tr\/en\/#website"},"datePublished":"2019-01-30T01:53:29+00:00","dateModified":"2019-05-30T08:59:22+00:00","breadcrumb":{"@id":"https:\/\/www.hexagonstudio.com.tr\/en\/vehicle-development\/vehicle-engineering\/homologation-and-type-approval\/#breadcrumb"},"inLanguage":"en-US","potentialAction":[{"@type":"ReadAction","target":["https:\/\/www.hexagonstudio.com.tr\/en\/vehicle-development\/vehicle-engineering\/homologation-and-type-approval\/"]}]},{"@type":"BreadcrumbList","@id":"https:\/\/www.hexagonstudio.com.tr\/en\/vehicle-development\/vehicle-engineering\/homologation-and-type-approval\/#breadcrumb","itemListElement":[{"@type":"ListItem","position":1,"name":"Ana sayfa","item":"https:\/\/www.hexagonstudio.com.tr\/en\/"},{"@type":"ListItem","position":2,"name":"Vehicle Development","item":"https:\/\/www.hexagonstudio.com.tr\/en\/vehicle-development\/"},{"@type":"ListItem","position":3,"name":"Vehicle Engineering","item":"https:\/\/www.hexagonstudio.com.tr\/en\/vehicle-development\/vehicle-engineering\/"},{"@type":"ListItem","position":4,"name":"Homologation and Type Approval"}]},{"@type":"WebSite","@id":"https:\/\/www.hexagonstudio.com.tr\/en\/#website","url":"https:\/\/www.hexagonstudio.com.tr\/en\/","name":"Hexagon Studio","description":"\u00d6zg\u00fcn Tasar\u0131m ve M\u00fchendislik \u00c7\u00f6z\u00fcmleri","publisher":{"@id":"https:\/\/www.hexagonstudio.com.tr\/en\/#organization"},"potentialAction":[{"@type":"SearchAction","target":{"@type":"EntryPoint","urlTemplate":"https:\/\/www.hexagonstudio.com.tr\/en\/?s={search_term_string}"},"query-input":"required name=search_term_string"}],"inLanguage":"en-US"},{"@type":"Organization","@id":"https:\/\/www.hexagonstudio.com.tr\/en\/#organization","name":"Hexagon Studio","url":"https:\/\/www.hexagonstudio.com.tr\/en\/","logo":{"@type":"ImageObject","inLanguage":"en-US","@id":"https:\/\/www.hexagonstudio.com.tr\/en\/#\/schema\/logo\/image\/","url":"https:\/\/www.hexagonstudio.com.tr\/wp-content\/uploads\/2019\/01\/logo.png","contentUrl":"https:\/\/www.hexagonstudio.com.tr\/wp-content\/uploads\/2019\/01\/logo.png","width":280,"height":130,"caption":"Hexagon Studio"},"image":{"@id":"https:\/\/www.hexagonstudio.com.tr\/en\/#\/schema\/logo\/image\/"},"sameAs":["https:\/\/www.facebook.com\/hexagonstudio","https:\/\/twitter.com\/hexagonstudiotr","https:\/\/www.instagram.com\/hexagonstudiotr\/","https:\/\/www.linkedin.com\/company\/hexagon-studio"]}]}},"jetpack_sharing_enabled":true,"_links":{"self":[{"href":"https:\/\/www.hexagonstudio.com.tr\/en\/wp-json\/wp\/v2\/pages\/16651"}],"collection":[{"href":"https:\/\/www.hexagonstudio.com.tr\/en\/wp-json\/wp\/v2\/pages"}],"about":[{"href":"https:\/\/www.hexagonstudio.com.tr\/en\/wp-json\/wp\/v2\/types\/page"}],"author":[{"embeddable":true,"href":"https:\/\/www.hexagonstudio.com.tr\/en\/wp-json\/wp\/v2\/users\/1"}],"replies":[{"embeddable":true,"href":"https:\/\/www.hexagonstudio.com.tr\/en\/wp-json\/wp\/v2\/comments?post=16651"}],"version-history":[{"count":11,"href":"https:\/\/www.hexagonstudio.com.tr\/en\/wp-json\/wp\/v2\/pages\/16651\/revisions"}],"predecessor-version":[{"id":19008,"href":"https:\/\/www.hexagonstudio.com.tr\/en\/wp-json\/wp\/v2\/pages\/16651\/revisions\/19008"}],"up":[{"embeddable":true,"href":"https:\/\/www.hexagonstudio.com.tr\/en\/wp-json\/wp\/v2\/pages\/16687"}],"wp:attachment":[{"href":"https:\/\/www.hexagonstudio.com.tr\/en\/wp-json\/wp\/v2\/media?parent=16651"}],"curies":[{"name":"wp","href":"https:\/\/api.w.org\/{rel}","templated":true}]}}