{"id":16655,"date":"2019-01-30T04:54:11","date_gmt":"2019-01-30T01:54:11","guid":{"rendered":"https:\/\/www.hexagonstudio.com.tr\/heating-ventilation-and-air-conditioning-hvac-systems-engineering\/"},"modified":"2019-05-30T16:00:05","modified_gmt":"2019-05-30T13:00:05","slug":"hvac-systems","status":"publish","type":"page","link":"https:\/\/www.hexagonstudio.com.tr\/en\/vehicle-development\/body-and-platform-design\/hvac-systems\/","title":{"rendered":"HVAC Systems"},"content":{"rendered":"<div class=\"wpb-content-wrapper\"><p>[vc_row row_type=&#8221;row&#8221; type=&#8221;grid&#8221; anchor=&#8221;hvac-sistem-muhendisligi&#8221; text_align=&#8221;left&#8221; padding_top=&#8221;40&#8243; padding_bottom=&#8221;40&#8243; css_animation=&#8221;&#8221;][vc_column][vc_column_text]<\/p>\n<h2>HVAC Systems<\/h2>\n<p>[\/vc_column_text][vc_separator type=&#8221;transparent&#8221; thickness=&#8221;10&#8243;][vc_row_inner row_type=&#8221;row&#8221; type=&#8221;grid&#8221; text_align=&#8221;left&#8221; css_animation=&#8221;&#8221;][vc_column_inner width=&#8221;1\/2&#8243;][vc_column_text]From preliminary thermal load capacity calculations for heating, cooling, ventilation and battery thermal management systems to start of production in projects we undertake based on quality, cost, weight, time and efficiency.<\/p>\n<p>Specific to electric vehicles, we design effective battery cooling systems to ensure efficient and safe operation of the vehicle battery.<\/p>\n<ul>\n<li>Engineering Pre-feasibility<\/li>\n<li>Calculations for capacity loads.<\/li>\n<li>Conceptual design of the HVAC &amp; BTMS system<\/li>\n<li>Air Conditioning System Design<\/li>\n<li>Air Conditioning Compressor System Design<\/li>\n<li>Driver Climate System Design<\/li>\n<li>Heating System Design<\/li>\n<li>Battery Cooling System Design<\/li>\n<\/ul>\n<p>[\/vc_column_text][\/vc_column_inner][vc_column_inner width=&#8221;1\/2&#8243;][vc_gallery type=&#8221;nivo&#8221; interval=&#8221;3&#8243; images=&#8221;13764,13762,17397,13766&#8243; img_size=&#8221;large&#8221;][\/vc_column_inner][\/vc_row_inner][\/vc_column][\/vc_row]<\/p>\n<\/div>","protected":false},"excerpt":{"rendered":"<p>[vc_row row_type=&#8221;row&#8221; type=&#8221;grid&#8221; anchor=&#8221;hvac-sistem-muhendisligi&#8221; text_align=&#8221;left&#8221; padding_top=&#8221;40&#8243; padding_bottom=&#8221;40&#8243; css_animation=&#8221;&#8221;][vc_column][vc_column_text] HVAC Systems [\/vc_column_text][vc_separator type=&#8221;transparent&#8221; thickness=&#8221;10&#8243;][vc_row_inner row_type=&#8221;row&#8221; type=&#8221;grid&#8221; text_align=&#8221;left&#8221; css_animation=&#8221;&#8221;][vc_column_inner width=&#8221;1\/2&#8243;][vc_column_text]From preliminary thermal load capacity calculations for heating, cooling, ventilation and battery thermal management systems to start of production in projects we undertake based on quality, cost, weight,&#8230;<\/p>\n","protected":false},"author":1,"featured_media":0,"parent":16693,"menu_order":4,"comment_status":"closed","ping_status":"closed","template":"full_width.php","meta":{"_acf_changed":false,"footnotes":""},"acf":[],"yoast_head":"<!-- This site is optimized with the Yoast SEO plugin v22.1 - https:\/\/yoast.com\/wordpress\/plugins\/seo\/ -->\n<title>HVAC Systems - Hexagon Studio<\/title>\n<meta name=\"robots\" content=\"index, follow, max-snippet:-1, max-image-preview:large, max-video-preview:-1\" \/>\n<link rel=\"canonical\" href=\"https:\/\/www.hexagonstudio.com.tr\/en\/vehicle-development\/body-and-platform-design\/hvac-systems\/\" \/>\n<meta property=\"og:locale\" content=\"en_US\" \/>\n<meta property=\"og:type\" content=\"article\" \/>\n<meta property=\"og:title\" content=\"HVAC Systems - Hexagon Studio\" \/>\n<meta property=\"og:description\" content=\"[vc_row row_type=&#8221;row&#8221; type=&#8221;grid&#8221; anchor=&#8221;hvac-sistem-muhendisligi&#8221; text_align=&#8221;left&#8221; padding_top=&#8221;40&#8243; padding_bottom=&#8221;40&#8243; css_animation=&#8221;&#8221;][vc_column][vc_column_text] HVAC Systems [\/vc_column_text][vc_separator type=&#8221;transparent&#8221; thickness=&#8221;10&#8243;][vc_row_inner row_type=&#8221;row&#8221; type=&#8221;grid&#8221; text_align=&#8221;left&#8221; css_animation=&#8221;&#8221;][vc_column_inner width=&#8221;1\/2&#8243;][vc_column_text]From preliminary thermal load capacity calculations for heating, cooling, ventilation and battery thermal management systems to start of production in projects we undertake based on quality, cost, weight,...\" \/>\n<meta property=\"og:url\" content=\"https:\/\/www.hexagonstudio.com.tr\/en\/vehicle-development\/body-and-platform-design\/hvac-systems\/\" \/>\n<meta property=\"og:site_name\" content=\"Hexagon Studio\" \/>\n<meta property=\"article:publisher\" content=\"https:\/\/www.facebook.com\/hexagonstudio\" \/>\n<meta property=\"article:modified_time\" content=\"2019-05-30T13:00:05+00:00\" \/>\n<meta name=\"twitter:card\" content=\"summary_large_image\" \/>\n<meta name=\"twitter:site\" content=\"@hexagonstudiotr\" \/>\n<meta name=\"twitter:label1\" content=\"Est. reading time\" \/>\n\t<meta name=\"twitter:data1\" content=\"1 minute\" \/>\n<!-- \/ Yoast SEO plugin. -->","yoast_head_json":{"title":"HVAC Systems - Hexagon Studio","robots":{"index":"index","follow":"follow","max-snippet":"max-snippet:-1","max-image-preview":"max-image-preview:large","max-video-preview":"max-video-preview:-1"},"canonical":"https:\/\/www.hexagonstudio.com.tr\/en\/vehicle-development\/body-and-platform-design\/hvac-systems\/","og_locale":"en_US","og_type":"article","og_title":"HVAC Systems - Hexagon Studio","og_description":"[vc_row row_type=&#8221;row&#8221; type=&#8221;grid&#8221; anchor=&#8221;hvac-sistem-muhendisligi&#8221; text_align=&#8221;left&#8221; padding_top=&#8221;40&#8243; padding_bottom=&#8221;40&#8243; css_animation=&#8221;&#8221;][vc_column][vc_column_text] HVAC Systems [\/vc_column_text][vc_separator type=&#8221;transparent&#8221; thickness=&#8221;10&#8243;][vc_row_inner row_type=&#8221;row&#8221; type=&#8221;grid&#8221; text_align=&#8221;left&#8221; css_animation=&#8221;&#8221;][vc_column_inner width=&#8221;1\/2&#8243;][vc_column_text]From preliminary thermal load capacity calculations for heating, cooling, ventilation and battery thermal management systems to start of production in projects we undertake based on quality, cost, weight,...","og_url":"https:\/\/www.hexagonstudio.com.tr\/en\/vehicle-development\/body-and-platform-design\/hvac-systems\/","og_site_name":"Hexagon Studio","article_publisher":"https:\/\/www.facebook.com\/hexagonstudio","article_modified_time":"2019-05-30T13:00:05+00:00","twitter_card":"summary_large_image","twitter_site":"@hexagonstudiotr","twitter_misc":{"Est. reading time":"1 minute"},"schema":{"@context":"https:\/\/schema.org","@graph":[{"@type":"WebPage","@id":"https:\/\/www.hexagonstudio.com.tr\/en\/vehicle-development\/body-and-platform-design\/hvac-systems\/","url":"https:\/\/www.hexagonstudio.com.tr\/en\/vehicle-development\/body-and-platform-design\/hvac-systems\/","name":"HVAC Systems - Hexagon Studio","isPartOf":{"@id":"https:\/\/www.hexagonstudio.com.tr\/en\/#website"},"datePublished":"2019-01-30T01:54:11+00:00","dateModified":"2019-05-30T13:00:05+00:00","breadcrumb":{"@id":"https:\/\/www.hexagonstudio.com.tr\/en\/vehicle-development\/body-and-platform-design\/hvac-systems\/#breadcrumb"},"inLanguage":"en-US","potentialAction":[{"@type":"ReadAction","target":["https:\/\/www.hexagonstudio.com.tr\/en\/vehicle-development\/body-and-platform-design\/hvac-systems\/"]}]},{"@type":"BreadcrumbList","@id":"https:\/\/www.hexagonstudio.com.tr\/en\/vehicle-development\/body-and-platform-design\/hvac-systems\/#breadcrumb","itemListElement":[{"@type":"ListItem","position":1,"name":"Ana sayfa","item":"https:\/\/www.hexagonstudio.com.tr\/en\/"},{"@type":"ListItem","position":2,"name":"Vehicle Development","item":"https:\/\/www.hexagonstudio.com.tr\/en\/vehicle-development\/"},{"@type":"ListItem","position":3,"name":"Body and Platform Design","item":"https:\/\/www.hexagonstudio.com.tr\/en\/vehicle-development\/body-and-platform-design\/"},{"@type":"ListItem","position":4,"name":"HVAC Systems"}]},{"@type":"WebSite","@id":"https:\/\/www.hexagonstudio.com.tr\/en\/#website","url":"https:\/\/www.hexagonstudio.com.tr\/en\/","name":"Hexagon Studio","description":"\u00d6zg\u00fcn Tasar\u0131m ve M\u00fchendislik \u00c7\u00f6z\u00fcmleri","publisher":{"@id":"https:\/\/www.hexagonstudio.com.tr\/en\/#organization"},"potentialAction":[{"@type":"SearchAction","target":{"@type":"EntryPoint","urlTemplate":"https:\/\/www.hexagonstudio.com.tr\/en\/?s={search_term_string}"},"query-input":"required name=search_term_string"}],"inLanguage":"en-US"},{"@type":"Organization","@id":"https:\/\/www.hexagonstudio.com.tr\/en\/#organization","name":"Hexagon Studio","url":"https:\/\/www.hexagonstudio.com.tr\/en\/","logo":{"@type":"ImageObject","inLanguage":"en-US","@id":"https:\/\/www.hexagonstudio.com.tr\/en\/#\/schema\/logo\/image\/","url":"https:\/\/www.hexagonstudio.com.tr\/wp-content\/uploads\/2019\/01\/logo.png","contentUrl":"https:\/\/www.hexagonstudio.com.tr\/wp-content\/uploads\/2019\/01\/logo.png","width":280,"height":130,"caption":"Hexagon Studio"},"image":{"@id":"https:\/\/www.hexagonstudio.com.tr\/en\/#\/schema\/logo\/image\/"},"sameAs":["https:\/\/www.facebook.com\/hexagonstudio","https:\/\/twitter.com\/hexagonstudiotr","https:\/\/www.instagram.com\/hexagonstudiotr\/","https:\/\/www.linkedin.com\/company\/hexagon-studio"]}]}},"jetpack_sharing_enabled":true,"_links":{"self":[{"href":"https:\/\/www.hexagonstudio.com.tr\/en\/wp-json\/wp\/v2\/pages\/16655"}],"collection":[{"href":"https:\/\/www.hexagonstudio.com.tr\/en\/wp-json\/wp\/v2\/pages"}],"about":[{"href":"https:\/\/www.hexagonstudio.com.tr\/en\/wp-json\/wp\/v2\/types\/page"}],"author":[{"embeddable":true,"href":"https:\/\/www.hexagonstudio.com.tr\/en\/wp-json\/wp\/v2\/users\/1"}],"replies":[{"embeddable":true,"href":"https:\/\/www.hexagonstudio.com.tr\/en\/wp-json\/wp\/v2\/comments?post=16655"}],"version-history":[{"count":12,"href":"https:\/\/www.hexagonstudio.com.tr\/en\/wp-json\/wp\/v2\/pages\/16655\/revisions"}],"predecessor-version":[{"id":19702,"href":"https:\/\/www.hexagonstudio.com.tr\/en\/wp-json\/wp\/v2\/pages\/16655\/revisions\/19702"}],"up":[{"embeddable":true,"href":"https:\/\/www.hexagonstudio.com.tr\/en\/wp-json\/wp\/v2\/pages\/16693"}],"wp:attachment":[{"href":"https:\/\/www.hexagonstudio.com.tr\/en\/wp-json\/wp\/v2\/media?parent=16655"}],"curies":[{"name":"wp","href":"https:\/\/api.w.org\/{rel}","templated":true}]}}