{"id":16678,"date":"2019-01-30T04:54:09","date_gmt":"2019-01-30T01:54:09","guid":{"rendered":"https:\/\/www.hexagonstudio.com.tr\/body-in-white\/"},"modified":"2019-05-30T12:02:12","modified_gmt":"2019-05-30T09:02:12","slug":"body-in-white","status":"publish","type":"page","link":"https:\/\/www.hexagonstudio.com.tr\/en\/vehicle-development\/body-and-platform-design\/body-in-white\/","title":{"rendered":"Body In White"},"content":{"rendered":"<div class=\"wpb-content-wrapper\"><p>[vc_row row_type=&#8221;row&#8221; type=&#8221;grid&#8221; anchor=&#8221;boyasiz-govde-biw&#8221; in_content_menu=&#8221;in_content_menu&#8221; content_menu_title=&#8221;Boyas\u0131z G\u00f6vde&#8221; content_menu_icon=&#8221;&#8221; text_align=&#8221;left&#8221; padding_top=&#8221;40&#8243; padding_bottom=&#8221;20&#8243; css_animation=&#8221;&#8221;][vc_column][vc_column_text]<\/p>\n<h2><strong>Body In White (BIW)<\/strong><\/h2>\n<p>[\/vc_column_text][vc_separator type=&#8221;transparent&#8221; thickness=&#8221;10&#8243;][\/vc_column][\/vc_row][vc_row row_type=&#8221;row&#8221; type=&#8221;grid&#8221; anchor=&#8221;boyasiz-govde-biw&#8221; in_content_menu=&#8221;in_content_menu&#8221; content_menu_title=&#8221;Boyas\u0131z G\u00f6vde&#8221; content_menu_icon=&#8221;&#8221; text_align=&#8221;left&#8221; padding_top=&#8221;20&#8243; padding_bottom=&#8221;40&#8243; css_animation=&#8221;&#8221;][vc_column width=&#8221;1\/2&#8243;][vc_column_text]Lightweight design is one of the most important competitive requirement of the new generation vehicles. We aim to design the lightest structures which also provides durability and safety requirements with innovative approaches.<\/p>\n<p>Our experienced and dynamic team prioritize time, cost and quality while completing design according to project requirements. We take an active role not only in the design phase of the projects but also in the production and commissioning phases.<\/p>\n<ul>\n<li>Frame body design<\/li>\n<li>Unibody body design<\/li>\n<li>Structural components and systems design<\/li>\n<li>Carry out regulations and project requirements<\/li>\n<li>Style feasibility for structure<\/li>\n<li>Technical benchmarking<\/li>\n<li>Conceptual design and development<\/li>\n<li>Prototype &amp; serial production detail design<\/li>\n<li>Weight and cost reduction studies<\/li>\n<li>Structural optimization studies<\/li>\n<li>Production support<\/li>\n<\/ul>\n<p>[\/vc_column_text][\/vc_column][vc_column width=&#8221;1\/2&#8243;][vc_gallery type=&#8221;nivo&#8221; interval=&#8221;3&#8243; images=&#8221;17372,17370,17376,13796,17374&#8243; img_size=&#8221;full&#8221;][\/vc_column][\/vc_row]<\/p>\n<\/div>","protected":false},"excerpt":{"rendered":"<p>[vc_row row_type=&#8221;row&#8221; type=&#8221;grid&#8221; anchor=&#8221;boyasiz-govde-biw&#8221; in_content_menu=&#8221;in_content_menu&#8221; content_menu_title=&#8221;Boyas\u0131z G\u00f6vde&#8221; content_menu_icon=&#8221;&#8221; text_align=&#8221;left&#8221; padding_top=&#8221;40&#8243; padding_bottom=&#8221;20&#8243; css_animation=&#8221;&#8221;][vc_column][vc_column_text] Body In White (BIW) [\/vc_column_text][vc_separator type=&#8221;transparent&#8221; thickness=&#8221;10&#8243;][\/vc_column][\/vc_row][vc_row row_type=&#8221;row&#8221; type=&#8221;grid&#8221; anchor=&#8221;boyasiz-govde-biw&#8221; in_content_menu=&#8221;in_content_menu&#8221; content_menu_title=&#8221;Boyas\u0131z G\u00f6vde&#8221; content_menu_icon=&#8221;&#8221; text_align=&#8221;left&#8221; padding_top=&#8221;20&#8243; padding_bottom=&#8221;40&#8243; css_animation=&#8221;&#8221;][vc_column width=&#8221;1\/2&#8243;][vc_column_text]Lightweight design is one of the most important competitive requirement of the new generation vehicles&#8230;.<\/p>\n","protected":false},"author":1,"featured_media":0,"parent":16693,"menu_order":3,"comment_status":"closed","ping_status":"closed","template":"full_width.php","meta":{"_acf_changed":false,"footnotes":""},"acf":[],"yoast_head":"<!-- This site is optimized with the Yoast SEO plugin v22.1 - https:\/\/yoast.com\/wordpress\/plugins\/seo\/ -->\n<title>Body In White - Hexagon Studio<\/title>\n<meta name=\"robots\" content=\"index, follow, max-snippet:-1, max-image-preview:large, max-video-preview:-1\" \/>\n<link rel=\"canonical\" href=\"https:\/\/www.hexagonstudio.com.tr\/en\/vehicle-development\/body-and-platform-design\/body-in-white\/\" \/>\n<meta property=\"og:locale\" content=\"en_US\" \/>\n<meta property=\"og:type\" content=\"article\" \/>\n<meta property=\"og:title\" content=\"Body In White - Hexagon Studio\" \/>\n<meta property=\"og:description\" content=\"[vc_row row_type=&#8221;row&#8221; type=&#8221;grid&#8221; anchor=&#8221;boyasiz-govde-biw&#8221; in_content_menu=&#8221;in_content_menu&#8221; content_menu_title=&#8221;Boyas\u0131z G\u00f6vde&#8221; content_menu_icon=&#8221;&#8221; text_align=&#8221;left&#8221; padding_top=&#8221;40&#8243; padding_bottom=&#8221;20&#8243; css_animation=&#8221;&#8221;][vc_column][vc_column_text] Body In White (BIW) [\/vc_column_text][vc_separator type=&#8221;transparent&#8221; thickness=&#8221;10&#8243;][\/vc_column][\/vc_row][vc_row row_type=&#8221;row&#8221; type=&#8221;grid&#8221; anchor=&#8221;boyasiz-govde-biw&#8221; in_content_menu=&#8221;in_content_menu&#8221; content_menu_title=&#8221;Boyas\u0131z G\u00f6vde&#8221; content_menu_icon=&#8221;&#8221; text_align=&#8221;left&#8221; padding_top=&#8221;20&#8243; padding_bottom=&#8221;40&#8243; css_animation=&#8221;&#8221;][vc_column width=&#8221;1\/2&#8243;][vc_column_text]Lightweight design is one of the most important competitive requirement of the new generation vehicles....\" \/>\n<meta property=\"og:url\" content=\"https:\/\/www.hexagonstudio.com.tr\/en\/vehicle-development\/body-and-platform-design\/body-in-white\/\" \/>\n<meta property=\"og:site_name\" content=\"Hexagon Studio\" \/>\n<meta property=\"article:publisher\" content=\"https:\/\/www.facebook.com\/hexagonstudio\" \/>\n<meta property=\"article:modified_time\" content=\"2019-05-30T09:02:12+00:00\" \/>\n<meta name=\"twitter:card\" content=\"summary_large_image\" \/>\n<meta name=\"twitter:site\" content=\"@hexagonstudiotr\" \/>\n<meta name=\"twitter:label1\" content=\"Est. reading time\" \/>\n\t<meta name=\"twitter:data1\" content=\"1 minute\" \/>\n<!-- \/ Yoast SEO plugin. -->","yoast_head_json":{"title":"Body In White - Hexagon Studio","robots":{"index":"index","follow":"follow","max-snippet":"max-snippet:-1","max-image-preview":"max-image-preview:large","max-video-preview":"max-video-preview:-1"},"canonical":"https:\/\/www.hexagonstudio.com.tr\/en\/vehicle-development\/body-and-platform-design\/body-in-white\/","og_locale":"en_US","og_type":"article","og_title":"Body In White - Hexagon Studio","og_description":"[vc_row row_type=&#8221;row&#8221; type=&#8221;grid&#8221; anchor=&#8221;boyasiz-govde-biw&#8221; in_content_menu=&#8221;in_content_menu&#8221; content_menu_title=&#8221;Boyas\u0131z G\u00f6vde&#8221; content_menu_icon=&#8221;&#8221; text_align=&#8221;left&#8221; padding_top=&#8221;40&#8243; padding_bottom=&#8221;20&#8243; css_animation=&#8221;&#8221;][vc_column][vc_column_text] Body In White (BIW) [\/vc_column_text][vc_separator type=&#8221;transparent&#8221; thickness=&#8221;10&#8243;][\/vc_column][\/vc_row][vc_row row_type=&#8221;row&#8221; type=&#8221;grid&#8221; anchor=&#8221;boyasiz-govde-biw&#8221; in_content_menu=&#8221;in_content_menu&#8221; content_menu_title=&#8221;Boyas\u0131z G\u00f6vde&#8221; content_menu_icon=&#8221;&#8221; text_align=&#8221;left&#8221; padding_top=&#8221;20&#8243; padding_bottom=&#8221;40&#8243; css_animation=&#8221;&#8221;][vc_column width=&#8221;1\/2&#8243;][vc_column_text]Lightweight design is one of the most important competitive requirement of the new generation vehicles....","og_url":"https:\/\/www.hexagonstudio.com.tr\/en\/vehicle-development\/body-and-platform-design\/body-in-white\/","og_site_name":"Hexagon Studio","article_publisher":"https:\/\/www.facebook.com\/hexagonstudio","article_modified_time":"2019-05-30T09:02:12+00:00","twitter_card":"summary_large_image","twitter_site":"@hexagonstudiotr","twitter_misc":{"Est. reading time":"1 minute"},"schema":{"@context":"https:\/\/schema.org","@graph":[{"@type":"WebPage","@id":"https:\/\/www.hexagonstudio.com.tr\/en\/vehicle-development\/body-and-platform-design\/body-in-white\/","url":"https:\/\/www.hexagonstudio.com.tr\/en\/vehicle-development\/body-and-platform-design\/body-in-white\/","name":"Body In White - Hexagon Studio","isPartOf":{"@id":"https:\/\/www.hexagonstudio.com.tr\/en\/#website"},"datePublished":"2019-01-30T01:54:09+00:00","dateModified":"2019-05-30T09:02:12+00:00","breadcrumb":{"@id":"https:\/\/www.hexagonstudio.com.tr\/en\/vehicle-development\/body-and-platform-design\/body-in-white\/#breadcrumb"},"inLanguage":"en-US","potentialAction":[{"@type":"ReadAction","target":["https:\/\/www.hexagonstudio.com.tr\/en\/vehicle-development\/body-and-platform-design\/body-in-white\/"]}]},{"@type":"BreadcrumbList","@id":"https:\/\/www.hexagonstudio.com.tr\/en\/vehicle-development\/body-and-platform-design\/body-in-white\/#breadcrumb","itemListElement":[{"@type":"ListItem","position":1,"name":"Ana sayfa","item":"https:\/\/www.hexagonstudio.com.tr\/en\/"},{"@type":"ListItem","position":2,"name":"Vehicle Development","item":"https:\/\/www.hexagonstudio.com.tr\/en\/vehicle-development\/"},{"@type":"ListItem","position":3,"name":"Body and Platform Design","item":"https:\/\/www.hexagonstudio.com.tr\/en\/vehicle-development\/body-and-platform-design\/"},{"@type":"ListItem","position":4,"name":"Body In White"}]},{"@type":"WebSite","@id":"https:\/\/www.hexagonstudio.com.tr\/en\/#website","url":"https:\/\/www.hexagonstudio.com.tr\/en\/","name":"Hexagon Studio","description":"\u00d6zg\u00fcn Tasar\u0131m ve M\u00fchendislik \u00c7\u00f6z\u00fcmleri","publisher":{"@id":"https:\/\/www.hexagonstudio.com.tr\/en\/#organization"},"potentialAction":[{"@type":"SearchAction","target":{"@type":"EntryPoint","urlTemplate":"https:\/\/www.hexagonstudio.com.tr\/en\/?s={search_term_string}"},"query-input":"required name=search_term_string"}],"inLanguage":"en-US"},{"@type":"Organization","@id":"https:\/\/www.hexagonstudio.com.tr\/en\/#organization","name":"Hexagon Studio","url":"https:\/\/www.hexagonstudio.com.tr\/en\/","logo":{"@type":"ImageObject","inLanguage":"en-US","@id":"https:\/\/www.hexagonstudio.com.tr\/en\/#\/schema\/logo\/image\/","url":"https:\/\/www.hexagonstudio.com.tr\/wp-content\/uploads\/2019\/01\/logo.png","contentUrl":"https:\/\/www.hexagonstudio.com.tr\/wp-content\/uploads\/2019\/01\/logo.png","width":280,"height":130,"caption":"Hexagon Studio"},"image":{"@id":"https:\/\/www.hexagonstudio.com.tr\/en\/#\/schema\/logo\/image\/"},"sameAs":["https:\/\/www.facebook.com\/hexagonstudio","https:\/\/twitter.com\/hexagonstudiotr","https:\/\/www.instagram.com\/hexagonstudiotr\/","https:\/\/www.linkedin.com\/company\/hexagon-studio"]}]}},"jetpack_sharing_enabled":true,"_links":{"self":[{"href":"https:\/\/www.hexagonstudio.com.tr\/en\/wp-json\/wp\/v2\/pages\/16678"}],"collection":[{"href":"https:\/\/www.hexagonstudio.com.tr\/en\/wp-json\/wp\/v2\/pages"}],"about":[{"href":"https:\/\/www.hexagonstudio.com.tr\/en\/wp-json\/wp\/v2\/types\/page"}],"author":[{"embeddable":true,"href":"https:\/\/www.hexagonstudio.com.tr\/en\/wp-json\/wp\/v2\/users\/1"}],"replies":[{"embeddable":true,"href":"https:\/\/www.hexagonstudio.com.tr\/en\/wp-json\/wp\/v2\/comments?post=16678"}],"version-history":[{"count":8,"href":"https:\/\/www.hexagonstudio.com.tr\/en\/wp-json\/wp\/v2\/pages\/16678\/revisions"}],"predecessor-version":[{"id":19360,"href":"https:\/\/www.hexagonstudio.com.tr\/en\/wp-json\/wp\/v2\/pages\/16678\/revisions\/19360"}],"up":[{"embeddable":true,"href":"https:\/\/www.hexagonstudio.com.tr\/en\/wp-json\/wp\/v2\/pages\/16693"}],"wp:attachment":[{"href":"https:\/\/www.hexagonstudio.com.tr\/en\/wp-json\/wp\/v2\/media?parent=16678"}],"curies":[{"name":"wp","href":"https:\/\/api.w.org\/{rel}","templated":true}]}}