{"id":16702,"date":"2019-01-30T04:54:10","date_gmt":"2019-01-30T01:54:10","guid":{"rendered":"https:\/\/www.hexagonstudio.com.tr\/body-in-white\/"},"modified":"2019-05-30T12:01:05","modified_gmt":"2019-05-30T09:01:05","slug":"interior-exterior-trim","status":"publish","type":"page","link":"https:\/\/www.hexagonstudio.com.tr\/en\/vehicle-development\/body-and-platform-design\/interior-exterior-trim\/","title":{"rendered":"Interior \/ Exterior Trim"},"content":{"rendered":"<div class=\"wpb-content-wrapper\"><p>[vc_row row_type=&#8221;content_menu&#8221;][vc_column][\/vc_column][\/vc_row][vc_row row_type=&#8221;row&#8221; type=&#8221;grid&#8221; anchor=&#8221;interior-trim&#8221; in_content_menu=&#8221;in_content_menu&#8221; content_menu_title=&#8221;Interior Trim&#8221; content_menu_icon=&#8221;&#8221; text_align=&#8221;left&#8221; padding_top=&#8221;40&#8243; padding_bottom=&#8221;20&#8243; css_animation=&#8221;&#8221;][vc_column][vc_column_text]<\/p>\n<h2><strong>Interior Trim<\/strong><\/h2>\n<p>[\/vc_column_text][\/vc_column][\/vc_row][vc_row row_type=&#8221;row&#8221; type=&#8221;grid&#8221; text_align=&#8221;left&#8221; padding_top=&#8221;20&#8243; padding_bottom=&#8221;40&#8243; css_animation=&#8221;&#8221;][vc_column width=&#8221;1\/2&#8243;][vc_column_text]We aim to highlight important features such as functionality, quality, lightness and ergonomics necessary to improve them by reflecting the elements that create comfort in the driver and passenger cabin.<\/p>\n<p>We carry out activities such as a selection of materials and production methods, selection of suppliers, cost feasibility, determination of functional targets, and regulatory controls by taking part in all phases of vehicle design processes related to interior components, especially with our expert staff in the field of plastic and composite materials.<\/p>\n<ul>\n<li>Carrying out Supplier Meetings &amp; Process Management<\/li>\n<li>Engineering Pre-feasibility during styling<\/li>\n<li>Technical Benchmark<\/li>\n<li>Conceptual Design &amp; Development\n<ul>\n<li>Decomposition<\/li>\n<li>Critical Section<\/li>\n<li>Gap &amp; Flush<\/li>\n<li>Assembly sequence &amp; Mountability<\/li>\n<\/ul>\n<\/li>\n<li>Weight &amp; Cost Feasibility<\/li>\n<li>Determination of Material &amp; Manufacturing Technology<\/li>\n<li>Prototype &amp; Serial Production Design\n<ul>\n<li>2D &amp; 3D design<\/li>\n<li>Clash Analysis<\/li>\n<li>Technical Drawing<\/li>\n<li>Tolerances<\/li>\n<li>Kinematic Simulation<\/li>\n<li>Data Management &amp; Part Release<\/li>\n<\/ul>\n<\/li>\n<li>Reverse Engineering<\/li>\n<li>Design Verification &amp; Validation Activities<\/li>\n<li>Production Support\n<ul>\n<li>Design for Assembly Fixtures &amp; Jigs<\/li>\n<li>SOP support<\/li>\n<li>Assembly Manuals<\/li>\n<\/ul>\n<\/li>\n<\/ul>\n<p>[\/vc_column_text][\/vc_column][vc_column width=&#8221;1\/2&#8243;][vc_gallery type=&#8221;nivo&#8221; interval=&#8221;3&#8243; images=&#8221;13783,13785,13787,13789,13791,13793,17506&#8243; img_size=&#8221;full&#8221;][\/vc_column][\/vc_row][vc_row row_type=&#8221;row&#8221; type=&#8221;grid&#8221; anchor=&#8221;exterior-trim&#8221; in_content_menu=&#8221;in_content_menu&#8221; content_menu_title=&#8221;Exterior Trim&#8221; content_menu_icon=&#8221;&#8221; text_align=&#8221;left&#8221; padding_top=&#8221;40&#8243; padding_bottom=&#8221;20&#8243; css_animation=&#8221;&#8221;][vc_column][vc_column_text]<\/p>\n<h2><strong>Exterior Trim<\/strong><\/h2>\n<p>[\/vc_column_text][\/vc_column][\/vc_row][vc_row row_type=&#8221;row&#8221; type=&#8221;grid&#8221; text_align=&#8221;left&#8221; padding_top=&#8221;20&#8243; padding_bottom=&#8221;40&#8243; css_animation=&#8221;&#8221;][vc_column width=&#8221;1\/2&#8243;][vc_column_text]Exterior design is one of the major criteria of product selection and first step of product and user interaction.<\/p>\n<p>We are conducting design activities for all the vehicle exterior systems under our responsibility such as front\/rear fascias, bumpers, glazing, side and roof systems, exterior lighting and signaling devices, wiper systems, ornamentations etc.<\/p>\n<ul>\n<li>Engineering Pre-Feasibility During Styling<\/li>\n<li>Technical Benchmarking<\/li>\n<li>Conceptual Design &amp; Development<\/li>\n<li>Weight, Cost, Time Feasibility<\/li>\n<li>Determination Of Material &amp; Manufacturing Technology<\/li>\n<li>Prototype &amp; Serial Production Design<\/li>\n<li>Reverse Engineering<\/li>\n<li>Design Verification &amp; Validation<\/li>\n<li>Production Support<\/li>\n<\/ul>\n<p>[\/vc_column_text][\/vc_column][vc_column width=&#8221;1\/2&#8243;][vc_gallery type=&#8221;nivo&#8221; interval=&#8221;3&#8243; images=&#8221;13773,13777,13771,17508&#8243; img_size=&#8221;large&#8221;][\/vc_column][\/vc_row]<\/p>\n<\/div>","protected":false},"excerpt":{"rendered":"<p>[vc_row row_type=&#8221;content_menu&#8221;][vc_column][\/vc_column][\/vc_row][vc_row row_type=&#8221;row&#8221; type=&#8221;grid&#8221; anchor=&#8221;interior-trim&#8221; in_content_menu=&#8221;in_content_menu&#8221; content_menu_title=&#8221;Interior Trim&#8221; content_menu_icon=&#8221;&#8221; text_align=&#8221;left&#8221; padding_top=&#8221;40&#8243; padding_bottom=&#8221;20&#8243; css_animation=&#8221;&#8221;][vc_column][vc_column_text] Interior Trim [\/vc_column_text][\/vc_column][\/vc_row][vc_row row_type=&#8221;row&#8221; type=&#8221;grid&#8221; text_align=&#8221;left&#8221; padding_top=&#8221;20&#8243; padding_bottom=&#8221;40&#8243; css_animation=&#8221;&#8221;][vc_column width=&#8221;1\/2&#8243;][vc_column_text]We aim to highlight important features such as functionality, quality, lightness and ergonomics necessary to improve them by reflecting the elements that create&#8230;<\/p>\n","protected":false},"author":1,"featured_media":0,"parent":16693,"menu_order":1,"comment_status":"closed","ping_status":"closed","template":"full_width.php","meta":{"_acf_changed":false,"footnotes":""},"acf":[],"yoast_head":"<!-- This site is optimized with the Yoast SEO plugin v22.1 - https:\/\/yoast.com\/wordpress\/plugins\/seo\/ -->\n<title>Interior \/ Exterior Trim - Hexagon Studio<\/title>\n<meta name=\"robots\" content=\"index, follow, max-snippet:-1, max-image-preview:large, max-video-preview:-1\" \/>\n<link rel=\"canonical\" href=\"https:\/\/www.hexagonstudio.com.tr\/en\/vehicle-development\/body-and-platform-design\/interior-exterior-trim\/\" \/>\n<meta property=\"og:locale\" content=\"en_US\" \/>\n<meta property=\"og:type\" content=\"article\" \/>\n<meta property=\"og:title\" content=\"Interior \/ Exterior Trim - Hexagon Studio\" \/>\n<meta property=\"og:description\" content=\"[vc_row row_type=&#8221;content_menu&#8221;][vc_column][\/vc_column][\/vc_row][vc_row row_type=&#8221;row&#8221; type=&#8221;grid&#8221; anchor=&#8221;interior-trim&#8221; in_content_menu=&#8221;in_content_menu&#8221; content_menu_title=&#8221;Interior Trim&#8221; content_menu_icon=&#8221;&#8221; text_align=&#8221;left&#8221; padding_top=&#8221;40&#8243; padding_bottom=&#8221;20&#8243; css_animation=&#8221;&#8221;][vc_column][vc_column_text] Interior Trim [\/vc_column_text][\/vc_column][\/vc_row][vc_row row_type=&#8221;row&#8221; type=&#8221;grid&#8221; text_align=&#8221;left&#8221; padding_top=&#8221;20&#8243; padding_bottom=&#8221;40&#8243; css_animation=&#8221;&#8221;][vc_column width=&#8221;1\/2&#8243;][vc_column_text]We aim to highlight important features such as functionality, quality, lightness and ergonomics necessary to improve them by reflecting the elements that create...\" \/>\n<meta property=\"og:url\" content=\"https:\/\/www.hexagonstudio.com.tr\/en\/vehicle-development\/body-and-platform-design\/interior-exterior-trim\/\" \/>\n<meta property=\"og:site_name\" content=\"Hexagon Studio\" \/>\n<meta property=\"article:publisher\" content=\"https:\/\/www.facebook.com\/hexagonstudio\" \/>\n<meta property=\"article:modified_time\" content=\"2019-05-30T09:01:05+00:00\" \/>\n<meta name=\"twitter:card\" content=\"summary_large_image\" \/>\n<meta name=\"twitter:site\" content=\"@hexagonstudiotr\" \/>\n<meta name=\"twitter:label1\" content=\"Est. reading time\" \/>\n\t<meta name=\"twitter:data1\" content=\"2 minutes\" \/>\n<!-- \/ Yoast SEO plugin. -->","yoast_head_json":{"title":"Interior \/ Exterior Trim - Hexagon Studio","robots":{"index":"index","follow":"follow","max-snippet":"max-snippet:-1","max-image-preview":"max-image-preview:large","max-video-preview":"max-video-preview:-1"},"canonical":"https:\/\/www.hexagonstudio.com.tr\/en\/vehicle-development\/body-and-platform-design\/interior-exterior-trim\/","og_locale":"en_US","og_type":"article","og_title":"Interior \/ Exterior Trim - Hexagon Studio","og_description":"[vc_row row_type=&#8221;content_menu&#8221;][vc_column][\/vc_column][\/vc_row][vc_row row_type=&#8221;row&#8221; type=&#8221;grid&#8221; anchor=&#8221;interior-trim&#8221; in_content_menu=&#8221;in_content_menu&#8221; content_menu_title=&#8221;Interior Trim&#8221; content_menu_icon=&#8221;&#8221; text_align=&#8221;left&#8221; padding_top=&#8221;40&#8243; padding_bottom=&#8221;20&#8243; css_animation=&#8221;&#8221;][vc_column][vc_column_text] Interior Trim [\/vc_column_text][\/vc_column][\/vc_row][vc_row row_type=&#8221;row&#8221; type=&#8221;grid&#8221; text_align=&#8221;left&#8221; padding_top=&#8221;20&#8243; padding_bottom=&#8221;40&#8243; css_animation=&#8221;&#8221;][vc_column width=&#8221;1\/2&#8243;][vc_column_text]We aim to highlight important features such as functionality, quality, lightness and ergonomics necessary to improve them by reflecting the elements that create...","og_url":"https:\/\/www.hexagonstudio.com.tr\/en\/vehicle-development\/body-and-platform-design\/interior-exterior-trim\/","og_site_name":"Hexagon Studio","article_publisher":"https:\/\/www.facebook.com\/hexagonstudio","article_modified_time":"2019-05-30T09:01:05+00:00","twitter_card":"summary_large_image","twitter_site":"@hexagonstudiotr","twitter_misc":{"Est. reading time":"2 minutes"},"schema":{"@context":"https:\/\/schema.org","@graph":[{"@type":"WebPage","@id":"https:\/\/www.hexagonstudio.com.tr\/en\/vehicle-development\/body-and-platform-design\/interior-exterior-trim\/","url":"https:\/\/www.hexagonstudio.com.tr\/en\/vehicle-development\/body-and-platform-design\/interior-exterior-trim\/","name":"Interior \/ Exterior Trim - Hexagon Studio","isPartOf":{"@id":"https:\/\/www.hexagonstudio.com.tr\/en\/#website"},"datePublished":"2019-01-30T01:54:10+00:00","dateModified":"2019-05-30T09:01:05+00:00","breadcrumb":{"@id":"https:\/\/www.hexagonstudio.com.tr\/en\/vehicle-development\/body-and-platform-design\/interior-exterior-trim\/#breadcrumb"},"inLanguage":"en-US","potentialAction":[{"@type":"ReadAction","target":["https:\/\/www.hexagonstudio.com.tr\/en\/vehicle-development\/body-and-platform-design\/interior-exterior-trim\/"]}]},{"@type":"BreadcrumbList","@id":"https:\/\/www.hexagonstudio.com.tr\/en\/vehicle-development\/body-and-platform-design\/interior-exterior-trim\/#breadcrumb","itemListElement":[{"@type":"ListItem","position":1,"name":"Ana sayfa","item":"https:\/\/www.hexagonstudio.com.tr\/en\/"},{"@type":"ListItem","position":2,"name":"Vehicle Development","item":"https:\/\/www.hexagonstudio.com.tr\/en\/vehicle-development\/"},{"@type":"ListItem","position":3,"name":"Body and Platform Design","item":"https:\/\/www.hexagonstudio.com.tr\/en\/vehicle-development\/body-and-platform-design\/"},{"@type":"ListItem","position":4,"name":"Interior \/ Exterior Trim"}]},{"@type":"WebSite","@id":"https:\/\/www.hexagonstudio.com.tr\/en\/#website","url":"https:\/\/www.hexagonstudio.com.tr\/en\/","name":"Hexagon Studio","description":"\u00d6zg\u00fcn Tasar\u0131m ve M\u00fchendislik \u00c7\u00f6z\u00fcmleri","publisher":{"@id":"https:\/\/www.hexagonstudio.com.tr\/en\/#organization"},"potentialAction":[{"@type":"SearchAction","target":{"@type":"EntryPoint","urlTemplate":"https:\/\/www.hexagonstudio.com.tr\/en\/?s={search_term_string}"},"query-input":"required name=search_term_string"}],"inLanguage":"en-US"},{"@type":"Organization","@id":"https:\/\/www.hexagonstudio.com.tr\/en\/#organization","name":"Hexagon Studio","url":"https:\/\/www.hexagonstudio.com.tr\/en\/","logo":{"@type":"ImageObject","inLanguage":"en-US","@id":"https:\/\/www.hexagonstudio.com.tr\/en\/#\/schema\/logo\/image\/","url":"https:\/\/www.hexagonstudio.com.tr\/wp-content\/uploads\/2019\/01\/logo.png","contentUrl":"https:\/\/www.hexagonstudio.com.tr\/wp-content\/uploads\/2019\/01\/logo.png","width":280,"height":130,"caption":"Hexagon Studio"},"image":{"@id":"https:\/\/www.hexagonstudio.com.tr\/en\/#\/schema\/logo\/image\/"},"sameAs":["https:\/\/www.facebook.com\/hexagonstudio","https:\/\/twitter.com\/hexagonstudiotr","https:\/\/www.instagram.com\/hexagonstudiotr\/","https:\/\/www.linkedin.com\/company\/hexagon-studio"]}]}},"jetpack_sharing_enabled":true,"_links":{"self":[{"href":"https:\/\/www.hexagonstudio.com.tr\/en\/wp-json\/wp\/v2\/pages\/16702"}],"collection":[{"href":"https:\/\/www.hexagonstudio.com.tr\/en\/wp-json\/wp\/v2\/pages"}],"about":[{"href":"https:\/\/www.hexagonstudio.com.tr\/en\/wp-json\/wp\/v2\/types\/page"}],"author":[{"embeddable":true,"href":"https:\/\/www.hexagonstudio.com.tr\/en\/wp-json\/wp\/v2\/users\/1"}],"replies":[{"embeddable":true,"href":"https:\/\/www.hexagonstudio.com.tr\/en\/wp-json\/wp\/v2\/comments?post=16702"}],"version-history":[{"count":15,"href":"https:\/\/www.hexagonstudio.com.tr\/en\/wp-json\/wp\/v2\/pages\/16702\/revisions"}],"predecessor-version":[{"id":19423,"href":"https:\/\/www.hexagonstudio.com.tr\/en\/wp-json\/wp\/v2\/pages\/16702\/revisions\/19423"}],"up":[{"embeddable":true,"href":"https:\/\/www.hexagonstudio.com.tr\/en\/wp-json\/wp\/v2\/pages\/16693"}],"wp:attachment":[{"href":"https:\/\/www.hexagonstudio.com.tr\/en\/wp-json\/wp\/v2\/media?parent=16702"}],"curies":[{"name":"wp","href":"https:\/\/api.w.org\/{rel}","templated":true}]}}