{"id":16831,"date":"2019-01-30T05:36:02","date_gmt":"2019-01-30T02:36:02","guid":{"rendered":"https:\/\/www.hexagonstudio.com.tr\/vehicle-development-2\/"},"modified":"2019-06-01T02:04:01","modified_gmt":"2019-05-31T23:04:01","slug":"commercial-vehicles","status":"publish","type":"page","link":"https:\/\/www.hexagonstudio.com.tr\/en\/projects\/automotive\/commercial-vehicles\/","title":{"rendered":"Commercial Vehicles"},"content":{"rendered":"<div class=\"wpb-content-wrapper\"><p>[vc_row row_type=&#8221;row&#8221; type=&#8221;grid&#8221; text_align=&#8221;left&#8221; padding_top=&#8221;40&#8243; padding_bottom=&#8221;40&#8243; css_animation=&#8221;&#8221;][vc_column][vc_text_separator title=&#8221;Commercial Vehicles&#8221; border=&#8221;no&#8221; el_class=&#8221;referans-sep&#8221;][vc_separator type=&#8221;transparent&#8221; thickness=&#8221;20&#8243;]<div class='projects_holder_outer v3 portfolio_with_space'><div class='projects_holder clearfix v3 standard'>\n<article class='mix commercial-vehicles '><div class='image_holder'><a class='portfolio_link_for_touch' href='https:\/\/www.hexagonstudio.com.tr\/en\/proje\/local12m-passenger-bus-12m-city-bus\/' target='_self'><span class='image'><img decoding=\"async\" width=\"900\" height=\"600\" src=\"https:\/\/www.hexagonstudio.com.tr\/wp-content\/uploads\/2019\/04\/01-9.jpg\" class=\"attachment-full size-full wp-post-image\" alt=\"\" srcset=\"https:\/\/www.hexagonstudio.com.tr\/wp-content\/uploads\/2019\/04\/01-9.jpg 900w, https:\/\/www.hexagonstudio.com.tr\/wp-content\/uploads\/2019\/04\/01-9-300x200.jpg 300w, https:\/\/www.hexagonstudio.com.tr\/wp-content\/uploads\/2019\/04\/01-9-768x512.jpg 768w\" sizes=\"(max-width: 900px) 100vw, 900px\" \/><\/span><\/a><span class='text_holder'><span class='text_outer'><span class='text_inner'><span class='feature_holder'><span class=\"feature_holder_icons\"><a class='preview' href='https:\/\/www.hexagonstudio.com.tr\/en\/proje\/local12m-passenger-bus-12m-city-bus\/'><i class='fa fa-link fa-2x'><\/i><\/a><span class='portfolio_like'><a class=\"qode-like\" id=\"qode-like-19479\" title=\"Like this\"><i class=\"fa fa-heart\"><\/i><span class=\"qode-like-count\">6<\/span><\/a><\/span><\/span><\/span><\/span><\/span><\/span><\/div><div class='portfolio_description'><h5 class=\"portfolio_title\"><a href=\"https:\/\/www.hexagonstudio.com.tr\/en\/proje\/local12m-passenger-bus-12m-city-bus\/\">Local 12m Passenger Bus: 12m City Bus<\/a><\/h5><span class=\"separator\"><\/span><span class=\"project_category\">Commercial Vehicles<\/span><\/div><\/article>\n<article class='mix commercial-vehicles '><div class='image_holder'><a class='portfolio_link_for_touch' href='https:\/\/www.hexagonstudio.com.tr\/en\/proje\/new-generation-6m-public-transport-vehicle-2\/' target='_self'><span class='image'><img decoding=\"async\" width=\"900\" height=\"600\" src=\"https:\/\/www.hexagonstudio.com.tr\/wp-content\/uploads\/2019\/04\/01-7.jpg\" class=\"attachment-full size-full wp-post-image\" alt=\"\" srcset=\"https:\/\/www.hexagonstudio.com.tr\/wp-content\/uploads\/2019\/04\/01-7.jpg 900w, https:\/\/www.hexagonstudio.com.tr\/wp-content\/uploads\/2019\/04\/01-7-300x200.jpg 300w, https:\/\/www.hexagonstudio.com.tr\/wp-content\/uploads\/2019\/04\/01-7-768x512.jpg 768w\" sizes=\"(max-width: 900px) 100vw, 900px\" \/><\/span><\/a><span class='text_holder'><span class='text_outer'><span class='text_inner'><span class='feature_holder'><span class=\"feature_holder_icons\"><a class='preview' href='https:\/\/www.hexagonstudio.com.tr\/en\/proje\/new-generation-6m-public-transport-vehicle-2\/'><i class='fa fa-link fa-2x'><\/i><\/a><span class='portfolio_like'><a class=\"qode-like\" id=\"qode-like-19481\" title=\"Like this\"><i class=\"fa fa-heart\"><\/i><span class=\"qode-like-count\">2<\/span><\/a><\/span><\/span><\/span><\/span><\/span><\/span><\/div><div class='portfolio_description'><h5 class=\"portfolio_title\"><a href=\"https:\/\/www.hexagonstudio.com.tr\/en\/proje\/new-generation-6m-public-transport-vehicle-2\/\">New Generation 6m Public Transport Vehicle<\/a><\/h5><span class=\"separator\"><\/span><span class=\"project_category\">Commercial Vehicles<\/span><\/div><\/article>\n<article class='mix commercial-vehicles '><div class='image_holder'><a class='portfolio_link_for_touch' href='https:\/\/www.hexagonstudio.com.tr\/en\/proje\/8m-city-bus\/' target='_self'><span class='image'><img decoding=\"async\" width=\"900\" height=\"600\" src=\"https:\/\/www.hexagonstudio.com.tr\/wp-content\/uploads\/2019\/04\/01-8.jpg\" class=\"attachment-full size-full wp-post-image\" alt=\"\" srcset=\"https:\/\/www.hexagonstudio.com.tr\/wp-content\/uploads\/2019\/04\/01-8.jpg 900w, https:\/\/www.hexagonstudio.com.tr\/wp-content\/uploads\/2019\/04\/01-8-300x200.jpg 300w, https:\/\/www.hexagonstudio.com.tr\/wp-content\/uploads\/2019\/04\/01-8-768x512.jpg 768w\" sizes=\"(max-width: 900px) 100vw, 900px\" \/><\/span><\/a><span class='text_holder'><span class='text_outer'><span class='text_inner'><span class='feature_holder'><span class=\"feature_holder_icons\"><a class='preview' href='https:\/\/www.hexagonstudio.com.tr\/en\/proje\/8m-city-bus\/'><i class='fa fa-link fa-2x'><\/i><\/a><span class='portfolio_like'><a class=\"qode-like\" id=\"qode-like-19480\" title=\"Like this\"><i class=\"fa fa-heart\"><\/i><span class=\"qode-like-count\">1<\/span><\/a><\/span><\/span><\/span><\/span><\/span><\/span><\/div><div class='portfolio_description'><h5 class=\"portfolio_title\"><a href=\"https:\/\/www.hexagonstudio.com.tr\/en\/proje\/8m-city-bus\/\">8m City Bus<\/a><\/h5><span class=\"separator\"><\/span><span class=\"project_category\">Commercial Vehicles<\/span><\/div><\/article>\n<article class='mix commercial-vehicles '><div class='image_holder'><a class='portfolio_link_for_touch' href='https:\/\/www.hexagonstudio.com.tr\/en\/proje\/8m-inyercity-bus\/' target='_self'><span class='image'><img decoding=\"async\" width=\"900\" height=\"600\" src=\"https:\/\/www.hexagonstudio.com.tr\/wp-content\/uploads\/2019\/05\/01-18.jpg\" class=\"attachment-full size-full wp-post-image\" alt=\"\" srcset=\"https:\/\/www.hexagonstudio.com.tr\/wp-content\/uploads\/2019\/05\/01-18.jpg 900w, https:\/\/www.hexagonstudio.com.tr\/wp-content\/uploads\/2019\/05\/01-18-300x200.jpg 300w, https:\/\/www.hexagonstudio.com.tr\/wp-content\/uploads\/2019\/05\/01-18-768x512.jpg 768w\" sizes=\"(max-width: 900px) 100vw, 900px\" \/><\/span><\/a><span class='text_holder'><span class='text_outer'><span class='text_inner'><span class='feature_holder'><span class=\"feature_holder_icons\"><a class='preview' href='https:\/\/www.hexagonstudio.com.tr\/en\/proje\/8m-inyercity-bus\/'><i class='fa fa-link fa-2x'><\/i><\/a><span class='portfolio_like'><a class=\"qode-like\" id=\"qode-like-19400\" title=\"Like this\"><i class=\"fa fa-heart\"><\/i><span class=\"qode-like-count\">0<\/span><\/a><\/span><\/span><\/span><\/span><\/span><\/span><\/div><div class='portfolio_description'><h5 class=\"portfolio_title\"><a href=\"https:\/\/www.hexagonstudio.com.tr\/en\/proje\/8m-inyercity-bus\/\">8m Intercity Bus<\/a><\/h5><span class=\"separator\"><\/span><span class=\"project_category\">Commercial Vehicles<\/span><\/div><\/article>\n<article class='mix commercial-vehicles '><div class='image_holder'><a class='portfolio_link_for_touch' href='https:\/\/www.hexagonstudio.com.tr\/en\/proje\/18m-articulated-city-bus\/' target='_self'><span class='image'><img decoding=\"async\" width=\"900\" height=\"600\" src=\"https:\/\/www.hexagonstudio.com.tr\/wp-content\/uploads\/2019\/04\/01-10.jpg\" class=\"attachment-full size-full wp-post-image\" alt=\"\" srcset=\"https:\/\/www.hexagonstudio.com.tr\/wp-content\/uploads\/2019\/04\/01-10.jpg 900w, https:\/\/www.hexagonstudio.com.tr\/wp-content\/uploads\/2019\/04\/01-10-300x200.jpg 300w, https:\/\/www.hexagonstudio.com.tr\/wp-content\/uploads\/2019\/04\/01-10-768x512.jpg 768w\" sizes=\"(max-width: 900px) 100vw, 900px\" \/><\/span><\/a><span class='text_holder'><span class='text_outer'><span class='text_inner'><span class='feature_holder'><span class=\"feature_holder_icons\"><a class='preview' href='https:\/\/www.hexagonstudio.com.tr\/en\/proje\/18m-articulated-city-bus\/'><i class='fa fa-link fa-2x'><\/i><\/a><span class='portfolio_like'><a class=\"qode-like\" id=\"qode-like-19478\" title=\"Like this\"><i class=\"fa fa-heart\"><\/i><span class=\"qode-like-count\">0<\/span><\/a><\/span><\/span><\/span><\/span><\/span><\/span><\/div><div class='portfolio_description'><h5 class=\"portfolio_title\"><a href=\"https:\/\/www.hexagonstudio.com.tr\/en\/proje\/18m-articulated-city-bus\/\">18m Articulated City Bus<\/a><\/h5><span class=\"separator\"><\/span><span class=\"project_category\">Commercial Vehicles<\/span><\/div><\/article>\n<article class='mix commercial-vehicles '><div class='image_holder'><a class='portfolio_link_for_touch' href='https:\/\/www.hexagonstudio.com.tr\/en\/proje\/12m-passenger-bus-for-north-american-market-2\/' target='_self'><span class='image'><img decoding=\"async\" width=\"900\" height=\"600\" src=\"https:\/\/www.hexagonstudio.com.tr\/wp-content\/uploads\/2019\/04\/01-11.jpg\" class=\"attachment-full size-full wp-post-image\" alt=\"\" srcset=\"https:\/\/www.hexagonstudio.com.tr\/wp-content\/uploads\/2019\/04\/01-11.jpg 900w, https:\/\/www.hexagonstudio.com.tr\/wp-content\/uploads\/2019\/04\/01-11-300x200.jpg 300w, https:\/\/www.hexagonstudio.com.tr\/wp-content\/uploads\/2019\/04\/01-11-768x512.jpg 768w\" sizes=\"(max-width: 900px) 100vw, 900px\" \/><\/span><\/a><span class='text_holder'><span class='text_outer'><span class='text_inner'><span class='feature_holder'><span class=\"feature_holder_icons\"><a class='preview' href='https:\/\/www.hexagonstudio.com.tr\/en\/proje\/12m-passenger-bus-for-north-american-market-2\/'><i class='fa fa-link fa-2x'><\/i><\/a><span class='portfolio_like'><a class=\"qode-like\" id=\"qode-like-19477\" title=\"Like this\"><i class=\"fa fa-heart\"><\/i><span class=\"qode-like-count\">1<\/span><\/a><\/span><\/span><\/span><\/span><\/span><\/span><\/div><div class='portfolio_description'><h5 class=\"portfolio_title\"><a href=\"https:\/\/www.hexagonstudio.com.tr\/en\/proje\/12m-passenger-bus-for-north-american-market-2\/\">12m City Bus for North American Market<\/a><\/h5><span class=\"separator\"><\/span><span class=\"project_category\">Commercial Vehicles<\/span><\/div><\/article>\n<article class='mix commercial-vehicles '><div class='image_holder'><a class='portfolio_link_for_touch' href='https:\/\/www.hexagonstudio.com.tr\/en\/proje\/public-transport-vehicle\/' target='_self'><span class='image'><img decoding=\"async\" width=\"900\" height=\"600\" src=\"https:\/\/www.hexagonstudio.com.tr\/wp-content\/uploads\/2019\/04\/01-12.jpg\" class=\"attachment-full size-full wp-post-image\" alt=\"\" srcset=\"https:\/\/www.hexagonstudio.com.tr\/wp-content\/uploads\/2019\/04\/01-12.jpg 900w, https:\/\/www.hexagonstudio.com.tr\/wp-content\/uploads\/2019\/04\/01-12-300x200.jpg 300w, https:\/\/www.hexagonstudio.com.tr\/wp-content\/uploads\/2019\/04\/01-12-768x512.jpg 768w\" sizes=\"(max-width: 900px) 100vw, 900px\" \/><\/span><\/a><span class='text_holder'><span class='text_outer'><span class='text_inner'><span class='feature_holder'><span class=\"feature_holder_icons\"><a class='preview' href='https:\/\/www.hexagonstudio.com.tr\/en\/proje\/public-transport-vehicle\/'><i class='fa fa-link fa-2x'><\/i><\/a><span class='portfolio_like'><a class=\"qode-like\" id=\"qode-like-19476\" title=\"Like this\"><i class=\"fa fa-heart\"><\/i><span class=\"qode-like-count\">0<\/span><\/a><\/span><\/span><\/span><\/span><\/span><\/span><\/div><div class='portfolio_description'><h5 class=\"portfolio_title\"><a href=\"https:\/\/www.hexagonstudio.com.tr\/en\/proje\/public-transport-vehicle\/\">Public Transport Vehicle<\/a><\/h5><span class=\"separator\"><\/span><span class=\"project_category\">Commercial Vehicles<\/span><\/div><\/article>\n<article class='mix commercial-vehicles '><div class='image_holder'><a class='portfolio_link_for_touch' href='https:\/\/www.hexagonstudio.com.tr\/en\/proje\/airport-apron-tool\/' target='_self'><span class='image'><img decoding=\"async\" width=\"900\" height=\"600\" src=\"https:\/\/www.hexagonstudio.com.tr\/wp-content\/uploads\/2019\/04\/08.jpg\" class=\"attachment-full size-full wp-post-image\" alt=\"\" srcset=\"https:\/\/www.hexagonstudio.com.tr\/wp-content\/uploads\/2019\/04\/08.jpg 900w, https:\/\/www.hexagonstudio.com.tr\/wp-content\/uploads\/2019\/04\/08-300x200.jpg 300w, https:\/\/www.hexagonstudio.com.tr\/wp-content\/uploads\/2019\/04\/08-768x512.jpg 768w\" sizes=\"(max-width: 900px) 100vw, 900px\" \/><\/span><\/a><span class='text_holder'><span class='text_outer'><span class='text_inner'><span class='feature_holder'><span class=\"feature_holder_icons\"><a class='preview' href='https:\/\/www.hexagonstudio.com.tr\/en\/proje\/airport-apron-tool\/'><i class='fa fa-link fa-2x'><\/i><\/a><span class='portfolio_like'><a class=\"qode-like\" id=\"qode-like-19475\" title=\"Like this\"><i class=\"fa fa-heart\"><\/i><span class=\"qode-like-count\">1<\/span><\/a><\/span><\/span><\/span><\/span><\/span><\/span><\/div><div class='portfolio_description'><h5 class=\"portfolio_title\"><a href=\"https:\/\/www.hexagonstudio.com.tr\/en\/proje\/airport-apron-tool\/\">Airport Apron Vehicle<\/a><\/h5><span class=\"separator\"><\/span><span class=\"project_category\">Commercial Vehicles<\/span><\/div><\/article>\n<article class='mix commercial-vehicles '><div class='image_holder'><a class='portfolio_link_for_touch' href='https:\/\/www.hexagonstudio.com.tr\/en\/proje\/tugra-truck-family\/' target='_self'><span class='image'><img decoding=\"async\" width=\"900\" height=\"600\" src=\"https:\/\/www.hexagonstudio.com.tr\/wp-content\/uploads\/2019\/04\/03-12.jpg\" class=\"attachment-full size-full wp-post-image\" alt=\"\" srcset=\"https:\/\/www.hexagonstudio.com.tr\/wp-content\/uploads\/2019\/04\/03-12.jpg 900w, https:\/\/www.hexagonstudio.com.tr\/wp-content\/uploads\/2019\/04\/03-12-300x200.jpg 300w, https:\/\/www.hexagonstudio.com.tr\/wp-content\/uploads\/2019\/04\/03-12-768x512.jpg 768w\" sizes=\"(max-width: 900px) 100vw, 900px\" \/><\/span><\/a><span class='text_holder'><span class='text_outer'><span class='text_inner'><span class='feature_holder'><span class=\"feature_holder_icons\"><a class='preview' href='https:\/\/www.hexagonstudio.com.tr\/en\/proje\/tugra-truck-family\/'><i class='fa fa-link fa-2x'><\/i><\/a><span class='portfolio_like'><a class=\"qode-like\" id=\"qode-like-19474\" title=\"Like this\"><i class=\"fa fa-heart\"><\/i><span class=\"qode-like-count\">2<\/span><\/a><\/span><\/span><\/span><\/span><\/span><\/span><\/div><div class='portfolio_description'><h5 class=\"portfolio_title\"><a href=\"https:\/\/www.hexagonstudio.com.tr\/en\/proje\/tugra-truck-family\/\">Tugra Truck Family<\/a><\/h5><span class=\"separator\"><\/span><span class=\"project_category\">Commercial Vehicles<\/span><\/div><\/article>\n<div class='filler'><\/div>\n<div class='filler'><\/div>\n<div class='filler'><\/div>\n<\/div><\/div>[\/vc_column][\/vc_row]<\/p>\n<\/div>","protected":false},"excerpt":{"rendered":"<p>[vc_row row_type=&#8221;row&#8221; type=&#8221;grid&#8221; text_align=&#8221;left&#8221; padding_top=&#8221;40&#8243; padding_bottom=&#8221;40&#8243; css_animation=&#8221;&#8221;][vc_column][vc_text_separator title=&#8221;Commercial Vehicles&#8221; border=&#8221;no&#8221; el_class=&#8221;referans-sep&#8221;][vc_separator type=&#8221;transparent&#8221; thickness=&#8221;20&#8243;][\/vc_column][\/vc_row]<\/p>\n","protected":false},"author":1,"featured_media":0,"parent":16828,"menu_order":1,"comment_status":"closed","ping_status":"closed","template":"full_width.php","meta":{"_acf_changed":false,"footnotes":""},"acf":[],"yoast_head":"<!-- This site is optimized with the Yoast SEO plugin v22.1 - https:\/\/yoast.com\/wordpress\/plugins\/seo\/ -->\n<title>Commercial Vehicles - Hexagon Studio<\/title>\n<meta name=\"robots\" content=\"index, follow, max-snippet:-1, max-image-preview:large, max-video-preview:-1\" \/>\n<link rel=\"canonical\" href=\"https:\/\/www.hexagonstudio.com.tr\/en\/projects\/automotive\/commercial-vehicles\/\" \/>\n<meta property=\"og:locale\" content=\"en_US\" \/>\n<meta property=\"og:type\" content=\"article\" \/>\n<meta property=\"og:title\" content=\"Commercial Vehicles - Hexagon Studio\" \/>\n<meta property=\"og:description\" content=\"[vc_row row_type=&#8221;row&#8221; type=&#8221;grid&#8221; text_align=&#8221;left&#8221; padding_top=&#8221;40&#8243; padding_bottom=&#8221;40&#8243; css_animation=&#8221;&#8221;][vc_column][vc_text_separator title=&#8221;Commercial Vehicles&#8221; border=&#8221;no&#8221; el_class=&#8221;referans-sep&#8221;][vc_separator type=&#8221;transparent&#8221; thickness=&#8221;20&#8243;][\/vc_column][\/vc_row]\" \/>\n<meta property=\"og:url\" content=\"https:\/\/www.hexagonstudio.com.tr\/en\/projects\/automotive\/commercial-vehicles\/\" \/>\n<meta property=\"og:site_name\" content=\"Hexagon Studio\" \/>\n<meta property=\"article:publisher\" content=\"https:\/\/www.facebook.com\/hexagonstudio\" \/>\n<meta property=\"article:modified_time\" content=\"2019-05-31T23:04:01+00:00\" \/>\n<meta name=\"twitter:card\" content=\"summary_large_image\" \/>\n<meta name=\"twitter:site\" content=\"@hexagonstudiotr\" \/>\n<!-- \/ Yoast SEO plugin. -->","yoast_head_json":{"title":"Commercial Vehicles - Hexagon Studio","robots":{"index":"index","follow":"follow","max-snippet":"max-snippet:-1","max-image-preview":"max-image-preview:large","max-video-preview":"max-video-preview:-1"},"canonical":"https:\/\/www.hexagonstudio.com.tr\/en\/projects\/automotive\/commercial-vehicles\/","og_locale":"en_US","og_type":"article","og_title":"Commercial Vehicles - Hexagon Studio","og_description":"[vc_row row_type=&#8221;row&#8221; type=&#8221;grid&#8221; text_align=&#8221;left&#8221; padding_top=&#8221;40&#8243; padding_bottom=&#8221;40&#8243; css_animation=&#8221;&#8221;][vc_column][vc_text_separator title=&#8221;Commercial Vehicles&#8221; border=&#8221;no&#8221; el_class=&#8221;referans-sep&#8221;][vc_separator type=&#8221;transparent&#8221; thickness=&#8221;20&#8243;][\/vc_column][\/vc_row]","og_url":"https:\/\/www.hexagonstudio.com.tr\/en\/projects\/automotive\/commercial-vehicles\/","og_site_name":"Hexagon Studio","article_publisher":"https:\/\/www.facebook.com\/hexagonstudio","article_modified_time":"2019-05-31T23:04:01+00:00","twitter_card":"summary_large_image","twitter_site":"@hexagonstudiotr","schema":{"@context":"https:\/\/schema.org","@graph":[{"@type":"WebPage","@id":"https:\/\/www.hexagonstudio.com.tr\/en\/projects\/automotive\/commercial-vehicles\/","url":"https:\/\/www.hexagonstudio.com.tr\/en\/projects\/automotive\/commercial-vehicles\/","name":"Commercial Vehicles - Hexagon Studio","isPartOf":{"@id":"https:\/\/www.hexagonstudio.com.tr\/en\/#website"},"datePublished":"2019-01-30T02:36:02+00:00","dateModified":"2019-05-31T23:04:01+00:00","breadcrumb":{"@id":"https:\/\/www.hexagonstudio.com.tr\/en\/projects\/automotive\/commercial-vehicles\/#breadcrumb"},"inLanguage":"en-US","potentialAction":[{"@type":"ReadAction","target":["https:\/\/www.hexagonstudio.com.tr\/en\/projects\/automotive\/commercial-vehicles\/"]}]},{"@type":"BreadcrumbList","@id":"https:\/\/www.hexagonstudio.com.tr\/en\/projects\/automotive\/commercial-vehicles\/#breadcrumb","itemListElement":[{"@type":"ListItem","position":1,"name":"Ana sayfa","item":"https:\/\/www.hexagonstudio.com.tr\/en\/"},{"@type":"ListItem","position":2,"name":"Projects","item":"https:\/\/www.hexagonstudio.com.tr\/en\/projects\/"},{"@type":"ListItem","position":3,"name":"Automotive","item":"https:\/\/www.hexagonstudio.com.tr\/en\/projects\/automotive\/"},{"@type":"ListItem","position":4,"name":"Commercial Vehicles"}]},{"@type":"WebSite","@id":"https:\/\/www.hexagonstudio.com.tr\/en\/#website","url":"https:\/\/www.hexagonstudio.com.tr\/en\/","name":"Hexagon Studio","description":"\u00d6zg\u00fcn Tasar\u0131m ve M\u00fchendislik \u00c7\u00f6z\u00fcmleri","publisher":{"@id":"https:\/\/www.hexagonstudio.com.tr\/en\/#organization"},"potentialAction":[{"@type":"SearchAction","target":{"@type":"EntryPoint","urlTemplate":"https:\/\/www.hexagonstudio.com.tr\/en\/?s={search_term_string}"},"query-input":"required name=search_term_string"}],"inLanguage":"en-US"},{"@type":"Organization","@id":"https:\/\/www.hexagonstudio.com.tr\/en\/#organization","name":"Hexagon Studio","url":"https:\/\/www.hexagonstudio.com.tr\/en\/","logo":{"@type":"ImageObject","inLanguage":"en-US","@id":"https:\/\/www.hexagonstudio.com.tr\/en\/#\/schema\/logo\/image\/","url":"https:\/\/www.hexagonstudio.com.tr\/wp-content\/uploads\/2019\/01\/logo.png","contentUrl":"https:\/\/www.hexagonstudio.com.tr\/wp-content\/uploads\/2019\/01\/logo.png","width":280,"height":130,"caption":"Hexagon Studio"},"image":{"@id":"https:\/\/www.hexagonstudio.com.tr\/en\/#\/schema\/logo\/image\/"},"sameAs":["https:\/\/www.facebook.com\/hexagonstudio","https:\/\/twitter.com\/hexagonstudiotr","https:\/\/www.instagram.com\/hexagonstudiotr\/","https:\/\/www.linkedin.com\/company\/hexagon-studio"]}]}},"jetpack_sharing_enabled":true,"_links":{"self":[{"href":"https:\/\/www.hexagonstudio.com.tr\/en\/wp-json\/wp\/v2\/pages\/16831"}],"collection":[{"href":"https:\/\/www.hexagonstudio.com.tr\/en\/wp-json\/wp\/v2\/pages"}],"about":[{"href":"https:\/\/www.hexagonstudio.com.tr\/en\/wp-json\/wp\/v2\/types\/page"}],"author":[{"embeddable":true,"href":"https:\/\/www.hexagonstudio.com.tr\/en\/wp-json\/wp\/v2\/users\/1"}],"replies":[{"embeddable":true,"href":"https:\/\/www.hexagonstudio.com.tr\/en\/wp-json\/wp\/v2\/comments?post=16831"}],"version-history":[{"count":5,"href":"https:\/\/www.hexagonstudio.com.tr\/en\/wp-json\/wp\/v2\/pages\/16831\/revisions"}],"predecessor-version":[{"id":20163,"href":"https:\/\/www.hexagonstudio.com.tr\/en\/wp-json\/wp\/v2\/pages\/16831\/revisions\/20163"}],"up":[{"embeddable":true,"href":"https:\/\/www.hexagonstudio.com.tr\/en\/wp-json\/wp\/v2\/pages\/16828"}],"wp:attachment":[{"href":"https:\/\/www.hexagonstudio.com.tr\/en\/wp-json\/wp\/v2\/media?parent=16831"}],"curies":[{"name":"wp","href":"https:\/\/api.w.org\/{rel}","templated":true}]}}