{"id":16833,"date":"2019-01-30T05:36:50","date_gmt":"2019-01-30T02:36:50","guid":{"rendered":"https:\/\/www.hexagonstudio.com.tr\/others\/"},"modified":"2019-05-30T17:49:58","modified_gmt":"2019-05-30T14:49:58","slug":"agricultural-and-contruction-machinery","status":"publish","type":"page","link":"https:\/\/www.hexagonstudio.com.tr\/en\/projects\/others\/agricultural-and-contruction-machinery\/","title":{"rendered":"Agricultural and Contruction Machinery"},"content":{"rendered":"<div class=\"wpb-content-wrapper\"><p>[vc_row row_type=&#8221;row&#8221; type=&#8221;grid&#8221; text_align=&#8221;left&#8221; padding_top=&#8221;40&#8243; padding_bottom=&#8221;40&#8243; css_animation=&#8221;&#8221;][vc_column][vc_text_separator title=&#8221;Agricultural and Contruction Machinery&#8221; border=&#8221;no&#8221; el_class=&#8221;referans-sep&#8221;][vc_separator type=&#8221;transparent&#8221; thickness=&#8221;20&#8243;]<div class='projects_holder_outer v3 portfolio_with_space'><div class='projects_holder clearfix v3 standard'>\n<article class='mix agricultural-and-contruction-machinery '><div class='image_holder'><a class='portfolio_link_for_touch' href='https:\/\/www.hexagonstudio.com.tr\/en\/proje\/farm-and-orchard-tractors\/' target='_self'><span class='image'><img decoding=\"async\" width=\"900\" height=\"600\" src=\"https:\/\/www.hexagonstudio.com.tr\/wp-content\/uploads\/2019\/04\/03-21.jpg\" class=\"attachment-full size-full wp-post-image\" alt=\"\" srcset=\"https:\/\/www.hexagonstudio.com.tr\/wp-content\/uploads\/2019\/04\/03-21.jpg 900w, https:\/\/www.hexagonstudio.com.tr\/wp-content\/uploads\/2019\/04\/03-21-300x200.jpg 300w, https:\/\/www.hexagonstudio.com.tr\/wp-content\/uploads\/2019\/04\/03-21-768x512.jpg 768w\" sizes=\"(max-width: 900px) 100vw, 900px\" \/><\/span><\/a><span class='text_holder'><span class='text_outer'><span class='text_inner'><span class='feature_holder'><span class=\"feature_holder_icons\"><a class='preview' href='https:\/\/www.hexagonstudio.com.tr\/en\/proje\/farm-and-orchard-tractors\/'><i class='fa fa-link fa-2x'><\/i><\/a><span class='portfolio_like'><a class=\"qode-like\" id=\"qode-like-19428\" title=\"Like this\"><i class=\"fa fa-heart\"><\/i><span class=\"qode-like-count\">5<\/span><\/a><\/span><\/span><\/span><\/span><\/span><\/span><\/div><div class='portfolio_description'><h5 class=\"portfolio_title\"><a href=\"https:\/\/www.hexagonstudio.com.tr\/en\/proje\/farm-and-orchard-tractors\/\">Farm and orchard tractors<\/a><\/h5><span class=\"separator\"><\/span><span class=\"project_category\">Agricultural and Contruction Machinery<\/span><\/div><\/article>\n<article class='mix agricultural-and-contruction-machinery '><div class='image_holder'><a class='portfolio_link_for_touch' href='https:\/\/www.hexagonstudio.com.tr\/en\/proje\/mobile-windrow-turner\/' target='_self'><span class='image'><img decoding=\"async\" width=\"900\" height=\"600\" src=\"https:\/\/www.hexagonstudio.com.tr\/wp-content\/uploads\/2019\/04\/03-22.jpg\" class=\"attachment-full size-full wp-post-image\" alt=\"\" srcset=\"https:\/\/www.hexagonstudio.com.tr\/wp-content\/uploads\/2019\/04\/03-22.jpg 900w, https:\/\/www.hexagonstudio.com.tr\/wp-content\/uploads\/2019\/04\/03-22-300x200.jpg 300w, https:\/\/www.hexagonstudio.com.tr\/wp-content\/uploads\/2019\/04\/03-22-768x512.jpg 768w\" sizes=\"(max-width: 900px) 100vw, 900px\" \/><\/span><\/a><span class='text_holder'><span class='text_outer'><span class='text_inner'><span class='feature_holder'><span class=\"feature_holder_icons\"><a class='preview' href='https:\/\/www.hexagonstudio.com.tr\/en\/proje\/mobile-windrow-turner\/'><i class='fa fa-link fa-2x'><\/i><\/a><span class='portfolio_like'><a class=\"qode-like\" id=\"qode-like-19427\" title=\"Like this\"><i class=\"fa fa-heart\"><\/i><span class=\"qode-like-count\">1<\/span><\/a><\/span><\/span><\/span><\/span><\/span><\/span><\/div><div class='portfolio_description'><h5 class=\"portfolio_title\"><a href=\"https:\/\/www.hexagonstudio.com.tr\/en\/proje\/mobile-windrow-turner\/\">Mobile Windrow Turner<\/a><\/h5><span class=\"separator\"><\/span><span class=\"project_category\">Agricultural and Contruction Machinery<\/span><\/div><\/article>\n<div class='filler'><\/div>\n<div class='filler'><\/div>\n<div class='filler'><\/div>\n<\/div><\/div>[\/vc_column][\/vc_row]<\/p>\n<\/div>","protected":false},"excerpt":{"rendered":"<p>[vc_row row_type=&#8221;row&#8221; type=&#8221;grid&#8221; text_align=&#8221;left&#8221; padding_top=&#8221;40&#8243; padding_bottom=&#8221;40&#8243; css_animation=&#8221;&#8221;][vc_column][vc_text_separator title=&#8221;Agricultural and Contruction Machinery&#8221; border=&#8221;no&#8221; el_class=&#8221;referans-sep&#8221;][vc_separator type=&#8221;transparent&#8221; thickness=&#8221;20&#8243;][\/vc_column][\/vc_row]<\/p>\n","protected":false},"author":1,"featured_media":0,"parent":19220,"menu_order":1,"comment_status":"closed","ping_status":"closed","template":"full_width.php","meta":{"_acf_changed":false,"footnotes":""},"acf":[],"yoast_head":"<!-- This site is optimized with the Yoast SEO plugin v22.1 - https:\/\/yoast.com\/wordpress\/plugins\/seo\/ -->\n<title>Agricultural and Contruction Machinery - Hexagon Studio<\/title>\n<meta name=\"robots\" content=\"index, follow, max-snippet:-1, max-image-preview:large, max-video-preview:-1\" \/>\n<link rel=\"canonical\" href=\"https:\/\/www.hexagonstudio.com.tr\/en\/projects\/others\/agricultural-and-contruction-machinery\/\" \/>\n<meta property=\"og:locale\" content=\"en_US\" \/>\n<meta property=\"og:type\" content=\"article\" \/>\n<meta property=\"og:title\" content=\"Agricultural and Contruction Machinery - Hexagon Studio\" \/>\n<meta property=\"og:description\" content=\"[vc_row row_type=&#8221;row&#8221; type=&#8221;grid&#8221; text_align=&#8221;left&#8221; padding_top=&#8221;40&#8243; padding_bottom=&#8221;40&#8243; css_animation=&#8221;&#8221;][vc_column][vc_text_separator title=&#8221;Agricultural and Contruction Machinery&#8221; border=&#8221;no&#8221; el_class=&#8221;referans-sep&#8221;][vc_separator type=&#8221;transparent&#8221; thickness=&#8221;20&#8243;][\/vc_column][\/vc_row]\" \/>\n<meta property=\"og:url\" content=\"https:\/\/www.hexagonstudio.com.tr\/en\/projects\/others\/agricultural-and-contruction-machinery\/\" \/>\n<meta property=\"og:site_name\" content=\"Hexagon Studio\" \/>\n<meta property=\"article:publisher\" content=\"https:\/\/www.facebook.com\/hexagonstudio\" \/>\n<meta property=\"article:modified_time\" content=\"2019-05-30T14:49:58+00:00\" \/>\n<meta name=\"twitter:card\" content=\"summary_large_image\" \/>\n<meta name=\"twitter:site\" content=\"@hexagonstudiotr\" \/>\n<!-- \/ Yoast SEO plugin. -->","yoast_head_json":{"title":"Agricultural and Contruction Machinery - Hexagon Studio","robots":{"index":"index","follow":"follow","max-snippet":"max-snippet:-1","max-image-preview":"max-image-preview:large","max-video-preview":"max-video-preview:-1"},"canonical":"https:\/\/www.hexagonstudio.com.tr\/en\/projects\/others\/agricultural-and-contruction-machinery\/","og_locale":"en_US","og_type":"article","og_title":"Agricultural and Contruction Machinery - Hexagon Studio","og_description":"[vc_row row_type=&#8221;row&#8221; type=&#8221;grid&#8221; text_align=&#8221;left&#8221; padding_top=&#8221;40&#8243; padding_bottom=&#8221;40&#8243; css_animation=&#8221;&#8221;][vc_column][vc_text_separator title=&#8221;Agricultural and Contruction Machinery&#8221; border=&#8221;no&#8221; el_class=&#8221;referans-sep&#8221;][vc_separator type=&#8221;transparent&#8221; thickness=&#8221;20&#8243;][\/vc_column][\/vc_row]","og_url":"https:\/\/www.hexagonstudio.com.tr\/en\/projects\/others\/agricultural-and-contruction-machinery\/","og_site_name":"Hexagon Studio","article_publisher":"https:\/\/www.facebook.com\/hexagonstudio","article_modified_time":"2019-05-30T14:49:58+00:00","twitter_card":"summary_large_image","twitter_site":"@hexagonstudiotr","schema":{"@context":"https:\/\/schema.org","@graph":[{"@type":"WebPage","@id":"https:\/\/www.hexagonstudio.com.tr\/en\/projects\/others\/agricultural-and-contruction-machinery\/","url":"https:\/\/www.hexagonstudio.com.tr\/en\/projects\/others\/agricultural-and-contruction-machinery\/","name":"Agricultural and Contruction Machinery - Hexagon Studio","isPartOf":{"@id":"https:\/\/www.hexagonstudio.com.tr\/en\/#website"},"datePublished":"2019-01-30T02:36:50+00:00","dateModified":"2019-05-30T14:49:58+00:00","breadcrumb":{"@id":"https:\/\/www.hexagonstudio.com.tr\/en\/projects\/others\/agricultural-and-contruction-machinery\/#breadcrumb"},"inLanguage":"en-US","potentialAction":[{"@type":"ReadAction","target":["https:\/\/www.hexagonstudio.com.tr\/en\/projects\/others\/agricultural-and-contruction-machinery\/"]}]},{"@type":"BreadcrumbList","@id":"https:\/\/www.hexagonstudio.com.tr\/en\/projects\/others\/agricultural-and-contruction-machinery\/#breadcrumb","itemListElement":[{"@type":"ListItem","position":1,"name":"Ana sayfa","item":"https:\/\/www.hexagonstudio.com.tr\/en\/"},{"@type":"ListItem","position":2,"name":"Projects","item":"https:\/\/www.hexagonstudio.com.tr\/en\/projects\/"},{"@type":"ListItem","position":3,"name":"Others","item":"https:\/\/www.hexagonstudio.com.tr\/en\/projects\/others\/"},{"@type":"ListItem","position":4,"name":"Agricultural and Contruction Machinery"}]},{"@type":"WebSite","@id":"https:\/\/www.hexagonstudio.com.tr\/en\/#website","url":"https:\/\/www.hexagonstudio.com.tr\/en\/","name":"Hexagon Studio","description":"\u00d6zg\u00fcn Tasar\u0131m ve M\u00fchendislik \u00c7\u00f6z\u00fcmleri","publisher":{"@id":"https:\/\/www.hexagonstudio.com.tr\/en\/#organization"},"potentialAction":[{"@type":"SearchAction","target":{"@type":"EntryPoint","urlTemplate":"https:\/\/www.hexagonstudio.com.tr\/en\/?s={search_term_string}"},"query-input":"required name=search_term_string"}],"inLanguage":"en-US"},{"@type":"Organization","@id":"https:\/\/www.hexagonstudio.com.tr\/en\/#organization","name":"Hexagon Studio","url":"https:\/\/www.hexagonstudio.com.tr\/en\/","logo":{"@type":"ImageObject","inLanguage":"en-US","@id":"https:\/\/www.hexagonstudio.com.tr\/en\/#\/schema\/logo\/image\/","url":"https:\/\/www.hexagonstudio.com.tr\/wp-content\/uploads\/2019\/01\/logo.png","contentUrl":"https:\/\/www.hexagonstudio.com.tr\/wp-content\/uploads\/2019\/01\/logo.png","width":280,"height":130,"caption":"Hexagon Studio"},"image":{"@id":"https:\/\/www.hexagonstudio.com.tr\/en\/#\/schema\/logo\/image\/"},"sameAs":["https:\/\/www.facebook.com\/hexagonstudio","https:\/\/twitter.com\/hexagonstudiotr","https:\/\/www.instagram.com\/hexagonstudiotr\/","https:\/\/www.linkedin.com\/company\/hexagon-studio"]}]}},"jetpack_sharing_enabled":true,"_links":{"self":[{"href":"https:\/\/www.hexagonstudio.com.tr\/en\/wp-json\/wp\/v2\/pages\/16833"}],"collection":[{"href":"https:\/\/www.hexagonstudio.com.tr\/en\/wp-json\/wp\/v2\/pages"}],"about":[{"href":"https:\/\/www.hexagonstudio.com.tr\/en\/wp-json\/wp\/v2\/types\/page"}],"author":[{"embeddable":true,"href":"https:\/\/www.hexagonstudio.com.tr\/en\/wp-json\/wp\/v2\/users\/1"}],"replies":[{"embeddable":true,"href":"https:\/\/www.hexagonstudio.com.tr\/en\/wp-json\/wp\/v2\/comments?post=16833"}],"version-history":[{"count":4,"href":"https:\/\/www.hexagonstudio.com.tr\/en\/wp-json\/wp\/v2\/pages\/16833\/revisions"}],"predecessor-version":[{"id":19791,"href":"https:\/\/www.hexagonstudio.com.tr\/en\/wp-json\/wp\/v2\/pages\/16833\/revisions\/19791"}],"up":[{"embeddable":true,"href":"https:\/\/www.hexagonstudio.com.tr\/en\/wp-json\/wp\/v2\/pages\/19220"}],"wp:attachment":[{"href":"https:\/\/www.hexagonstudio.com.tr\/en\/wp-json\/wp\/v2\/media?parent=16833"}],"curies":[{"name":"wp","href":"https:\/\/api.w.org\/{rel}","templated":true}]}}