{"id":18490,"date":"2019-04-30T12:01:29","date_gmt":"2019-04-30T09:01:29","guid":{"rendered":"https:\/\/www.hexagonstudio.com.tr\/?page_id=18490"},"modified":"2019-05-31T08:54:33","modified_gmt":"2019-05-31T05:54:33","slug":"vehicle-integration","status":"publish","type":"page","link":"https:\/\/www.hexagonstudio.com.tr\/en\/vehicle-development\/vehicle-engineering\/vehicle-integration\/","title":{"rendered":"Vehicle Integration"},"content":{"rendered":"<div class=\"wpb-content-wrapper\"><p>[vc_row row_type=&#8221;row&#8221; type=&#8221;grid&#8221; anchor=&#8221;arac-entegrasyon&#8221; in_content_menu=&#8221;in_content_menu&#8221; content_menu_title=&#8221;Ara\u00e7 Entegrasyon&#8221; content_menu_icon=&#8221;&#8221; text_align=&#8221;left&#8221; padding_top=&#8221;40&#8243; padding_bottom=&#8221;20&#8243; css_animation=&#8221;&#8221;][vc_column][vc_column_text]<\/p>\n<h2><strong>Vehicle Integration<\/strong><\/h2>\n<p>[\/vc_column_text][vc_separator type=&#8221;transparent&#8221; thickness=&#8221;10&#8243;][vc_row_inner row_type=&#8221;row&#8221; type=&#8221;grid&#8221; text_align=&#8221;left&#8221; css_animation=&#8221;&#8221;][vc_column_inner width=&#8221;1\/2&#8243;][vc_column_text]We contribute to the design and development of a competitive product with the following studies throughout the project.<\/p>\n<ul>\n<li>Benchmark Studies<\/li>\n<li>Drive Team Subjective Vehicle Evaluation<\/li>\n<li>Real World Testing Activities (Including Driver Assistance Systems and Extreme Weather Conditions)<\/li>\n<li>Prototype Production Management and Vehicle Sign-off (PDI, Pre-Delivery Inspection)<\/li>\n<li>Weight Management<\/li>\n<\/ul>\n<p>[\/vc_column_text][\/vc_column_inner][vc_column_inner width=&#8221;1\/2&#8243;][vc_gallery type=&#8221;nivo&#8221; interval=&#8221;3&#8243; images=&#8221;13249,13253,18818,18820&#8243; img_size=&#8221;large&#8221;][\/vc_column_inner][\/vc_row_inner][\/vc_column][\/vc_row][vc_row row_type=&#8221;row&#8221; type=&#8221;grid&#8221; text_align=&#8221;left&#8221; background_color=&#8221;#ffffff&#8221; padding_top=&#8221;20&#8243; padding_bottom=&#8221;40&#8243; css_animation=&#8221;&#8221; title=&#8221;Teknik Dok\u00fcmanlar&#8221; new_title=&#8221;Teknik Dok\u00fcmanlar&#8221; text_color=&#8221;&#8221; text_hovercolor=&#8221;&#8221; bghovercolor=&#8221;#ffffff&#8221; title_active=&#8221;&#8221; title_active_bg=&#8221;#ffffff&#8221; cnt_bg_color=&#8221;#ffffff&#8221; btn1_icon_setting=&#8221;&#8221; new_icon=&#8221;Defaults-caret-up&#8221; new_icon_img=&#8221;&#8221; icon_align=&#8221;left&#8221; icon_hover_color=&#8221;&#8221; icon_active_color=&#8221;&#8221; icon_color_hoverbg=&#8221;&#8221; icon_active_color_bg=&#8221;&#8221; icon_color_hoverborder=&#8221;&#8221; icon_color_activeborder=&#8221;&#8221; exp_effect=&#8221;&#8221; extra_class=&#8221;&#8221; map_override=&#8221;0&#8243; section_width=&#8221;&#8221; title-setting=&#8221;&#8221; title_alignment=&#8221;left&#8221; icn-setting=&#8221;&#8221; title_margin=&#8221;&#8221; title_padding=&#8221;&#8221; desc_margin=&#8221;&#8221; desc_padding=&#8221;&#8221; icon_margin=&#8221;&#8221; font_family=&#8221;&#8221; heading_style=&#8221;&#8221; title_font_size=&#8221;&#8221; title_line_ht=&#8221;&#8221;][vc_column]<div class=\"ult_exp_section_layer ult-adjust-bottom-margin  \" >\n\t\t<div id=\"uvc-exp-wrap-7143\" role=\"button\" tabindex=\"0\" aria-pressed=\"false\"  data-ultimate-target='#uvc-exp-wrap-7143'  data-responsive-json-new='{\"font-size\":\"desktop:20px;\",\"line-height\":\"desktop:20px;\"}'  class=\"ult_exp_section  ult-responsive \" style=\"color:#333333;background-color:#ffffff; font-weight:normal;  text-align:left;\" data-textcolor=\"#333333\"data-texthover=\"#333333\"data-icncolor=\"#333333\"data-ihover=\"#333333\"data-height=\"0\"data-cntbg=\"#ffffff\"data-cnthvrbg=\"#ffffff\"data-headerbg=\"#ffffff\"data-headerhover=\"#ffffff\"data-title=\"Academic Publications\"data-newtitle=\"Academic Publications\"data-icon=\"Defaults-caret-down\"data-newicon=\"Defaults-caret-up\"data-activeicon=\"#333333\"data-effect=\"slideToggle\"data-override=\"0\"data-activetitle=\"#333333\"data-activebg=\"#ffffff\"data-img=\"\"data-newimg=\"\"><div class=\"ult_exp_section-main ult_expleft_icon\">\t<div class=\"ult-just-icon-wrapper ult_exp_icon\">\n\t\t\t\t\t<div class=\"align-icon \">\n\t\t\t\t\t\t\n<span class=\"aio-icon  none  ult_expsection_icon \"  style=\"color:#333333;font-size:24px;\">\n\t<i class=\"Defaults-caret-down ult_ex_icon\"  ><\/i>\n<\/span>\n\t\t\t\t\t<\/div>\n\t\t\t\t<\/div>\n\t\t\t\t<div class=\"ult_expheader\" >Academic Publications\n\t\t\t\t<\/div>\n\t\t\t<\/div>\n\t\t<\/div><div class=\"ult_exp_content \" style=\"background-color:#ffffff;  \"><div class=\"ult_ecpsub_cont\" style=\" \" >[vc_column_text]<a href=\"https:\/\/www.hexagonstudio.com.tr\/wp-content\/uploads\/2019\/03\/the_underhood_thermal_management_and_cooling_drag_effects_of_an_active_grill_shutter_prototype_for_light_duty_vehicle_und.pdf\" target=\"_blank\" rel=\"noopener noreferrer\"><strong>The Underhood Thermal Management and Cooling Drag Effects Of An Active Grill Shutter Prototype For Light Duty Vehicle Under Simulated and Real Test Environments<\/strong><\/a><br \/>\nUniversity of Bordeaux, France 2014 , K.ERDO\u011eAN, U CIRIK, A. ERGEN\u00c7, A.ALTINER<\/p>\n<p><a href=\"https:\/\/www.hexagonstudio.com.tr\/wp-content\/uploads\/2019\/03\/exhaust_mount_placement_optimisation_with_comparable_methods.pdf\" target=\"_blank\" rel=\"noopener noreferrer\"><strong>Exhaust Mount Placement Optimisation With Comparable Methods<\/strong><\/a><br \/>\n23rd International Congress on Sound &amp; Vibration\u2019a (ICSV23), Yunanistan 2016 , A. B\u00d6TKE, D.YAZGA\u00c7[\/vc_column_text]<\/div><\/div>\n\n\t\t\t<\/div>[\/vc_column][\/vc_row]<\/p>\n<\/div>","protected":false},"excerpt":{"rendered":"<p>[vc_row row_type=&#8221;row&#8221; type=&#8221;grid&#8221; anchor=&#8221;arac-entegrasyon&#8221; in_content_menu=&#8221;in_content_menu&#8221; content_menu_title=&#8221;Ara\u00e7 Entegrasyon&#8221; content_menu_icon=&#8221;&#8221; text_align=&#8221;left&#8221; padding_top=&#8221;40&#8243; padding_bottom=&#8221;20&#8243; css_animation=&#8221;&#8221;][vc_column][vc_column_text] Vehicle Integration [\/vc_column_text][vc_separator type=&#8221;transparent&#8221; thickness=&#8221;10&#8243;][vc_row_inner row_type=&#8221;row&#8221; type=&#8221;grid&#8221; text_align=&#8221;left&#8221; css_animation=&#8221;&#8221;][vc_column_inner width=&#8221;1\/2&#8243;][vc_column_text]We contribute to the design and development of a competitive product with the following studies throughout the project. Benchmark Studies Drive Team Subjective Vehicle&#8230;<\/p>\n","protected":false},"author":2,"featured_media":0,"parent":16687,"menu_order":3,"comment_status":"closed","ping_status":"closed","template":"full_width.php","meta":{"_acf_changed":false,"footnotes":""},"acf":[],"yoast_head":"<!-- This site is optimized with the Yoast SEO plugin v22.1 - https:\/\/yoast.com\/wordpress\/plugins\/seo\/ -->\n<title>Vehicle Integration - Hexagon Studio<\/title>\n<meta name=\"robots\" content=\"index, follow, max-snippet:-1, max-image-preview:large, max-video-preview:-1\" \/>\n<link rel=\"canonical\" href=\"https:\/\/www.hexagonstudio.com.tr\/en\/vehicle-development\/vehicle-engineering\/vehicle-integration\/\" \/>\n<meta property=\"og:locale\" content=\"en_US\" \/>\n<meta property=\"og:type\" content=\"article\" \/>\n<meta property=\"og:title\" content=\"Vehicle Integration - Hexagon Studio\" \/>\n<meta property=\"og:description\" content=\"[vc_row row_type=&#8221;row&#8221; type=&#8221;grid&#8221; anchor=&#8221;arac-entegrasyon&#8221; in_content_menu=&#8221;in_content_menu&#8221; content_menu_title=&#8221;Ara\u00e7 Entegrasyon&#8221; content_menu_icon=&#8221;&#8221; text_align=&#8221;left&#8221; padding_top=&#8221;40&#8243; padding_bottom=&#8221;20&#8243; css_animation=&#8221;&#8221;][vc_column][vc_column_text] Vehicle Integration [\/vc_column_text][vc_separator type=&#8221;transparent&#8221; thickness=&#8221;10&#8243;][vc_row_inner row_type=&#8221;row&#8221; type=&#8221;grid&#8221; text_align=&#8221;left&#8221; css_animation=&#8221;&#8221;][vc_column_inner width=&#8221;1\/2&#8243;][vc_column_text]We contribute to the design and development of a competitive product with the following studies throughout the project. Benchmark Studies Drive Team Subjective Vehicle...\" \/>\n<meta property=\"og:url\" content=\"https:\/\/www.hexagonstudio.com.tr\/en\/vehicle-development\/vehicle-engineering\/vehicle-integration\/\" \/>\n<meta property=\"og:site_name\" content=\"Hexagon Studio\" \/>\n<meta property=\"article:publisher\" content=\"https:\/\/www.facebook.com\/hexagonstudio\" \/>\n<meta property=\"article:modified_time\" content=\"2019-05-31T05:54:33+00:00\" \/>\n<meta name=\"twitter:card\" content=\"summary_large_image\" \/>\n<meta name=\"twitter:site\" content=\"@hexagonstudiotr\" \/>\n<meta name=\"twitter:label1\" content=\"Est. reading time\" \/>\n\t<meta name=\"twitter:data1\" content=\"2 minutes\" \/>\n<!-- \/ Yoast SEO plugin. -->","yoast_head_json":{"title":"Vehicle Integration - Hexagon Studio","robots":{"index":"index","follow":"follow","max-snippet":"max-snippet:-1","max-image-preview":"max-image-preview:large","max-video-preview":"max-video-preview:-1"},"canonical":"https:\/\/www.hexagonstudio.com.tr\/en\/vehicle-development\/vehicle-engineering\/vehicle-integration\/","og_locale":"en_US","og_type":"article","og_title":"Vehicle Integration - Hexagon Studio","og_description":"[vc_row row_type=&#8221;row&#8221; type=&#8221;grid&#8221; anchor=&#8221;arac-entegrasyon&#8221; in_content_menu=&#8221;in_content_menu&#8221; content_menu_title=&#8221;Ara\u00e7 Entegrasyon&#8221; content_menu_icon=&#8221;&#8221; text_align=&#8221;left&#8221; padding_top=&#8221;40&#8243; padding_bottom=&#8221;20&#8243; css_animation=&#8221;&#8221;][vc_column][vc_column_text] Vehicle Integration [\/vc_column_text][vc_separator type=&#8221;transparent&#8221; thickness=&#8221;10&#8243;][vc_row_inner row_type=&#8221;row&#8221; type=&#8221;grid&#8221; text_align=&#8221;left&#8221; css_animation=&#8221;&#8221;][vc_column_inner width=&#8221;1\/2&#8243;][vc_column_text]We contribute to the design and development of a competitive product with the following studies throughout the project. Benchmark Studies Drive Team Subjective Vehicle...","og_url":"https:\/\/www.hexagonstudio.com.tr\/en\/vehicle-development\/vehicle-engineering\/vehicle-integration\/","og_site_name":"Hexagon Studio","article_publisher":"https:\/\/www.facebook.com\/hexagonstudio","article_modified_time":"2019-05-31T05:54:33+00:00","twitter_card":"summary_large_image","twitter_site":"@hexagonstudiotr","twitter_misc":{"Est. reading time":"2 minutes"},"schema":{"@context":"https:\/\/schema.org","@graph":[{"@type":"WebPage","@id":"https:\/\/www.hexagonstudio.com.tr\/en\/vehicle-development\/vehicle-engineering\/vehicle-integration\/","url":"https:\/\/www.hexagonstudio.com.tr\/en\/vehicle-development\/vehicle-engineering\/vehicle-integration\/","name":"Vehicle Integration - Hexagon Studio","isPartOf":{"@id":"https:\/\/www.hexagonstudio.com.tr\/en\/#website"},"datePublished":"2019-04-30T09:01:29+00:00","dateModified":"2019-05-31T05:54:33+00:00","breadcrumb":{"@id":"https:\/\/www.hexagonstudio.com.tr\/en\/vehicle-development\/vehicle-engineering\/vehicle-integration\/#breadcrumb"},"inLanguage":"en-US","potentialAction":[{"@type":"ReadAction","target":["https:\/\/www.hexagonstudio.com.tr\/en\/vehicle-development\/vehicle-engineering\/vehicle-integration\/"]}]},{"@type":"BreadcrumbList","@id":"https:\/\/www.hexagonstudio.com.tr\/en\/vehicle-development\/vehicle-engineering\/vehicle-integration\/#breadcrumb","itemListElement":[{"@type":"ListItem","position":1,"name":"Ana sayfa","item":"https:\/\/www.hexagonstudio.com.tr\/en\/"},{"@type":"ListItem","position":2,"name":"Vehicle Development","item":"https:\/\/www.hexagonstudio.com.tr\/en\/vehicle-development\/"},{"@type":"ListItem","position":3,"name":"Vehicle Engineering","item":"https:\/\/www.hexagonstudio.com.tr\/en\/vehicle-development\/vehicle-engineering\/"},{"@type":"ListItem","position":4,"name":"Vehicle Integration"}]},{"@type":"WebSite","@id":"https:\/\/www.hexagonstudio.com.tr\/en\/#website","url":"https:\/\/www.hexagonstudio.com.tr\/en\/","name":"Hexagon Studio","description":"\u00d6zg\u00fcn Tasar\u0131m ve M\u00fchendislik \u00c7\u00f6z\u00fcmleri","publisher":{"@id":"https:\/\/www.hexagonstudio.com.tr\/en\/#organization"},"potentialAction":[{"@type":"SearchAction","target":{"@type":"EntryPoint","urlTemplate":"https:\/\/www.hexagonstudio.com.tr\/en\/?s={search_term_string}"},"query-input":"required name=search_term_string"}],"inLanguage":"en-US"},{"@type":"Organization","@id":"https:\/\/www.hexagonstudio.com.tr\/en\/#organization","name":"Hexagon Studio","url":"https:\/\/www.hexagonstudio.com.tr\/en\/","logo":{"@type":"ImageObject","inLanguage":"en-US","@id":"https:\/\/www.hexagonstudio.com.tr\/en\/#\/schema\/logo\/image\/","url":"https:\/\/www.hexagonstudio.com.tr\/wp-content\/uploads\/2019\/01\/logo.png","contentUrl":"https:\/\/www.hexagonstudio.com.tr\/wp-content\/uploads\/2019\/01\/logo.png","width":280,"height":130,"caption":"Hexagon Studio"},"image":{"@id":"https:\/\/www.hexagonstudio.com.tr\/en\/#\/schema\/logo\/image\/"},"sameAs":["https:\/\/www.facebook.com\/hexagonstudio","https:\/\/twitter.com\/hexagonstudiotr","https:\/\/www.instagram.com\/hexagonstudiotr\/","https:\/\/www.linkedin.com\/company\/hexagon-studio"]}]}},"jetpack_sharing_enabled":true,"_links":{"self":[{"href":"https:\/\/www.hexagonstudio.com.tr\/en\/wp-json\/wp\/v2\/pages\/18490"}],"collection":[{"href":"https:\/\/www.hexagonstudio.com.tr\/en\/wp-json\/wp\/v2\/pages"}],"about":[{"href":"https:\/\/www.hexagonstudio.com.tr\/en\/wp-json\/wp\/v2\/types\/page"}],"author":[{"embeddable":true,"href":"https:\/\/www.hexagonstudio.com.tr\/en\/wp-json\/wp\/v2\/users\/2"}],"replies":[{"embeddable":true,"href":"https:\/\/www.hexagonstudio.com.tr\/en\/wp-json\/wp\/v2\/comments?post=18490"}],"version-history":[{"count":11,"href":"https:\/\/www.hexagonstudio.com.tr\/en\/wp-json\/wp\/v2\/pages\/18490\/revisions"}],"predecessor-version":[{"id":19830,"href":"https:\/\/www.hexagonstudio.com.tr\/en\/wp-json\/wp\/v2\/pages\/18490\/revisions\/19830"}],"up":[{"embeddable":true,"href":"https:\/\/www.hexagonstudio.com.tr\/en\/wp-json\/wp\/v2\/pages\/16687"}],"wp:attachment":[{"href":"https:\/\/www.hexagonstudio.com.tr\/en\/wp-json\/wp\/v2\/media?parent=18490"}],"curies":[{"name":"wp","href":"https:\/\/api.w.org\/{rel}","templated":true}]}}