{"id":18772,"date":"2019-01-30T05:40:33","date_gmt":"2019-01-30T02:40:33","guid":{"rendered":"https:\/\/www.hexagonstudio.com.tr\/design-thinking\/"},"modified":"2019-05-31T22:10:15","modified_gmt":"2019-05-31T19:10:15","slug":"design-thinking","status":"publish","type":"page","link":"https:\/\/www.hexagonstudio.com.tr\/en\/other-services\/training\/design-thinking\/","title":{"rendered":"Design Thinking"},"content":{"rendered":"<div class=\"wpb-content-wrapper\"><p>[vc_row row_type=&#8221;row&#8221; type=&#8221;full_width&#8221; text_align=&#8221;left&#8221; css_animation=&#8221;&#8221;][vc_column][vc_single_image image=&#8221;19926&#8243; img_size=&#8221;full&#8221; alignment=&#8221;center&#8221; qode_css_animation=&#8221;&#8221;][\/vc_column][\/vc_row][vc_row row_type=&#8221;row&#8221; type=&#8221;grid&#8221; text_align=&#8221;left&#8221; padding_top=&#8221;40&#8243; padding_bottom=&#8221;40&#8243; css_animation=&#8221;&#8221; bg_type=&#8221;image&#8221; parallax_style=&#8221;vcpb-default&#8221; bg_image_new=&#8221;id^15220|url^https:\/\/www.hexagonstudio.com.tr\/wp-content\/uploads\/2019\/03\/egitim_bg.jpg|caption^null|alt^null|title^egitim_bg|description^null&#8221; bg_image_size=&#8221;initial&#8221;][vc_column width=&#8221;1\/4&#8243;][\/vc_column][vc_column width=&#8221;1\/4&#8243;]<div id=\"ultimate-heading-514869e4e1482de26\" class=\"uvc-heading ult-adjust-bottom-margin ultimate-heading-514869e4e1482de26 uvc-6392 \" data-hspacer=\"no_spacer\"  data-halign=\"right\" style=\"text-align:right\"><div class=\"uvc-heading-spacer no_spacer\" style=\"top\"><\/div><div class=\"uvc-main-heading ult-responsive\"  data-ultimate-target='.uvc-heading.ultimate-heading-514869e4e1482de26 p'  data-responsive-json-new='{\"font-size\":\"desktop:18px;\",\"line-height\":\"desktop:26px;\"}' ><p style=\"font-weight:normal;margin-top:15px;\">If you are wondering how innovative ideas for the creative products, services and experiences you see around and appreciate are created, you should learn game-changing methodology: Design Thinking<\/p><\/div><\/div>[\/vc_column][vc_column width=&#8221;1\/4&#8243;]<div id=\"ultimate-heading-982169e4e1482def6\" class=\"uvc-heading ult-adjust-bottom-margin ultimate-heading-982169e4e1482def6 uvc-1698 \" data-hspacer=\"line_only\"  data-halign=\"left\" style=\"text-align:left\"><div class=\"uvc-main-heading ult-responsive\"  data-ultimate-target='.uvc-heading.ultimate-heading-982169e4e1482def6 h2'  data-responsive-json-new='{\"font-size\":\"desktop:66px;mobile_landscape:36px;mobile:36px;\",\"line-height\":\"\"}' ><h2 style=\"font-weight:normal;\">Design Thinking<\/h2><\/div><div class=\"uvc-heading-spacer line_only\" style=\"topheight:4px;\"><span class=\"uvc-headings-line\" style=\"border-style:solid;border-bottom-width:4px;border-color:#e3261c;width:50px;\"><\/span><\/div><\/div>[\/vc_column][vc_column width=&#8221;1\/4&#8243;][\/vc_column][\/vc_row][vc_row row_type=&#8221;row&#8221; type=&#8221;grid&#8221; text_align=&#8221;left&#8221; padding_top=&#8221;40&#8243; padding_bottom=&#8221;40&#8243; css_animation=&#8221;&#8221; bg_type=&#8221;image&#8221; parallax_style=&#8221;vcpb-default&#8221; bg_image_new=&#8221;id^15220|url^https:\/\/www.hexagonstudio.com.tr\/wp-content\/uploads\/2019\/03\/egitim_bg.jpg|caption^null|alt^null|title^egitim_bg|description^null&#8221; bg_image_size=&#8221;initial&#8221;][vc_column width=&#8221;3\/5&#8243;]<div id=\"ultimate-heading-790269e4e1482df5e\" class=\"uvc-heading ult-adjust-bottom-margin ultimate-heading-790269e4e1482df5e uvc-9701 \" data-hspacer=\"line_only\"  data-halign=\"right\" style=\"text-align:right\"><div class=\"uvc-main-heading ult-responsive\"  data-ultimate-target='.uvc-heading.ultimate-heading-790269e4e1482df5e h2'  data-responsive-json-new='{\"font-size\":\"desktop:36px;mobile_landscape:20px;mobile:20px;\",\"line-height\":\"\"}' ><h2 style=\"font-weight:normal;\">DESCRIPTION OF CONCEPTS<\/h2><\/div><div class=\"uvc-heading-spacer line_only\" style=\"margin-bottom:20px;height:4px;\"><span class=\"uvc-headings-line\" style=\"border-style:solid;border-bottom-width:4px;border-color:#e3261c;width:50px;\"><\/span><\/div><\/div>[vc_column_text]<\/p>\n<p style=\"text-align: right;\">What is design?<\/p>\n<p style=\"text-align: right;\">Who is designer?<\/p>\n<p style=\"text-align: right;\">Known design and changing design?<\/p>\n<p style=\"text-align: right;\">Somebody says \u201cproduct\u201d what we understand<\/p>\n<p>[\/vc_column_text][\/vc_column][vc_column width=&#8221;2\/5&#8243;][vc_single_image image=&#8221;16566&#8243; img_size=&#8221;large&#8221; style=&#8221;vc_box_shadow_3d&#8221; qode_css_animation=&#8221;&#8221;][\/vc_column][\/vc_row][vc_row row_type=&#8221;row&#8221; type=&#8221;grid&#8221; text_align=&#8221;left&#8221; padding_top=&#8221;40&#8243; padding_bottom=&#8221;40&#8243; css_animation=&#8221;&#8221; bg_type=&#8221;image&#8221; parallax_style=&#8221;vcpb-default&#8221; bg_image_new=&#8221;id^15220|url^https:\/\/www.hexagonstudio.com.tr\/wp-content\/uploads\/2019\/03\/egitim_bg.jpg|caption^null|alt^null|title^egitim_bg|description^null&#8221; bg_image_size=&#8221;initial&#8221;][vc_column width=&#8221;2\/5&#8243;][vc_single_image image=&#8221;15202&#8243; img_size=&#8221;large&#8221; style=&#8221;vc_box_shadow_3d&#8221; qode_css_animation=&#8221;&#8221;][\/vc_column][vc_column width=&#8221;3\/5&#8243;]<div id=\"ultimate-heading-893469e4e1482dfbf\" class=\"uvc-heading ult-adjust-bottom-margin ultimate-heading-893469e4e1482dfbf uvc-8607 \" data-hspacer=\"line_only\"  data-halign=\"left\" style=\"text-align:left\"><div class=\"uvc-main-heading ult-responsive\"  data-ultimate-target='.uvc-heading.ultimate-heading-893469e4e1482dfbf h2'  data-responsive-json-new='{\"font-size\":\"desktop:36px;mobile_landscape:20px;mobile:20px;\",\"line-height\":\"\"}' ><h2 style=\"font-weight:normal;\">METHODOLOGY OF DESIGN THINKING<\/h2><\/div><div class=\"uvc-heading-spacer line_only\" style=\"margin-bottom:20px;height:4px;\"><span class=\"uvc-headings-line\" style=\"border-style:solid;border-bottom-width:4px;border-color:#e3261c;width:50px;\"><\/span><\/div><\/div>[vc_column_text]General Description<\/p>\n<p>Basic Principles<\/p>\n<p>Process, steps and what should be done[\/vc_column_text][\/vc_column][\/vc_row][vc_row row_type=&#8221;row&#8221; type=&#8221;grid&#8221; text_align=&#8221;left&#8221; padding_top=&#8221;40&#8243; padding_bottom=&#8221;40&#8243; css_animation=&#8221;&#8221; bg_type=&#8221;image&#8221; parallax_style=&#8221;vcpb-default&#8221; bg_image_new=&#8221;id^15220|url^https:\/\/www.hexagonstudio.com.tr\/wp-content\/uploads\/2019\/03\/egitim_bg.jpg|caption^null|alt^null|title^egitim_bg|description^null&#8221; bg_image_size=&#8221;initial&#8221;][vc_column width=&#8221;3\/5&#8243;]<div id=\"ultimate-heading-452069e4e1482e01a\" class=\"uvc-heading ult-adjust-bottom-margin ultimate-heading-452069e4e1482e01a uvc-6852 \" data-hspacer=\"line_only\"  data-halign=\"right\" style=\"text-align:right\"><div class=\"uvc-main-heading ult-responsive\"  data-ultimate-target='.uvc-heading.ultimate-heading-452069e4e1482e01a h2'  data-responsive-json-new='{\"font-size\":\"desktop:36px;mobile_landscape:20px;mobile:20px;\",\"line-height\":\"\"}' ><h2 style=\"font-weight:normal;\">PRACTICE<\/h2><\/div><div class=\"uvc-heading-spacer line_only\" style=\"margin-bottom:20px;height:4px;\"><span class=\"uvc-headings-line\" style=\"border-style:solid;border-bottom-width:4px;border-color:#e3261c;width:50px;\"><\/span><\/div><\/div>[vc_column_text]<\/p>\n<p style=\"text-align: right;\">Case projects for design thinking methodology<\/p>\n<p style=\"text-align: right;\">Workshop<\/p>\n<p>[\/vc_column_text][\/vc_column][vc_column width=&#8221;2\/5&#8243;][vc_single_image image=&#8221;15207&#8243; img_size=&#8221;large&#8221; style=&#8221;vc_box_shadow_3d&#8221; qode_css_animation=&#8221;&#8221;][\/vc_column][\/vc_row][vc_row row_type=&#8221;row&#8221; type=&#8221;grid&#8221; text_align=&#8221;left&#8221; padding_top=&#8221;40&#8243; padding_bottom=&#8221;40&#8243; css_animation=&#8221;&#8221; bg_type=&#8221;image&#8221; parallax_style=&#8221;vcpb-default&#8221; bg_image_new=&#8221;id^15220|url^https:\/\/www.hexagonstudio.com.tr\/wp-content\/uploads\/2019\/03\/egitim_bg.jpg|caption^null|alt^null|title^egitim_bg|description^null&#8221; bg_image_size=&#8221;initial&#8221;][vc_column width=&#8221;2\/5&#8243;][vc_single_image image=&#8221;20046&#8243; img_size=&#8221;large&#8221; qode_css_animation=&#8221;&#8221;][\/vc_column][vc_column width=&#8221;3\/5&#8243;]<div id=\"ultimate-heading-258669e4e1482e074\" class=\"uvc-heading ult-adjust-bottom-margin ultimate-heading-258669e4e1482e074 uvc-1189 \" data-hspacer=\"line_only\"  data-halign=\"left\" style=\"text-align:left\"><div class=\"uvc-main-heading ult-responsive\"  data-ultimate-target='.uvc-heading.ultimate-heading-258669e4e1482e074 h2'  data-responsive-json-new='{\"font-size\":\"desktop:36px;mobile_landscape:20px;mobile:20px;\",\"line-height\":\"\"}' ><h2 style=\"font-weight:normal;\">PURPOSE OF TRAINING<\/h2><\/div><div class=\"uvc-heading-spacer line_only\" style=\"margin-bottom:20px;height:4px;\"><span class=\"uvc-headings-line\" style=\"border-style:solid;border-bottom-width:4px;border-color:#e3261c;width:50px;\"><\/span><\/div><\/div>[vc_column_text]<\/p>\n<ul>\n<li>Discovering steps and principles for problem solving and creativity<\/li>\n<li>Building an innovation culture in the company by improving yourself<\/li>\n<li>Developing creative thinking perspective for your job and daily life<\/li>\n<li>Creating collective working enviroment within the company<\/li>\n<li>Comprehending the importance of strategic design and thinking<\/li>\n<li>Learning how to do your assumptions and projects before you implement them, and minimizing your risks<\/li>\n<li>Generating innovative ideas which will create value for customers\/partners\/stakeholders\u2026<\/li>\n<li>Exloring the unmet needs of users better and create empathy with them. Building a motivation for creating ideas<\/li>\n<\/ul>\n<p>[\/vc_column_text][\/vc_column][\/vc_row][vc_row row_type=&#8221;row&#8221; type=&#8221;grid&#8221; text_align=&#8221;left&#8221; padding_bottom=&#8221;40&#8243; css_animation=&#8221;&#8221; bg_type=&#8221;image&#8221; parallax_style=&#8221;vcpb-default&#8221; bg_image_new=&#8221;id^15220|url^https:\/\/www.hexagonstudio.com.tr\/wp-content\/uploads\/2019\/03\/egitim_bg.jpg|caption^null|alt^null|title^egitim_bg|description^null&#8221; bg_image_size=&#8221;initial&#8221;][vc_column width=&#8221;1\/3&#8243;][\/vc_column][vc_column width=&#8221;1\/3&#8243;]<div class=\"call_to_action with_icon\" style=\"background-color: #ffffff;\"><div class=\"two_columns_75_25 clearfix\"><div class=\"text_wrapper column1\"><div class=\"call_to_action_icon_holder\"><div class=\"call_to_action_icon\"><div class=\"call_to_action_icon_inner\"><i class='fa fa-download pull-left . fa-2x' style='color: #dd3333;'><\/i><\/div><\/div><\/div><div class=\"call_to_action_text\"><\/div><\/div><div class=\"button_wrapper column2\"><a href=\"\/wp-content\/uploads\/2019\/05\/design-thinking.pdf\" class=\"qbutton\" target=\"_blank\" style=\"color: #ffffff;border-color: #e3261c;background: #e3261c;background: #e3261c -ms-linear-gradient(bottom, #e3261c 0%, #e3261c 100%);background: #e3261c -moz-linear-gradient(bottom, #e3261c 0%, #e3261c 100%);background: #e3261c -o-linear-gradient(bottom, #e3261c 0%, #e3261c 100%);background: #e3261c -webkit-gradient(linear, left bottom, left top, color-stop(0,#e3261c), color-stop(1, #e3261c));background: #e3261c -webkit-linear-gradient(bottom, #e3261c 0%, #e3261c 100%);background: #e3261c linear-gradient(to top, #e3261c 0%, #e3261c 100%);\">Download the Catalog<\/a><\/div><\/div><\/div>[\/vc_column][vc_column width=&#8221;1\/3&#8243;][\/vc_column][\/vc_row]<\/p>\n<\/div>","protected":false},"excerpt":{"rendered":"<p>[vc_row row_type=&#8221;row&#8221; type=&#8221;full_width&#8221; text_align=&#8221;left&#8221; css_animation=&#8221;&#8221;][vc_column][vc_single_image image=&#8221;19926&#8243; img_size=&#8221;full&#8221; alignment=&#8221;center&#8221; qode_css_animation=&#8221;&#8221;][\/vc_column][\/vc_row][vc_row row_type=&#8221;row&#8221; type=&#8221;grid&#8221; text_align=&#8221;left&#8221; padding_top=&#8221;40&#8243; padding_bottom=&#8221;40&#8243; css_animation=&#8221;&#8221; bg_type=&#8221;image&#8221; parallax_style=&#8221;vcpb-default&#8221; bg_image_new=&#8221;id^15220|url^https:\/\/www.hexagonstudio.com.tr\/wp-content\/uploads\/2019\/03\/egitim_bg.jpg|caption^null|alt^null|title^egitim_bg|description^null&#8221; bg_image_size=&#8221;initial&#8221;][vc_column width=&#8221;1\/4&#8243;][\/vc_column][vc_column width=&#8221;1\/4&#8243;][\/vc_column][vc_column width=&#8221;1\/4&#8243;][\/vc_column][vc_column width=&#8221;1\/4&#8243;][\/vc_column][\/vc_row][vc_row row_type=&#8221;row&#8221; type=&#8221;grid&#8221; text_align=&#8221;left&#8221; padding_top=&#8221;40&#8243; padding_bottom=&#8221;40&#8243; css_animation=&#8221;&#8221; bg_type=&#8221;image&#8221; parallax_style=&#8221;vcpb-default&#8221; bg_image_new=&#8221;id^15220|url^https:\/\/www.hexagonstudio.com.tr\/wp-content\/uploads\/2019\/03\/egitim_bg.jpg|caption^null|alt^null|title^egitim_bg|description^null&#8221; bg_image_size=&#8221;initial&#8221;][vc_column width=&#8221;3\/5&#8243;][vc_column_text] What is design? Who is designer? Known design and changing design?&#8230;<\/p>\n","protected":false},"author":1,"featured_media":19926,"parent":18770,"menu_order":1,"comment_status":"closed","ping_status":"closed","template":"full_width.php","meta":{"_acf_changed":false,"footnotes":""},"acf":[],"yoast_head":"<!-- This site is optimized with the Yoast SEO plugin v22.1 - https:\/\/yoast.com\/wordpress\/plugins\/seo\/ -->\n<title>Design Thinking - Hexagon Studio<\/title>\n<meta name=\"robots\" content=\"index, follow, max-snippet:-1, max-image-preview:large, max-video-preview:-1\" \/>\n<link rel=\"canonical\" href=\"https:\/\/www.hexagonstudio.com.tr\/en\/other-services\/training\/design-thinking\/\" \/>\n<meta property=\"og:locale\" content=\"en_US\" \/>\n<meta property=\"og:type\" content=\"article\" \/>\n<meta property=\"og:title\" content=\"Design Thinking - Hexagon Studio\" \/>\n<meta property=\"og:description\" content=\"[vc_row row_type=&#8221;row&#8221; type=&#8221;full_width&#8221; text_align=&#8221;left&#8221; css_animation=&#8221;&#8221;][vc_column][vc_single_image image=&#8221;19926&#8243; img_size=&#8221;full&#8221; alignment=&#8221;center&#8221; qode_css_animation=&#8221;&#8221;][\/vc_column][\/vc_row][vc_row row_type=&#8221;row&#8221; type=&#8221;grid&#8221; text_align=&#8221;left&#8221; padding_top=&#8221;40&#8243; padding_bottom=&#8221;40&#8243; css_animation=&#8221;&#8221; bg_type=&#8221;image&#8221; parallax_style=&#8221;vcpb-default&#8221; bg_image_new=&#8221;id^15220|url^https:\/\/www.hexagonstudio.com.tr\/wp-content\/uploads\/2019\/03\/egitim_bg.jpg|caption^null|alt^null|title^egitim_bg|description^null&#8221; bg_image_size=&#8221;initial&#8221;][vc_column width=&#8221;1\/4&#8243;][\/vc_column][vc_column width=&#8221;1\/4&#8243;][\/vc_column][vc_column width=&#8221;1\/4&#8243;][\/vc_column][vc_column width=&#8221;1\/4&#8243;][\/vc_column][\/vc_row][vc_row row_type=&#8221;row&#8221; type=&#8221;grid&#8221; text_align=&#8221;left&#8221; padding_top=&#8221;40&#8243; padding_bottom=&#8221;40&#8243; css_animation=&#8221;&#8221; bg_type=&#8221;image&#8221; parallax_style=&#8221;vcpb-default&#8221; bg_image_new=&#8221;id^15220|url^https:\/\/www.hexagonstudio.com.tr\/wp-content\/uploads\/2019\/03\/egitim_bg.jpg|caption^null|alt^null|title^egitim_bg|description^null&#8221; bg_image_size=&#8221;initial&#8221;][vc_column width=&#8221;3\/5&#8243;][vc_column_text] What is design? Who is designer? Known design and changing design?...\" \/>\n<meta property=\"og:url\" content=\"https:\/\/www.hexagonstudio.com.tr\/en\/other-services\/training\/design-thinking\/\" \/>\n<meta property=\"og:site_name\" content=\"Hexagon Studio\" \/>\n<meta property=\"article:publisher\" content=\"https:\/\/www.facebook.com\/hexagonstudio\" \/>\n<meta property=\"article:modified_time\" content=\"2019-05-31T19:10:15+00:00\" \/>\n<meta property=\"og:image\" content=\"https:\/\/www.hexagonstudio.com.tr\/wp-content\/uploads\/2019\/05\/tasarim-odakli-dusunme.jpg\" \/>\n\t<meta property=\"og:image:width\" content=\"1920\" \/>\n\t<meta property=\"og:image:height\" content=\"600\" \/>\n\t<meta property=\"og:image:type\" content=\"image\/jpeg\" \/>\n<meta name=\"twitter:card\" content=\"summary_large_image\" \/>\n<meta name=\"twitter:site\" content=\"@hexagonstudiotr\" \/>\n<meta name=\"twitter:label1\" content=\"Est. reading time\" \/>\n\t<meta name=\"twitter:data1\" content=\"5 minutes\" \/>\n<!-- \/ Yoast SEO plugin. -->","yoast_head_json":{"title":"Design Thinking - Hexagon Studio","robots":{"index":"index","follow":"follow","max-snippet":"max-snippet:-1","max-image-preview":"max-image-preview:large","max-video-preview":"max-video-preview:-1"},"canonical":"https:\/\/www.hexagonstudio.com.tr\/en\/other-services\/training\/design-thinking\/","og_locale":"en_US","og_type":"article","og_title":"Design Thinking - Hexagon Studio","og_description":"[vc_row row_type=&#8221;row&#8221; type=&#8221;full_width&#8221; text_align=&#8221;left&#8221; css_animation=&#8221;&#8221;][vc_column][vc_single_image image=&#8221;19926&#8243; img_size=&#8221;full&#8221; alignment=&#8221;center&#8221; qode_css_animation=&#8221;&#8221;][\/vc_column][\/vc_row][vc_row row_type=&#8221;row&#8221; type=&#8221;grid&#8221; text_align=&#8221;left&#8221; padding_top=&#8221;40&#8243; padding_bottom=&#8221;40&#8243; css_animation=&#8221;&#8221; bg_type=&#8221;image&#8221; parallax_style=&#8221;vcpb-default&#8221; bg_image_new=&#8221;id^15220|url^https:\/\/www.hexagonstudio.com.tr\/wp-content\/uploads\/2019\/03\/egitim_bg.jpg|caption^null|alt^null|title^egitim_bg|description^null&#8221; bg_image_size=&#8221;initial&#8221;][vc_column width=&#8221;1\/4&#8243;][\/vc_column][vc_column width=&#8221;1\/4&#8243;][\/vc_column][vc_column width=&#8221;1\/4&#8243;][\/vc_column][vc_column width=&#8221;1\/4&#8243;][\/vc_column][\/vc_row][vc_row row_type=&#8221;row&#8221; type=&#8221;grid&#8221; text_align=&#8221;left&#8221; padding_top=&#8221;40&#8243; padding_bottom=&#8221;40&#8243; css_animation=&#8221;&#8221; bg_type=&#8221;image&#8221; parallax_style=&#8221;vcpb-default&#8221; bg_image_new=&#8221;id^15220|url^https:\/\/www.hexagonstudio.com.tr\/wp-content\/uploads\/2019\/03\/egitim_bg.jpg|caption^null|alt^null|title^egitim_bg|description^null&#8221; bg_image_size=&#8221;initial&#8221;][vc_column width=&#8221;3\/5&#8243;][vc_column_text] What is design? Who is designer? Known design and changing design?...","og_url":"https:\/\/www.hexagonstudio.com.tr\/en\/other-services\/training\/design-thinking\/","og_site_name":"Hexagon Studio","article_publisher":"https:\/\/www.facebook.com\/hexagonstudio","article_modified_time":"2019-05-31T19:10:15+00:00","og_image":[{"width":1920,"height":600,"url":"https:\/\/www.hexagonstudio.com.tr\/wp-content\/uploads\/2019\/05\/tasarim-odakli-dusunme.jpg","type":"image\/jpeg"}],"twitter_card":"summary_large_image","twitter_site":"@hexagonstudiotr","twitter_misc":{"Est. reading time":"5 minutes"},"schema":{"@context":"https:\/\/schema.org","@graph":[{"@type":"WebPage","@id":"https:\/\/www.hexagonstudio.com.tr\/en\/other-services\/training\/design-thinking\/","url":"https:\/\/www.hexagonstudio.com.tr\/en\/other-services\/training\/design-thinking\/","name":"Design Thinking - Hexagon Studio","isPartOf":{"@id":"https:\/\/www.hexagonstudio.com.tr\/en\/#website"},"datePublished":"2019-01-30T02:40:33+00:00","dateModified":"2019-05-31T19:10:15+00:00","breadcrumb":{"@id":"https:\/\/www.hexagonstudio.com.tr\/en\/other-services\/training\/design-thinking\/#breadcrumb"},"inLanguage":"en-US","potentialAction":[{"@type":"ReadAction","target":["https:\/\/www.hexagonstudio.com.tr\/en\/other-services\/training\/design-thinking\/"]}]},{"@type":"BreadcrumbList","@id":"https:\/\/www.hexagonstudio.com.tr\/en\/other-services\/training\/design-thinking\/#breadcrumb","itemListElement":[{"@type":"ListItem","position":1,"name":"Ana sayfa","item":"https:\/\/www.hexagonstudio.com.tr\/en\/"},{"@type":"ListItem","position":2,"name":"Other Services","item":"https:\/\/www.hexagonstudio.com.tr\/en\/other-services\/"},{"@type":"ListItem","position":3,"name":"Training","item":"https:\/\/www.hexagonstudio.com.tr\/en\/other-services\/training\/"},{"@type":"ListItem","position":4,"name":"Design Thinking"}]},{"@type":"WebSite","@id":"https:\/\/www.hexagonstudio.com.tr\/en\/#website","url":"https:\/\/www.hexagonstudio.com.tr\/en\/","name":"Hexagon Studio","description":"\u00d6zg\u00fcn Tasar\u0131m ve M\u00fchendislik \u00c7\u00f6z\u00fcmleri","publisher":{"@id":"https:\/\/www.hexagonstudio.com.tr\/en\/#organization"},"potentialAction":[{"@type":"SearchAction","target":{"@type":"EntryPoint","urlTemplate":"https:\/\/www.hexagonstudio.com.tr\/en\/?s={search_term_string}"},"query-input":"required name=search_term_string"}],"inLanguage":"en-US"},{"@type":"Organization","@id":"https:\/\/www.hexagonstudio.com.tr\/en\/#organization","name":"Hexagon Studio","url":"https:\/\/www.hexagonstudio.com.tr\/en\/","logo":{"@type":"ImageObject","inLanguage":"en-US","@id":"https:\/\/www.hexagonstudio.com.tr\/en\/#\/schema\/logo\/image\/","url":"https:\/\/www.hexagonstudio.com.tr\/wp-content\/uploads\/2019\/01\/logo.png","contentUrl":"https:\/\/www.hexagonstudio.com.tr\/wp-content\/uploads\/2019\/01\/logo.png","width":280,"height":130,"caption":"Hexagon Studio"},"image":{"@id":"https:\/\/www.hexagonstudio.com.tr\/en\/#\/schema\/logo\/image\/"},"sameAs":["https:\/\/www.facebook.com\/hexagonstudio","https:\/\/twitter.com\/hexagonstudiotr","https:\/\/www.instagram.com\/hexagonstudiotr\/","https:\/\/www.linkedin.com\/company\/hexagon-studio"]}]}},"jetpack_sharing_enabled":true,"_links":{"self":[{"href":"https:\/\/www.hexagonstudio.com.tr\/en\/wp-json\/wp\/v2\/pages\/18772"}],"collection":[{"href":"https:\/\/www.hexagonstudio.com.tr\/en\/wp-json\/wp\/v2\/pages"}],"about":[{"href":"https:\/\/www.hexagonstudio.com.tr\/en\/wp-json\/wp\/v2\/types\/page"}],"author":[{"embeddable":true,"href":"https:\/\/www.hexagonstudio.com.tr\/en\/wp-json\/wp\/v2\/users\/1"}],"replies":[{"embeddable":true,"href":"https:\/\/www.hexagonstudio.com.tr\/en\/wp-json\/wp\/v2\/comments?post=18772"}],"version-history":[{"count":8,"href":"https:\/\/www.hexagonstudio.com.tr\/en\/wp-json\/wp\/v2\/pages\/18772\/revisions"}],"predecessor-version":[{"id":20048,"href":"https:\/\/www.hexagonstudio.com.tr\/en\/wp-json\/wp\/v2\/pages\/18772\/revisions\/20048"}],"up":[{"embeddable":true,"href":"https:\/\/www.hexagonstudio.com.tr\/en\/wp-json\/wp\/v2\/pages\/18770"}],"wp:featuredmedia":[{"embeddable":true,"href":"https:\/\/www.hexagonstudio.com.tr\/en\/wp-json\/wp\/v2\/media\/19926"}],"wp:attachment":[{"href":"https:\/\/www.hexagonstudio.com.tr\/en\/wp-json\/wp\/v2\/media?parent=18772"}],"curies":[{"name":"wp","href":"https:\/\/api.w.org\/{rel}","templated":true}]}}