{"id":18774,"date":"2019-01-30T05:40:34","date_gmt":"2019-01-30T02:40:34","guid":{"rendered":"https:\/\/www.hexagonstudio.com.tr\/creative-thinking-techniques\/"},"modified":"2019-05-31T22:10:34","modified_gmt":"2019-05-31T19:10:34","slug":"creative-thinking-techniques","status":"publish","type":"page","link":"https:\/\/www.hexagonstudio.com.tr\/en\/other-services\/training\/creative-thinking-techniques\/","title":{"rendered":"Creative Thinking Techniques"},"content":{"rendered":"<div class=\"wpb-content-wrapper\"><p>[vc_row row_type=&#8221;row&#8221; type=&#8221;full_width&#8221; text_align=&#8221;left&#8221; css_animation=&#8221;&#8221;][vc_column][vc_single_image image=&#8221;19930&#8243; img_size=&#8221;full&#8221; alignment=&#8221;center&#8221; qode_css_animation=&#8221;&#8221;][\/vc_column][\/vc_row][vc_row row_type=&#8221;row&#8221; type=&#8221;grid&#8221; text_align=&#8221;left&#8221; padding_top=&#8221;40&#8243; padding_bottom=&#8221;40&#8243; css_animation=&#8221;&#8221; bg_type=&#8221;image&#8221; parallax_style=&#8221;vcpb-default&#8221; bg_image_new=&#8221;id^15220|url^https:\/\/www.hexagonstudio.com.tr\/wp-content\/uploads\/2019\/03\/egitim_bg.jpg|caption^null|alt^null|title^egitim_bg|description^null&#8221; bg_image_size=&#8221;initial&#8221;][vc_column width=&#8221;1\/6&#8243;][\/vc_column][vc_column width=&#8221;2\/6&#8243;]<div id=\"ultimate-heading-642869e7531f6280f\" class=\"uvc-heading ult-adjust-bottom-margin ultimate-heading-642869e7531f6280f uvc-7369 \" data-hspacer=\"no_spacer\"  data-halign=\"right\" style=\"text-align:right\"><div class=\"uvc-heading-spacer no_spacer\" style=\"top\"><\/div><div class=\"uvc-main-heading ult-responsive\"  data-ultimate-target='.uvc-heading.ultimate-heading-642869e7531f6280f p'  data-responsive-json-new='{\"font-size\":\"desktop:18px;\",\"line-height\":\"desktop:26px;\"}' ><p style=\"font-weight:normal;margin-top:15px;\">If you wonder answers of questions which are \u201cWhat is creativity? Why should we be creative? How can I notice problems related daily or business life? How can I find needs which nobody knows?\u201d and want to learn methods of collective creativity and idea generation, you should absolutely participate \u201cBrain Storming and SCAMPER\u201d training.<\/p><\/div><\/div>[\/vc_column][vc_column width=&#8221;2\/6&#8243;]<div id=\"ultimate-heading-353369e7531f628ca\" class=\"uvc-heading ult-adjust-bottom-margin ultimate-heading-353369e7531f628ca uvc-8518 \" data-hspacer=\"line_only\"  data-halign=\"left\" style=\"text-align:left\"><div class=\"uvc-main-heading ult-responsive\"  data-ultimate-target='.uvc-heading.ultimate-heading-353369e7531f628ca h2'  data-responsive-json-new='{\"font-size\":\"desktop:66px;mobile_landscape:36px;mobile:36px;\",\"line-height\":\"\"}' ><h2 style=\"font-weight:normal;\">creative thinking methods<\/h2><\/div><div class=\"uvc-heading-spacer line_only\" style=\"topheight:4px;\"><span class=\"uvc-headings-line\" style=\"border-style:solid;border-bottom-width:4px;border-color:#e3261c;width:50px;\"><\/span><\/div><\/div>[\/vc_column][vc_column width=&#8221;1\/6&#8243;][\/vc_column][\/vc_row][vc_row row_type=&#8221;row&#8221; type=&#8221;grid&#8221; text_align=&#8221;left&#8221; padding_top=&#8221;40&#8243; padding_bottom=&#8221;40&#8243; css_animation=&#8221;&#8221; bg_type=&#8221;image&#8221; parallax_style=&#8221;vcpb-default&#8221; bg_image_new=&#8221;id^15220|url^https:\/\/www.hexagonstudio.com.tr\/wp-content\/uploads\/2019\/03\/egitim_bg.jpg|caption^null|alt^null|title^egitim_bg|description^null&#8221; bg_image_size=&#8221;initial&#8221;][vc_column][vc_row_inner row_type=&#8221;row&#8221; type=&#8221;grid&#8221; text_align=&#8221;left&#8221; css_animation=&#8221;&#8221;][vc_column_inner width=&#8221;1\/2&#8243;]<div id=\"ultimate-heading-131469e7531f6292f\" class=\"uvc-heading ult-adjust-bottom-margin ultimate-heading-131469e7531f6292f uvc-6832 \" data-hspacer=\"line_only\"  data-halign=\"left\" style=\"text-align:left\"><div class=\"uvc-main-heading ult-responsive\"  data-ultimate-target='.uvc-heading.ultimate-heading-131469e7531f6292f h2'  data-responsive-json-new='{\"font-size\":\"desktop:36px;mobile_landscape:20px;mobile:20px;\",\"line-height\":\"\"}' ><h2 style=\"font-weight:normal;\">Purpose of Training<\/h2><\/div><div class=\"uvc-heading-spacer line_only\" style=\"margin-bottom:20px;height:4px;\"><span class=\"uvc-headings-line\" style=\"border-style:solid;border-bottom-width:4px;border-color:#e3261c;width:50px;\"><\/span><\/div><\/div>[vc_column_text]It is aimed at gaining creativity and innovative perspective, learning methods of problem-solving, creating collaboration culture, finding customer needs which are known and unknown.<\/p>\n<p><em>Period of training \u2013 1 day<\/em>[\/vc_column_text][\/vc_column_inner][vc_column_inner width=&#8221;1\/2&#8243;][vc_single_image image=&#8221;18394&#8243; img_size=&#8221;full&#8221; alignment=&#8221;center&#8221; qode_css_animation=&#8221;&#8221;][\/vc_column_inner][\/vc_row_inner]<div id=\"ultimate-heading-686369e7531f6298f\" class=\"uvc-heading ult-adjust-bottom-margin ultimate-heading-686369e7531f6298f uvc-4557 \" data-hspacer=\"line_only\"  data-halign=\"left\" style=\"text-align:left\"><div class=\"uvc-main-heading ult-responsive\"  data-ultimate-target='.uvc-heading.ultimate-heading-686369e7531f6298f h2'  data-responsive-json-new='{\"font-size\":\"desktop:36px;mobile_landscape:20px;mobile:20px;\",\"line-height\":\"\"}' ><h2 style=\"font-weight:normal;\">Participant Portfolio<\/h2><\/div><div class=\"uvc-heading-spacer line_only\" style=\"margin-bottom:20px;height:4px;\"><span class=\"uvc-headings-line\" style=\"border-style:solid;border-bottom-width:4px;border-color:#e3261c;width:50px;\"><\/span><\/div><\/div>[vc_column_text]Innovation and R&amp;D, Project Managemet, Human Resources, Manufacturing, Business Development, Marketing, Sales , After Sales and Finance Departmans can participate. (for all sectors)[\/vc_column_text][\/vc_column][\/vc_row][vc_row row_type=&#8221;row&#8221; type=&#8221;grid&#8221; text_align=&#8221;left&#8221; padding_top=&#8221;40&#8243; padding_bottom=&#8221;40&#8243; css_animation=&#8221;&#8221; bg_type=&#8221;image&#8221; parallax_style=&#8221;vcpb-default&#8221; bg_image_new=&#8221;id^15220|url^https:\/\/www.hexagonstudio.com.tr\/wp-content\/uploads\/2019\/03\/egitim_bg.jpg|caption^null|alt^null|title^egitim_bg|description^null&#8221; bg_image_size=&#8221;initial&#8221;][vc_column]<div id=\"ultimate-heading-227669e7531f629ea\" class=\"uvc-heading ult-adjust-bottom-margin ultimate-heading-227669e7531f629ea uvc-1842 \" data-hspacer=\"line_only\"  data-halign=\"left\" style=\"text-align:left\"><div class=\"uvc-main-heading ult-responsive\"  data-ultimate-target='.uvc-heading.ultimate-heading-227669e7531f629ea h2'  data-responsive-json-new='{\"font-size\":\"desktop:36px;mobile_landscape:20px;mobile:20px;\",\"line-height\":\"\"}' ><h2 style=\"font-weight:normal;\">Creative Thinking Methods \u2013 Brain Storming<\/h2><\/div><div class=\"uvc-heading-spacer line_only\" style=\"margin-bottom:20px;height:4px;\"><span class=\"uvc-headings-line\" style=\"border-style:solid;border-bottom-width:4px;border-color:#e3261c;width:50px;\"><\/span><\/div><\/div>[vc_single_image image=&#8221;15316&#8243; img_size=&#8221;full&#8221; alignment=&#8221;center&#8221; qode_css_animation=&#8221;&#8221;][vc_row_inner row_type=&#8221;row&#8221; type=&#8221;grid&#8221; text_align=&#8221;left&#8221; css_animation=&#8221;&#8221;][vc_column_inner width=&#8221;1\/2&#8243;]<div id=\"ultimate-heading-17069e7531f62a40\" class=\"uvc-heading ult-adjust-bottom-margin ultimate-heading-17069e7531f62a40 uvc-9323 \" data-hspacer=\"line_only\"  data-halign=\"left\" style=\"text-align:left\"><div class=\"uvc-main-heading ult-responsive\"  data-ultimate-target='.uvc-heading.ultimate-heading-17069e7531f62a40 h2'  data-responsive-json-new='{\"font-size\":\"desktop:36px;mobile_landscape:20px;mobile:20px;\",\"line-height\":\"\"}' ><h2 style=\"font-weight:normal;\">Brain Storming<\/h2><\/div><div class=\"uvc-heading-spacer line_only\" style=\"margin-bottom:20px;height:4px;\"><span class=\"uvc-headings-line\" style=\"border-style:solid;border-bottom-width:4px;border-color:#e3261c;width:50px;\"><\/span><\/div><\/div>[vc_column_text]<\/p>\n<ul>\n<li>What is innovation?<\/li>\n<li>Why should we use brainstorming method?<\/li>\n<li>What is brainstorming method?<\/li>\n<li>The four rules of brainstorming according to description of Alex F. Osborn<\/li>\n<li>Brainstorming methods<\/li>\n<\/ul>\n<p>[\/vc_column_text][\/vc_column_inner][vc_column_inner width=&#8221;1\/2&#8243;][vc_column_text]<\/p>\n<ul>\n<li>Reverse Brain Storming<\/li>\n<li>Infinity<\/li>\n<li>Mapping<\/li>\n<li>Workshop<\/li>\n<\/ul>\n<p>[\/vc_column_text][\/vc_column_inner][\/vc_row_inner][\/vc_column][\/vc_row][vc_row row_type=&#8221;row&#8221; type=&#8221;grid&#8221; text_align=&#8221;left&#8221; padding_top=&#8221;40&#8243; padding_bottom=&#8221;40&#8243; css_animation=&#8221;&#8221; bg_type=&#8221;image&#8221; parallax_style=&#8221;vcpb-default&#8221; bg_image_new=&#8221;id^15220|url^https:\/\/www.hexagonstudio.com.tr\/wp-content\/uploads\/2019\/03\/egitim_bg.jpg|caption^null|alt^null|title^egitim_bg|description^null&#8221; bg_image_size=&#8221;initial&#8221;][vc_column]<div id=\"ultimate-heading-734169e7531f62a97\" class=\"uvc-heading ult-adjust-bottom-margin ultimate-heading-734169e7531f62a97 uvc-5883 \" data-hspacer=\"line_only\"  data-halign=\"left\" style=\"text-align:left\"><div class=\"uvc-main-heading ult-responsive\"  data-ultimate-target='.uvc-heading.ultimate-heading-734169e7531f62a97 h2'  data-responsive-json-new='{\"font-size\":\"desktop:36px;mobile_landscape:20px;mobile:20px;\",\"line-height\":\"\"}' ><h2 style=\"font-weight:normal;\">SCAMPER<\/h2><\/div><div class=\"uvc-heading-spacer line_only\" style=\"margin-bottom:20px;height:4px;\"><span class=\"uvc-headings-line\" style=\"border-style:solid;border-bottom-width:4px;border-color:#e3261c;width:50px;\"><\/span><\/div><\/div>[vc_row_inner row_type=&#8221;row&#8221; type=&#8221;grid&#8221; text_align=&#8221;left&#8221; css_animation=&#8221;&#8221;][vc_column_inner width=&#8221;1\/2&#8243;][vc_column_text]What is creativity?<\/p>\n<ul>\n<li>Description of creativity<\/li>\n<li>Creativity Diagram<\/li>\n<\/ul>\n<p>Why should we be creative?<\/p>\n<p>Relationship between Creativity and Age<\/p>\n<p>Thinking outside the box<\/p>\n<p>Creativity<\/p>\n<p>SCAMPER method<\/p>\n<p>Workshop[\/vc_column_text][\/vc_column_inner][vc_column_inner width=&#8221;1\/2&#8243;][vc_single_image image=&#8221;18409&#8243; img_size=&#8221;full&#8221; alignment=&#8221;center&#8221; qode_css_animation=&#8221;&#8221;][\/vc_column_inner][\/vc_row_inner][\/vc_column][\/vc_row][vc_row row_type=&#8221;row&#8221; type=&#8221;grid&#8221; text_align=&#8221;left&#8221; padding_bottom=&#8221;40&#8243; css_animation=&#8221;&#8221; bg_type=&#8221;image&#8221; parallax_style=&#8221;vcpb-default&#8221; bg_image_new=&#8221;id^15220|url^https:\/\/www.hexagonstudio.com.tr\/wp-content\/uploads\/2019\/03\/egitim_bg.jpg|caption^null|alt^null|title^egitim_bg|description^null&#8221; bg_image_size=&#8221;initial&#8221;][vc_column width=&#8221;1\/3&#8243;][\/vc_column][vc_column width=&#8221;1\/3&#8243;]<div class=\"call_to_action with_icon\" style=\"background-color: #ffffff;\"><div class=\"two_columns_75_25 clearfix\"><div class=\"text_wrapper column1\"><div class=\"call_to_action_icon_holder\"><div class=\"call_to_action_icon\"><div class=\"call_to_action_icon_inner\"><i class='fa fa-download pull-left . fa-2x' style='color: #dd3333;'><\/i><\/div><\/div><\/div><div class=\"call_to_action_text\"><\/div><\/div><div class=\"button_wrapper column2\"><a href=\"\/wp-content\/uploads\/2019\/05\/creative-thinking-methods.pdf\" class=\"qbutton\" target=\"_blank\" style=\"color: #ffffff;border-color: #e3261c;background: #e3261c;background: #e3261c -ms-linear-gradient(bottom, #e3261c 0%, #e3261c 100%);background: #e3261c -moz-linear-gradient(bottom, #e3261c 0%, #e3261c 100%);background: #e3261c -o-linear-gradient(bottom, #e3261c 0%, #e3261c 100%);background: #e3261c -webkit-gradient(linear, left bottom, left top, color-stop(0,#e3261c), color-stop(1, #e3261c));background: #e3261c -webkit-linear-gradient(bottom, #e3261c 0%, #e3261c 100%);background: #e3261c linear-gradient(to top, #e3261c 0%, #e3261c 100%);\">Download the Catalog<\/a><\/div><\/div><\/div>[\/vc_column][vc_column width=&#8221;1\/3&#8243;][\/vc_column][\/vc_row]<\/p>\n<\/div>","protected":false},"excerpt":{"rendered":"<p>[vc_row row_type=&#8221;row&#8221; type=&#8221;full_width&#8221; text_align=&#8221;left&#8221; css_animation=&#8221;&#8221;][vc_column][vc_single_image image=&#8221;19930&#8243; img_size=&#8221;full&#8221; alignment=&#8221;center&#8221; qode_css_animation=&#8221;&#8221;][\/vc_column][\/vc_row][vc_row row_type=&#8221;row&#8221; type=&#8221;grid&#8221; text_align=&#8221;left&#8221; padding_top=&#8221;40&#8243; padding_bottom=&#8221;40&#8243; css_animation=&#8221;&#8221; bg_type=&#8221;image&#8221; parallax_style=&#8221;vcpb-default&#8221; bg_image_new=&#8221;id^15220|url^https:\/\/www.hexagonstudio.com.tr\/wp-content\/uploads\/2019\/03\/egitim_bg.jpg|caption^null|alt^null|title^egitim_bg|description^null&#8221; bg_image_size=&#8221;initial&#8221;][vc_column width=&#8221;1\/6&#8243;][\/vc_column][vc_column width=&#8221;2\/6&#8243;][\/vc_column][vc_column width=&#8221;2\/6&#8243;][\/vc_column][vc_column width=&#8221;1\/6&#8243;][\/vc_column][\/vc_row][vc_row row_type=&#8221;row&#8221; type=&#8221;grid&#8221; text_align=&#8221;left&#8221; padding_top=&#8221;40&#8243; padding_bottom=&#8221;40&#8243; css_animation=&#8221;&#8221; bg_type=&#8221;image&#8221; parallax_style=&#8221;vcpb-default&#8221; bg_image_new=&#8221;id^15220|url^https:\/\/www.hexagonstudio.com.tr\/wp-content\/uploads\/2019\/03\/egitim_bg.jpg|caption^null|alt^null|title^egitim_bg|description^null&#8221; bg_image_size=&#8221;initial&#8221;][vc_column][vc_row_inner row_type=&#8221;row&#8221; type=&#8221;grid&#8221; text_align=&#8221;left&#8221; css_animation=&#8221;&#8221;][vc_column_inner width=&#8221;1\/2&#8243;][vc_column_text]It is aimed at gaining creativity and innovative&#8230;<\/p>\n","protected":false},"author":1,"featured_media":14536,"parent":18770,"menu_order":2,"comment_status":"closed","ping_status":"closed","template":"full_width.php","meta":{"_acf_changed":false,"footnotes":""},"acf":[],"yoast_head":"<!-- This site is optimized with the Yoast SEO plugin v22.1 - https:\/\/yoast.com\/wordpress\/plugins\/seo\/ -->\n<title>Creative Thinking Techniques - Hexagon Studio<\/title>\n<meta name=\"robots\" content=\"index, follow, max-snippet:-1, max-image-preview:large, max-video-preview:-1\" \/>\n<link rel=\"canonical\" href=\"https:\/\/www.hexagonstudio.com.tr\/en\/other-services\/training\/creative-thinking-techniques\/\" \/>\n<meta property=\"og:locale\" content=\"en_US\" \/>\n<meta property=\"og:type\" content=\"article\" \/>\n<meta property=\"og:title\" content=\"Creative Thinking Techniques - Hexagon Studio\" \/>\n<meta property=\"og:description\" content=\"[vc_row row_type=&#8221;row&#8221; type=&#8221;full_width&#8221; text_align=&#8221;left&#8221; css_animation=&#8221;&#8221;][vc_column][vc_single_image image=&#8221;19930&#8243; img_size=&#8221;full&#8221; alignment=&#8221;center&#8221; qode_css_animation=&#8221;&#8221;][\/vc_column][\/vc_row][vc_row row_type=&#8221;row&#8221; type=&#8221;grid&#8221; text_align=&#8221;left&#8221; padding_top=&#8221;40&#8243; padding_bottom=&#8221;40&#8243; css_animation=&#8221;&#8221; bg_type=&#8221;image&#8221; parallax_style=&#8221;vcpb-default&#8221; bg_image_new=&#8221;id^15220|url^https:\/\/www.hexagonstudio.com.tr\/wp-content\/uploads\/2019\/03\/egitim_bg.jpg|caption^null|alt^null|title^egitim_bg|description^null&#8221; bg_image_size=&#8221;initial&#8221;][vc_column width=&#8221;1\/6&#8243;][\/vc_column][vc_column width=&#8221;2\/6&#8243;][\/vc_column][vc_column width=&#8221;2\/6&#8243;][\/vc_column][vc_column width=&#8221;1\/6&#8243;][\/vc_column][\/vc_row][vc_row row_type=&#8221;row&#8221; type=&#8221;grid&#8221; text_align=&#8221;left&#8221; padding_top=&#8221;40&#8243; padding_bottom=&#8221;40&#8243; css_animation=&#8221;&#8221; bg_type=&#8221;image&#8221; parallax_style=&#8221;vcpb-default&#8221; bg_image_new=&#8221;id^15220|url^https:\/\/www.hexagonstudio.com.tr\/wp-content\/uploads\/2019\/03\/egitim_bg.jpg|caption^null|alt^null|title^egitim_bg|description^null&#8221; bg_image_size=&#8221;initial&#8221;][vc_column][vc_row_inner row_type=&#8221;row&#8221; type=&#8221;grid&#8221; text_align=&#8221;left&#8221; css_animation=&#8221;&#8221;][vc_column_inner width=&#8221;1\/2&#8243;][vc_column_text]It is aimed at gaining creativity and innovative...\" \/>\n<meta property=\"og:url\" content=\"https:\/\/www.hexagonstudio.com.tr\/en\/other-services\/training\/creative-thinking-techniques\/\" \/>\n<meta property=\"og:site_name\" content=\"Hexagon Studio\" \/>\n<meta property=\"article:publisher\" content=\"https:\/\/www.facebook.com\/hexagonstudio\" \/>\n<meta property=\"article:modified_time\" content=\"2019-05-31T19:10:34+00:00\" \/>\n<meta property=\"og:image\" content=\"https:\/\/www.hexagonstudio.com.tr\/wp-content\/uploads\/2019\/03\/yaratici-dusunme-teknikleri-01.jpg\" \/>\n\t<meta property=\"og:image:width\" content=\"1921\" \/>\n\t<meta property=\"og:image:height\" content=\"701\" \/>\n\t<meta property=\"og:image:type\" content=\"image\/jpeg\" \/>\n<meta name=\"twitter:card\" content=\"summary_large_image\" \/>\n<meta name=\"twitter:site\" content=\"@hexagonstudiotr\" \/>\n<meta name=\"twitter:label1\" content=\"Est. reading time\" \/>\n\t<meta name=\"twitter:data1\" content=\"5 minutes\" \/>\n<!-- \/ Yoast SEO plugin. -->","yoast_head_json":{"title":"Creative Thinking Techniques - Hexagon Studio","robots":{"index":"index","follow":"follow","max-snippet":"max-snippet:-1","max-image-preview":"max-image-preview:large","max-video-preview":"max-video-preview:-1"},"canonical":"https:\/\/www.hexagonstudio.com.tr\/en\/other-services\/training\/creative-thinking-techniques\/","og_locale":"en_US","og_type":"article","og_title":"Creative Thinking Techniques - Hexagon Studio","og_description":"[vc_row row_type=&#8221;row&#8221; type=&#8221;full_width&#8221; text_align=&#8221;left&#8221; css_animation=&#8221;&#8221;][vc_column][vc_single_image image=&#8221;19930&#8243; img_size=&#8221;full&#8221; alignment=&#8221;center&#8221; qode_css_animation=&#8221;&#8221;][\/vc_column][\/vc_row][vc_row row_type=&#8221;row&#8221; type=&#8221;grid&#8221; text_align=&#8221;left&#8221; padding_top=&#8221;40&#8243; padding_bottom=&#8221;40&#8243; css_animation=&#8221;&#8221; bg_type=&#8221;image&#8221; parallax_style=&#8221;vcpb-default&#8221; bg_image_new=&#8221;id^15220|url^https:\/\/www.hexagonstudio.com.tr\/wp-content\/uploads\/2019\/03\/egitim_bg.jpg|caption^null|alt^null|title^egitim_bg|description^null&#8221; bg_image_size=&#8221;initial&#8221;][vc_column width=&#8221;1\/6&#8243;][\/vc_column][vc_column width=&#8221;2\/6&#8243;][\/vc_column][vc_column width=&#8221;2\/6&#8243;][\/vc_column][vc_column width=&#8221;1\/6&#8243;][\/vc_column][\/vc_row][vc_row row_type=&#8221;row&#8221; type=&#8221;grid&#8221; text_align=&#8221;left&#8221; padding_top=&#8221;40&#8243; padding_bottom=&#8221;40&#8243; css_animation=&#8221;&#8221; bg_type=&#8221;image&#8221; parallax_style=&#8221;vcpb-default&#8221; bg_image_new=&#8221;id^15220|url^https:\/\/www.hexagonstudio.com.tr\/wp-content\/uploads\/2019\/03\/egitim_bg.jpg|caption^null|alt^null|title^egitim_bg|description^null&#8221; bg_image_size=&#8221;initial&#8221;][vc_column][vc_row_inner row_type=&#8221;row&#8221; type=&#8221;grid&#8221; text_align=&#8221;left&#8221; css_animation=&#8221;&#8221;][vc_column_inner width=&#8221;1\/2&#8243;][vc_column_text]It is aimed at gaining creativity and innovative...","og_url":"https:\/\/www.hexagonstudio.com.tr\/en\/other-services\/training\/creative-thinking-techniques\/","og_site_name":"Hexagon Studio","article_publisher":"https:\/\/www.facebook.com\/hexagonstudio","article_modified_time":"2019-05-31T19:10:34+00:00","og_image":[{"width":1921,"height":701,"url":"https:\/\/www.hexagonstudio.com.tr\/wp-content\/uploads\/2019\/03\/yaratici-dusunme-teknikleri-01.jpg","type":"image\/jpeg"}],"twitter_card":"summary_large_image","twitter_site":"@hexagonstudiotr","twitter_misc":{"Est. reading time":"5 minutes"},"schema":{"@context":"https:\/\/schema.org","@graph":[{"@type":"WebPage","@id":"https:\/\/www.hexagonstudio.com.tr\/en\/other-services\/training\/creative-thinking-techniques\/","url":"https:\/\/www.hexagonstudio.com.tr\/en\/other-services\/training\/creative-thinking-techniques\/","name":"Creative Thinking Techniques - Hexagon Studio","isPartOf":{"@id":"https:\/\/www.hexagonstudio.com.tr\/en\/#website"},"datePublished":"2019-01-30T02:40:34+00:00","dateModified":"2019-05-31T19:10:34+00:00","breadcrumb":{"@id":"https:\/\/www.hexagonstudio.com.tr\/en\/other-services\/training\/creative-thinking-techniques\/#breadcrumb"},"inLanguage":"en-US","potentialAction":[{"@type":"ReadAction","target":["https:\/\/www.hexagonstudio.com.tr\/en\/other-services\/training\/creative-thinking-techniques\/"]}]},{"@type":"BreadcrumbList","@id":"https:\/\/www.hexagonstudio.com.tr\/en\/other-services\/training\/creative-thinking-techniques\/#breadcrumb","itemListElement":[{"@type":"ListItem","position":1,"name":"Ana sayfa","item":"https:\/\/www.hexagonstudio.com.tr\/en\/"},{"@type":"ListItem","position":2,"name":"Other Services","item":"https:\/\/www.hexagonstudio.com.tr\/en\/other-services\/"},{"@type":"ListItem","position":3,"name":"Training","item":"https:\/\/www.hexagonstudio.com.tr\/en\/other-services\/training\/"},{"@type":"ListItem","position":4,"name":"Creative Thinking Techniques"}]},{"@type":"WebSite","@id":"https:\/\/www.hexagonstudio.com.tr\/en\/#website","url":"https:\/\/www.hexagonstudio.com.tr\/en\/","name":"Hexagon Studio","description":"\u00d6zg\u00fcn Tasar\u0131m ve M\u00fchendislik \u00c7\u00f6z\u00fcmleri","publisher":{"@id":"https:\/\/www.hexagonstudio.com.tr\/en\/#organization"},"potentialAction":[{"@type":"SearchAction","target":{"@type":"EntryPoint","urlTemplate":"https:\/\/www.hexagonstudio.com.tr\/en\/?s={search_term_string}"},"query-input":"required name=search_term_string"}],"inLanguage":"en-US"},{"@type":"Organization","@id":"https:\/\/www.hexagonstudio.com.tr\/en\/#organization","name":"Hexagon Studio","url":"https:\/\/www.hexagonstudio.com.tr\/en\/","logo":{"@type":"ImageObject","inLanguage":"en-US","@id":"https:\/\/www.hexagonstudio.com.tr\/en\/#\/schema\/logo\/image\/","url":"https:\/\/www.hexagonstudio.com.tr\/wp-content\/uploads\/2019\/01\/logo.png","contentUrl":"https:\/\/www.hexagonstudio.com.tr\/wp-content\/uploads\/2019\/01\/logo.png","width":280,"height":130,"caption":"Hexagon Studio"},"image":{"@id":"https:\/\/www.hexagonstudio.com.tr\/en\/#\/schema\/logo\/image\/"},"sameAs":["https:\/\/www.facebook.com\/hexagonstudio","https:\/\/twitter.com\/hexagonstudiotr","https:\/\/www.instagram.com\/hexagonstudiotr\/","https:\/\/www.linkedin.com\/company\/hexagon-studio"]}]}},"jetpack_sharing_enabled":true,"_links":{"self":[{"href":"https:\/\/www.hexagonstudio.com.tr\/en\/wp-json\/wp\/v2\/pages\/18774"}],"collection":[{"href":"https:\/\/www.hexagonstudio.com.tr\/en\/wp-json\/wp\/v2\/pages"}],"about":[{"href":"https:\/\/www.hexagonstudio.com.tr\/en\/wp-json\/wp\/v2\/types\/page"}],"author":[{"embeddable":true,"href":"https:\/\/www.hexagonstudio.com.tr\/en\/wp-json\/wp\/v2\/users\/1"}],"replies":[{"embeddable":true,"href":"https:\/\/www.hexagonstudio.com.tr\/en\/wp-json\/wp\/v2\/comments?post=18774"}],"version-history":[{"count":8,"href":"https:\/\/www.hexagonstudio.com.tr\/en\/wp-json\/wp\/v2\/pages\/18774\/revisions"}],"predecessor-version":[{"id":19906,"href":"https:\/\/www.hexagonstudio.com.tr\/en\/wp-json\/wp\/v2\/pages\/18774\/revisions\/19906"}],"up":[{"embeddable":true,"href":"https:\/\/www.hexagonstudio.com.tr\/en\/wp-json\/wp\/v2\/pages\/18770"}],"wp:featuredmedia":[{"embeddable":true,"href":"https:\/\/www.hexagonstudio.com.tr\/en\/wp-json\/wp\/v2\/media\/14536"}],"wp:attachment":[{"href":"https:\/\/www.hexagonstudio.com.tr\/en\/wp-json\/wp\/v2\/media?parent=18774"}],"curies":[{"name":"wp","href":"https:\/\/api.w.org\/{rel}","templated":true}]}}