{"id":18776,"date":"2019-01-30T05:40:34","date_gmt":"2019-01-30T02:40:34","guid":{"rendered":"https:\/\/www.hexagonstudio.com.tr\/transformation-with-design-and-innovation-leadership\/"},"modified":"2019-07-02T11:09:01","modified_gmt":"2019-07-02T08:09:01","slug":"transformation-with-design-and-innovation-leadership","status":"publish","type":"page","link":"https:\/\/www.hexagonstudio.com.tr\/en\/other-services\/training\/transformation-with-design-and-innovation-leadership\/","title":{"rendered":"Transformation with Design and Innovation Leadership"},"content":{"rendered":"<div class=\"wpb-content-wrapper\"><p>[vc_row row_type=&#8221;row&#8221; type=&#8221;full_width&#8221; text_align=&#8221;left&#8221; css_animation=&#8221;&#8221;][vc_column][vc_single_image image=&#8221;19928&#8243; img_size=&#8221;full&#8221; alignment=&#8221;center&#8221; qode_css_animation=&#8221;&#8221;][\/vc_column][\/vc_row][vc_row row_type=&#8221;row&#8221; type=&#8221;grid&#8221; text_align=&#8221;left&#8221; padding_top=&#8221;40&#8243; padding_bottom=&#8221;40&#8243; css_animation=&#8221;&#8221; bg_type=&#8221;image&#8221; parallax_style=&#8221;vcpb-default&#8221; bg_image_new=&#8221;id^15220|url^https:\/\/www.hexagonstudio.com.tr\/wp-content\/uploads\/2019\/03\/egitim_bg.jpg|caption^null|alt^null|title^egitim_bg|description^null&#8221; bg_image_size=&#8221;initial&#8221;][vc_column width=&#8221;1\/6&#8243;][\/vc_column][vc_column width=&#8221;2\/6&#8243;][vc_column_text css=&#8221;.vc_custom_1560342712102{margin-top: 20px !important;}&#8221;]<\/p>\n<p style=\"text-align: right;\">The World is changing fast, and \u00a0to be adapted the changing world is so important. If \u00a0we want to lead a movement of changing, firstly we should start to change from ourselves and enviroment.<\/p>\n<p style=\"text-align: right;\">What do you say about recognizing and starting to change yourself and environment with Transformation with Design and Innovation Leadership Training?<\/p>\n<p>[\/vc_column_text][\/vc_column][vc_column width=&#8221;2\/6&#8243;]<div id=\"ultimate-heading-871569e745d2f27d5\" class=\"uvc-heading ult-adjust-bottom-margin ultimate-heading-871569e745d2f27d5 uvc-834 \" data-hspacer=\"line_only\"  data-halign=\"left\" style=\"text-align:left\"><div class=\"uvc-main-heading ult-responsive\"  data-ultimate-target='.uvc-heading.ultimate-heading-871569e745d2f27d5 h2'  data-responsive-json-new='{\"font-size\":\"desktop:66px;mobile_landscape:36px;mobile:36px;\",\"line-height\":\"\"}' ><h2 style=\"font-weight:normal;\">transformation with design and innovation leadership<\/h2><\/div><div class=\"uvc-heading-spacer line_only\" style=\"topheight:4px;\"><span class=\"uvc-headings-line\" style=\"border-style:solid;border-bottom-width:4px;border-color:#e3261c;width:50px;\"><\/span><\/div><\/div>[\/vc_column][vc_column width=&#8221;1\/6&#8243;][\/vc_column][\/vc_row][vc_row row_type=&#8221;row&#8221; type=&#8221;grid&#8221; text_align=&#8221;left&#8221; padding_top=&#8221;40&#8243; padding_bottom=&#8221;40&#8243; css_animation=&#8221;&#8221; bg_type=&#8221;image&#8221; parallax_style=&#8221;vcpb-default&#8221; bg_image_new=&#8221;id^15220|url^https:\/\/www.hexagonstudio.com.tr\/wp-content\/uploads\/2019\/03\/egitim_bg.jpg|caption^null|alt^null|title^egitim_bg|description^null&#8221; bg_image_size=&#8221;initial&#8221;][vc_column width=&#8221;1\/2&#8243;]<div id=\"ultimate-heading-244269e745d2f2859\" class=\"uvc-heading ult-adjust-bottom-margin ultimate-heading-244269e745d2f2859 uvc-7911 \" data-hspacer=\"line_only\"  data-halign=\"left\" style=\"text-align:left\"><div class=\"uvc-main-heading ult-responsive\"  data-ultimate-target='.uvc-heading.ultimate-heading-244269e745d2f2859 h2'  data-responsive-json-new='{\"font-size\":\"desktop:36px;mobile_landscape:20px;mobile:20px;\",\"line-height\":\"\"}' ><h2 style=\"font-weight:normal;\">Purpose of Training<\/h2><\/div><div class=\"uvc-heading-spacer line_only\" style=\"margin-bottom:20px;height:4px;\"><span class=\"uvc-headings-line\" style=\"border-style:solid;border-bottom-width:4px;border-color:#e3261c;width:50px;\"><\/span><\/div><\/div>[vc_column_text]It is aimed that people who try to be adapted the changing world, want to do creative and innovative studies and want to start a movement of transformation in the companies enrich their perspective, expand their sphere of influence, recognize more closely themselves, companies and environment. At scope of the training is to be shared methods that you will start, support, generalize and maintain movement of transformation.<\/p>\n<p><em>Period of training \u2013 1 day<\/em>[\/vc_column_text]<div id=\"ultimate-heading-523469e745d2f28b9\" class=\"uvc-heading ult-adjust-bottom-margin ultimate-heading-523469e745d2f28b9 uvc-4947 \" data-hspacer=\"line_only\"  data-halign=\"left\" style=\"text-align:left\"><div class=\"uvc-main-heading ult-responsive\"  data-ultimate-target='.uvc-heading.ultimate-heading-523469e745d2f28b9 h2'  data-responsive-json-new='{\"font-size\":\"desktop:36px;mobile_landscape:20px;mobile:20px;\",\"line-height\":\"\"}' ><h2 style=\"font-weight:normal;\">Participant Profile<\/h2><\/div><div class=\"uvc-heading-spacer line_only\" style=\"margin-bottom:20px;height:4px;\"><span class=\"uvc-headings-line\" style=\"border-style:solid;border-bottom-width:4px;border-color:#e3261c;width:50px;\"><\/span><\/div><\/div>[vc_column_text]Innovation and R&amp;D, Project Management, Human Resources, Business Development and Marketing Departments can participate (for all sectors)[\/vc_column_text][\/vc_column][vc_column width=&#8221;1\/2&#8243;][vc_single_image image=&#8221;14547&#8243; img_size=&#8221;full&#8221; alignment=&#8221;center&#8221; style=&#8221;vc_box_shadow_3d&#8221; qode_css_animation=&#8221;&#8221; css=&#8221;.vc_custom_1553730312728{margin-top: 15px !important;margin-bottom: 15px !important;}&#8221;][\/vc_column][\/vc_row][vc_row row_type=&#8221;row&#8221; type=&#8221;grid&#8221; text_align=&#8221;left&#8221; padding_top=&#8221;40&#8243; padding_bottom=&#8221;40&#8243; css_animation=&#8221;&#8221; bg_type=&#8221;image&#8221; parallax_style=&#8221;vcpb-default&#8221; bg_image_new=&#8221;id^15220|url^https:\/\/www.hexagonstudio.com.tr\/wp-content\/uploads\/2019\/03\/egitim_bg.jpg|caption^null|alt^null|title^egitim_bg|description^null&#8221; bg_image_size=&#8221;initial&#8221;][vc_column]<div id=\"ultimate-heading-548269e745d2f2928\" class=\"uvc-heading ult-adjust-bottom-margin ultimate-heading-548269e745d2f2928 uvc-8771 \" data-hspacer=\"line_only\"  data-halign=\"left\" style=\"text-align:left\"><div class=\"uvc-main-heading ult-responsive\"  data-ultimate-target='.uvc-heading.ultimate-heading-548269e745d2f2928 h2'  data-responsive-json-new='{\"font-size\":\"desktop:36px;mobile_landscape:20px;mobile:20px;\",\"line-height\":\"\"}' ><h2 style=\"font-weight:normal;\">Content<\/h2><\/div><div class=\"uvc-heading-spacer line_only\" style=\"margin-bottom:20px;height:4px;\"><span class=\"uvc-headings-line\" style=\"border-style:solid;border-bottom-width:4px;border-color:#e3261c;width:50px;\"><\/span><\/div><\/div>[vc_row_inner row_type=&#8221;row&#8221; type=&#8221;grid&#8221; text_align=&#8221;left&#8221; css_animation=&#8221;&#8221;][vc_column_inner width=&#8221;1\/2&#8243;][vc_column_text]<\/p>\n<h3><\/h3>\n<h3 style=\"text-align: right;\"><strong>Description of Concepts<\/strong><\/h3>\n<ul>\n<li style=\"text-align: right;\">Design and Designer<\/li>\n<li style=\"text-align: right;\">Concern of Designer<\/li>\n<li style=\"text-align: right;\">Innovation Strategy<\/li>\n<li style=\"text-align: right;\">Strategic Design<\/li>\n<li style=\"text-align: right;\">Innovation Leader and Role<\/li>\n<\/ul>\n<p>[\/vc_column_text][\/vc_column_inner][vc_column_inner width=&#8221;1\/2&#8243;][vc_single_image image=&#8221;18433&#8243; img_size=&#8221;medium&#8221; qode_css_animation=&#8221;&#8221;][\/vc_column_inner][\/vc_row_inner][vc_row_inner row_type=&#8221;row&#8221; type=&#8221;grid&#8221; text_align=&#8221;left&#8221; css_animation=&#8221;&#8221;][vc_column_inner width=&#8221;1\/2&#8243;][vc_single_image image=&#8221;14549&#8243; img_size=&#8221;medium&#8221; alignment=&#8221;right&#8221; style=&#8221;vc_box_shadow_3d&#8221; qode_css_animation=&#8221;&#8221;][\/vc_column_inner][vc_column_inner width=&#8221;1\/2&#8243;][vc_column_text]<\/p>\n<h3 style=\"text-align: right;\">Transformation with Innovation Leadership<\/h3>\n<ul>\n<li style=\"text-align: right;\">Preparing<\/li>\n<li style=\"text-align: right;\">Co-creating<\/li>\n<li style=\"text-align: right;\">Embedding<\/li>\n<\/ul>\n<p>[\/vc_column_text][\/vc_column_inner][\/vc_row_inner][vc_row_inner row_type=&#8221;row&#8221; type=&#8221;grid&#8221; text_align=&#8221;left&#8221; css_animation=&#8221;&#8221;][vc_column_inner width=&#8221;1\/2&#8243;][vc_column_text]<\/p>\n<h3 style=\"text-align: right;\">Aim and Success<\/h3>\n<ul>\n<li style=\"text-align: right;\">Sustainability<\/li>\n<li style=\"text-align: right;\">Achieve the Aim<\/li>\n<\/ul>\n<p>[\/vc_column_text][\/vc_column_inner][vc_column_inner width=&#8221;1\/2&#8243;][vc_single_image image=&#8221;14551&#8243; img_size=&#8221;medium&#8221; style=&#8221;vc_box_shadow_3d&#8221; qode_css_animation=&#8221;&#8221;][\/vc_column_inner][\/vc_row_inner][\/vc_column][\/vc_row][vc_row row_type=&#8221;row&#8221; type=&#8221;grid&#8221; text_align=&#8221;left&#8221; padding_top=&#8221;40&#8243; padding_bottom=&#8221;40&#8243; css_animation=&#8221;&#8221; bg_type=&#8221;image&#8221; parallax_style=&#8221;vcpb-default&#8221; bg_image_new=&#8221;id^15220|url^https:\/\/www.hexagonstudio.com.tr\/wp-content\/uploads\/2019\/03\/egitim_bg.jpg|caption^null|alt^null|title^egitim_bg|description^null&#8221; bg_image_size=&#8221;initial&#8221;][vc_column width=&#8221;1\/3&#8243;][\/vc_column][vc_column width=&#8221;1\/3&#8243;]<div id=\"ultimate-heading-287569e745d2f2986\" class=\"uvc-heading ult-adjust-bottom-margin ultimate-heading-287569e745d2f2986 uvc-1388 \" data-hspacer=\"line_only\"  data-halign=\"left\" style=\"text-align:left\"><div class=\"uvc-main-heading ult-responsive\"  data-ultimate-target='.uvc-heading.ultimate-heading-287569e745d2f2986 h2'  data-responsive-json-new='{\"font-size\":\"desktop:36px;mobile_landscape:20px;mobile:20px;\",\"line-height\":\"\"}' ><h2 style=\"font-weight:normal;\">Transformation Stages<\/h2><\/div><div class=\"uvc-heading-spacer line_only\" style=\"margin-bottom:20px;height:4px;\"><span class=\"uvc-headings-line\" style=\"border-style:solid;border-bottom-width:4px;border-color:#e3261c;width:50px;\"><\/span><\/div><\/div>[vc_single_image image=&#8221;20034&#8243; img_size=&#8221;full&#8221; alignment=&#8221;center&#8221; qode_css_animation=&#8221;&#8221;][\/vc_column][vc_column width=&#8221;1\/3&#8243;][\/vc_column][\/vc_row][vc_row row_type=&#8221;row&#8221; type=&#8221;grid&#8221; text_align=&#8221;left&#8221; padding_bottom=&#8221;40&#8243; css_animation=&#8221;&#8221; bg_type=&#8221;image&#8221; parallax_style=&#8221;vcpb-default&#8221; bg_image_new=&#8221;id^15220|url^https:\/\/www.hexagonstudio.com.tr\/wp-content\/uploads\/2019\/03\/egitim_bg.jpg|caption^null|alt^null|title^egitim_bg|description^null&#8221; bg_image_size=&#8221;initial&#8221;][vc_column width=&#8221;1\/3&#8243;][\/vc_column][vc_column width=&#8221;1\/3&#8243;]<div class=\"call_to_action with_icon\" style=\"background-color: #ffffff;\"><div class=\"two_columns_75_25 clearfix\"><div class=\"text_wrapper column1\"><div class=\"call_to_action_icon_holder\"><div class=\"call_to_action_icon\"><div class=\"call_to_action_icon_inner\"><i class='fa fa-download pull-left . fa-2x' style='color: #dd3333;'><\/i><\/div><\/div><\/div><div class=\"call_to_action_text\"><\/div><\/div><div class=\"button_wrapper column2\"><a href=\"\/wp-content\/uploads\/2019\/05\/transformation-with-design-and-innovation-leadership.pdf\" class=\"qbutton\" target=\"_blank\" style=\"color: #ffffff;border-color: #e3261c;background: #e3261c;background: #e3261c -ms-linear-gradient(bottom, #e3261c 0%, #e3261c 100%);background: #e3261c -moz-linear-gradient(bottom, #e3261c 0%, #e3261c 100%);background: #e3261c -o-linear-gradient(bottom, #e3261c 0%, #e3261c 100%);background: #e3261c -webkit-gradient(linear, left bottom, left top, color-stop(0,#e3261c), color-stop(1, #e3261c));background: #e3261c -webkit-linear-gradient(bottom, #e3261c 0%, #e3261c 100%);background: #e3261c linear-gradient(to top, #e3261c 0%, #e3261c 100%);\">Download the Catalog<\/a><\/div><\/div><\/div>[\/vc_column][vc_column width=&#8221;1\/3&#8243;][\/vc_column][\/vc_row]<\/p>\n<\/div>","protected":false},"excerpt":{"rendered":"<p>[vc_row row_type=&#8221;row&#8221; type=&#8221;full_width&#8221; text_align=&#8221;left&#8221; css_animation=&#8221;&#8221;][vc_column][vc_single_image image=&#8221;19928&#8243; img_size=&#8221;full&#8221; alignment=&#8221;center&#8221; qode_css_animation=&#8221;&#8221;][\/vc_column][\/vc_row][vc_row row_type=&#8221;row&#8221; type=&#8221;grid&#8221; text_align=&#8221;left&#8221; padding_top=&#8221;40&#8243; padding_bottom=&#8221;40&#8243; css_animation=&#8221;&#8221; bg_type=&#8221;image&#8221; parallax_style=&#8221;vcpb-default&#8221; bg_image_new=&#8221;id^15220|url^https:\/\/www.hexagonstudio.com.tr\/wp-content\/uploads\/2019\/03\/egitim_bg.jpg|caption^null|alt^null|title^egitim_bg|description^null&#8221; bg_image_size=&#8221;initial&#8221;][vc_column width=&#8221;1\/6&#8243;][\/vc_column][vc_column width=&#8221;2\/6&#8243;][vc_column_text css=&#8221;.vc_custom_1560342712102{margin-top: 20px !important;}&#8221;] The World is changing fast, and \u00a0to be adapted the changing world is so important. If \u00a0we want to lead a&#8230;<\/p>\n","protected":false},"author":1,"featured_media":14545,"parent":18770,"menu_order":3,"comment_status":"closed","ping_status":"closed","template":"full_width.php","meta":{"_acf_changed":false,"footnotes":""},"acf":[],"yoast_head":"<!-- This site is optimized with the Yoast SEO plugin v22.1 - https:\/\/yoast.com\/wordpress\/plugins\/seo\/ -->\n<title>Transformation with Design and Innovation Leadership - Hexagon Studio<\/title>\n<meta name=\"robots\" content=\"index, follow, max-snippet:-1, max-image-preview:large, max-video-preview:-1\" \/>\n<link rel=\"canonical\" href=\"https:\/\/www.hexagonstudio.com.tr\/en\/other-services\/training\/transformation-with-design-and-innovation-leadership\/\" \/>\n<meta property=\"og:locale\" content=\"en_US\" \/>\n<meta property=\"og:type\" content=\"article\" \/>\n<meta property=\"og:title\" content=\"Transformation with Design and Innovation Leadership - Hexagon Studio\" \/>\n<meta property=\"og:description\" content=\"[vc_row row_type=&#8221;row&#8221; type=&#8221;full_width&#8221; text_align=&#8221;left&#8221; css_animation=&#8221;&#8221;][vc_column][vc_single_image image=&#8221;19928&#8243; img_size=&#8221;full&#8221; alignment=&#8221;center&#8221; qode_css_animation=&#8221;&#8221;][\/vc_column][\/vc_row][vc_row row_type=&#8221;row&#8221; type=&#8221;grid&#8221; text_align=&#8221;left&#8221; padding_top=&#8221;40&#8243; padding_bottom=&#8221;40&#8243; css_animation=&#8221;&#8221; bg_type=&#8221;image&#8221; parallax_style=&#8221;vcpb-default&#8221; bg_image_new=&#8221;id^15220|url^https:\/\/www.hexagonstudio.com.tr\/wp-content\/uploads\/2019\/03\/egitim_bg.jpg|caption^null|alt^null|title^egitim_bg|description^null&#8221; bg_image_size=&#8221;initial&#8221;][vc_column width=&#8221;1\/6&#8243;][\/vc_column][vc_column width=&#8221;2\/6&#8243;][vc_column_text css=&#8221;.vc_custom_1560342712102{margin-top: 20px !important;}&#8221;] The World is changing fast, and \u00a0to be adapted the changing world is so important. If \u00a0we want to lead a...\" \/>\n<meta property=\"og:url\" content=\"https:\/\/www.hexagonstudio.com.tr\/en\/other-services\/training\/transformation-with-design-and-innovation-leadership\/\" \/>\n<meta property=\"og:site_name\" content=\"Hexagon Studio\" \/>\n<meta property=\"article:publisher\" content=\"https:\/\/www.facebook.com\/hexagonstudio\" \/>\n<meta property=\"article:modified_time\" content=\"2019-07-02T08:09:01+00:00\" \/>\n<meta property=\"og:image\" content=\"https:\/\/www.hexagonstudio.com.tr\/wp-content\/uploads\/2019\/03\/tasarim-ve-inovasyon-liderligi-ile-donusum-01.jpg\" \/>\n\t<meta property=\"og:image:width\" content=\"1921\" \/>\n\t<meta property=\"og:image:height\" content=\"701\" \/>\n\t<meta property=\"og:image:type\" content=\"image\/jpeg\" \/>\n<meta name=\"twitter:card\" content=\"summary_large_image\" \/>\n<meta name=\"twitter:site\" content=\"@hexagonstudiotr\" \/>\n<meta name=\"twitter:label1\" content=\"Est. reading time\" \/>\n\t<meta name=\"twitter:data1\" content=\"5 minutes\" \/>\n<!-- \/ Yoast SEO plugin. -->","yoast_head_json":{"title":"Transformation with Design and Innovation Leadership - Hexagon Studio","robots":{"index":"index","follow":"follow","max-snippet":"max-snippet:-1","max-image-preview":"max-image-preview:large","max-video-preview":"max-video-preview:-1"},"canonical":"https:\/\/www.hexagonstudio.com.tr\/en\/other-services\/training\/transformation-with-design-and-innovation-leadership\/","og_locale":"en_US","og_type":"article","og_title":"Transformation with Design and Innovation Leadership - Hexagon Studio","og_description":"[vc_row row_type=&#8221;row&#8221; type=&#8221;full_width&#8221; text_align=&#8221;left&#8221; css_animation=&#8221;&#8221;][vc_column][vc_single_image image=&#8221;19928&#8243; img_size=&#8221;full&#8221; alignment=&#8221;center&#8221; qode_css_animation=&#8221;&#8221;][\/vc_column][\/vc_row][vc_row row_type=&#8221;row&#8221; type=&#8221;grid&#8221; text_align=&#8221;left&#8221; padding_top=&#8221;40&#8243; padding_bottom=&#8221;40&#8243; css_animation=&#8221;&#8221; bg_type=&#8221;image&#8221; parallax_style=&#8221;vcpb-default&#8221; bg_image_new=&#8221;id^15220|url^https:\/\/www.hexagonstudio.com.tr\/wp-content\/uploads\/2019\/03\/egitim_bg.jpg|caption^null|alt^null|title^egitim_bg|description^null&#8221; bg_image_size=&#8221;initial&#8221;][vc_column width=&#8221;1\/6&#8243;][\/vc_column][vc_column width=&#8221;2\/6&#8243;][vc_column_text css=&#8221;.vc_custom_1560342712102{margin-top: 20px !important;}&#8221;] The World is changing fast, and \u00a0to be adapted the changing world is so important. If \u00a0we want to lead a...","og_url":"https:\/\/www.hexagonstudio.com.tr\/en\/other-services\/training\/transformation-with-design-and-innovation-leadership\/","og_site_name":"Hexagon Studio","article_publisher":"https:\/\/www.facebook.com\/hexagonstudio","article_modified_time":"2019-07-02T08:09:01+00:00","og_image":[{"width":1921,"height":701,"url":"https:\/\/www.hexagonstudio.com.tr\/wp-content\/uploads\/2019\/03\/tasarim-ve-inovasyon-liderligi-ile-donusum-01.jpg","type":"image\/jpeg"}],"twitter_card":"summary_large_image","twitter_site":"@hexagonstudiotr","twitter_misc":{"Est. reading time":"5 minutes"},"schema":{"@context":"https:\/\/schema.org","@graph":[{"@type":"WebPage","@id":"https:\/\/www.hexagonstudio.com.tr\/en\/other-services\/training\/transformation-with-design-and-innovation-leadership\/","url":"https:\/\/www.hexagonstudio.com.tr\/en\/other-services\/training\/transformation-with-design-and-innovation-leadership\/","name":"Transformation with Design and Innovation Leadership - Hexagon Studio","isPartOf":{"@id":"https:\/\/www.hexagonstudio.com.tr\/en\/#website"},"datePublished":"2019-01-30T02:40:34+00:00","dateModified":"2019-07-02T08:09:01+00:00","breadcrumb":{"@id":"https:\/\/www.hexagonstudio.com.tr\/en\/other-services\/training\/transformation-with-design-and-innovation-leadership\/#breadcrumb"},"inLanguage":"en-US","potentialAction":[{"@type":"ReadAction","target":["https:\/\/www.hexagonstudio.com.tr\/en\/other-services\/training\/transformation-with-design-and-innovation-leadership\/"]}]},{"@type":"BreadcrumbList","@id":"https:\/\/www.hexagonstudio.com.tr\/en\/other-services\/training\/transformation-with-design-and-innovation-leadership\/#breadcrumb","itemListElement":[{"@type":"ListItem","position":1,"name":"Ana sayfa","item":"https:\/\/www.hexagonstudio.com.tr\/en\/"},{"@type":"ListItem","position":2,"name":"Other Services","item":"https:\/\/www.hexagonstudio.com.tr\/en\/other-services\/"},{"@type":"ListItem","position":3,"name":"Training","item":"https:\/\/www.hexagonstudio.com.tr\/en\/other-services\/training\/"},{"@type":"ListItem","position":4,"name":"Transformation with Design and Innovation Leadership"}]},{"@type":"WebSite","@id":"https:\/\/www.hexagonstudio.com.tr\/en\/#website","url":"https:\/\/www.hexagonstudio.com.tr\/en\/","name":"Hexagon Studio","description":"\u00d6zg\u00fcn Tasar\u0131m ve M\u00fchendislik \u00c7\u00f6z\u00fcmleri","publisher":{"@id":"https:\/\/www.hexagonstudio.com.tr\/en\/#organization"},"potentialAction":[{"@type":"SearchAction","target":{"@type":"EntryPoint","urlTemplate":"https:\/\/www.hexagonstudio.com.tr\/en\/?s={search_term_string}"},"query-input":"required name=search_term_string"}],"inLanguage":"en-US"},{"@type":"Organization","@id":"https:\/\/www.hexagonstudio.com.tr\/en\/#organization","name":"Hexagon Studio","url":"https:\/\/www.hexagonstudio.com.tr\/en\/","logo":{"@type":"ImageObject","inLanguage":"en-US","@id":"https:\/\/www.hexagonstudio.com.tr\/en\/#\/schema\/logo\/image\/","url":"https:\/\/www.hexagonstudio.com.tr\/wp-content\/uploads\/2019\/01\/logo.png","contentUrl":"https:\/\/www.hexagonstudio.com.tr\/wp-content\/uploads\/2019\/01\/logo.png","width":280,"height":130,"caption":"Hexagon Studio"},"image":{"@id":"https:\/\/www.hexagonstudio.com.tr\/en\/#\/schema\/logo\/image\/"},"sameAs":["https:\/\/www.facebook.com\/hexagonstudio","https:\/\/twitter.com\/hexagonstudiotr","https:\/\/www.instagram.com\/hexagonstudiotr\/","https:\/\/www.linkedin.com\/company\/hexagon-studio"]}]}},"jetpack_sharing_enabled":true,"_links":{"self":[{"href":"https:\/\/www.hexagonstudio.com.tr\/en\/wp-json\/wp\/v2\/pages\/18776"}],"collection":[{"href":"https:\/\/www.hexagonstudio.com.tr\/en\/wp-json\/wp\/v2\/pages"}],"about":[{"href":"https:\/\/www.hexagonstudio.com.tr\/en\/wp-json\/wp\/v2\/types\/page"}],"author":[{"embeddable":true,"href":"https:\/\/www.hexagonstudio.com.tr\/en\/wp-json\/wp\/v2\/users\/1"}],"replies":[{"embeddable":true,"href":"https:\/\/www.hexagonstudio.com.tr\/en\/wp-json\/wp\/v2\/comments?post=18776"}],"version-history":[{"count":9,"href":"https:\/\/www.hexagonstudio.com.tr\/en\/wp-json\/wp\/v2\/pages\/18776\/revisions"}],"predecessor-version":[{"id":20337,"href":"https:\/\/www.hexagonstudio.com.tr\/en\/wp-json\/wp\/v2\/pages\/18776\/revisions\/20337"}],"up":[{"embeddable":true,"href":"https:\/\/www.hexagonstudio.com.tr\/en\/wp-json\/wp\/v2\/pages\/18770"}],"wp:featuredmedia":[{"embeddable":true,"href":"https:\/\/www.hexagonstudio.com.tr\/en\/wp-json\/wp\/v2\/media\/14545"}],"wp:attachment":[{"href":"https:\/\/www.hexagonstudio.com.tr\/en\/wp-json\/wp\/v2\/media?parent=18776"}],"curies":[{"name":"wp","href":"https:\/\/api.w.org\/{rel}","templated":true}]}}