{"id":18778,"date":"2019-01-30T05:40:36","date_gmt":"2019-01-30T02:40:36","guid":{"rendered":"https:\/\/www.hexagonstudio.com.tr\/dfmea\/"},"modified":"2019-05-31T21:01:51","modified_gmt":"2019-05-31T18:01:51","slug":"dfmea","status":"publish","type":"page","link":"https:\/\/www.hexagonstudio.com.tr\/en\/other-services\/training\/dfmea\/","title":{"rendered":"DFMEA"},"content":{"rendered":"<div class=\"wpb-content-wrapper\"><p>[vc_row row_type=&#8221;row&#8221; type=&#8221;full_width&#8221; text_align=&#8221;left&#8221; css_animation=&#8221;&#8221;][vc_column][vc_single_image image=&#8221;15347&#8243; img_size=&#8221;full&#8221; alignment=&#8221;center&#8221; qode_css_animation=&#8221;&#8221;][\/vc_column][\/vc_row][vc_row row_type=&#8221;row&#8221; type=&#8221;grid&#8221; text_align=&#8221;left&#8221; padding_top=&#8221;40&#8243; padding_bottom=&#8221;40&#8243; css_animation=&#8221;&#8221; bg_type=&#8221;image&#8221; parallax_style=&#8221;vcpb-default&#8221; bg_image_new=&#8221;id^15220|url^https:\/\/www.hexagonstudio.com.tr\/wp-content\/uploads\/2019\/03\/egitim_bg.jpg|caption^null|alt^null|title^egitim_bg|description^null&#8221; bg_image_size=&#8221;initial&#8221;][vc_column width=&#8221;1\/6&#8243;][\/vc_column][vc_column width=&#8221;2\/6&#8243;]<div id=\"ultimate-heading-879469f3b366446ff\" class=\"uvc-heading ult-adjust-bottom-margin ultimate-heading-879469f3b366446ff uvc-569 \" data-hspacer=\"no_spacer\"  data-halign=\"right\" style=\"text-align:right\"><div class=\"uvc-heading-spacer no_spacer\" style=\"top\"><\/div><div class=\"uvc-main-heading ult-responsive\"  data-ultimate-target='.uvc-heading.ultimate-heading-879469f3b366446ff p'  data-responsive-json-new='{\"font-size\":\"desktop:18px;\",\"line-height\":\"desktop:26px;\"}' ><p style=\"font-weight:normal;margin-top:15px;\">Yeni bir \u00fcr\u00fcn\u00fc tasarlarken ya da bir prosesi de\u011fi\u015ftirirken ba\u015far\u0131l\u0131 sonu\u00e7lar almak ve hata risklerini en aza indirmek gerekir. DFMEA \u00e7al\u0131\u015fmalar\u0131n\u0131n amac\u0131; tasar\u0131mlardan ba\u015flayan t\u00fcm s\u00fcre\u00e7leri analiz etmek ve gerekli iyile\u015ftirmeleri yaparak, mevcut veya olas\u0131 hatalar\u0131 ve bu hatalar\u0131n nedenlerini belirleyerek yeniden olu\u015fmalar\u0131n\u0131 \u00f6nlemektir.<\/p><\/div><\/div>[\/vc_column][vc_column width=&#8221;1\/6&#8243;]<div id=\"ultimate-heading-34269f3b36644793\" class=\"uvc-heading ult-adjust-bottom-margin ultimate-heading-34269f3b36644793 uvc-2295 \" data-hspacer=\"line_only\"  data-halign=\"left\" style=\"text-align:left\"><div class=\"uvc-main-heading ult-responsive\"  data-ultimate-target='.uvc-heading.ultimate-heading-34269f3b36644793 h2'  data-responsive-json-new='{\"font-size\":\"desktop:66px;mobile_landscape:36px;mobile:36px;\",\"line-height\":\"\"}' ><h2 style=\"font-weight:normal;\">DFMEA e\u011fitimi<\/h2><\/div><div class=\"uvc-heading-spacer line_only\" style=\"topheight:4px;\"><span class=\"uvc-headings-line\" style=\"border-style:solid;border-bottom-width:4px;border-color:#e3261c;width:50px;\"><\/span><\/div><\/div>[\/vc_column][vc_column width=&#8221;2\/6&#8243;][\/vc_column][\/vc_row][vc_row row_type=&#8221;row&#8221; type=&#8221;grid&#8221; text_align=&#8221;left&#8221; padding_top=&#8221;40&#8243; padding_bottom=&#8221;40&#8243; css_animation=&#8221;&#8221; bg_type=&#8221;image&#8221; parallax_style=&#8221;vcpb-default&#8221; bg_image_new=&#8221;id^15220|url^https:\/\/www.hexagonstudio.com.tr\/wp-content\/uploads\/2019\/03\/egitim_bg.jpg|caption^null|alt^null|title^egitim_bg|description^null&#8221; bg_image_size=&#8221;initial&#8221;][vc_column][vc_row_inner row_type=&#8221;row&#8221; type=&#8221;grid&#8221; text_align=&#8221;left&#8221; css_animation=&#8221;&#8221;][vc_column_inner width=&#8221;1\/4&#8243;][vc_separator type=&#8221;transparent&#8221; thickness=&#8221;60&#8243;][vc_column_text]<br \/>\n&#8220;Prevent &amp; Detect The Cause Before The Failure Mode Occurs&#8221;<br \/>\n[\/vc_column_text][\/vc_column_inner][vc_column_inner width=&#8221;3\/4&#8243;][vc_single_image image=&#8221;15352&#8243; img_size=&#8221;full&#8221; style=&#8221;vc_box_shadow_3d&#8221; qode_css_animation=&#8221;&#8221;][\/vc_column_inner][\/vc_row_inner]<div id=\"ultimate-heading-246769f3b366447fe\" class=\"uvc-heading ult-adjust-bottom-margin ultimate-heading-246769f3b366447fe uvc-3603 \" data-hspacer=\"line_only\"  data-halign=\"left\" style=\"text-align:left\"><div class=\"uvc-main-heading ult-responsive\"  data-ultimate-target='.uvc-heading.ultimate-heading-246769f3b366447fe h2'  data-responsive-json-new='{\"font-size\":\"desktop:36px;mobile_landscape:20px;mobile:20px;\",\"line-height\":\"\"}' ><h2 style=\"font-weight:normal;\">DFMEA Nedir?<\/h2><\/div><div class=\"uvc-heading-spacer line_only\" style=\"margin-bottom:20px;height:4px;\"><span class=\"uvc-headings-line\" style=\"border-style:solid;border-bottom-width:4px;border-color:#e3261c;width:50px;\"><\/span><\/div><\/div>[vc_row_inner row_type=&#8221;row&#8221; type=&#8221;grid&#8221; text_align=&#8221;left&#8221; css_animation=&#8221;&#8221;][vc_column_inner width=&#8221;1\/2&#8243;][vc_column_text]DFMEA (Design Failure Modes and Effects Analysis \u2013 Tasar\u0131m Hata T\u00fcrleri ve Etkileri Analizi); gerek \u00fcr\u00fcn geli\u015ftirme gerekse \u00fcretim s\u00fcre\u00e7lerinde risklerin belirli y\u00f6ntemlerle analiz edilmesini ve bu analizlerden \u00e7\u0131kan sonu\u00e7lara g\u00f6re aksiyon al\u0131nmas\u0131n\u0131 sa\u011flayan analitik bir metottur.[\/vc_column_text][\/vc_column_inner][vc_column_inner width=&#8221;1\/2&#8243;][vc_single_image image=&#8221;18440&#8243; img_size=&#8221;full&#8221; alignment=&#8221;center&#8221; qode_css_animation=&#8221;&#8221;][\/vc_column_inner][\/vc_row_inner][\/vc_column][\/vc_row][vc_row row_type=&#8221;row&#8221; type=&#8221;grid&#8221; text_align=&#8221;left&#8221; padding_top=&#8221;40&#8243; padding_bottom=&#8221;40&#8243; css_animation=&#8221;&#8221; bg_type=&#8221;image&#8221; parallax_style=&#8221;vcpb-default&#8221; bg_image_new=&#8221;id^15220|url^https:\/\/www.hexagonstudio.com.tr\/wp-content\/uploads\/2019\/03\/egitim_bg.jpg|caption^null|alt^null|title^egitim_bg|description^null&#8221; bg_image_size=&#8221;initial&#8221;][vc_column]<div id=\"ultimate-heading-962669f3b36644860\" class=\"uvc-heading ult-adjust-bottom-margin ultimate-heading-962669f3b36644860 uvc-5141 \" data-hspacer=\"line_only\"  data-halign=\"left\" style=\"text-align:left\"><div class=\"uvc-main-heading ult-responsive\"  data-ultimate-target='.uvc-heading.ultimate-heading-962669f3b36644860 h2'  data-responsive-json-new='{\"font-size\":\"desktop:36px;mobile_landscape:20px;mobile:20px;\",\"line-height\":\"\"}' ><h2 style=\"font-weight:normal;\">E\u011e\u0130T\u0130M\u0130N \u0130\u00c7ER\u0130\u011e\u0130<\/h2><\/div><div class=\"uvc-heading-spacer line_only\" style=\"margin-bottom:20px;height:4px;\"><span class=\"uvc-headings-line\" style=\"border-style:solid;border-bottom-width:4px;border-color:#e3261c;width:50px;\"><\/span><\/div><\/div>[vc_single_image image=&#8221;18447&#8243; img_size=&#8221;full&#8221; alignment=&#8221;center&#8221; qode_css_animation=&#8221;&#8221;][vc_row_inner row_type=&#8221;row&#8221; type=&#8221;grid&#8221; text_align=&#8221;left&#8221; css_animation=&#8221;&#8221;][vc_column_inner width=&#8221;1\/2&#8243;][vc_column_text]<\/p>\n<h3>1. G\u00fcn Teorik E\u011fitim<\/h3>\n<ul>\n<li>\u00dcr\u00fcn\/Tasar\u0131m Geli\u015ftirme s\u00fcreci<\/li>\n<li>DFMEA nedir?<\/li>\n<li>Tarih\u00e7esi ve amac\u0131, \u015firketlere getirdi\u011fi avantajlar<\/li>\n<li>DFMEA planlamas\u0131<\/li>\n<li>\u00d6n haz\u0131rl\u0131klar (Kalite Tarih\u00e7esi, S\u0131n\u0131r Etkile\u015fim \u015eemas\u0131 (Boundary Diagram), Parametre \u015eemas\u0131 ( P. Diagram))<\/li>\n<li>DFMEA nas\u0131l uygulan\u0131r?, ne zaman g\u00fcncellenir?<\/li>\n<li>Tasar\u0131m Do\u011frulama Plan\u0131<\/li>\n<li>Kritik ve \u00f6nemli karakteristikler ve teknik resme aktar\u0131lmas\u0131<\/li>\n<\/ul>\n<p>[\/vc_column_text][\/vc_column_inner][vc_column_inner width=&#8221;1\/2&#8243;][vc_column_text]<\/p>\n<h3>2. G\u00fcn Pratik Uygulama<\/h3>\n<ul>\n<li>\u00d6rnek bir alt sistemin belirlenmesi<\/li>\n<li>S\u0131n\u0131r Etkile\u015fim \u015eemas\u0131 \u00e7al\u0131\u015fmas\u0131 ile sistemin\/prosesin s\u0131n\u0131rlar\u0131\/kapsam\u0131 belirlenecek ve odaklan\u0131lan sistem ile kom\u015fu sistemlerin aras\u0131ndaki ileti\u015fim ve ba\u011flant\u0131 y\u00f6ntemleri a\u00e7\u0131kl\u0131\u011fa kavu\u015fturulmas\u0131.<\/li>\n<li>Parametre \u015eemas\u0131 \u00e7al\u0131\u015fmas\u0131 ile de sistemin girdileri, \u00e7\u0131kt\u0131lar\u0131, sistemi bozmaya \u00e7al\u0131\u015fan g\u00fcr\u00fclt\u00fc fakt\u00f6rleri, tasar\u0131m\/proses parametreleri ve hata modlar\u0131 belirlenmesi.<\/li>\n<li>Konu \u00fczerinde DFMEA uygulamas\u0131 ger\u00e7ekle\u015ftirilmesi<\/li>\n<li>S\u0131n\u0131r Etkile\u015fim \u015eemas\u0131 &#8211; Boundary Diagram Parametre \u015eemas\u0131 &#8211; P.Diagram<\/li>\n<\/ul>\n<p>[\/vc_column_text][\/vc_column_inner][\/vc_row_inner][\/vc_column][\/vc_row][vc_row row_type=&#8221;row&#8221; type=&#8221;grid&#8221; text_align=&#8221;left&#8221; padding_top=&#8221;40&#8243; padding_bottom=&#8221;40&#8243; css_animation=&#8221;&#8221; bg_type=&#8221;image&#8221; parallax_style=&#8221;vcpb-default&#8221; bg_image_new=&#8221;id^15220|url^https:\/\/www.hexagonstudio.com.tr\/wp-content\/uploads\/2019\/03\/egitim_bg.jpg|caption^null|alt^null|title^egitim_bg|description^null&#8221; bg_image_size=&#8221;initial&#8221;][vc_column][vc_row_inner row_type=&#8221;row&#8221; type=&#8221;grid&#8221; text_align=&#8221;left&#8221; css_animation=&#8221;&#8221;][vc_column_inner width=&#8221;1\/2&#8243;]<div id=\"ultimate-heading-126969f3b366448be\" class=\"uvc-heading ult-adjust-bottom-margin ultimate-heading-126969f3b366448be uvc-6721 \" data-hspacer=\"line_only\"  data-halign=\"left\" style=\"text-align:left\"><div class=\"uvc-main-heading ult-responsive\"  data-ultimate-target='.uvc-heading.ultimate-heading-126969f3b366448be h2'  data-responsive-json-new='{\"font-size\":\"desktop:36px;mobile_landscape:20px;mobile:20px;\",\"line-height\":\"\"}' ><h2 style=\"font-weight:normal;\">SINIR ETK\u0130LE\u015e\u0130M \u015eEMASI<\/h2><\/div><div class=\"uvc-heading-spacer line_only\" style=\"margin-bottom:20px;height:4px;\"><span class=\"uvc-headings-line\" style=\"border-style:solid;border-bottom-width:4px;border-color:#e3261c;width:50px;\"><\/span><\/div><\/div>[vc_column_text]<\/p>\n<h3>Boundry Diagram<\/h3>\n<p>[\/vc_column_text][vc_single_image image=&#8221;18444&#8243; img_size=&#8221;full&#8221; alignment=&#8221;center&#8221; qode_css_animation=&#8221;&#8221;][\/vc_column_inner][vc_column_inner width=&#8221;1\/2&#8243;]<div id=\"ultimate-heading-469669f3b36644919\" class=\"uvc-heading ult-adjust-bottom-margin ultimate-heading-469669f3b36644919 uvc-5982 \" data-hspacer=\"line_only\"  data-halign=\"left\" style=\"text-align:left\"><div class=\"uvc-main-heading ult-responsive\"  data-ultimate-target='.uvc-heading.ultimate-heading-469669f3b36644919 h2'  data-responsive-json-new='{\"font-size\":\"desktop:36px;mobile_landscape:20px;mobile:20px;\",\"line-height\":\"\"}' ><h2 style=\"font-weight:normal;\">PARAMETRE \u015eEMASI<\/h2><\/div><div class=\"uvc-heading-spacer line_only\" style=\"margin-bottom:20px;height:4px;\"><span class=\"uvc-headings-line\" style=\"border-style:solid;border-bottom-width:4px;border-color:#e3261c;width:50px;\"><\/span><\/div><\/div>[vc_column_text]<\/p>\n<h3>P. Diagram<\/h3>\n<p>[\/vc_column_text][vc_single_image image=&#8221;18442&#8243; img_size=&#8221;full&#8221; alignment=&#8221;center&#8221; qode_css_animation=&#8221;&#8221;][\/vc_column_inner][\/vc_row_inner][\/vc_column][\/vc_row][vc_row row_type=&#8221;row&#8221; type=&#8221;grid&#8221; text_align=&#8221;left&#8221; padding_bottom=&#8221;40&#8243; css_animation=&#8221;&#8221; bg_type=&#8221;image&#8221; parallax_style=&#8221;vcpb-default&#8221; bg_image_new=&#8221;id^15220|url^https:\/\/www.hexagonstudio.com.tr\/wp-content\/uploads\/2019\/03\/egitim_bg.jpg|caption^null|alt^null|title^egitim_bg|description^null&#8221; bg_image_size=&#8221;initial&#8221;][vc_column width=&#8221;1\/3&#8243;][\/vc_column][vc_column width=&#8221;1\/3&#8243;]<div class=\"call_to_action with_icon\" style=\"background-color: #ffffff;\"><div class=\"two_columns_75_25 clearfix\"><div class=\"text_wrapper column1\"><div class=\"call_to_action_icon_holder\"><div class=\"call_to_action_icon\"><div class=\"call_to_action_icon_inner\"><i class='fa fa-download pull-left . fa-2x' style='color: #dd3333;'><\/i><\/div><\/div><\/div><div class=\"call_to_action_text\"><\/div><\/div><div class=\"button_wrapper column2\"><a href=\"\/wp-content\/uploads\/2019\/03\/4.DFMEA_.pdf\" class=\"qbutton\" target=\"_blank\" style=\"color: #ffffff;border-color: #e3261c;background: #e3261c;background: #e3261c -ms-linear-gradient(bottom, #e3261c 0%, #e3261c 100%);background: #e3261c -moz-linear-gradient(bottom, #e3261c 0%, #e3261c 100%);background: #e3261c -o-linear-gradient(bottom, #e3261c 0%, #e3261c 100%);background: #e3261c -webkit-gradient(linear, left bottom, left top, color-stop(0,#e3261c), color-stop(1, #e3261c));background: #e3261c -webkit-linear-gradient(bottom, #e3261c 0%, #e3261c 100%);background: #e3261c linear-gradient(to top, #e3261c 0%, #e3261c 100%);\">Katalo\u011fu indirin<\/a><\/div><\/div><\/div>[\/vc_column][vc_column width=&#8221;1\/3&#8243;][\/vc_column][\/vc_row]<\/p>\n<\/div>","protected":false},"excerpt":{"rendered":"<p>[vc_row row_type=&#8221;row&#8221; type=&#8221;full_width&#8221; text_align=&#8221;left&#8221; css_animation=&#8221;&#8221;][vc_column][vc_single_image image=&#8221;15347&#8243; img_size=&#8221;full&#8221; alignment=&#8221;center&#8221; qode_css_animation=&#8221;&#8221;][\/vc_column][\/vc_row][vc_row row_type=&#8221;row&#8221; type=&#8221;grid&#8221; text_align=&#8221;left&#8221; padding_top=&#8221;40&#8243; padding_bottom=&#8221;40&#8243; css_animation=&#8221;&#8221; bg_type=&#8221;image&#8221; parallax_style=&#8221;vcpb-default&#8221; bg_image_new=&#8221;id^15220|url^https:\/\/www.hexagonstudio.com.tr\/wp-content\/uploads\/2019\/03\/egitim_bg.jpg|caption^null|alt^null|title^egitim_bg|description^null&#8221; bg_image_size=&#8221;initial&#8221;][vc_column width=&#8221;1\/6&#8243;][\/vc_column][vc_column width=&#8221;2\/6&#8243;][\/vc_column][vc_column width=&#8221;1\/6&#8243;][\/vc_column][vc_column width=&#8221;2\/6&#8243;][\/vc_column][\/vc_row][vc_row row_type=&#8221;row&#8221; type=&#8221;grid&#8221; text_align=&#8221;left&#8221; padding_top=&#8221;40&#8243; padding_bottom=&#8221;40&#8243; css_animation=&#8221;&#8221; bg_type=&#8221;image&#8221; parallax_style=&#8221;vcpb-default&#8221; bg_image_new=&#8221;id^15220|url^https:\/\/www.hexagonstudio.com.tr\/wp-content\/uploads\/2019\/03\/egitim_bg.jpg|caption^null|alt^null|title^egitim_bg|description^null&#8221; bg_image_size=&#8221;initial&#8221;][vc_column][vc_row_inner row_type=&#8221;row&#8221; type=&#8221;grid&#8221; text_align=&#8221;left&#8221; css_animation=&#8221;&#8221;][vc_column_inner width=&#8221;1\/4&#8243;][vc_separator type=&#8221;transparent&#8221; thickness=&#8221;60&#8243;][vc_column_text] &#8220;Prevent &amp; Detect The Cause&#8230;<\/p>\n","protected":false},"author":1,"featured_media":0,"parent":18770,"menu_order":4,"comment_status":"closed","ping_status":"closed","template":"full_width.php","meta":{"_acf_changed":false,"footnotes":""},"acf":[],"yoast_head":"<!-- This site is optimized with the Yoast SEO plugin v22.1 - https:\/\/yoast.com\/wordpress\/plugins\/seo\/ -->\n<title>DFMEA - Hexagon Studio<\/title>\n<meta name=\"robots\" content=\"index, follow, max-snippet:-1, max-image-preview:large, max-video-preview:-1\" \/>\n<link rel=\"canonical\" href=\"https:\/\/www.hexagonstudio.com.tr\/en\/other-services\/training\/dfmea\/\" \/>\n<meta property=\"og:locale\" content=\"en_US\" \/>\n<meta property=\"og:type\" content=\"article\" \/>\n<meta property=\"og:title\" content=\"DFMEA - Hexagon Studio\" \/>\n<meta property=\"og:description\" content=\"[vc_row row_type=&#8221;row&#8221; type=&#8221;full_width&#8221; text_align=&#8221;left&#8221; css_animation=&#8221;&#8221;][vc_column][vc_single_image image=&#8221;15347&#8243; img_size=&#8221;full&#8221; alignment=&#8221;center&#8221; qode_css_animation=&#8221;&#8221;][\/vc_column][\/vc_row][vc_row row_type=&#8221;row&#8221; type=&#8221;grid&#8221; text_align=&#8221;left&#8221; padding_top=&#8221;40&#8243; padding_bottom=&#8221;40&#8243; css_animation=&#8221;&#8221; bg_type=&#8221;image&#8221; parallax_style=&#8221;vcpb-default&#8221; bg_image_new=&#8221;id^15220|url^https:\/\/www.hexagonstudio.com.tr\/wp-content\/uploads\/2019\/03\/egitim_bg.jpg|caption^null|alt^null|title^egitim_bg|description^null&#8221; bg_image_size=&#8221;initial&#8221;][vc_column width=&#8221;1\/6&#8243;][\/vc_column][vc_column width=&#8221;2\/6&#8243;][\/vc_column][vc_column width=&#8221;1\/6&#8243;][\/vc_column][vc_column width=&#8221;2\/6&#8243;][\/vc_column][\/vc_row][vc_row row_type=&#8221;row&#8221; type=&#8221;grid&#8221; text_align=&#8221;left&#8221; padding_top=&#8221;40&#8243; padding_bottom=&#8221;40&#8243; css_animation=&#8221;&#8221; bg_type=&#8221;image&#8221; parallax_style=&#8221;vcpb-default&#8221; bg_image_new=&#8221;id^15220|url^https:\/\/www.hexagonstudio.com.tr\/wp-content\/uploads\/2019\/03\/egitim_bg.jpg|caption^null|alt^null|title^egitim_bg|description^null&#8221; bg_image_size=&#8221;initial&#8221;][vc_column][vc_row_inner row_type=&#8221;row&#8221; type=&#8221;grid&#8221; text_align=&#8221;left&#8221; css_animation=&#8221;&#8221;][vc_column_inner width=&#8221;1\/4&#8243;][vc_separator type=&#8221;transparent&#8221; thickness=&#8221;60&#8243;][vc_column_text] &#8220;Prevent &amp; Detect The Cause...\" \/>\n<meta property=\"og:url\" content=\"https:\/\/www.hexagonstudio.com.tr\/en\/other-services\/training\/dfmea\/\" \/>\n<meta property=\"og:site_name\" content=\"Hexagon Studio\" \/>\n<meta property=\"article:publisher\" content=\"https:\/\/www.facebook.com\/hexagonstudio\" \/>\n<meta property=\"article:modified_time\" content=\"2019-05-31T18:01:51+00:00\" \/>\n<meta name=\"twitter:card\" content=\"summary_large_image\" \/>\n<meta name=\"twitter:site\" content=\"@hexagonstudiotr\" \/>\n<meta name=\"twitter:label1\" content=\"Est. reading time\" \/>\n\t<meta name=\"twitter:data1\" content=\"6 minutes\" \/>\n<!-- \/ Yoast SEO plugin. -->","yoast_head_json":{"title":"DFMEA - Hexagon Studio","robots":{"index":"index","follow":"follow","max-snippet":"max-snippet:-1","max-image-preview":"max-image-preview:large","max-video-preview":"max-video-preview:-1"},"canonical":"https:\/\/www.hexagonstudio.com.tr\/en\/other-services\/training\/dfmea\/","og_locale":"en_US","og_type":"article","og_title":"DFMEA - Hexagon Studio","og_description":"[vc_row row_type=&#8221;row&#8221; type=&#8221;full_width&#8221; text_align=&#8221;left&#8221; css_animation=&#8221;&#8221;][vc_column][vc_single_image image=&#8221;15347&#8243; img_size=&#8221;full&#8221; alignment=&#8221;center&#8221; qode_css_animation=&#8221;&#8221;][\/vc_column][\/vc_row][vc_row row_type=&#8221;row&#8221; type=&#8221;grid&#8221; text_align=&#8221;left&#8221; padding_top=&#8221;40&#8243; padding_bottom=&#8221;40&#8243; css_animation=&#8221;&#8221; bg_type=&#8221;image&#8221; parallax_style=&#8221;vcpb-default&#8221; bg_image_new=&#8221;id^15220|url^https:\/\/www.hexagonstudio.com.tr\/wp-content\/uploads\/2019\/03\/egitim_bg.jpg|caption^null|alt^null|title^egitim_bg|description^null&#8221; bg_image_size=&#8221;initial&#8221;][vc_column width=&#8221;1\/6&#8243;][\/vc_column][vc_column width=&#8221;2\/6&#8243;][\/vc_column][vc_column width=&#8221;1\/6&#8243;][\/vc_column][vc_column width=&#8221;2\/6&#8243;][\/vc_column][\/vc_row][vc_row row_type=&#8221;row&#8221; type=&#8221;grid&#8221; text_align=&#8221;left&#8221; padding_top=&#8221;40&#8243; padding_bottom=&#8221;40&#8243; css_animation=&#8221;&#8221; bg_type=&#8221;image&#8221; parallax_style=&#8221;vcpb-default&#8221; bg_image_new=&#8221;id^15220|url^https:\/\/www.hexagonstudio.com.tr\/wp-content\/uploads\/2019\/03\/egitim_bg.jpg|caption^null|alt^null|title^egitim_bg|description^null&#8221; bg_image_size=&#8221;initial&#8221;][vc_column][vc_row_inner row_type=&#8221;row&#8221; type=&#8221;grid&#8221; text_align=&#8221;left&#8221; css_animation=&#8221;&#8221;][vc_column_inner width=&#8221;1\/4&#8243;][vc_separator type=&#8221;transparent&#8221; thickness=&#8221;60&#8243;][vc_column_text] &#8220;Prevent &amp; Detect The Cause...","og_url":"https:\/\/www.hexagonstudio.com.tr\/en\/other-services\/training\/dfmea\/","og_site_name":"Hexagon Studio","article_publisher":"https:\/\/www.facebook.com\/hexagonstudio","article_modified_time":"2019-05-31T18:01:51+00:00","twitter_card":"summary_large_image","twitter_site":"@hexagonstudiotr","twitter_misc":{"Est. reading time":"6 minutes"},"schema":{"@context":"https:\/\/schema.org","@graph":[{"@type":"WebPage","@id":"https:\/\/www.hexagonstudio.com.tr\/en\/other-services\/training\/dfmea\/","url":"https:\/\/www.hexagonstudio.com.tr\/en\/other-services\/training\/dfmea\/","name":"DFMEA - Hexagon Studio","isPartOf":{"@id":"https:\/\/www.hexagonstudio.com.tr\/en\/#website"},"datePublished":"2019-01-30T02:40:36+00:00","dateModified":"2019-05-31T18:01:51+00:00","breadcrumb":{"@id":"https:\/\/www.hexagonstudio.com.tr\/en\/other-services\/training\/dfmea\/#breadcrumb"},"inLanguage":"en-US","potentialAction":[{"@type":"ReadAction","target":["https:\/\/www.hexagonstudio.com.tr\/en\/other-services\/training\/dfmea\/"]}]},{"@type":"BreadcrumbList","@id":"https:\/\/www.hexagonstudio.com.tr\/en\/other-services\/training\/dfmea\/#breadcrumb","itemListElement":[{"@type":"ListItem","position":1,"name":"Ana sayfa","item":"https:\/\/www.hexagonstudio.com.tr\/en\/"},{"@type":"ListItem","position":2,"name":"Other Services","item":"https:\/\/www.hexagonstudio.com.tr\/en\/other-services\/"},{"@type":"ListItem","position":3,"name":"Training","item":"https:\/\/www.hexagonstudio.com.tr\/en\/other-services\/training\/"},{"@type":"ListItem","position":4,"name":"DFMEA"}]},{"@type":"WebSite","@id":"https:\/\/www.hexagonstudio.com.tr\/en\/#website","url":"https:\/\/www.hexagonstudio.com.tr\/en\/","name":"Hexagon Studio","description":"\u00d6zg\u00fcn Tasar\u0131m ve M\u00fchendislik \u00c7\u00f6z\u00fcmleri","publisher":{"@id":"https:\/\/www.hexagonstudio.com.tr\/en\/#organization"},"potentialAction":[{"@type":"SearchAction","target":{"@type":"EntryPoint","urlTemplate":"https:\/\/www.hexagonstudio.com.tr\/en\/?s={search_term_string}"},"query-input":"required name=search_term_string"}],"inLanguage":"en-US"},{"@type":"Organization","@id":"https:\/\/www.hexagonstudio.com.tr\/en\/#organization","name":"Hexagon Studio","url":"https:\/\/www.hexagonstudio.com.tr\/en\/","logo":{"@type":"ImageObject","inLanguage":"en-US","@id":"https:\/\/www.hexagonstudio.com.tr\/en\/#\/schema\/logo\/image\/","url":"https:\/\/www.hexagonstudio.com.tr\/wp-content\/uploads\/2019\/01\/logo.png","contentUrl":"https:\/\/www.hexagonstudio.com.tr\/wp-content\/uploads\/2019\/01\/logo.png","width":280,"height":130,"caption":"Hexagon Studio"},"image":{"@id":"https:\/\/www.hexagonstudio.com.tr\/en\/#\/schema\/logo\/image\/"},"sameAs":["https:\/\/www.facebook.com\/hexagonstudio","https:\/\/twitter.com\/hexagonstudiotr","https:\/\/www.instagram.com\/hexagonstudiotr\/","https:\/\/www.linkedin.com\/company\/hexagon-studio"]}]}},"jetpack_sharing_enabled":true,"_links":{"self":[{"href":"https:\/\/www.hexagonstudio.com.tr\/en\/wp-json\/wp\/v2\/pages\/18778"}],"collection":[{"href":"https:\/\/www.hexagonstudio.com.tr\/en\/wp-json\/wp\/v2\/pages"}],"about":[{"href":"https:\/\/www.hexagonstudio.com.tr\/en\/wp-json\/wp\/v2\/types\/page"}],"author":[{"embeddable":true,"href":"https:\/\/www.hexagonstudio.com.tr\/en\/wp-json\/wp\/v2\/users\/1"}],"replies":[{"embeddable":true,"href":"https:\/\/www.hexagonstudio.com.tr\/en\/wp-json\/wp\/v2\/comments?post=18778"}],"version-history":[{"count":2,"href":"https:\/\/www.hexagonstudio.com.tr\/en\/wp-json\/wp\/v2\/pages\/18778\/revisions"}],"predecessor-version":[{"id":19799,"href":"https:\/\/www.hexagonstudio.com.tr\/en\/wp-json\/wp\/v2\/pages\/18778\/revisions\/19799"}],"up":[{"embeddable":true,"href":"https:\/\/www.hexagonstudio.com.tr\/en\/wp-json\/wp\/v2\/pages\/18770"}],"wp:attachment":[{"href":"https:\/\/www.hexagonstudio.com.tr\/en\/wp-json\/wp\/v2\/media?parent=18778"}],"curies":[{"name":"wp","href":"https:\/\/api.w.org\/{rel}","templated":true}]}}