{"id":18841,"date":"2019-03-04T05:27:09","date_gmt":"2019-03-04T02:27:09","guid":{"rendered":"https:\/\/www.hexagonstudio.com.tr\/patent-analysis\/"},"modified":"2019-05-31T10:29:29","modified_gmt":"2019-05-31T07:29:29","slug":"patent-analysis","status":"publish","type":"page","link":"https:\/\/www.hexagonstudio.com.tr\/en\/other-services\/consultancy\/patent-analysis\/","title":{"rendered":"Patent Analysis"},"content":{"rendered":"<div class=\"wpb-content-wrapper\"><p>[vc_row row_type=&#8221;row&#8221; type=&#8221;full_width&#8221; text_align=&#8221;left&#8221; css_animation=&#8221;&#8221;][vc_column][vc_single_image image=&#8221;15521&#8243; img_size=&#8221;full&#8221; alignment=&#8221;center&#8221; qode_css_animation=&#8221;&#8221;][\/vc_column][\/vc_row][vc_row row_type=&#8221;row&#8221; type=&#8221;grid&#8221; text_align=&#8221;left&#8221; padding_top=&#8221;40&#8243; padding_bottom=&#8221;40&#8243; css_animation=&#8221;&#8221; bg_type=&#8221;image&#8221; parallax_style=&#8221;vcpb-default&#8221; bg_image_new=&#8221;id^15220|url^https:\/\/www.hexagonstudio.com.tr\/wp-content\/uploads\/2019\/03\/egitim_bg.jpg|caption^null|alt^null|title^egitim_bg|description^null&#8221; bg_image_size=&#8221;initial&#8221;][vc_column width=&#8221;1\/4&#8243;][\/vc_column][vc_column width=&#8221;2\/4&#8243;][vc_single_image image=&#8221;15523&#8243; img_size=&#8221;full&#8221; alignment=&#8221;center&#8221; qode_css_animation=&#8221;&#8221;][\/vc_column][vc_column width=&#8221;1\/4&#8243;][\/vc_column][\/vc_row][vc_row row_type=&#8221;row&#8221; type=&#8221;grid&#8221; text_align=&#8221;left&#8221; padding_top=&#8221;40&#8243; padding_bottom=&#8221;40&#8243; css_animation=&#8221;&#8221; bg_type=&#8221;image&#8221; parallax_style=&#8221;vcpb-default&#8221; bg_image_new=&#8221;id^15220|url^https:\/\/www.hexagonstudio.com.tr\/wp-content\/uploads\/2019\/03\/egitim_bg.jpg|caption^null|alt^null|title^egitim_bg|description^null&#8221; bg_image_size=&#8221;initial&#8221;][vc_column][vc_row_inner row_type=&#8221;row&#8221; type=&#8221;grid&#8221; text_align=&#8221;left&#8221; css_animation=&#8221;&#8221;][vc_column_inner width=&#8221;1\/5&#8243;][\/vc_column_inner][vc_column_inner width=&#8221;4\/5&#8243;]<div id=\"ultimate-heading-290269dfcfcce1754\" class=\"uvc-heading ult-adjust-bottom-margin ultimate-heading-290269dfcfcce1754 uvc-5569 \" data-hspacer=\"line_only\"  data-halign=\"left\" style=\"text-align:left\"><div class=\"uvc-main-heading ult-responsive\"  data-ultimate-target='.uvc-heading.ultimate-heading-290269dfcfcce1754 h2'  data-responsive-json-new='{\"font-size\":\"desktop:36px;mobile_landscape:20px;mobile:20px;\",\"line-height\":\"\"}' ><h2 style=\"font-weight:normal;\">Country Analysis<\/h2><\/div><div class=\"uvc-heading-spacer line_only\" style=\"margin-bottom:20px;height:4px;\"><span class=\"uvc-headings-line\" style=\"border-style:solid;border-bottom-width:4px;border-color:#e3261c;width:50px;\"><\/span><\/div><\/div>[vc_column_text]Countries with the most applications[\/vc_column_text][vc_separator type=&#8221;transparent&#8221; thickness=&#8221;20&#8243;][\/vc_column_inner][\/vc_row_inner][vc_row_inner row_type=&#8221;row&#8221; type=&#8221;grid&#8221; text_align=&#8221;left&#8221; css_animation=&#8221;&#8221;][vc_column_inner width=&#8221;1\/4&#8243;][\/vc_column_inner][vc_column_inner width=&#8221;2\/4&#8243;][vc_single_image image=&#8221;15525&#8243; img_size=&#8221;large&#8221; alignment=&#8221;center&#8221; qode_css_animation=&#8221;&#8221;][\/vc_column_inner][vc_column_inner width=&#8221;1\/4&#8243;][\/vc_column_inner][\/vc_row_inner][\/vc_column][\/vc_row][vc_row row_type=&#8221;row&#8221; type=&#8221;grid&#8221; text_align=&#8221;left&#8221; padding_top=&#8221;40&#8243; padding_bottom=&#8221;40&#8243; css_animation=&#8221;&#8221; bg_type=&#8221;image&#8221; parallax_style=&#8221;vcpb-default&#8221; bg_image_new=&#8221;id^15220|url^https:\/\/www.hexagonstudio.com.tr\/wp-content\/uploads\/2019\/03\/egitim_bg.jpg|caption^null|alt^null|title^egitim_bg|description^null&#8221; bg_image_size=&#8221;initial&#8221;][vc_column][vc_row_inner row_type=&#8221;row&#8221; type=&#8221;grid&#8221; text_align=&#8221;left&#8221; css_animation=&#8221;&#8221;][vc_column_inner width=&#8221;1\/5&#8243;][\/vc_column_inner][vc_column_inner width=&#8221;4\/5&#8243;]<div id=\"ultimate-heading-241869dfcfcce1831\" class=\"uvc-heading ult-adjust-bottom-margin ultimate-heading-241869dfcfcce1831 uvc-4653 \" data-hspacer=\"line_only\"  data-halign=\"left\" style=\"text-align:left\"><div class=\"uvc-main-heading ult-responsive\"  data-ultimate-target='.uvc-heading.ultimate-heading-241869dfcfcce1831 h2'  data-responsive-json-new='{\"font-size\":\"desktop:36px;mobile_landscape:20px;mobile:20px;\",\"line-height\":\"\"}' ><h2 style=\"font-weight:normal;\">Trend Analysis by Year<\/h2><\/div><div class=\"uvc-heading-spacer line_only\" style=\"margin-bottom:20px;height:4px;\"><span class=\"uvc-headings-line\" style=\"border-style:solid;border-bottom-width:4px;border-color:#e3261c;width:50px;\"><\/span><\/div><\/div>[vc_column_text]Distribution of patents by years and tendency of applications[\/vc_column_text][vc_separator type=&#8221;transparent&#8221; thickness=&#8221;20&#8243;][\/vc_column_inner][\/vc_row_inner][vc_row_inner row_type=&#8221;row&#8221; type=&#8221;grid&#8221; text_align=&#8221;left&#8221; css_animation=&#8221;&#8221;][vc_column_inner width=&#8221;1\/5&#8243;][\/vc_column_inner][vc_column_inner width=&#8221;4\/5&#8243;]<div id=\"ultimate-heading-990969dfcfcce18b1\" class=\"uvc-heading ult-adjust-bottom-margin ultimate-heading-990969dfcfcce18b1 uvc-8047 \" data-hspacer=\"line_only\"  data-halign=\"left\" style=\"text-align:left\"><div class=\"uvc-main-heading ult-responsive\"  data-ultimate-target='.uvc-heading.ultimate-heading-990969dfcfcce18b1 h2'  data-responsive-json-new='{\"font-size\":\"desktop:36px;mobile_landscape:20px;mobile:20px;\",\"line-height\":\"\"}' ><h2 style=\"font-weight:normal;\">Validity Analysis<\/h2><\/div><div class=\"uvc-heading-spacer line_only\" style=\"margin-bottom:20px;height:4px;\"><span class=\"uvc-headings-line\" style=\"border-style:solid;border-bottom-width:4px;border-color:#e3261c;width:50px;\"><\/span><\/div><\/div>[vc_column_text]<br \/>\nThe density of patents in progress<br \/>\nShares of firms and firms in valid patents<br \/>\n[\/vc_column_text][vc_separator type=&#8221;transparent&#8221; thickness=&#8221;20&#8243;][\/vc_column_inner][\/vc_row_inner][vc_row_inner row_type=&#8221;row&#8221; type=&#8221;grid&#8221; text_align=&#8221;left&#8221; css_animation=&#8221;&#8221;][vc_column_inner width=&#8221;1\/4&#8243;][\/vc_column_inner][vc_column_inner width=&#8221;2\/4&#8243;][vc_single_image image=&#8221;15527&#8243; img_size=&#8221;large&#8221; alignment=&#8221;center&#8221; qode_css_animation=&#8221;&#8221;][\/vc_column_inner][vc_column_inner width=&#8221;1\/4&#8243;][\/vc_column_inner][\/vc_row_inner][\/vc_column][\/vc_row][vc_row row_type=&#8221;row&#8221; type=&#8221;grid&#8221; text_align=&#8221;left&#8221; padding_top=&#8221;40&#8243; padding_bottom=&#8221;40&#8243; css_animation=&#8221;&#8221; bg_type=&#8221;image&#8221; parallax_style=&#8221;vcpb-default&#8221; bg_image_new=&#8221;id^15220|url^https:\/\/www.hexagonstudio.com.tr\/wp-content\/uploads\/2019\/03\/egitim_bg.jpg|caption^null|alt^null|title^egitim_bg|description^null&#8221; bg_image_size=&#8221;initial&#8221;][vc_column][vc_row_inner row_type=&#8221;row&#8221; type=&#8221;grid&#8221; text_align=&#8221;left&#8221; css_animation=&#8221;&#8221;][vc_column_inner width=&#8221;1\/5&#8243;][\/vc_column_inner][vc_column_inner width=&#8221;4\/5&#8243;]<div id=\"ultimate-heading-326969dfcfcce1939\" class=\"uvc-heading ult-adjust-bottom-margin ultimate-heading-326969dfcfcce1939 uvc-1459 \" data-hspacer=\"line_only\"  data-halign=\"left\" style=\"text-align:left\"><div class=\"uvc-main-heading ult-responsive\"  data-ultimate-target='.uvc-heading.ultimate-heading-326969dfcfcce1939 h2'  data-responsive-json-new='{\"font-size\":\"desktop:36px;mobile_landscape:20px;mobile:20px;\",\"line-height\":\"\"}' ><h2 style=\"font-weight:normal;\">Keyword Analysis<\/h2><\/div><div class=\"uvc-heading-spacer line_only\" style=\"margin-bottom:20px;height:4px;\"><span class=\"uvc-headings-line\" style=\"border-style:solid;border-bottom-width:4px;border-color:#e3261c;width:50px;\"><\/span><\/div><\/div>[vc_column_text]Determining the critical points related to the subject from the most commonly used words in patents[\/vc_column_text][vc_separator type=&#8221;transparent&#8221; thickness=&#8221;20&#8243;][\/vc_column_inner][\/vc_row_inner][vc_row_inner row_type=&#8221;row&#8221; type=&#8221;grid&#8221; text_align=&#8221;left&#8221; css_animation=&#8221;&#8221;][vc_column_inner width=&#8221;1\/4&#8243;][\/vc_column_inner][vc_column_inner width=&#8221;2\/4&#8243;][vc_single_image image=&#8221;15529&#8243; img_size=&#8221;large&#8221; alignment=&#8221;center&#8221; qode_css_animation=&#8221;&#8221;][\/vc_column_inner][vc_column_inner width=&#8221;1\/4&#8243;][\/vc_column_inner][\/vc_row_inner][\/vc_column][\/vc_row][vc_row row_type=&#8221;row&#8221; type=&#8221;grid&#8221; text_align=&#8221;left&#8221; padding_top=&#8221;40&#8243; padding_bottom=&#8221;40&#8243; css_animation=&#8221;&#8221; bg_type=&#8221;image&#8221; parallax_style=&#8221;vcpb-default&#8221; bg_image_new=&#8221;id^15220|url^https:\/\/www.hexagonstudio.com.tr\/wp-content\/uploads\/2019\/03\/egitim_bg.jpg|caption^null|alt^null|title^egitim_bg|description^null&#8221; bg_image_size=&#8221;initial&#8221;][vc_column][vc_row_inner row_type=&#8221;row&#8221; type=&#8221;grid&#8221; text_align=&#8221;left&#8221; css_animation=&#8221;&#8221;][vc_column_inner width=&#8221;1\/5&#8243;][\/vc_column_inner][vc_column_inner width=&#8221;4\/5&#8243;]<div id=\"ultimate-heading-600569dfcfcce19be\" class=\"uvc-heading ult-adjust-bottom-margin ultimate-heading-600569dfcfcce19be uvc-4341 \" data-hspacer=\"line_only\"  data-halign=\"left\" style=\"text-align:left\"><div class=\"uvc-main-heading ult-responsive\"  data-ultimate-target='.uvc-heading.ultimate-heading-600569dfcfcce19be h2'  data-responsive-json-new='{\"font-size\":\"desktop:36px;mobile_landscape:20px;mobile:20px;\",\"line-height\":\"\"}' ><h2 style=\"font-weight:normal;\">Why Patent Analysis?<\/h2><\/div><div class=\"uvc-heading-spacer line_only\" style=\"margin-bottom:20px;height:4px;\"><span class=\"uvc-headings-line\" style=\"border-style:solid;border-bottom-width:4px;border-color:#e3261c;width:50px;\"><\/span><\/div><\/div>[vc_column_text]<br \/>\nAt the beginning of the project;<br \/>\nTo see which technologies are patented,<br \/>\nTo determine whether the technology trend is rising or descending,<br \/>\nYou can use it to conduct competitor analysis.<br \/>\nYou can add &#8220;Due Diligence&#8221; reports for evaluation of the firm&#8217;s portfolio.<br \/>\nYou can direct your strategic planning studies with analyzes.<br \/>\nYou can determine from which transfer of technology should be transferred from an area that is considered.<br \/>\nYou can use it to identify staff candidates who have multiple patent applications in the relevant field.<br \/>\nYou can specify the most referenced patents. These patents have inspired more to produce new ideas or involve the most important work in the prior art.<br \/>\nYou can use your patent applications in a specific area to decide which countries you should protect.<br \/>\nYou can find your potential customers interested in the technological field.<br \/>\n[\/vc_column_text][vc_separator type=&#8221;transparent&#8221; thickness=&#8221;20&#8243;][\/vc_column_inner][\/vc_row_inner][\/vc_column][\/vc_row][vc_row row_type=&#8221;row&#8221; type=&#8221;grid&#8221; text_align=&#8221;left&#8221; padding_bottom=&#8221;40&#8243; css_animation=&#8221;&#8221; bg_type=&#8221;image&#8221; parallax_style=&#8221;vcpb-default&#8221; bg_image_new=&#8221;id^15220|url^https:\/\/www.hexagonstudio.com.tr\/wp-content\/uploads\/2019\/03\/egitim_bg.jpg|caption^null|alt^null|title^egitim_bg|description^null&#8221; bg_image_size=&#8221;initial&#8221;][vc_column width=&#8221;1\/3&#8243;][\/vc_column][vc_column width=&#8221;1\/3&#8243;]<div class=\"call_to_action with_icon\" style=\"background-color: #ffffff;\"><div class=\"two_columns_75_25 clearfix\"><div class=\"text_wrapper column1\"><div class=\"call_to_action_icon_holder\"><div class=\"call_to_action_icon\"><div class=\"call_to_action_icon_inner\"><i class='fa fa-download pull-left . fa-2x' style='color: #dd3333;'><\/i><\/div><\/div><\/div><div class=\"call_to_action_text\"><\/div><\/div><div class=\"button_wrapper column2\"><a href=\"\/wp-content\/uploads\/2019\/04\/patent-analizi-01.pdf\" class=\"qbutton\" target=\"_blank\" style=\"color: #ffffff;border-color: #e3261c;background: #e3261c;background: #e3261c -ms-linear-gradient(bottom, #e3261c 0%, #e3261c 100%);background: #e3261c -moz-linear-gradient(bottom, #e3261c 0%, #e3261c 100%);background: #e3261c -o-linear-gradient(bottom, #e3261c 0%, #e3261c 100%);background: #e3261c -webkit-gradient(linear, left bottom, left top, color-stop(0,#e3261c), color-stop(1, #e3261c));background: #e3261c -webkit-linear-gradient(bottom, #e3261c 0%, #e3261c 100%);background: #e3261c linear-gradient(to top, #e3261c 0%, #e3261c 100%);\">Katalo\u011fu indirin<\/a><\/div><\/div><\/div>[\/vc_column][vc_column width=&#8221;1\/3&#8243;][\/vc_column][\/vc_row]<\/p>\n<\/div>","protected":false},"excerpt":{"rendered":"<p>[vc_row row_type=&#8221;row&#8221; type=&#8221;full_width&#8221; text_align=&#8221;left&#8221; css_animation=&#8221;&#8221;][vc_column][vc_single_image image=&#8221;15521&#8243; img_size=&#8221;full&#8221; alignment=&#8221;center&#8221; qode_css_animation=&#8221;&#8221;][\/vc_column][\/vc_row][vc_row row_type=&#8221;row&#8221; type=&#8221;grid&#8221; text_align=&#8221;left&#8221; padding_top=&#8221;40&#8243; padding_bottom=&#8221;40&#8243; css_animation=&#8221;&#8221; bg_type=&#8221;image&#8221; parallax_style=&#8221;vcpb-default&#8221; bg_image_new=&#8221;id^15220|url^https:\/\/www.hexagonstudio.com.tr\/wp-content\/uploads\/2019\/03\/egitim_bg.jpg|caption^null|alt^null|title^egitim_bg|description^null&#8221; bg_image_size=&#8221;initial&#8221;][vc_column width=&#8221;1\/4&#8243;][\/vc_column][vc_column width=&#8221;2\/4&#8243;][vc_single_image image=&#8221;15523&#8243; img_size=&#8221;full&#8221; alignment=&#8221;center&#8221; qode_css_animation=&#8221;&#8221;][\/vc_column][vc_column width=&#8221;1\/4&#8243;][\/vc_column][\/vc_row][vc_row row_type=&#8221;row&#8221; type=&#8221;grid&#8221; text_align=&#8221;left&#8221; padding_top=&#8221;40&#8243; padding_bottom=&#8221;40&#8243; css_animation=&#8221;&#8221; bg_type=&#8221;image&#8221; parallax_style=&#8221;vcpb-default&#8221; bg_image_new=&#8221;id^15220|url^https:\/\/www.hexagonstudio.com.tr\/wp-content\/uploads\/2019\/03\/egitim_bg.jpg|caption^null|alt^null|title^egitim_bg|description^null&#8221; bg_image_size=&#8221;initial&#8221;][vc_column][vc_row_inner row_type=&#8221;row&#8221; type=&#8221;grid&#8221; text_align=&#8221;left&#8221; css_animation=&#8221;&#8221;][vc_column_inner width=&#8221;1\/5&#8243;][\/vc_column_inner][vc_column_inner width=&#8221;4\/5&#8243;][vc_column_text]Countries with the most&#8230;<\/p>\n","protected":false},"author":1,"featured_media":0,"parent":18837,"menu_order":3,"comment_status":"closed","ping_status":"closed","template":"full_width.php","meta":{"_acf_changed":false,"footnotes":""},"acf":[],"yoast_head":"<!-- This site is optimized with the Yoast SEO plugin v22.1 - https:\/\/yoast.com\/wordpress\/plugins\/seo\/ -->\n<title>Patent Analysis - Hexagon Studio<\/title>\n<meta name=\"robots\" content=\"index, follow, max-snippet:-1, max-image-preview:large, max-video-preview:-1\" \/>\n<link rel=\"canonical\" href=\"https:\/\/www.hexagonstudio.com.tr\/en\/other-services\/consultancy\/patent-analysis\/\" \/>\n<meta property=\"og:locale\" content=\"en_US\" \/>\n<meta property=\"og:type\" content=\"article\" \/>\n<meta property=\"og:title\" content=\"Patent Analysis - Hexagon Studio\" \/>\n<meta property=\"og:description\" content=\"[vc_row row_type=&#8221;row&#8221; type=&#8221;full_width&#8221; text_align=&#8221;left&#8221; css_animation=&#8221;&#8221;][vc_column][vc_single_image image=&#8221;15521&#8243; img_size=&#8221;full&#8221; alignment=&#8221;center&#8221; qode_css_animation=&#8221;&#8221;][\/vc_column][\/vc_row][vc_row row_type=&#8221;row&#8221; type=&#8221;grid&#8221; text_align=&#8221;left&#8221; padding_top=&#8221;40&#8243; padding_bottom=&#8221;40&#8243; css_animation=&#8221;&#8221; bg_type=&#8221;image&#8221; parallax_style=&#8221;vcpb-default&#8221; bg_image_new=&#8221;id^15220|url^https:\/\/www.hexagonstudio.com.tr\/wp-content\/uploads\/2019\/03\/egitim_bg.jpg|caption^null|alt^null|title^egitim_bg|description^null&#8221; bg_image_size=&#8221;initial&#8221;][vc_column width=&#8221;1\/4&#8243;][\/vc_column][vc_column width=&#8221;2\/4&#8243;][vc_single_image image=&#8221;15523&#8243; img_size=&#8221;full&#8221; alignment=&#8221;center&#8221; qode_css_animation=&#8221;&#8221;][\/vc_column][vc_column width=&#8221;1\/4&#8243;][\/vc_column][\/vc_row][vc_row row_type=&#8221;row&#8221; type=&#8221;grid&#8221; text_align=&#8221;left&#8221; padding_top=&#8221;40&#8243; padding_bottom=&#8221;40&#8243; css_animation=&#8221;&#8221; bg_type=&#8221;image&#8221; parallax_style=&#8221;vcpb-default&#8221; bg_image_new=&#8221;id^15220|url^https:\/\/www.hexagonstudio.com.tr\/wp-content\/uploads\/2019\/03\/egitim_bg.jpg|caption^null|alt^null|title^egitim_bg|description^null&#8221; bg_image_size=&#8221;initial&#8221;][vc_column][vc_row_inner row_type=&#8221;row&#8221; type=&#8221;grid&#8221; text_align=&#8221;left&#8221; css_animation=&#8221;&#8221;][vc_column_inner width=&#8221;1\/5&#8243;][\/vc_column_inner][vc_column_inner width=&#8221;4\/5&#8243;][vc_column_text]Countries with the most...\" \/>\n<meta property=\"og:url\" content=\"https:\/\/www.hexagonstudio.com.tr\/en\/other-services\/consultancy\/patent-analysis\/\" \/>\n<meta property=\"og:site_name\" content=\"Hexagon Studio\" \/>\n<meta property=\"article:publisher\" content=\"https:\/\/www.facebook.com\/hexagonstudio\" \/>\n<meta property=\"article:modified_time\" content=\"2019-05-31T07:29:29+00:00\" \/>\n<meta name=\"twitter:card\" content=\"summary_large_image\" \/>\n<meta name=\"twitter:site\" content=\"@hexagonstudiotr\" \/>\n<meta name=\"twitter:label1\" content=\"Est. reading time\" \/>\n\t<meta name=\"twitter:data1\" content=\"6 minutes\" \/>\n<!-- \/ Yoast SEO plugin. -->","yoast_head_json":{"title":"Patent Analysis - Hexagon Studio","robots":{"index":"index","follow":"follow","max-snippet":"max-snippet:-1","max-image-preview":"max-image-preview:large","max-video-preview":"max-video-preview:-1"},"canonical":"https:\/\/www.hexagonstudio.com.tr\/en\/other-services\/consultancy\/patent-analysis\/","og_locale":"en_US","og_type":"article","og_title":"Patent Analysis - Hexagon Studio","og_description":"[vc_row row_type=&#8221;row&#8221; type=&#8221;full_width&#8221; text_align=&#8221;left&#8221; css_animation=&#8221;&#8221;][vc_column][vc_single_image image=&#8221;15521&#8243; img_size=&#8221;full&#8221; alignment=&#8221;center&#8221; qode_css_animation=&#8221;&#8221;][\/vc_column][\/vc_row][vc_row row_type=&#8221;row&#8221; type=&#8221;grid&#8221; text_align=&#8221;left&#8221; padding_top=&#8221;40&#8243; padding_bottom=&#8221;40&#8243; css_animation=&#8221;&#8221; bg_type=&#8221;image&#8221; parallax_style=&#8221;vcpb-default&#8221; bg_image_new=&#8221;id^15220|url^https:\/\/www.hexagonstudio.com.tr\/wp-content\/uploads\/2019\/03\/egitim_bg.jpg|caption^null|alt^null|title^egitim_bg|description^null&#8221; bg_image_size=&#8221;initial&#8221;][vc_column width=&#8221;1\/4&#8243;][\/vc_column][vc_column width=&#8221;2\/4&#8243;][vc_single_image image=&#8221;15523&#8243; img_size=&#8221;full&#8221; alignment=&#8221;center&#8221; qode_css_animation=&#8221;&#8221;][\/vc_column][vc_column width=&#8221;1\/4&#8243;][\/vc_column][\/vc_row][vc_row row_type=&#8221;row&#8221; type=&#8221;grid&#8221; text_align=&#8221;left&#8221; padding_top=&#8221;40&#8243; padding_bottom=&#8221;40&#8243; css_animation=&#8221;&#8221; bg_type=&#8221;image&#8221; parallax_style=&#8221;vcpb-default&#8221; bg_image_new=&#8221;id^15220|url^https:\/\/www.hexagonstudio.com.tr\/wp-content\/uploads\/2019\/03\/egitim_bg.jpg|caption^null|alt^null|title^egitim_bg|description^null&#8221; bg_image_size=&#8221;initial&#8221;][vc_column][vc_row_inner row_type=&#8221;row&#8221; type=&#8221;grid&#8221; text_align=&#8221;left&#8221; css_animation=&#8221;&#8221;][vc_column_inner width=&#8221;1\/5&#8243;][\/vc_column_inner][vc_column_inner width=&#8221;4\/5&#8243;][vc_column_text]Countries with the most...","og_url":"https:\/\/www.hexagonstudio.com.tr\/en\/other-services\/consultancy\/patent-analysis\/","og_site_name":"Hexagon Studio","article_publisher":"https:\/\/www.facebook.com\/hexagonstudio","article_modified_time":"2019-05-31T07:29:29+00:00","twitter_card":"summary_large_image","twitter_site":"@hexagonstudiotr","twitter_misc":{"Est. reading time":"6 minutes"},"schema":{"@context":"https:\/\/schema.org","@graph":[{"@type":"WebPage","@id":"https:\/\/www.hexagonstudio.com.tr\/en\/other-services\/consultancy\/patent-analysis\/","url":"https:\/\/www.hexagonstudio.com.tr\/en\/other-services\/consultancy\/patent-analysis\/","name":"Patent Analysis - Hexagon Studio","isPartOf":{"@id":"https:\/\/www.hexagonstudio.com.tr\/en\/#website"},"datePublished":"2019-03-04T02:27:09+00:00","dateModified":"2019-05-31T07:29:29+00:00","breadcrumb":{"@id":"https:\/\/www.hexagonstudio.com.tr\/en\/other-services\/consultancy\/patent-analysis\/#breadcrumb"},"inLanguage":"en-US","potentialAction":[{"@type":"ReadAction","target":["https:\/\/www.hexagonstudio.com.tr\/en\/other-services\/consultancy\/patent-analysis\/"]}]},{"@type":"BreadcrumbList","@id":"https:\/\/www.hexagonstudio.com.tr\/en\/other-services\/consultancy\/patent-analysis\/#breadcrumb","itemListElement":[{"@type":"ListItem","position":1,"name":"Ana sayfa","item":"https:\/\/www.hexagonstudio.com.tr\/en\/"},{"@type":"ListItem","position":2,"name":"Other Services","item":"https:\/\/www.hexagonstudio.com.tr\/en\/other-services\/"},{"@type":"ListItem","position":3,"name":"Consultancy","item":"https:\/\/www.hexagonstudio.com.tr\/en\/other-services\/consultancy\/"},{"@type":"ListItem","position":4,"name":"Patent Analysis"}]},{"@type":"WebSite","@id":"https:\/\/www.hexagonstudio.com.tr\/en\/#website","url":"https:\/\/www.hexagonstudio.com.tr\/en\/","name":"Hexagon Studio","description":"\u00d6zg\u00fcn Tasar\u0131m ve M\u00fchendislik \u00c7\u00f6z\u00fcmleri","publisher":{"@id":"https:\/\/www.hexagonstudio.com.tr\/en\/#organization"},"potentialAction":[{"@type":"SearchAction","target":{"@type":"EntryPoint","urlTemplate":"https:\/\/www.hexagonstudio.com.tr\/en\/?s={search_term_string}"},"query-input":"required name=search_term_string"}],"inLanguage":"en-US"},{"@type":"Organization","@id":"https:\/\/www.hexagonstudio.com.tr\/en\/#organization","name":"Hexagon Studio","url":"https:\/\/www.hexagonstudio.com.tr\/en\/","logo":{"@type":"ImageObject","inLanguage":"en-US","@id":"https:\/\/www.hexagonstudio.com.tr\/en\/#\/schema\/logo\/image\/","url":"https:\/\/www.hexagonstudio.com.tr\/wp-content\/uploads\/2019\/01\/logo.png","contentUrl":"https:\/\/www.hexagonstudio.com.tr\/wp-content\/uploads\/2019\/01\/logo.png","width":280,"height":130,"caption":"Hexagon Studio"},"image":{"@id":"https:\/\/www.hexagonstudio.com.tr\/en\/#\/schema\/logo\/image\/"},"sameAs":["https:\/\/www.facebook.com\/hexagonstudio","https:\/\/twitter.com\/hexagonstudiotr","https:\/\/www.instagram.com\/hexagonstudiotr\/","https:\/\/www.linkedin.com\/company\/hexagon-studio"]}]}},"jetpack_sharing_enabled":true,"_links":{"self":[{"href":"https:\/\/www.hexagonstudio.com.tr\/en\/wp-json\/wp\/v2\/pages\/18841"}],"collection":[{"href":"https:\/\/www.hexagonstudio.com.tr\/en\/wp-json\/wp\/v2\/pages"}],"about":[{"href":"https:\/\/www.hexagonstudio.com.tr\/en\/wp-json\/wp\/v2\/types\/page"}],"author":[{"embeddable":true,"href":"https:\/\/www.hexagonstudio.com.tr\/en\/wp-json\/wp\/v2\/users\/1"}],"replies":[{"embeddable":true,"href":"https:\/\/www.hexagonstudio.com.tr\/en\/wp-json\/wp\/v2\/comments?post=18841"}],"version-history":[{"count":2,"href":"https:\/\/www.hexagonstudio.com.tr\/en\/wp-json\/wp\/v2\/pages\/18841\/revisions"}],"predecessor-version":[{"id":19802,"href":"https:\/\/www.hexagonstudio.com.tr\/en\/wp-json\/wp\/v2\/pages\/18841\/revisions\/19802"}],"up":[{"embeddable":true,"href":"https:\/\/www.hexagonstudio.com.tr\/en\/wp-json\/wp\/v2\/pages\/18837"}],"wp:attachment":[{"href":"https:\/\/www.hexagonstudio.com.tr\/en\/wp-json\/wp\/v2\/media?parent=18841"}],"curies":[{"name":"wp","href":"https:\/\/api.w.org\/{rel}","templated":true}]}}