{"id":18847,"date":"2019-01-30T05:43:21","date_gmt":"2019-01-30T02:43:21","guid":{"rendered":"https:\/\/www.hexagonstudio.com.tr\/4y-program\/"},"modified":"2019-05-31T00:57:06","modified_gmt":"2019-05-30T21:57:06","slug":"4y-program","status":"publish","type":"page","link":"https:\/\/www.hexagonstudio.com.tr\/en\/career\/4y-program\/","title":{"rendered":"4Y Program"},"content":{"rendered":"<div class=\"wpb-content-wrapper\"><p>[vc_row row_type=&#8221;row&#8221; type=&#8221;grid&#8221; text_align=&#8221;left&#8221; padding_top=&#8221;40&#8243; padding_bottom=&#8221;40&#8243; css_animation=&#8221;&#8221;][vc_column width=&#8221;1\/4&#8243;][vc_column_text]<div class=\"menu-kariyer-en-container\"><ul id=\"menu-kariyer-en\" class=\"menu\"><li id=\"menu-item-19264\" class=\"menu-item menu-item-type-post_type menu-item-object-page menu-item-19264\"><a href=\"https:\/\/www.hexagonstudio.com.tr\/en\/career\/human-resources-policy\/\">Human Resources Policy<\/a><\/li>\n<li id=\"menu-item-19265\" class=\"menu-item menu-item-type-post_type menu-item-object-page menu-item-19265\"><a href=\"https:\/\/www.hexagonstudio.com.tr\/en\/career\/4y-program\/\">4Y Program<\/a><\/li>\n<li id=\"menu-item-19266\" class=\"menu-item menu-item-type-post_type menu-item-object-page menu-item-has-children menu-item-19266\"><a href=\"https:\/\/www.hexagonstudio.com.tr\/en\/career\/career-opportunities\/\">Career Opportunities<\/a>\n<ul class=\"sub-menu\">\n\t<li id=\"menu-item-19267\" class=\"menu-item menu-item-type-post_type menu-item-object-page menu-item-19267\"><a href=\"https:\/\/www.hexagonstudio.com.tr\/en\/career\/career-opportunities\/internship-at-hexagon-studio\/\">Internship at Hexagon Studio<\/a><\/li>\n\t<li id=\"menu-item-19268\" class=\"menu-item menu-item-type-post_type menu-item-object-page menu-item-19268\"><a href=\"https:\/\/www.hexagonstudio.com.tr\/en\/career\/career-opportunities\/life-at-work\/\">Life at Work<\/a><\/li>\n<\/ul>\n<\/li>\n<li id=\"menu-item-19269\" class=\"menu-item menu-item-type-post_type menu-item-object-page menu-item-19269\"><a href=\"https:\/\/www.hexagonstudio.com.tr\/en\/career\/application\/\">Application<\/a><\/li>\n<\/ul><\/div>[\/vc_column_text][\/vc_column][vc_column width=&#8221;3\/4&#8243;][vc_column_text]<\/p>\n<h2>4Y We Are Raising Creative and Innovative Talents<\/h2>\n<p>[\/vc_column_text][vc_separator type=&#8221;transparent&#8221; thickness=&#8221;10&#8243;][vc_row_inner row_type=&#8221;row&#8221; type=&#8221;full_width&#8221; text_align=&#8221;left&#8221; css_animation=&#8221;&#8221;][vc_column_inner width=&#8221;1\/2&#8243;][vc_column_text]In line with our holistic human resources management policy, 4Y ( We are Raising Creative and Innovative Talents ), we aim continuous improvement and originality in our human resources management process to be able to support our creative and innovative talents while they achieve their goals.<\/p>\n<p>We proud of preparing fresh graduates for the future career steps by offering unique training and development opportunities. During their long term coexistence, we guide and accompany them on the way to be a business leader.<\/p>\n<p>In addition to the technical and soft skill development training that we have provided, we also provide executive development programs that makes our talents strong in a competitive business environment. With the executive development program we obtain, we ensure that each candidate in our talent pool plans their career in accordance with their competencies.[\/vc_column_text][\/vc_column_inner][vc_column_inner width=&#8221;1\/2&#8243;][vc_gallery type=&#8221;nivo&#8221; interval=&#8221;3&#8243; images=&#8221;18357,17514,18359,17519,18361&#8243; img_size=&#8221;large&#8221;][\/vc_column_inner][\/vc_row_inner][vc_separator type=&#8221;transparent&#8221; thickness=&#8221;10&#8243;][vc_column_text]Through our collaborations and R&amp;D projects with universities, we guarantee the continuous development of our creative and innovative talents in their respective fields.<\/p>\n<p>In this process;<\/p>\n<ul>\n<li>Orientation \/ orientation investigation process \/ guidance program for all departments<\/li>\n<li>Project assignments<\/li>\n<li>Technical and competency-based trainings<\/li>\n<li>Discounted graduate education opportunities at universities we cooperate<\/li>\n<li>Trade fairs\/seminars\/congresses<\/li>\n<li>Project based domestic\/overseas business trips<\/li>\n<li>Executive development programs and leadership workshops<\/li>\n<\/ul>\n<p>[\/vc_column_text][\/vc_column][\/vc_row]<\/p>\n<\/div>","protected":false},"excerpt":{"rendered":"<p>[vc_row row_type=&#8221;row&#8221; type=&#8221;grid&#8221; text_align=&#8221;left&#8221; padding_top=&#8221;40&#8243; padding_bottom=&#8221;40&#8243; css_animation=&#8221;&#8221;][vc_column width=&#8221;1\/4&#8243;][vc_column_text][\/vc_column_text][\/vc_column][vc_column width=&#8221;3\/4&#8243;][vc_column_text] 4Y We Are Raising Creative and Innovative Talents [\/vc_column_text][vc_separator type=&#8221;transparent&#8221; thickness=&#8221;10&#8243;][vc_row_inner row_type=&#8221;row&#8221; type=&#8221;full_width&#8221; text_align=&#8221;left&#8221; css_animation=&#8221;&#8221;][vc_column_inner width=&#8221;1\/2&#8243;][vc_column_text]In line with our holistic human resources management policy, 4Y ( We are Raising Creative and Innovative Talents ), we aim&#8230;<\/p>\n","protected":false},"author":1,"featured_media":0,"parent":16609,"menu_order":2,"comment_status":"closed","ping_status":"closed","template":"full_width.php","meta":{"_acf_changed":false,"footnotes":""},"acf":[],"yoast_head":"<!-- This site is optimized with the Yoast SEO plugin v22.1 - https:\/\/yoast.com\/wordpress\/plugins\/seo\/ -->\n<title>4Y Program - Hexagon Studio<\/title>\n<meta name=\"robots\" content=\"index, follow, max-snippet:-1, max-image-preview:large, max-video-preview:-1\" \/>\n<link rel=\"canonical\" href=\"https:\/\/www.hexagonstudio.com.tr\/en\/career\/4y-program\/\" \/>\n<meta property=\"og:locale\" content=\"en_US\" \/>\n<meta property=\"og:type\" content=\"article\" \/>\n<meta property=\"og:title\" content=\"4Y Program - Hexagon Studio\" \/>\n<meta property=\"og:description\" content=\"[vc_row row_type=&#8221;row&#8221; type=&#8221;grid&#8221; text_align=&#8221;left&#8221; padding_top=&#8221;40&#8243; padding_bottom=&#8221;40&#8243; css_animation=&#8221;&#8221;][vc_column width=&#8221;1\/4&#8243;][vc_column_text][\/vc_column_text][\/vc_column][vc_column width=&#8221;3\/4&#8243;][vc_column_text] 4Y We Are Raising Creative and Innovative Talents [\/vc_column_text][vc_separator type=&#8221;transparent&#8221; thickness=&#8221;10&#8243;][vc_row_inner row_type=&#8221;row&#8221; type=&#8221;full_width&#8221; text_align=&#8221;left&#8221; css_animation=&#8221;&#8221;][vc_column_inner width=&#8221;1\/2&#8243;][vc_column_text]In line with our holistic human resources management policy, 4Y ( We are Raising Creative and Innovative Talents ), we aim...\" \/>\n<meta property=\"og:url\" content=\"https:\/\/www.hexagonstudio.com.tr\/en\/career\/4y-program\/\" \/>\n<meta property=\"og:site_name\" content=\"Hexagon Studio\" \/>\n<meta property=\"article:publisher\" content=\"https:\/\/www.facebook.com\/hexagonstudio\" \/>\n<meta property=\"article:modified_time\" content=\"2019-05-30T21:57:06+00:00\" \/>\n<meta name=\"twitter:card\" content=\"summary_large_image\" \/>\n<meta name=\"twitter:site\" content=\"@hexagonstudiotr\" \/>\n<meta name=\"twitter:label1\" content=\"Est. reading time\" \/>\n\t<meta name=\"twitter:data1\" content=\"2 minutes\" \/>\n<!-- \/ Yoast SEO plugin. -->","yoast_head_json":{"title":"4Y Program - Hexagon Studio","robots":{"index":"index","follow":"follow","max-snippet":"max-snippet:-1","max-image-preview":"max-image-preview:large","max-video-preview":"max-video-preview:-1"},"canonical":"https:\/\/www.hexagonstudio.com.tr\/en\/career\/4y-program\/","og_locale":"en_US","og_type":"article","og_title":"4Y Program - Hexagon Studio","og_description":"[vc_row row_type=&#8221;row&#8221; type=&#8221;grid&#8221; text_align=&#8221;left&#8221; padding_top=&#8221;40&#8243; padding_bottom=&#8221;40&#8243; css_animation=&#8221;&#8221;][vc_column width=&#8221;1\/4&#8243;][vc_column_text][\/vc_column_text][\/vc_column][vc_column width=&#8221;3\/4&#8243;][vc_column_text] 4Y We Are Raising Creative and Innovative Talents [\/vc_column_text][vc_separator type=&#8221;transparent&#8221; thickness=&#8221;10&#8243;][vc_row_inner row_type=&#8221;row&#8221; type=&#8221;full_width&#8221; text_align=&#8221;left&#8221; css_animation=&#8221;&#8221;][vc_column_inner width=&#8221;1\/2&#8243;][vc_column_text]In line with our holistic human resources management policy, 4Y ( We are Raising Creative and Innovative Talents ), we aim...","og_url":"https:\/\/www.hexagonstudio.com.tr\/en\/career\/4y-program\/","og_site_name":"Hexagon Studio","article_publisher":"https:\/\/www.facebook.com\/hexagonstudio","article_modified_time":"2019-05-30T21:57:06+00:00","twitter_card":"summary_large_image","twitter_site":"@hexagonstudiotr","twitter_misc":{"Est. reading time":"2 minutes"},"schema":{"@context":"https:\/\/schema.org","@graph":[{"@type":"WebPage","@id":"https:\/\/www.hexagonstudio.com.tr\/en\/career\/4y-program\/","url":"https:\/\/www.hexagonstudio.com.tr\/en\/career\/4y-program\/","name":"4Y Program - Hexagon Studio","isPartOf":{"@id":"https:\/\/www.hexagonstudio.com.tr\/en\/#website"},"datePublished":"2019-01-30T02:43:21+00:00","dateModified":"2019-05-30T21:57:06+00:00","breadcrumb":{"@id":"https:\/\/www.hexagonstudio.com.tr\/en\/career\/4y-program\/#breadcrumb"},"inLanguage":"en-US","potentialAction":[{"@type":"ReadAction","target":["https:\/\/www.hexagonstudio.com.tr\/en\/career\/4y-program\/"]}]},{"@type":"BreadcrumbList","@id":"https:\/\/www.hexagonstudio.com.tr\/en\/career\/4y-program\/#breadcrumb","itemListElement":[{"@type":"ListItem","position":1,"name":"Ana sayfa","item":"https:\/\/www.hexagonstudio.com.tr\/en\/"},{"@type":"ListItem","position":2,"name":"Career","item":"https:\/\/www.hexagonstudio.com.tr\/en\/career\/"},{"@type":"ListItem","position":3,"name":"4Y Program"}]},{"@type":"WebSite","@id":"https:\/\/www.hexagonstudio.com.tr\/en\/#website","url":"https:\/\/www.hexagonstudio.com.tr\/en\/","name":"Hexagon Studio","description":"\u00d6zg\u00fcn Tasar\u0131m ve M\u00fchendislik \u00c7\u00f6z\u00fcmleri","publisher":{"@id":"https:\/\/www.hexagonstudio.com.tr\/en\/#organization"},"potentialAction":[{"@type":"SearchAction","target":{"@type":"EntryPoint","urlTemplate":"https:\/\/www.hexagonstudio.com.tr\/en\/?s={search_term_string}"},"query-input":"required name=search_term_string"}],"inLanguage":"en-US"},{"@type":"Organization","@id":"https:\/\/www.hexagonstudio.com.tr\/en\/#organization","name":"Hexagon Studio","url":"https:\/\/www.hexagonstudio.com.tr\/en\/","logo":{"@type":"ImageObject","inLanguage":"en-US","@id":"https:\/\/www.hexagonstudio.com.tr\/en\/#\/schema\/logo\/image\/","url":"https:\/\/www.hexagonstudio.com.tr\/wp-content\/uploads\/2019\/01\/logo.png","contentUrl":"https:\/\/www.hexagonstudio.com.tr\/wp-content\/uploads\/2019\/01\/logo.png","width":280,"height":130,"caption":"Hexagon Studio"},"image":{"@id":"https:\/\/www.hexagonstudio.com.tr\/en\/#\/schema\/logo\/image\/"},"sameAs":["https:\/\/www.facebook.com\/hexagonstudio","https:\/\/twitter.com\/hexagonstudiotr","https:\/\/www.instagram.com\/hexagonstudiotr\/","https:\/\/www.linkedin.com\/company\/hexagon-studio"]}]}},"jetpack_sharing_enabled":true,"_links":{"self":[{"href":"https:\/\/www.hexagonstudio.com.tr\/en\/wp-json\/wp\/v2\/pages\/18847"}],"collection":[{"href":"https:\/\/www.hexagonstudio.com.tr\/en\/wp-json\/wp\/v2\/pages"}],"about":[{"href":"https:\/\/www.hexagonstudio.com.tr\/en\/wp-json\/wp\/v2\/types\/page"}],"author":[{"embeddable":true,"href":"https:\/\/www.hexagonstudio.com.tr\/en\/wp-json\/wp\/v2\/users\/1"}],"replies":[{"embeddable":true,"href":"https:\/\/www.hexagonstudio.com.tr\/en\/wp-json\/wp\/v2\/comments?post=18847"}],"version-history":[{"count":5,"href":"https:\/\/www.hexagonstudio.com.tr\/en\/wp-json\/wp\/v2\/pages\/18847\/revisions"}],"predecessor-version":[{"id":19686,"href":"https:\/\/www.hexagonstudio.com.tr\/en\/wp-json\/wp\/v2\/pages\/18847\/revisions\/19686"}],"up":[{"embeddable":true,"href":"https:\/\/www.hexagonstudio.com.tr\/en\/wp-json\/wp\/v2\/pages\/16609"}],"wp:attachment":[{"href":"https:\/\/www.hexagonstudio.com.tr\/en\/wp-json\/wp\/v2\/media?parent=18847"}],"curies":[{"name":"wp","href":"https:\/\/api.w.org\/{rel}","templated":true}]}}