{"id":18851,"date":"2019-01-30T05:43:22","date_gmt":"2019-01-30T02:43:22","guid":{"rendered":"https:\/\/www.hexagonstudio.com.tr\/application\/"},"modified":"2021-08-21T22:32:08","modified_gmt":"2021-08-21T19:32:08","slug":"application","status":"publish","type":"page","link":"https:\/\/www.hexagonstudio.com.tr\/en\/career\/application\/","title":{"rendered":"Application"},"content":{"rendered":"<div class=\"wpb-content-wrapper\"><p>[vc_row row_type=&#8221;row&#8221; type=&#8221;grid&#8221; text_align=&#8221;left&#8221; padding_top=&#8221;40&#8243; padding_bottom=&#8221;40&#8243; css_animation=&#8221;&#8221;][vc_column width=&#8221;1\/4&#8243;][vc_column_text]<div class=\"menu-kariyer-en-container\"><ul id=\"menu-kariyer-en\" class=\"menu\"><li id=\"menu-item-19264\" class=\"menu-item menu-item-type-post_type menu-item-object-page menu-item-19264\"><a href=\"https:\/\/www.hexagonstudio.com.tr\/en\/career\/human-resources-policy\/\">Human Resources Policy<\/a><\/li>\n<li id=\"menu-item-19265\" class=\"menu-item menu-item-type-post_type menu-item-object-page menu-item-19265\"><a href=\"https:\/\/www.hexagonstudio.com.tr\/en\/career\/4y-program\/\">4Y Program<\/a><\/li>\n<li id=\"menu-item-19266\" class=\"menu-item menu-item-type-post_type menu-item-object-page menu-item-has-children menu-item-19266\"><a href=\"https:\/\/www.hexagonstudio.com.tr\/en\/career\/career-opportunities\/\">Career Opportunities<\/a>\n<ul class=\"sub-menu\">\n\t<li id=\"menu-item-19267\" class=\"menu-item menu-item-type-post_type menu-item-object-page menu-item-19267\"><a href=\"https:\/\/www.hexagonstudio.com.tr\/en\/career\/career-opportunities\/internship-at-hexagon-studio\/\">Internship at Hexagon Studio<\/a><\/li>\n\t<li id=\"menu-item-19268\" class=\"menu-item menu-item-type-post_type menu-item-object-page menu-item-19268\"><a href=\"https:\/\/www.hexagonstudio.com.tr\/en\/career\/career-opportunities\/life-at-work\/\">Life at Work<\/a><\/li>\n<\/ul>\n<\/li>\n<li id=\"menu-item-19269\" class=\"menu-item menu-item-type-post_type menu-item-object-page menu-item-19269\"><a href=\"https:\/\/www.hexagonstudio.com.tr\/en\/career\/application\/\">Application<\/a><\/li>\n<\/ul><\/div>[\/vc_column_text][\/vc_column][vc_column width=&#8221;3\/4&#8243;][vc_row_inner row_type=&#8221;row&#8221; type=&#8221;full_width&#8221; text_align=&#8221;left&#8221; css_animation=&#8221;&#8221;][vc_column_inner width=&#8221;1\/2&#8243;][vc_single_image image=&#8221;16439&#8243; img_size=&#8221;full&#8221; qode_css_animation=&#8221;&#8221;][\/vc_column_inner][vc_column_inner width=&#8221;1\/2&#8243;][vc_column_text]The channels in which we seek our talents;<\/p>\n<ul>\n<li>Kariyer.net<\/li>\n<li>Linkedin<\/li>\n<li>Social media<\/li>\n<li>Career Days<\/li>\n<li>Sometimes we train our talents through internship programs.<\/li>\n<\/ul>\n<p>To examine our career opportunities and to apply;<\/p>\n<p>You can share cv with ik@hexagonstudio.com.tr and follow us via LinkedIn \/hexagonstudio, kariyer.net\/hexagonstudio.[\/vc_column_text][\/vc_column_inner][\/vc_row_inner][vc_separator type=&#8221;transparent&#8221; thickness=&#8221;25&#8243;][vc_column_text]<\/p>\n<h2><strong>Open Positions<\/strong><\/h2>\n<p>[\/vc_column_text][vc_separator type=&#8221;transparent&#8221; thickness=&#8221;15&#8243;]<div class=\"smile_icon_list_wrap ult_info_list_container ult-adjust-bottom-margin  \"><ul class=\"smile_icon_list left square with_bg\"><li class=\"icon_list_item\" style=\" font-size:72px;\"><div class=\"icon_list_icon\" data-animation=\"fadeIn\" data-animation-delay=\"03\" style=\"font-size:24px;border-width:1px;border-style:none;background:#ffffff;color:#e3261c;border-color:#333333;\"><i class=\"Defaults-chevron-right\" ><\/i><\/div><div class=\"icon_description\" id=\"Info-list-wrap-5805\" style=\"font-size:24px;\"><h3 class=\"ult-responsive info-list-heading\"  data-ultimate-target='#Info-list-wrap-5805 h3'  data-responsive-json-new='{\"font-size\":\"desktop:16px;\",\"line-height\":\"desktop:24px;\"}'  style=\"\">Electrical Systems Design Engineer<\/h3><div class=\"icon_description_text ult-responsive\"  data-ultimate-target='#Info-list-wrap-5805 .icon_description_text'  data-responsive-json-new='{\"font-size\":\"desktop:13px;\",\"line-height\":\"desktop:18px;\"}'  style=\"\"><p>Kocaeli\/Turkey<\/p>\n<\/div><\/div><div class=\"icon_list_connector\"  style=\"border: none !important;\"><\/div><a class=\"ulimate-info-list-link\" href=\"https:\/\/www.kariyer.net\/is-ilani\/heksagon-tasarim-ve-muhendislik-a-s-electrical-systems-design-engineer-2765695?ilankodusfr=2765695&f=f15j&ulkeId=0&sehirId=0&firmaAd=heksagon-tasarim-ve-muhendislik-a-s&pozisyonad=elektrik-elektronik-muhendisi-is-ilani\" target=\"_blank\" rel=\"nofollow noopener\" ><\/a><\/li><li class=\"icon_list_item\" style=\" font-size:72px;\"><div class=\"icon_list_icon\" data-animation=\"fadeIn\" data-animation-delay=\"03\" style=\"font-size:24px;border-width:1px;border-style:none;background:#ffffff;color:#e3261c;border-color:#333333;\"><i class=\"Defaults-chevron-right\" ><\/i><\/div><div class=\"icon_description\" id=\"Info-list-wrap-9144\" style=\"font-size:24px;\"><h3 class=\"ult-responsive info-list-heading\"  data-ultimate-target='#Info-list-wrap-9144 h3'  data-responsive-json-new='{\"font-size\":\"desktop:16px;\",\"line-height\":\"desktop:24px;\"}'  style=\"\">Electrical &amp; Electronic Systems Engineer<\/h3><div class=\"icon_description_text ult-responsive\"  data-ultimate-target='#Info-list-wrap-9144 .icon_description_text'  data-responsive-json-new='{\"font-size\":\"desktop:13px;\",\"line-height\":\"desktop:18px;\"}'  style=\"\"><p>Kocaeli\/Turkey<\/p>\n<\/div><\/div><div class=\"icon_list_connector\"  style=\"border: none !important;\"><\/div><a class=\"ulimate-info-list-link\" href=\"https:\/\/www.kariyer.net\/is-ilani\/hexagon-studio-electrical-electronic-systems-engineer-2745391?ilankodusfr=2745391&f=f15j&ulkeId=0&sehirId=0&firmaAd=hexagon-studio&pozisyonad=elektrik-elektronik-muhendisi-is-ilani\" target=\"_blank\" rel=\"nofollow noopener\" ><\/a><\/li><li class=\"icon_list_item\" style=\" font-size:72px;\"><div class=\"icon_list_icon\" data-animation=\"fadeIn\" data-animation-delay=\"03\" style=\"font-size:24px;border-width:1px;border-style:none;background:#ffffff;color:#e3261c;border-color:#333333;\"><i class=\"Defaults-chevron-right\" ><\/i><\/div><div class=\"icon_description\" id=\"Info-list-wrap-2866\" style=\"font-size:24px;\"><h3 class=\"ult-responsive info-list-heading\"  data-ultimate-target='#Info-list-wrap-2866 h3'  data-responsive-json-new='{\"font-size\":\"desktop:16px;\",\"line-height\":\"desktop:24px;\"}'  style=\"\">Senior Hardware Design Engineer<\/h3><div class=\"icon_description_text ult-responsive\"  data-ultimate-target='#Info-list-wrap-2866 .icon_description_text'  data-responsive-json-new='{\"font-size\":\"desktop:13px;\",\"line-height\":\"desktop:18px;\"}'  style=\"\"><p>Kocaeli\/Turkey<\/p>\n<\/div><\/div><div class=\"icon_list_connector\"  style=\"border: none !important;\"><\/div><a class=\"ulimate-info-list-link\" href=\"https:\/\/www.kariyer.net\/is-ilani\/hexagon-studio-senior-hardware-design-engineer-2696311?ilankodusfr=2696311&f=f15j&ulkeId=0&sehirId=0&firmaAd=hexagon-studio&pozisyonad=donanim-tasarim-muhendisi-is-ilani\" target=\"_blank\" rel=\"nofollow noopener\" ><\/a><\/li><\/ul><\/div>[\/vc_column][\/vc_row]<\/p>\n<\/div>","protected":false},"excerpt":{"rendered":"<p>[vc_row row_type=&#8221;row&#8221; type=&#8221;grid&#8221; text_align=&#8221;left&#8221; padding_top=&#8221;40&#8243; padding_bottom=&#8221;40&#8243; css_animation=&#8221;&#8221;][vc_column width=&#8221;1\/4&#8243;][vc_column_text][\/vc_column_text][\/vc_column][vc_column width=&#8221;3\/4&#8243;][vc_row_inner row_type=&#8221;row&#8221; type=&#8221;full_width&#8221; text_align=&#8221;left&#8221; css_animation=&#8221;&#8221;][vc_column_inner width=&#8221;1\/2&#8243;][vc_single_image image=&#8221;16439&#8243; img_size=&#8221;full&#8221; qode_css_animation=&#8221;&#8221;][\/vc_column_inner][vc_column_inner width=&#8221;1\/2&#8243;][vc_column_text]The channels in which we seek our talents; Kariyer.net Linkedin Social media Career Days Sometimes we train our talents through internship programs. To examine our career opportunities and&#8230;<\/p>\n","protected":false},"author":1,"featured_media":0,"parent":16609,"menu_order":4,"comment_status":"closed","ping_status":"closed","template":"full_width.php","meta":{"_acf_changed":false,"footnotes":""},"acf":[],"yoast_head":"<!-- This site is optimized with the Yoast SEO plugin v22.1 - https:\/\/yoast.com\/wordpress\/plugins\/seo\/ -->\n<title>Application - Hexagon Studio<\/title>\n<meta name=\"robots\" content=\"index, follow, max-snippet:-1, max-image-preview:large, max-video-preview:-1\" \/>\n<link rel=\"canonical\" href=\"https:\/\/www.hexagonstudio.com.tr\/en\/career\/application\/\" \/>\n<meta property=\"og:locale\" content=\"en_US\" \/>\n<meta property=\"og:type\" content=\"article\" \/>\n<meta property=\"og:title\" content=\"Application - Hexagon Studio\" \/>\n<meta property=\"og:description\" content=\"[vc_row row_type=&#8221;row&#8221; type=&#8221;grid&#8221; text_align=&#8221;left&#8221; padding_top=&#8221;40&#8243; padding_bottom=&#8221;40&#8243; css_animation=&#8221;&#8221;][vc_column width=&#8221;1\/4&#8243;][vc_column_text][\/vc_column_text][\/vc_column][vc_column width=&#8221;3\/4&#8243;][vc_row_inner row_type=&#8221;row&#8221; type=&#8221;full_width&#8221; text_align=&#8221;left&#8221; css_animation=&#8221;&#8221;][vc_column_inner width=&#8221;1\/2&#8243;][vc_single_image image=&#8221;16439&#8243; img_size=&#8221;full&#8221; qode_css_animation=&#8221;&#8221;][\/vc_column_inner][vc_column_inner width=&#8221;1\/2&#8243;][vc_column_text]The channels in which we seek our talents; Kariyer.net Linkedin Social media Career Days Sometimes we train our talents through internship programs. To examine our career opportunities and...\" \/>\n<meta property=\"og:url\" content=\"https:\/\/www.hexagonstudio.com.tr\/en\/career\/application\/\" \/>\n<meta property=\"og:site_name\" content=\"Hexagon Studio\" \/>\n<meta property=\"article:publisher\" content=\"https:\/\/www.facebook.com\/hexagonstudio\" \/>\n<meta property=\"article:modified_time\" content=\"2021-08-21T19:32:08+00:00\" \/>\n<meta name=\"twitter:card\" content=\"summary_large_image\" \/>\n<meta name=\"twitter:site\" content=\"@hexagonstudiotr\" \/>\n<meta name=\"twitter:label1\" content=\"Est. reading time\" \/>\n\t<meta name=\"twitter:data1\" content=\"2 minutes\" \/>\n<!-- \/ Yoast SEO plugin. -->","yoast_head_json":{"title":"Application - Hexagon Studio","robots":{"index":"index","follow":"follow","max-snippet":"max-snippet:-1","max-image-preview":"max-image-preview:large","max-video-preview":"max-video-preview:-1"},"canonical":"https:\/\/www.hexagonstudio.com.tr\/en\/career\/application\/","og_locale":"en_US","og_type":"article","og_title":"Application - Hexagon Studio","og_description":"[vc_row row_type=&#8221;row&#8221; type=&#8221;grid&#8221; text_align=&#8221;left&#8221; padding_top=&#8221;40&#8243; padding_bottom=&#8221;40&#8243; css_animation=&#8221;&#8221;][vc_column width=&#8221;1\/4&#8243;][vc_column_text][\/vc_column_text][\/vc_column][vc_column width=&#8221;3\/4&#8243;][vc_row_inner row_type=&#8221;row&#8221; type=&#8221;full_width&#8221; text_align=&#8221;left&#8221; css_animation=&#8221;&#8221;][vc_column_inner width=&#8221;1\/2&#8243;][vc_single_image image=&#8221;16439&#8243; img_size=&#8221;full&#8221; qode_css_animation=&#8221;&#8221;][\/vc_column_inner][vc_column_inner width=&#8221;1\/2&#8243;][vc_column_text]The channels in which we seek our talents; Kariyer.net Linkedin Social media Career Days Sometimes we train our talents through internship programs. To examine our career opportunities and...","og_url":"https:\/\/www.hexagonstudio.com.tr\/en\/career\/application\/","og_site_name":"Hexagon Studio","article_publisher":"https:\/\/www.facebook.com\/hexagonstudio","article_modified_time":"2021-08-21T19:32:08+00:00","twitter_card":"summary_large_image","twitter_site":"@hexagonstudiotr","twitter_misc":{"Est. reading time":"2 minutes"},"schema":{"@context":"https:\/\/schema.org","@graph":[{"@type":"WebPage","@id":"https:\/\/www.hexagonstudio.com.tr\/en\/career\/application\/","url":"https:\/\/www.hexagonstudio.com.tr\/en\/career\/application\/","name":"Application - Hexagon Studio","isPartOf":{"@id":"https:\/\/www.hexagonstudio.com.tr\/en\/#website"},"datePublished":"2019-01-30T02:43:22+00:00","dateModified":"2021-08-21T19:32:08+00:00","breadcrumb":{"@id":"https:\/\/www.hexagonstudio.com.tr\/en\/career\/application\/#breadcrumb"},"inLanguage":"en-US","potentialAction":[{"@type":"ReadAction","target":["https:\/\/www.hexagonstudio.com.tr\/en\/career\/application\/"]}]},{"@type":"BreadcrumbList","@id":"https:\/\/www.hexagonstudio.com.tr\/en\/career\/application\/#breadcrumb","itemListElement":[{"@type":"ListItem","position":1,"name":"Ana sayfa","item":"https:\/\/www.hexagonstudio.com.tr\/en\/"},{"@type":"ListItem","position":2,"name":"Career","item":"https:\/\/www.hexagonstudio.com.tr\/en\/career\/"},{"@type":"ListItem","position":3,"name":"Application"}]},{"@type":"WebSite","@id":"https:\/\/www.hexagonstudio.com.tr\/en\/#website","url":"https:\/\/www.hexagonstudio.com.tr\/en\/","name":"Hexagon Studio","description":"\u00d6zg\u00fcn Tasar\u0131m ve M\u00fchendislik \u00c7\u00f6z\u00fcmleri","publisher":{"@id":"https:\/\/www.hexagonstudio.com.tr\/en\/#organization"},"potentialAction":[{"@type":"SearchAction","target":{"@type":"EntryPoint","urlTemplate":"https:\/\/www.hexagonstudio.com.tr\/en\/?s={search_term_string}"},"query-input":"required name=search_term_string"}],"inLanguage":"en-US"},{"@type":"Organization","@id":"https:\/\/www.hexagonstudio.com.tr\/en\/#organization","name":"Hexagon Studio","url":"https:\/\/www.hexagonstudio.com.tr\/en\/","logo":{"@type":"ImageObject","inLanguage":"en-US","@id":"https:\/\/www.hexagonstudio.com.tr\/en\/#\/schema\/logo\/image\/","url":"https:\/\/www.hexagonstudio.com.tr\/wp-content\/uploads\/2019\/01\/logo.png","contentUrl":"https:\/\/www.hexagonstudio.com.tr\/wp-content\/uploads\/2019\/01\/logo.png","width":280,"height":130,"caption":"Hexagon Studio"},"image":{"@id":"https:\/\/www.hexagonstudio.com.tr\/en\/#\/schema\/logo\/image\/"},"sameAs":["https:\/\/www.facebook.com\/hexagonstudio","https:\/\/twitter.com\/hexagonstudiotr","https:\/\/www.instagram.com\/hexagonstudiotr\/","https:\/\/www.linkedin.com\/company\/hexagon-studio"]}]}},"jetpack_sharing_enabled":true,"_links":{"self":[{"href":"https:\/\/www.hexagonstudio.com.tr\/en\/wp-json\/wp\/v2\/pages\/18851"}],"collection":[{"href":"https:\/\/www.hexagonstudio.com.tr\/en\/wp-json\/wp\/v2\/pages"}],"about":[{"href":"https:\/\/www.hexagonstudio.com.tr\/en\/wp-json\/wp\/v2\/types\/page"}],"author":[{"embeddable":true,"href":"https:\/\/www.hexagonstudio.com.tr\/en\/wp-json\/wp\/v2\/users\/1"}],"replies":[{"embeddable":true,"href":"https:\/\/www.hexagonstudio.com.tr\/en\/wp-json\/wp\/v2\/comments?post=18851"}],"version-history":[{"count":26,"href":"https:\/\/www.hexagonstudio.com.tr\/en\/wp-json\/wp\/v2\/pages\/18851\/revisions"}],"predecessor-version":[{"id":20938,"href":"https:\/\/www.hexagonstudio.com.tr\/en\/wp-json\/wp\/v2\/pages\/18851\/revisions\/20938"}],"up":[{"embeddable":true,"href":"https:\/\/www.hexagonstudio.com.tr\/en\/wp-json\/wp\/v2\/pages\/16609"}],"wp:attachment":[{"href":"https:\/\/www.hexagonstudio.com.tr\/en\/wp-json\/wp\/v2\/media?parent=18851"}],"curies":[{"name":"wp","href":"https:\/\/api.w.org\/{rel}","templated":true}]}}