{"id":18853,"date":"2013-10-16T12:05:38","date_gmt":"2013-10-16T09:05:38","guid":{"rendered":"https:\/\/www.hexagonstudio.com.tr\/contact\/"},"modified":"2023-05-23T08:59:25","modified_gmt":"2023-05-23T05:59:25","slug":"contact","status":"publish","type":"page","link":"https:\/\/www.hexagonstudio.com.tr\/en\/contact\/","title":{"rendered":"Contact"},"content":{"rendered":"<div class=\"wpb-content-wrapper\"><p>[vc_row row_type=&#8221;row&#8221; type=&#8221;full_width&#8221; text_align=&#8221;left&#8221; padding_bottom=&#8221;30&#8243; css_animation=&#8221;&#8221;][vc_column][vc_gmaps link=&#8221;#E-8_aHR0cHMlM0ElMkYlMkZ3d3cuZ29vZ2xlLmNvbSUyRm1hcHMlM0ZsbCUzRDQwLjg1Mzc2MSUyQzI5LjQxNDkwMyUyNnolM0QxNCUyNnQlM0RtJTI2aGwlM0Rlbi1VUyUyNmdsJTNEVFIlMjZtYXBjbGllbnQlM0RlbWJlZCUyNmNpZCUzRDEwNjcwMTg0OTM5Mjc2MDkwODQz&#8221; size=&#8221;450&#8243;][\/vc_column][\/vc_row][vc_row row_type=&#8221;row&#8221; type=&#8221;grid&#8221; text_align=&#8221;left&#8221; padding_top=&#8221;30&#8243; padding_bottom=&#8221;40&#8243; css_animation=&#8221;&#8221;][vc_column][vc_row_inner row_type=&#8221;row&#8221; type=&#8221;grid&#8221; text_align=&#8221;left&#8221; css_animation=&#8221;&#8221;][vc_column_inner width=&#8221;1\/2&#8243;][vc_column_text]<\/p>\n<h3>Contact Information<\/h3>\n<p>[\/vc_column_text][vc_separator type=&#8221;transparent&#8221; up=&#8221;6&#8243; down=&#8221;26&#8243;][vc_column_text el_class=&#8221;text-large&#8221;]<strong>R&amp;D CENTER<\/strong><\/p>\n<p><strong>Address:<\/strong><\/p>\n<p>TAYSAD Organize Sanayi B\u00f6lgesi (TOSB)<\/p>\n<p>1.Cadde 15.Yol No:7 41420<\/p>\n<p>\u015eekerp\u0131nar &#8211; \u00c7ay\u0131rova \/ KOCAEL\u0130<\/p>\n<p><strong>T:<\/strong> +90 262 673 21 00<\/p>\n<p><strong>F:<\/strong> +90 262 658 04 35[\/vc_column_text][vc_separator type=&#8221;transparent&#8221;][vc_column_text el_class=&#8221;text-large&#8221;]<strong>HEAD OFFICE<\/strong><\/p>\n<p><strong>Address:<\/strong><b><br \/>\n<\/b><\/p>\n<p>\u00c7eliktepe Mahallesi<\/p>\n<p>\u0130smet \u0130n\u00f6n\u00fc Caddesi<\/p>\n<p>Y\u0131ld\u0131r\u0131mlar \u0130\u015f Merkezi No:11\/502 34413<\/p>\n<p>KA\u011eITHANE \/ \u0130STANBUL[\/vc_column_text][vc_separator type=&#8221;transparent&#8221; up=&#8221;6&#8243; down=&#8221;26&#8243;][\/vc_column_inner][vc_column_inner el_class=&#8221;contact_form&#8221; width=&#8221;1\/2&#8243;][vc_column_text]<\/p>\n<div class=\"tlid-input input\">\n<div class=\"source-wrap\">\n<div class=\"input-full-height-wrapper tlid-input-full-height-wrapper\">\n<div class=\"source-input\">\n<div class=\"source-footer-wrap source-or-target-footer\">\n<div class=\"character-count tlid-character-count\">\n<h3 class=\"cc-ctr normal\"><strong>Hexagon Studio on Social Media<\/strong><\/h3>\n<\/div>\n<\/div>\n<\/div>\n<\/div>\n<\/div>\n<\/div>\n<p>[\/vc_column_text][vc_separator type=&#8221;transparent&#8221; up=&#8221;6&#8243; down=&#8221;6&#8243;]<span class='q_social_icon_holder'><a href='https:\/\/linkedin.com\/company\/hexagonstudiotr\/' target='_blank'><i class='fa fa-linkedin-square fa-4x simple_social' style='color: #0066bf;'><\/i><\/a><\/span><span class='q_social_icon_holder'><a href='https:\/\/twitter.com\/hexagonstudiotr' target='_blank'><i class='fa fa-twitter-square fa-4x simple_social' style='color: #30a2cc;'><\/i><\/a><\/span><span class='q_social_icon_holder'><a href='https:\/\/tr-tr.facebook.com\/hexagonstudio\/' target='_blank'><i class='fa fa-facebook-square fa-4x simple_social' style='color: #1e73be;'><\/i><\/a><\/span><span class='q_social_icon_holder'><a href='https:\/\/www.youtube.com\/channel\/UC2XSHf1BuDNHXP4WctyyYcg' target='_blank'><i class='fa fa-youtube-square fa-4x simple_social' style='color: #dd3333;'><\/i><\/a><\/span><span class='q_social_icon_holder'><a href='https:\/\/www.instagram.com\/hexagonstudiotr\/?hl=tr' target='_blank'><i class='fa fa-instagram fa-4x simple_social' style='color: #e83573;'><\/i><\/a><\/span>[vc_separator type=&#8221;transparent&#8221; up=&#8221;6&#8243; down=&#8221;6&#8243;][vc_separator type=&#8221;transparent&#8221; up=&#8221;6&#8243; down=&#8221;6&#8243;][vc_separator type=&#8221;transparent&#8221; up=&#8221;6&#8243; down=&#8221;6&#8243;][vc_separator type=&#8221;transparent&#8221; up=&#8221;6&#8243; down=&#8221;6&#8243;][vc_column_text]<br \/>\nContact Form<br \/>\n[\/vc_column_text][vc_separator type=&#8221;transparent&#8221; up=&#8221;6&#8243; down=&#8221;6&#8243;]\n<div class=\"wpcf7 no-js\" id=\"wpcf7-f20051-o1\" lang=\"en-US\" dir=\"ltr\">\n<div class=\"screen-reader-response\"><p role=\"status\" aria-live=\"polite\" aria-atomic=\"true\"><\/p> <ul><\/ul><\/div>\n<form action=\"\/en\/wp-json\/wp\/v2\/pages\/18853#wpcf7-f20051-o1\" method=\"post\" class=\"wpcf7-form init\" aria-label=\"Contact form\" novalidate=\"novalidate\" data-status=\"init\">\n<div style=\"display: none;\">\n<input type=\"hidden\" name=\"_wpcf7\" value=\"20051\" \/>\n<input type=\"hidden\" name=\"_wpcf7_version\" value=\"5.8.7\" \/>\n<input type=\"hidden\" name=\"_wpcf7_locale\" value=\"en_US\" \/>\n<input type=\"hidden\" name=\"_wpcf7_unit_tag\" value=\"wpcf7-f20051-o1\" \/>\n<input type=\"hidden\" name=\"_wpcf7_container_post\" value=\"0\" \/>\n<input type=\"hidden\" name=\"_wpcf7_posted_data_hash\" value=\"\" \/>\n<\/div>\n<p><span class=\"wpcf7-form-control-wrap\" data-name=\"adsoyad\"><input size=\"40\" class=\"wpcf7-form-control wpcf7-text wpcf7-validates-as-required\" aria-required=\"true\" aria-invalid=\"false\" placeholder=\"\uf007 Name, Surname\" value=\"\" type=\"text\" name=\"adsoyad\" \/><\/span><br \/>\n<span class=\"wpcf7-form-control-wrap\" data-name=\"telefon\"><input size=\"40\" class=\"wpcf7-form-control wpcf7-tel wpcf7-validates-as-required wpcf7-text wpcf7-validates-as-tel\" aria-required=\"true\" aria-invalid=\"false\" placeholder=\"\uf007 Phone\" value=\"\" type=\"tel\" name=\"telefon\" \/><\/span><br \/>\n<span class=\"wpcf7-form-control-wrap\" data-name=\"eposta\"><input size=\"40\" class=\"wpcf7-form-control wpcf7-email wpcf7-validates-as-required wpcf7-text wpcf7-validates-as-email\" aria-required=\"true\" aria-invalid=\"false\" placeholder=\"\uf007 E-mail\" value=\"\" type=\"email\" name=\"eposta\" \/><\/span><br \/>\n<span class=\"wpcf7-form-control-wrap\" data-name=\"mesaj\"><textarea cols=\"40\" rows=\"10\" class=\"wpcf7-form-control wpcf7-textarea wpcf7-validates-as-required\" aria-required=\"true\" aria-invalid=\"false\" placeholder=\"\uf007 Message\" name=\"mesaj\"><\/textarea><\/span><br \/>\n<input class=\"wpcf7-form-control wpcf7-submit has-spinner qbutton\" type=\"submit\" value=\"Send\" \/>\n<\/p><div class=\"wpcf7-response-output\" aria-hidden=\"true\"><\/div>\n<\/form>\n<\/div>\n[\/vc_column_inner][\/vc_row_inner][\/vc_column][\/vc_row]<\/p>\n<\/div>","protected":false},"excerpt":{"rendered":"<p>[vc_row row_type=&#8221;row&#8221; type=&#8221;full_width&#8221; text_align=&#8221;left&#8221; padding_bottom=&#8221;30&#8243; css_animation=&#8221;&#8221;][vc_column][vc_gmaps link=&#8221;#E-8_aHR0cHMlM0ElMkYlMkZ3d3cuZ29vZ2xlLmNvbSUyRm1hcHMlM0ZsbCUzRDQwLjg1Mzc2MSUyQzI5LjQxNDkwMyUyNnolM0QxNCUyNnQlM0RtJTI2aGwlM0Rlbi1VUyUyNmdsJTNEVFIlMjZtYXBjbGllbnQlM0RlbWJlZCUyNmNpZCUzRDEwNjcwMTg0OTM5Mjc2MDkwODQz&#8221; size=&#8221;450&#8243;][\/vc_column][\/vc_row][vc_row row_type=&#8221;row&#8221; type=&#8221;grid&#8221; text_align=&#8221;left&#8221; padding_top=&#8221;30&#8243; padding_bottom=&#8221;40&#8243; css_animation=&#8221;&#8221;][vc_column][vc_row_inner row_type=&#8221;row&#8221; type=&#8221;grid&#8221; text_align=&#8221;left&#8221; css_animation=&#8221;&#8221;][vc_column_inner width=&#8221;1\/2&#8243;][vc_column_text] Contact Information [\/vc_column_text][vc_separator type=&#8221;transparent&#8221; up=&#8221;6&#8243; down=&#8221;26&#8243;][vc_column_text el_class=&#8221;text-large&#8221;]R&amp;D CENTER Address: TAYSAD Organize Sanayi B\u00f6lgesi (TOSB) 1.Cadde 15.Yol No:7 41420 \u015eekerp\u0131nar &#8211; \u00c7ay\u0131rova \/ KOCAEL\u0130 T: +90 262&#8230;<\/p>\n","protected":false},"author":1,"featured_media":0,"parent":0,"menu_order":10,"comment_status":"open","ping_status":"closed","template":"full_width.php","meta":{"_acf_changed":false,"footnotes":""},"acf":[],"yoast_head":"<!-- This site is optimized with the Yoast SEO plugin v22.1 - https:\/\/yoast.com\/wordpress\/plugins\/seo\/ -->\n<title>Contact - Hexagon Studio<\/title>\n<meta name=\"robots\" content=\"index, follow, max-snippet:-1, max-image-preview:large, max-video-preview:-1\" \/>\n<link rel=\"canonical\" href=\"https:\/\/www.hexagonstudio.com.tr\/en\/contact\/\" \/>\n<meta property=\"og:locale\" content=\"en_US\" \/>\n<meta property=\"og:type\" content=\"article\" \/>\n<meta property=\"og:title\" content=\"Contact - Hexagon Studio\" \/>\n<meta property=\"og:description\" content=\"[vc_row row_type=&#8221;row&#8221; type=&#8221;full_width&#8221; text_align=&#8221;left&#8221; padding_bottom=&#8221;30&#8243; css_animation=&#8221;&#8221;][vc_column][vc_gmaps link=&#8221;#E-8_aHR0cHMlM0ElMkYlMkZ3d3cuZ29vZ2xlLmNvbSUyRm1hcHMlM0ZsbCUzRDQwLjg1Mzc2MSUyQzI5LjQxNDkwMyUyNnolM0QxNCUyNnQlM0RtJTI2aGwlM0Rlbi1VUyUyNmdsJTNEVFIlMjZtYXBjbGllbnQlM0RlbWJlZCUyNmNpZCUzRDEwNjcwMTg0OTM5Mjc2MDkwODQz&#8221; size=&#8221;450&#8243;][\/vc_column][\/vc_row][vc_row row_type=&#8221;row&#8221; type=&#8221;grid&#8221; text_align=&#8221;left&#8221; padding_top=&#8221;30&#8243; padding_bottom=&#8221;40&#8243; css_animation=&#8221;&#8221;][vc_column][vc_row_inner row_type=&#8221;row&#8221; type=&#8221;grid&#8221; text_align=&#8221;left&#8221; css_animation=&#8221;&#8221;][vc_column_inner width=&#8221;1\/2&#8243;][vc_column_text] Contact Information [\/vc_column_text][vc_separator type=&#8221;transparent&#8221; up=&#8221;6&#8243; down=&#8221;26&#8243;][vc_column_text el_class=&#8221;text-large&#8221;]R&amp;D CENTER Address: TAYSAD Organize Sanayi B\u00f6lgesi (TOSB) 1.Cadde 15.Yol No:7 41420 \u015eekerp\u0131nar &#8211; \u00c7ay\u0131rova \/ KOCAEL\u0130 T: +90 262...\" \/>\n<meta property=\"og:url\" content=\"https:\/\/www.hexagonstudio.com.tr\/en\/contact\/\" \/>\n<meta property=\"og:site_name\" content=\"Hexagon Studio\" \/>\n<meta property=\"article:publisher\" content=\"https:\/\/www.facebook.com\/hexagonstudio\" \/>\n<meta property=\"article:modified_time\" content=\"2023-05-23T05:59:25+00:00\" \/>\n<meta name=\"twitter:card\" content=\"summary_large_image\" \/>\n<meta name=\"twitter:site\" content=\"@hexagonstudiotr\" \/>\n<meta name=\"twitter:label1\" content=\"Est. reading time\" \/>\n\t<meta name=\"twitter:data1\" content=\"1 minute\" \/>\n<!-- \/ Yoast SEO plugin. -->","yoast_head_json":{"title":"Contact - Hexagon Studio","robots":{"index":"index","follow":"follow","max-snippet":"max-snippet:-1","max-image-preview":"max-image-preview:large","max-video-preview":"max-video-preview:-1"},"canonical":"https:\/\/www.hexagonstudio.com.tr\/en\/contact\/","og_locale":"en_US","og_type":"article","og_title":"Contact - Hexagon Studio","og_description":"[vc_row row_type=&#8221;row&#8221; type=&#8221;full_width&#8221; text_align=&#8221;left&#8221; padding_bottom=&#8221;30&#8243; css_animation=&#8221;&#8221;][vc_column][vc_gmaps link=&#8221;#E-8_aHR0cHMlM0ElMkYlMkZ3d3cuZ29vZ2xlLmNvbSUyRm1hcHMlM0ZsbCUzRDQwLjg1Mzc2MSUyQzI5LjQxNDkwMyUyNnolM0QxNCUyNnQlM0RtJTI2aGwlM0Rlbi1VUyUyNmdsJTNEVFIlMjZtYXBjbGllbnQlM0RlbWJlZCUyNmNpZCUzRDEwNjcwMTg0OTM5Mjc2MDkwODQz&#8221; size=&#8221;450&#8243;][\/vc_column][\/vc_row][vc_row row_type=&#8221;row&#8221; type=&#8221;grid&#8221; text_align=&#8221;left&#8221; padding_top=&#8221;30&#8243; padding_bottom=&#8221;40&#8243; css_animation=&#8221;&#8221;][vc_column][vc_row_inner row_type=&#8221;row&#8221; type=&#8221;grid&#8221; text_align=&#8221;left&#8221; css_animation=&#8221;&#8221;][vc_column_inner width=&#8221;1\/2&#8243;][vc_column_text] Contact Information [\/vc_column_text][vc_separator type=&#8221;transparent&#8221; up=&#8221;6&#8243; down=&#8221;26&#8243;][vc_column_text el_class=&#8221;text-large&#8221;]R&amp;D CENTER Address: TAYSAD Organize Sanayi B\u00f6lgesi (TOSB) 1.Cadde 15.Yol No:7 41420 \u015eekerp\u0131nar &#8211; \u00c7ay\u0131rova \/ KOCAEL\u0130 T: +90 262...","og_url":"https:\/\/www.hexagonstudio.com.tr\/en\/contact\/","og_site_name":"Hexagon Studio","article_publisher":"https:\/\/www.facebook.com\/hexagonstudio","article_modified_time":"2023-05-23T05:59:25+00:00","twitter_card":"summary_large_image","twitter_site":"@hexagonstudiotr","twitter_misc":{"Est. reading time":"1 minute"},"schema":{"@context":"https:\/\/schema.org","@graph":[{"@type":"WebPage","@id":"https:\/\/www.hexagonstudio.com.tr\/en\/contact\/","url":"https:\/\/www.hexagonstudio.com.tr\/en\/contact\/","name":"Contact - Hexagon Studio","isPartOf":{"@id":"https:\/\/www.hexagonstudio.com.tr\/en\/#website"},"datePublished":"2013-10-16T09:05:38+00:00","dateModified":"2023-05-23T05:59:25+00:00","breadcrumb":{"@id":"https:\/\/www.hexagonstudio.com.tr\/en\/contact\/#breadcrumb"},"inLanguage":"en-US","potentialAction":[{"@type":"ReadAction","target":["https:\/\/www.hexagonstudio.com.tr\/en\/contact\/"]}]},{"@type":"BreadcrumbList","@id":"https:\/\/www.hexagonstudio.com.tr\/en\/contact\/#breadcrumb","itemListElement":[{"@type":"ListItem","position":1,"name":"Ana sayfa","item":"https:\/\/www.hexagonstudio.com.tr\/en\/"},{"@type":"ListItem","position":2,"name":"Contact"}]},{"@type":"WebSite","@id":"https:\/\/www.hexagonstudio.com.tr\/en\/#website","url":"https:\/\/www.hexagonstudio.com.tr\/en\/","name":"Hexagon Studio","description":"\u00d6zg\u00fcn Tasar\u0131m ve M\u00fchendislik \u00c7\u00f6z\u00fcmleri","publisher":{"@id":"https:\/\/www.hexagonstudio.com.tr\/en\/#organization"},"potentialAction":[{"@type":"SearchAction","target":{"@type":"EntryPoint","urlTemplate":"https:\/\/www.hexagonstudio.com.tr\/en\/?s={search_term_string}"},"query-input":"required name=search_term_string"}],"inLanguage":"en-US"},{"@type":"Organization","@id":"https:\/\/www.hexagonstudio.com.tr\/en\/#organization","name":"Hexagon Studio","url":"https:\/\/www.hexagonstudio.com.tr\/en\/","logo":{"@type":"ImageObject","inLanguage":"en-US","@id":"https:\/\/www.hexagonstudio.com.tr\/en\/#\/schema\/logo\/image\/","url":"https:\/\/www.hexagonstudio.com.tr\/wp-content\/uploads\/2019\/01\/logo.png","contentUrl":"https:\/\/www.hexagonstudio.com.tr\/wp-content\/uploads\/2019\/01\/logo.png","width":280,"height":130,"caption":"Hexagon Studio"},"image":{"@id":"https:\/\/www.hexagonstudio.com.tr\/en\/#\/schema\/logo\/image\/"},"sameAs":["https:\/\/www.facebook.com\/hexagonstudio","https:\/\/twitter.com\/hexagonstudiotr","https:\/\/www.instagram.com\/hexagonstudiotr\/","https:\/\/www.linkedin.com\/company\/hexagon-studio"]}]}},"jetpack_sharing_enabled":true,"_links":{"self":[{"href":"https:\/\/www.hexagonstudio.com.tr\/en\/wp-json\/wp\/v2\/pages\/18853"}],"collection":[{"href":"https:\/\/www.hexagonstudio.com.tr\/en\/wp-json\/wp\/v2\/pages"}],"about":[{"href":"https:\/\/www.hexagonstudio.com.tr\/en\/wp-json\/wp\/v2\/types\/page"}],"author":[{"embeddable":true,"href":"https:\/\/www.hexagonstudio.com.tr\/en\/wp-json\/wp\/v2\/users\/1"}],"replies":[{"embeddable":true,"href":"https:\/\/www.hexagonstudio.com.tr\/en\/wp-json\/wp\/v2\/comments?post=18853"}],"version-history":[{"count":13,"href":"https:\/\/www.hexagonstudio.com.tr\/en\/wp-json\/wp\/v2\/pages\/18853\/revisions"}],"predecessor-version":[{"id":21000,"href":"https:\/\/www.hexagonstudio.com.tr\/en\/wp-json\/wp\/v2\/pages\/18853\/revisions\/21000"}],"wp:attachment":[{"href":"https:\/\/www.hexagonstudio.com.tr\/en\/wp-json\/wp\/v2\/media?parent=18853"}],"curies":[{"name":"wp","href":"https:\/\/api.w.org\/{rel}","templated":true}]}}