{"id":19170,"date":"2019-05-10T11:16:41","date_gmt":"2019-05-10T08:16:41","guid":{"rendered":"https:\/\/www.hexagonstudio.com.tr\/?page_id=19170"},"modified":"2019-07-25T14:54:24","modified_gmt":"2019-07-25T11:54:24","slug":"internship-at-hexagon-studio","status":"publish","type":"page","link":"https:\/\/www.hexagonstudio.com.tr\/en\/career\/career-opportunities\/internship-at-hexagon-studio\/","title":{"rendered":"Internship at Hexagon Studio"},"content":{"rendered":"<div class=\"wpb-content-wrapper\"><p>[vc_row row_type=&#8221;row&#8221; type=&#8221;grid&#8221; text_align=&#8221;left&#8221; padding_top=&#8221;40&#8243; padding_bottom=&#8221;40&#8243; css_animation=&#8221;&#8221;][vc_column width=&#8221;1\/4&#8243;][vc_column_text]<div class=\"menu-kariyer-en-container\"><ul id=\"menu-kariyer-en\" class=\"menu\"><li id=\"menu-item-19264\" class=\"menu-item menu-item-type-post_type menu-item-object-page menu-item-19264\"><a href=\"https:\/\/www.hexagonstudio.com.tr\/en\/career\/human-resources-policy\/\">Human Resources Policy<\/a><\/li>\n<li id=\"menu-item-19265\" class=\"menu-item menu-item-type-post_type menu-item-object-page menu-item-19265\"><a href=\"https:\/\/www.hexagonstudio.com.tr\/en\/career\/4y-program\/\">4Y Program<\/a><\/li>\n<li id=\"menu-item-19266\" class=\"menu-item menu-item-type-post_type menu-item-object-page menu-item-has-children menu-item-19266\"><a href=\"https:\/\/www.hexagonstudio.com.tr\/en\/career\/career-opportunities\/\">Career Opportunities<\/a>\n<ul class=\"sub-menu\">\n\t<li id=\"menu-item-19267\" class=\"menu-item menu-item-type-post_type menu-item-object-page menu-item-19267\"><a href=\"https:\/\/www.hexagonstudio.com.tr\/en\/career\/career-opportunities\/internship-at-hexagon-studio\/\">Internship at Hexagon Studio<\/a><\/li>\n\t<li id=\"menu-item-19268\" class=\"menu-item menu-item-type-post_type menu-item-object-page menu-item-19268\"><a href=\"https:\/\/www.hexagonstudio.com.tr\/en\/career\/career-opportunities\/life-at-work\/\">Life at Work<\/a><\/li>\n<\/ul>\n<\/li>\n<li id=\"menu-item-19269\" class=\"menu-item menu-item-type-post_type menu-item-object-page menu-item-19269\"><a href=\"https:\/\/www.hexagonstudio.com.tr\/en\/career\/application\/\">Application<\/a><\/li>\n<\/ul><\/div>[\/vc_column_text][\/vc_column][vc_column width=&#8221;3\/4&#8243;][vc_custom_heading text=&#8221;Internship at Hexagon Studio&#8221; use_theme_fonts=&#8221;yes&#8221;][vc_separator type=&#8221;normal&#8221; color=&#8221;#e3261c&#8221; thickness=&#8221;2&#8243; down=&#8221;20&#8243;]<div id=\"ultib3-18412612069efa8f029ebd\" class=\" ultb3-box ult-adjust-bottom-margin on-image \" style=\"\"><img decoding=\"async\" src=\"https:\/\/www.hexagonstudio.com.tr\/wp-content\/uploads\/2019\/05\/staj_bg_optimized.jpg\" style=\"\" class=\"ultb3-img ultb3-img-center-left\" alt=\"null\"\/><div id=\"Info-banner-wrap3356\" class=\"ultb3-info ib3-info-center\" data-animation=\"\" data-animation-delay=\"03\"><div class=\"ultb3-desc ult-responsive\"  data-ultimate-target='#Info-banner-wrap3356 .ultb3-desc'  data-responsive-json-new='{\"font-size\":\"desktop:16px;\",\"line-height\":\"desktop:22px;\"}'  style=\"font-weight:normal;\">WE HAVE A OPPORTUNITY FOR THE STEP FROM THE CAMPUS TO WORK LIFE!<\/div><\/div><\/div><style>\n\t\t\t\t\t#ultib3-18412612069efa8f029ebd {\n\t\t\t\t\t\tmin-height:400px;\n\t\t\t\t\t}\n\t\t\t\t\t#ultib3-18412612069efa8f029ebd img.ultb3-img {\n\t\t\t\t\t\theight: px;\n\t\t\t\t\t}\n\t\t\t\t\t#ultib3-18412612069efa8f029ebd .ultb3-btn {\n\t\t\t\t\t\tborder:2px solid #1e73be;border-radius:50px;color:#898989;\n\t\t\t\t\t}\n\t\t\t\t\t#ultib3-18412612069efa8f029ebd .ultb3-btn:hover {\n\t\t\t\t\t\tbackground:#1e73be;color:#ffffff;\n\t\t\t\t\t}\n\t\t\t\t<\/style>[vc_column_text][\/vc_column_text][vc_separator type=&#8221;normal&#8221; color=&#8221;#e3261c&#8221; thickness=&#8221;2&#8243; up=&#8221;20&#8243; down=&#8221;20&#8243;][vc_custom_heading text=&#8221;We Create An Opportunity For The Step From The Campus To Work Life!&#8221; font_container=&#8221;tag:h3|text_align:left&#8221; use_theme_fonts=&#8221;yes&#8221;][vc_row_inner row_type=&#8221;row&#8221; type=&#8221;full_width&#8221; text_align=&#8221;left&#8221; css_animation=&#8221;&#8221;][vc_column_inner width=&#8221;3\/5&#8243;][vc_column_text]As Hexagon Studio, we provide mutual benefit to our company, universities and students by signing the protocols with universities in order to use the theoretical knowledge gained in the university in business life and work experience with the university-industry cooperation studies.[\/vc_column_text][\/vc_column_inner][vc_column_inner width=&#8221;2\/5&#8243;][vc_single_image image=&#8221;17599&#8243; img_size=&#8221;large&#8221; alignment=&#8221;center&#8221; style=&#8221;vc_box_shadow_3d&#8221; onclick=&#8221;link_image&#8221; qode_css_animation=&#8221;&#8221;][\/vc_column_inner][\/vc_row_inner][vc_separator type=&#8221;normal&#8221; color=&#8221;#e3261c&#8221; thickness=&#8221;2&#8243; up=&#8221;20&#8243; down=&#8221;20&#8243;][vc_custom_heading text=&#8221;Work Life Training&#8221; font_container=&#8221;tag:h3|text_align:left&#8221; use_theme_fonts=&#8221;yes&#8221;][vc_separator type=&#8221;transparent&#8221; thickness=&#8221;10&#8243;][vc_column_text]In this process, besides teaching technical information and giving responsibility,\u00a0 including communication skills, human resources, labor law, R &amp; D and \u00a0\u00a0P &amp; D, during 2 days with the \u201cLife Training at Work\u201d and our trainee friends to obtain information that aims to facilitate their business life when they graduate.<\/p>\n<p>At Hexagon Studio, in the Summer Semester Short Internship Program, we provide an opportunity to experience the knowledge of the theory at the university in practice in 6-8 weeks.<\/p>\n<p>In the period of April-May, the students who are in the 3rd and 4th year of their internship have the chance to take part in the project during their internship.[\/vc_column_text][vc_separator type=&#8221;transparent&#8221; thickness=&#8221;10&#8243;][vc_gallery type=&#8221;image_grid&#8221; images=&#8221;17606,17608,17610,17612&#8243; img_size=&#8221;large&#8221; column_number=&#8221;4&#8243;]<div class='testimonials_holder standard clearfix'><div class=\"testimonials testimonials_carousel\"><ul class=\"slides\"><li id=\"testimonials20339\" class=\"testimonial_content\"><div class=\"testimonial_content_inner\"><div class=\"testimonial_text_holder\"><div class=\"testimonial_text_inner\" style=\"\"><p>Being a \u201cHexagon Studio Trainee\u201d is learning application and advancing technology and solving challenges with it.<\/p><\/div><span class=\"testimonial_arrow\"><\/span><\/div><div class=\"author_image_holder clearfix\"><div class=\"testimonial_author\"><h4><span class=\"testimonial_name\" style=\"\">H\u00fcma YAL\u00c7IN<\/span><span class=\"company_position\" style=\"\">, Quality and Process Management \/ PLM Trainee<\/span><\/h4><span class=\"company_website\">Yeditepe University<\/span><\/div><\/div><\/div><\/li><li id=\"testimonials20370\" class=\"testimonial_content\"><div class=\"testimonial_content_inner\"><div class=\"testimonial_text_holder\"><div class=\"testimonial_text_inner\" style=\"\"><p>Being a \u201cHexagon Studio Trainee\u201d is being a part of national projects that are a pride for our country<\/p><\/div><span class=\"testimonial_arrow\"><\/span><\/div><div class=\"author_image_holder clearfix\"><div class=\"testimonial_author\"><h4><span class=\"testimonial_name\" style=\"\">Mehmet Aygen KAYACAN<\/span><span class=\"company_position\" style=\"\">, Chassis and Powertrain Systems \/ Powertrain Trainee<\/span><\/h4><span class=\"company_website\">Kocaeli University<\/span><\/div><\/div><\/div><\/li><li id=\"testimonials20369\" class=\"testimonial_content\"><div class=\"testimonial_content_inner\"><div class=\"testimonial_text_holder\"><div class=\"testimonial_text_inner\" style=\"\"><p>Being a \u201cHexagon Studio Trainee\u201d is starting as a student and leaving with an engineering perspective.<\/p><\/div><span class=\"testimonial_arrow\"><\/span><\/div><div class=\"author_image_holder clearfix\"><div class=\"testimonial_author\"><h4><span class=\"testimonial_name\" style=\"\">Samet OZTURK<\/span><span class=\"company_position\" style=\"\">, Vehicle Engineering \/ Vehicle Integration and NVH Trainee<\/span><\/h4><span class=\"company_website\">Uludag University<\/span><\/div><\/div><\/div><\/li><li id=\"testimonials20368\" class=\"testimonial_content\"><div class=\"testimonial_content_inner\"><div class=\"testimonial_text_holder\"><div class=\"testimonial_text_inner\" style=\"\"><p>Being a \u201cHexagon Studio Trainee\u201d is having an opportunity to demonstrate your knowledge and talents.<\/p><\/div><span class=\"testimonial_arrow\"><\/span><\/div><div class=\"author_image_holder clearfix\"><div class=\"testimonial_author\"><h4><span class=\"testimonial_name\" style=\"\">Necati HAYRAT<\/span><span class=\"company_position\" style=\"\">, Body Engineering \/ Body-In-White Design Trainee<\/span><\/h4><span class=\"company_website\">Firat University<\/span><\/div><\/div><\/div><\/li><li id=\"testimonials20366\" class=\"testimonial_content\"><div class=\"testimonial_content_inner\"><div class=\"testimonial_text_holder\"><div class=\"testimonial_text_inner\" style=\"\"><p>Being a \u201cHexagon Studio Trainee\u201d is shaping the future while designing new products for today\u2019s challenging demands.<\/p><\/div><span class=\"testimonial_arrow\"><\/span><\/div><div class=\"author_image_holder clearfix\"><div class=\"testimonial_author\"><h4><span class=\"testimonial_name\" style=\"\">Halil MELEZ<\/span><span class=\"company_position\" style=\"\">, Chassis and Vehicle Dynamics Engineering \/ Chassis Systems Design Trainee<\/span><\/h4><span class=\"company_website\">Gaziantep University<\/span><\/div><\/div><\/div><\/li><li id=\"testimonials20365\" class=\"testimonial_content\"><div class=\"testimonial_content_inner\"><div class=\"testimonial_text_holder\"><div class=\"testimonial_text_inner\" style=\"\"><p>Being a \u201cHexagon Studio Trainee\u201d is experiencing design thinking and being a member of R&D activities.<\/p><\/div><span class=\"testimonial_arrow\"><\/span><\/div><div class=\"author_image_holder clearfix\"><div class=\"testimonial_author\"><h4><span class=\"testimonial_name\" style=\"\">Ufuk GOKTEN<\/span><span class=\"company_position\" style=\"\">, Body Engineering \/ Exterior Trim Design Trainee<\/span><\/h4><span class=\"company_website\">Gazi University<\/span><\/div><\/div><\/div><\/li><li id=\"testimonials20362\" class=\"testimonial_content\"><div class=\"testimonial_content_inner\"><div class=\"testimonial_text_holder\"><div class=\"testimonial_text_inner\" style=\"\"><p>Being a \u201cHexagon Studio Trainee\u201d is participating in innovative R&D projects as a real team member with talented and experienced engineers and taking a major step forward for the future carrier.<\/p><\/div><span class=\"testimonial_arrow\"><\/span><\/div><div class=\"author_image_holder clearfix\"><div class=\"testimonial_author\"><h4><span class=\"testimonial_name\" style=\"\">Fatih VEZNEDAR<\/span><span class=\"company_position\" style=\"\">, Vehicle Engineering \/ Vehicle Integration and NVH Trainee<\/span><\/h4><span class=\"company_website\">Gazi University<\/span><\/div><\/div><\/div><\/li><li id=\"testimonials20371\" class=\"testimonial_content\"><div class=\"testimonial_content_inner\"><div class=\"testimonial_text_holder\"><div class=\"testimonial_text_inner\" style=\"\"><p>Being a \u201cHexagon Studio Trainee\u201d is being one step ahead at your carrier due to R&D project experience.<\/p><\/div><span class=\"testimonial_arrow\"><\/span><\/div><div class=\"author_image_holder clearfix\"><div class=\"testimonial_author\"><h4><span class=\"testimonial_name\" style=\"\">Yasin AYAZ<\/span><span class=\"company_position\" style=\"\">, Vehicle Engineering \/   Vehicle Integration Trainee<\/span><\/h4><span class=\"company_website\">Kocaeli University<\/span><\/div><\/div><\/div><\/li><li id=\"testimonials20372\" class=\"testimonial_content\"><div class=\"testimonial_content_inner\"><div class=\"testimonial_text_holder\"><div class=\"testimonial_text_inner\" style=\"\"><p>Being a \u201cHexagon Studio Trainee\u201d is designing not only products but also our life.<\/p><\/div><span class=\"testimonial_arrow\"><\/span><\/div><div class=\"author_image_holder clearfix\"><div class=\"testimonial_author\"><h4><span class=\"testimonial_name\" style=\"\">Meltem GULEN<\/span><span class=\"company_position\" style=\"\">,  Industrial Design Trainee<\/span><\/h4><span class=\"company_website\">TOBB ETU<\/span><\/div><\/div><\/div><\/li><li id=\"testimonials20358\" class=\"testimonial_content\"><div class=\"testimonial_content_inner\"><div class=\"testimonial_text_holder\"><div class=\"testimonial_text_inner\" style=\"\"><p>Being a \u201cHexagon Studio Trainee\u201d is fostering the designer skills with innovative ideas and high technology via gaining know-how every day.<\/p><\/div><span class=\"testimonial_arrow\"><\/span><\/div><div class=\"author_image_holder clearfix\"><div class=\"testimonial_author\"><h4><span class=\"testimonial_name\" style=\"\">Ahmet Can OZOTUK <\/span><span class=\"company_position\" style=\"\">, Body Engineering \/ Mechanical Systems Trainee<\/span><\/h4><span class=\"company_website\">Gaziantep University<\/span><\/div><\/div><\/div><\/li><\/ul><\/div><\/div>[\/vc_column][\/vc_row]<\/p>\n<\/div>","protected":false},"excerpt":{"rendered":"<p>[vc_row row_type=&#8221;row&#8221; type=&#8221;grid&#8221; text_align=&#8221;left&#8221; padding_top=&#8221;40&#8243; padding_bottom=&#8221;40&#8243; css_animation=&#8221;&#8221;][vc_column width=&#8221;1\/4&#8243;][vc_column_text][\/vc_column_text][\/vc_column][vc_column width=&#8221;3\/4&#8243;][vc_custom_heading text=&#8221;Internship at Hexagon Studio&#8221; use_theme_fonts=&#8221;yes&#8221;][vc_separator type=&#8221;normal&#8221; color=&#8221;#e3261c&#8221; thickness=&#8221;2&#8243; down=&#8221;20&#8243;][vc_column_text][\/vc_column_text][vc_separator type=&#8221;normal&#8221; color=&#8221;#e3261c&#8221; thickness=&#8221;2&#8243; up=&#8221;20&#8243; down=&#8221;20&#8243;][vc_custom_heading text=&#8221;We Create An Opportunity For The Step From The Campus To Work Life!&#8221; font_container=&#8221;tag:h3|text_align:left&#8221; use_theme_fonts=&#8221;yes&#8221;][vc_row_inner row_type=&#8221;row&#8221; type=&#8221;full_width&#8221; text_align=&#8221;left&#8221; css_animation=&#8221;&#8221;][vc_column_inner width=&#8221;3\/5&#8243;][vc_column_text]As Hexagon Studio,&#8230;<\/p>\n","protected":false},"author":2,"featured_media":0,"parent":18849,"menu_order":1,"comment_status":"closed","ping_status":"closed","template":"full_width.php","meta":{"_acf_changed":false,"footnotes":""},"acf":[],"yoast_head":"<!-- This site is optimized with the Yoast SEO plugin v22.1 - https:\/\/yoast.com\/wordpress\/plugins\/seo\/ -->\n<title>Internship at Hexagon Studio - Hexagon Studio<\/title>\n<meta name=\"robots\" content=\"index, follow, max-snippet:-1, max-image-preview:large, max-video-preview:-1\" \/>\n<link rel=\"canonical\" href=\"https:\/\/www.hexagonstudio.com.tr\/en\/career\/career-opportunities\/internship-at-hexagon-studio\/\" \/>\n<meta property=\"og:locale\" content=\"en_US\" \/>\n<meta property=\"og:type\" content=\"article\" \/>\n<meta property=\"og:title\" content=\"Internship at Hexagon Studio - Hexagon Studio\" \/>\n<meta property=\"og:description\" content=\"[vc_row row_type=&#8221;row&#8221; type=&#8221;grid&#8221; text_align=&#8221;left&#8221; padding_top=&#8221;40&#8243; padding_bottom=&#8221;40&#8243; css_animation=&#8221;&#8221;][vc_column width=&#8221;1\/4&#8243;][vc_column_text][\/vc_column_text][\/vc_column][vc_column width=&#8221;3\/4&#8243;][vc_custom_heading text=&#8221;Internship at Hexagon Studio&#8221; use_theme_fonts=&#8221;yes&#8221;][vc_separator type=&#8221;normal&#8221; color=&#8221;#e3261c&#8221; thickness=&#8221;2&#8243; down=&#8221;20&#8243;][vc_column_text][\/vc_column_text][vc_separator type=&#8221;normal&#8221; color=&#8221;#e3261c&#8221; thickness=&#8221;2&#8243; up=&#8221;20&#8243; down=&#8221;20&#8243;][vc_custom_heading text=&#8221;We Create An Opportunity For The Step From The Campus To Work Life!&#8221; font_container=&#8221;tag:h3|text_align:left&#8221; use_theme_fonts=&#8221;yes&#8221;][vc_row_inner row_type=&#8221;row&#8221; type=&#8221;full_width&#8221; text_align=&#8221;left&#8221; css_animation=&#8221;&#8221;][vc_column_inner width=&#8221;3\/5&#8243;][vc_column_text]As Hexagon Studio,...\" \/>\n<meta property=\"og:url\" content=\"https:\/\/www.hexagonstudio.com.tr\/en\/career\/career-opportunities\/internship-at-hexagon-studio\/\" \/>\n<meta property=\"og:site_name\" content=\"Hexagon Studio\" \/>\n<meta property=\"article:publisher\" content=\"https:\/\/www.facebook.com\/hexagonstudio\" \/>\n<meta property=\"article:modified_time\" content=\"2019-07-25T11:54:24+00:00\" \/>\n<meta name=\"twitter:card\" content=\"summary_large_image\" \/>\n<meta name=\"twitter:site\" content=\"@hexagonstudiotr\" \/>\n<meta name=\"twitter:label1\" content=\"Est. reading time\" \/>\n\t<meta name=\"twitter:data1\" content=\"2 minutes\" \/>\n<!-- \/ Yoast SEO plugin. -->","yoast_head_json":{"title":"Internship at Hexagon Studio - Hexagon Studio","robots":{"index":"index","follow":"follow","max-snippet":"max-snippet:-1","max-image-preview":"max-image-preview:large","max-video-preview":"max-video-preview:-1"},"canonical":"https:\/\/www.hexagonstudio.com.tr\/en\/career\/career-opportunities\/internship-at-hexagon-studio\/","og_locale":"en_US","og_type":"article","og_title":"Internship at Hexagon Studio - Hexagon Studio","og_description":"[vc_row row_type=&#8221;row&#8221; type=&#8221;grid&#8221; text_align=&#8221;left&#8221; padding_top=&#8221;40&#8243; padding_bottom=&#8221;40&#8243; css_animation=&#8221;&#8221;][vc_column width=&#8221;1\/4&#8243;][vc_column_text][\/vc_column_text][\/vc_column][vc_column width=&#8221;3\/4&#8243;][vc_custom_heading text=&#8221;Internship at Hexagon Studio&#8221; use_theme_fonts=&#8221;yes&#8221;][vc_separator type=&#8221;normal&#8221; color=&#8221;#e3261c&#8221; thickness=&#8221;2&#8243; down=&#8221;20&#8243;][vc_column_text][\/vc_column_text][vc_separator type=&#8221;normal&#8221; color=&#8221;#e3261c&#8221; thickness=&#8221;2&#8243; up=&#8221;20&#8243; down=&#8221;20&#8243;][vc_custom_heading text=&#8221;We Create An Opportunity For The Step From The Campus To Work Life!&#8221; font_container=&#8221;tag:h3|text_align:left&#8221; use_theme_fonts=&#8221;yes&#8221;][vc_row_inner row_type=&#8221;row&#8221; type=&#8221;full_width&#8221; text_align=&#8221;left&#8221; css_animation=&#8221;&#8221;][vc_column_inner width=&#8221;3\/5&#8243;][vc_column_text]As Hexagon Studio,...","og_url":"https:\/\/www.hexagonstudio.com.tr\/en\/career\/career-opportunities\/internship-at-hexagon-studio\/","og_site_name":"Hexagon Studio","article_publisher":"https:\/\/www.facebook.com\/hexagonstudio","article_modified_time":"2019-07-25T11:54:24+00:00","twitter_card":"summary_large_image","twitter_site":"@hexagonstudiotr","twitter_misc":{"Est. reading time":"2 minutes"},"schema":{"@context":"https:\/\/schema.org","@graph":[{"@type":"WebPage","@id":"https:\/\/www.hexagonstudio.com.tr\/en\/career\/career-opportunities\/internship-at-hexagon-studio\/","url":"https:\/\/www.hexagonstudio.com.tr\/en\/career\/career-opportunities\/internship-at-hexagon-studio\/","name":"Internship at Hexagon Studio - Hexagon Studio","isPartOf":{"@id":"https:\/\/www.hexagonstudio.com.tr\/en\/#website"},"datePublished":"2019-05-10T08:16:41+00:00","dateModified":"2019-07-25T11:54:24+00:00","breadcrumb":{"@id":"https:\/\/www.hexagonstudio.com.tr\/en\/career\/career-opportunities\/internship-at-hexagon-studio\/#breadcrumb"},"inLanguage":"en-US","potentialAction":[{"@type":"ReadAction","target":["https:\/\/www.hexagonstudio.com.tr\/en\/career\/career-opportunities\/internship-at-hexagon-studio\/"]}]},{"@type":"BreadcrumbList","@id":"https:\/\/www.hexagonstudio.com.tr\/en\/career\/career-opportunities\/internship-at-hexagon-studio\/#breadcrumb","itemListElement":[{"@type":"ListItem","position":1,"name":"Ana sayfa","item":"https:\/\/www.hexagonstudio.com.tr\/en\/"},{"@type":"ListItem","position":2,"name":"Career","item":"https:\/\/www.hexagonstudio.com.tr\/en\/career\/"},{"@type":"ListItem","position":3,"name":"Career Opportunities","item":"https:\/\/www.hexagonstudio.com.tr\/en\/career\/career-opportunities\/"},{"@type":"ListItem","position":4,"name":"Internship at Hexagon Studio"}]},{"@type":"WebSite","@id":"https:\/\/www.hexagonstudio.com.tr\/en\/#website","url":"https:\/\/www.hexagonstudio.com.tr\/en\/","name":"Hexagon Studio","description":"\u00d6zg\u00fcn Tasar\u0131m ve M\u00fchendislik \u00c7\u00f6z\u00fcmleri","publisher":{"@id":"https:\/\/www.hexagonstudio.com.tr\/en\/#organization"},"potentialAction":[{"@type":"SearchAction","target":{"@type":"EntryPoint","urlTemplate":"https:\/\/www.hexagonstudio.com.tr\/en\/?s={search_term_string}"},"query-input":"required name=search_term_string"}],"inLanguage":"en-US"},{"@type":"Organization","@id":"https:\/\/www.hexagonstudio.com.tr\/en\/#organization","name":"Hexagon Studio","url":"https:\/\/www.hexagonstudio.com.tr\/en\/","logo":{"@type":"ImageObject","inLanguage":"en-US","@id":"https:\/\/www.hexagonstudio.com.tr\/en\/#\/schema\/logo\/image\/","url":"https:\/\/www.hexagonstudio.com.tr\/wp-content\/uploads\/2019\/01\/logo.png","contentUrl":"https:\/\/www.hexagonstudio.com.tr\/wp-content\/uploads\/2019\/01\/logo.png","width":280,"height":130,"caption":"Hexagon Studio"},"image":{"@id":"https:\/\/www.hexagonstudio.com.tr\/en\/#\/schema\/logo\/image\/"},"sameAs":["https:\/\/www.facebook.com\/hexagonstudio","https:\/\/twitter.com\/hexagonstudiotr","https:\/\/www.instagram.com\/hexagonstudiotr\/","https:\/\/www.linkedin.com\/company\/hexagon-studio"]}]}},"jetpack_sharing_enabled":true,"_links":{"self":[{"href":"https:\/\/www.hexagonstudio.com.tr\/en\/wp-json\/wp\/v2\/pages\/19170"}],"collection":[{"href":"https:\/\/www.hexagonstudio.com.tr\/en\/wp-json\/wp\/v2\/pages"}],"about":[{"href":"https:\/\/www.hexagonstudio.com.tr\/en\/wp-json\/wp\/v2\/types\/page"}],"author":[{"embeddable":true,"href":"https:\/\/www.hexagonstudio.com.tr\/en\/wp-json\/wp\/v2\/users\/2"}],"replies":[{"embeddable":true,"href":"https:\/\/www.hexagonstudio.com.tr\/en\/wp-json\/wp\/v2\/comments?post=19170"}],"version-history":[{"count":18,"href":"https:\/\/www.hexagonstudio.com.tr\/en\/wp-json\/wp\/v2\/pages\/19170\/revisions"}],"predecessor-version":[{"id":19282,"href":"https:\/\/www.hexagonstudio.com.tr\/en\/wp-json\/wp\/v2\/pages\/19170\/revisions\/19282"}],"up":[{"embeddable":true,"href":"https:\/\/www.hexagonstudio.com.tr\/en\/wp-json\/wp\/v2\/pages\/18849"}],"wp:attachment":[{"href":"https:\/\/www.hexagonstudio.com.tr\/en\/wp-json\/wp\/v2\/media?parent=19170"}],"curies":[{"name":"wp","href":"https:\/\/api.w.org\/{rel}","templated":true}]}}