{"id":19219,"date":"2019-05-20T14:48:55","date_gmt":"2019-05-20T11:48:55","guid":{"rendered":"https:\/\/www.hexagonstudio.com.tr\/?page_id=19219"},"modified":"2019-05-31T15:47:37","modified_gmt":"2019-05-31T12:47:37","slug":"marine","status":"publish","type":"page","link":"https:\/\/www.hexagonstudio.com.tr\/en\/projects\/marine\/","title":{"rendered":"Composite Boats"},"content":{"rendered":"<div class=\"wpb-content-wrapper\"><p>[vc_row row_type=&#8221;row&#8221; type=&#8221;grid&#8221; text_align=&#8221;left&#8221; padding_top=&#8221;40&#8243; padding_bottom=&#8221;40&#8243; css_animation=&#8221;&#8221;][vc_column][vc_text_separator title=&#8221;Composite Boats&#8221; border=&#8221;no&#8221; el_class=&#8221;referans-sep&#8221;][vc_separator type=&#8221;transparent&#8221; thickness=&#8221;20&#8243;]<div class='projects_holder_outer v3 portfolio_with_space'><div class='projects_holder clearfix v3 standard'>\n<article class='mix marine '><div class='image_holder'><a class='portfolio_link_for_touch' href='https:\/\/www.hexagonstudio.com.tr\/en\/proje\/33-ft-sailboat\/' target='_self'><span class='image'><img decoding=\"async\" width=\"1350\" height=\"900\" src=\"https:\/\/www.hexagonstudio.com.tr\/wp-content\/uploads\/2019\/04\/01-35.jpg\" class=\"attachment-full size-full wp-post-image\" alt=\"\" srcset=\"https:\/\/www.hexagonstudio.com.tr\/wp-content\/uploads\/2019\/04\/01-35.jpg 1350w, https:\/\/www.hexagonstudio.com.tr\/wp-content\/uploads\/2019\/04\/01-35-300x200.jpg 300w, https:\/\/www.hexagonstudio.com.tr\/wp-content\/uploads\/2019\/04\/01-35-768x512.jpg 768w, https:\/\/www.hexagonstudio.com.tr\/wp-content\/uploads\/2019\/04\/01-35-1024x683.jpg 1024w\" sizes=\"(max-width: 1350px) 100vw, 1350px\" \/><\/span><\/a><span class='text_holder'><span class='text_outer'><span class='text_inner'><span class='feature_holder'><span class=\"feature_holder_icons\"><a class='preview' href='https:\/\/www.hexagonstudio.com.tr\/en\/proje\/33-ft-sailboat\/'><i class='fa fa-link fa-2x'><\/i><\/a><span class='portfolio_like'><a class=\"qode-like\" id=\"qode-like-19443\" title=\"Like this\"><i class=\"fa fa-heart\"><\/i><span class=\"qode-like-count\">2<\/span><\/a><\/span><\/span><\/span><\/span><\/span><\/span><\/div><div class='portfolio_description'><h5 class=\"portfolio_title\"><a href=\"https:\/\/www.hexagonstudio.com.tr\/en\/proje\/33-ft-sailboat\/\">33 ft Sailboat<\/a><\/h5><span class=\"separator\"><\/span><span class=\"project_category\">Marine<\/span><\/div><\/article>\n<article class='mix marine '><div class='image_holder'><a class='portfolio_link_for_touch' href='https:\/\/www.hexagonstudio.com.tr\/en\/proje\/41-ft-sailboat\/' target='_self'><span class='image'><img decoding=\"async\" width=\"1350\" height=\"900\" src=\"https:\/\/www.hexagonstudio.com.tr\/wp-content\/uploads\/2019\/04\/41.jpg\" class=\"attachment-full size-full wp-post-image\" alt=\"\" srcset=\"https:\/\/www.hexagonstudio.com.tr\/wp-content\/uploads\/2019\/04\/41.jpg 1350w, https:\/\/www.hexagonstudio.com.tr\/wp-content\/uploads\/2019\/04\/41-300x200.jpg 300w, https:\/\/www.hexagonstudio.com.tr\/wp-content\/uploads\/2019\/04\/41-768x512.jpg 768w, https:\/\/www.hexagonstudio.com.tr\/wp-content\/uploads\/2019\/04\/41-1024x683.jpg 1024w\" sizes=\"(max-width: 1350px) 100vw, 1350px\" \/><\/span><\/a><span class='text_holder'><span class='text_outer'><span class='text_inner'><span class='feature_holder'><span class=\"feature_holder_icons\"><a class='preview' href='https:\/\/www.hexagonstudio.com.tr\/en\/proje\/41-ft-sailboat\/'><i class='fa fa-link fa-2x'><\/i><\/a><span class='portfolio_like'><a class=\"qode-like\" id=\"qode-like-19440\" title=\"Like this\"><i class=\"fa fa-heart\"><\/i><span class=\"qode-like-count\">3<\/span><\/a><\/span><\/span><\/span><\/span><\/span><\/span><\/div><div class='portfolio_description'><h5 class=\"portfolio_title\"><a href=\"https:\/\/www.hexagonstudio.com.tr\/en\/proje\/41-ft-sailboat\/\">41 ft Sailboat<\/a><\/h5><span class=\"separator\"><\/span><span class=\"project_category\">Marine<\/span><\/div><\/article>\n<article class='mix marine '><div class='image_holder'><a class='portfolio_link_for_touch' href='https:\/\/www.hexagonstudio.com.tr\/en\/proje\/46-ft-sailboat\/' target='_self'><span class='image'><img decoding=\"async\" width=\"900\" height=\"600\" src=\"https:\/\/www.hexagonstudio.com.tr\/wp-content\/uploads\/2019\/04\/46_3.jpg\" class=\"attachment-full size-full wp-post-image\" alt=\"\" srcset=\"https:\/\/www.hexagonstudio.com.tr\/wp-content\/uploads\/2019\/04\/46_3.jpg 900w, https:\/\/www.hexagonstudio.com.tr\/wp-content\/uploads\/2019\/04\/46_3-300x200.jpg 300w, https:\/\/www.hexagonstudio.com.tr\/wp-content\/uploads\/2019\/04\/46_3-768x512.jpg 768w\" sizes=\"(max-width: 900px) 100vw, 900px\" \/><\/span><\/a><span class='text_holder'><span class='text_outer'><span class='text_inner'><span class='feature_holder'><span class=\"feature_holder_icons\"><a class='preview' href='https:\/\/www.hexagonstudio.com.tr\/en\/proje\/46-ft-sailboat\/'><i class='fa fa-link fa-2x'><\/i><\/a><span class='portfolio_like'><a class=\"qode-like\" id=\"qode-like-19438\" title=\"Like this\"><i class=\"fa fa-heart\"><\/i><span class=\"qode-like-count\">0<\/span><\/a><\/span><\/span><\/span><\/span><\/span><\/span><\/div><div class='portfolio_description'><h5 class=\"portfolio_title\"><a href=\"https:\/\/www.hexagonstudio.com.tr\/en\/proje\/46-ft-sailboat\/\">46 ft Sailboat<\/a><\/h5><span class=\"separator\"><\/span><span class=\"project_category\">Marine<\/span><\/div><\/article>\n<article class='mix marine '><div class='image_holder'><a class='portfolio_link_for_touch' href='https:\/\/www.hexagonstudio.com.tr\/en\/proje\/43-ft-motoryacht\/' target='_self'><span class='image'><img decoding=\"async\" width=\"795\" height=\"530\" src=\"https:\/\/www.hexagonstudio.com.tr\/wp-content\/uploads\/2019\/04\/magellano43.jpeg\" class=\"attachment-full size-full wp-post-image\" alt=\"\" srcset=\"https:\/\/www.hexagonstudio.com.tr\/wp-content\/uploads\/2019\/04\/magellano43.jpeg 795w, https:\/\/www.hexagonstudio.com.tr\/wp-content\/uploads\/2019\/04\/magellano43-300x200.jpeg 300w, https:\/\/www.hexagonstudio.com.tr\/wp-content\/uploads\/2019\/04\/magellano43-768x512.jpeg 768w\" sizes=\"(max-width: 795px) 100vw, 795px\" \/><\/span><\/a><span class='text_holder'><span class='text_outer'><span class='text_inner'><span class='feature_holder'><span class=\"feature_holder_icons\"><a class='preview' href='https:\/\/www.hexagonstudio.com.tr\/en\/proje\/43-ft-motoryacht\/'><i class='fa fa-link fa-2x'><\/i><\/a><span class='portfolio_like'><a class=\"qode-like\" id=\"qode-like-19437\" title=\"Like this\"><i class=\"fa fa-heart\"><\/i><span class=\"qode-like-count\">1<\/span><\/a><\/span><\/span><\/span><\/span><\/span><\/span><\/div><div class='portfolio_description'><h5 class=\"portfolio_title\"><a href=\"https:\/\/www.hexagonstudio.com.tr\/en\/proje\/43-ft-motoryacht\/\">43 ft Motoryacht<\/a><\/h5><span class=\"separator\"><\/span><span class=\"project_category\">Marine<\/span><\/div><\/article>\n<article class='mix marine '><div class='image_holder'><a class='portfolio_link_for_touch' href='https:\/\/www.hexagonstudio.com.tr\/en\/proje\/54-ft-sailboat\/' target='_self'><span class='image'><img decoding=\"async\" width=\"900\" height=\"600\" src=\"https:\/\/www.hexagonstudio.com.tr\/wp-content\/uploads\/2019\/04\/01-25.jpg\" class=\"attachment-full size-full wp-post-image\" alt=\"Denizcilik\" srcset=\"https:\/\/www.hexagonstudio.com.tr\/wp-content\/uploads\/2019\/04\/01-25.jpg 900w, https:\/\/www.hexagonstudio.com.tr\/wp-content\/uploads\/2019\/04\/01-25-300x200.jpg 300w, https:\/\/www.hexagonstudio.com.tr\/wp-content\/uploads\/2019\/04\/01-25-768x512.jpg 768w\" sizes=\"(max-width: 900px) 100vw, 900px\" \/><\/span><\/a><span class='text_holder'><span class='text_outer'><span class='text_inner'><span class='feature_holder'><span class=\"feature_holder_icons\"><a class='preview' href='https:\/\/www.hexagonstudio.com.tr\/en\/proje\/54-ft-sailboat\/'><i class='fa fa-link fa-2x'><\/i><\/a><span class='portfolio_like'><a class=\"qode-like\" id=\"qode-like-19436\" title=\"Like this\"><i class=\"fa fa-heart\"><\/i><span class=\"qode-like-count\">0<\/span><\/a><\/span><\/span><\/span><\/span><\/span><\/span><\/div><div class='portfolio_description'><h5 class=\"portfolio_title\"><a href=\"https:\/\/www.hexagonstudio.com.tr\/en\/proje\/54-ft-sailboat\/\">54 ft Sailboat<\/a><\/h5><span class=\"separator\"><\/span><span class=\"project_category\">Marine<\/span><\/div><\/article>\n<article class='mix marine '><div class='image_holder'><a class='portfolio_link_for_touch' href='https:\/\/www.hexagonstudio.com.tr\/en\/proje\/68-ft-sailboat\/' target='_self'><span class='image'><img decoding=\"async\" width=\"900\" height=\"600\" src=\"https:\/\/www.hexagonstudio.com.tr\/wp-content\/uploads\/2019\/04\/02-21.jpg\" class=\"attachment-full size-full wp-post-image\" alt=\"\" srcset=\"https:\/\/www.hexagonstudio.com.tr\/wp-content\/uploads\/2019\/04\/02-21.jpg 900w, https:\/\/www.hexagonstudio.com.tr\/wp-content\/uploads\/2019\/04\/02-21-300x200.jpg 300w, https:\/\/www.hexagonstudio.com.tr\/wp-content\/uploads\/2019\/04\/02-21-768x512.jpg 768w\" sizes=\"(max-width: 900px) 100vw, 900px\" \/><\/span><\/a><span class='text_holder'><span class='text_outer'><span class='text_inner'><span class='feature_holder'><span class=\"feature_holder_icons\"><a class='preview' href='https:\/\/www.hexagonstudio.com.tr\/en\/proje\/68-ft-sailboat\/'><i class='fa fa-link fa-2x'><\/i><\/a><span class='portfolio_like'><a class=\"qode-like\" id=\"qode-like-19435\" title=\"Like this\"><i class=\"fa fa-heart\"><\/i><span class=\"qode-like-count\">0<\/span><\/a><\/span><\/span><\/span><\/span><\/span><\/span><\/div><div class='portfolio_description'><h5 class=\"portfolio_title\"><a href=\"https:\/\/www.hexagonstudio.com.tr\/en\/proje\/68-ft-sailboat\/\">68 ft Sailboat<\/a><\/h5><span class=\"separator\"><\/span><span class=\"project_category\">Marine<\/span><\/div><\/article>\n<article class='mix marine '><div class='image_holder'><a class='portfolio_link_for_touch' href='https:\/\/www.hexagonstudio.com.tr\/en\/proje\/64-ft-motoryacht\/' target='_self'><span class='image'><img decoding=\"async\" width=\"900\" height=\"600\" src=\"https:\/\/www.hexagonstudio.com.tr\/wp-content\/uploads\/2019\/04\/03-20.jpg\" class=\"attachment-full size-full wp-post-image\" alt=\"\" srcset=\"https:\/\/www.hexagonstudio.com.tr\/wp-content\/uploads\/2019\/04\/03-20.jpg 900w, https:\/\/www.hexagonstudio.com.tr\/wp-content\/uploads\/2019\/04\/03-20-300x200.jpg 300w, https:\/\/www.hexagonstudio.com.tr\/wp-content\/uploads\/2019\/04\/03-20-768x512.jpg 768w\" sizes=\"(max-width: 900px) 100vw, 900px\" \/><\/span><\/a><span class='text_holder'><span class='text_outer'><span class='text_inner'><span class='feature_holder'><span class=\"feature_holder_icons\"><a class='preview' href='https:\/\/www.hexagonstudio.com.tr\/en\/proje\/64-ft-motoryacht\/'><i class='fa fa-link fa-2x'><\/i><\/a><span class='portfolio_like'><a class=\"qode-like\" id=\"qode-like-19434\" title=\"Like this\"><i class=\"fa fa-heart\"><\/i><span class=\"qode-like-count\">1<\/span><\/a><\/span><\/span><\/span><\/span><\/span><\/span><\/div><div class='portfolio_description'><h5 class=\"portfolio_title\"><a href=\"https:\/\/www.hexagonstudio.com.tr\/en\/proje\/64-ft-motoryacht\/\">64 ft Motoryacht<\/a><\/h5><span class=\"separator\"><\/span><span class=\"project_category\">Marine<\/span><\/div><\/article>\n<article class='mix marine '><div class='image_holder'><a class='portfolio_link_for_touch' href='https:\/\/www.hexagonstudio.com.tr\/en\/proje\/fast-staff-carrier-boat\/' target='_self'><span class='image'><img decoding=\"async\" width=\"900\" height=\"600\" src=\"https:\/\/www.hexagonstudio.com.tr\/wp-content\/uploads\/2019\/04\/02-23.jpg\" class=\"attachment-full size-full wp-post-image\" alt=\"\" srcset=\"https:\/\/www.hexagonstudio.com.tr\/wp-content\/uploads\/2019\/04\/02-23.jpg 900w, https:\/\/www.hexagonstudio.com.tr\/wp-content\/uploads\/2019\/04\/02-23-300x200.jpg 300w, https:\/\/www.hexagonstudio.com.tr\/wp-content\/uploads\/2019\/04\/02-23-768x512.jpg 768w\" sizes=\"(max-width: 900px) 100vw, 900px\" \/><\/span><\/a><span class='text_holder'><span class='text_outer'><span class='text_inner'><span class='feature_holder'><span class=\"feature_holder_icons\"><a class='preview' href='https:\/\/www.hexagonstudio.com.tr\/en\/proje\/fast-staff-carrier-boat\/'><i class='fa fa-link fa-2x'><\/i><\/a><span class='portfolio_like'><a class=\"qode-like\" id=\"qode-like-19430\" title=\"Like this\"><i class=\"fa fa-heart\"><\/i><span class=\"qode-like-count\">0<\/span><\/a><\/span><\/span><\/span><\/span><\/span><\/span><\/div><div class='portfolio_description'><h5 class=\"portfolio_title\"><a href=\"https:\/\/www.hexagonstudio.com.tr\/en\/proje\/fast-staff-carrier-boat\/\">Fast Staff Carrier Boat<\/a><\/h5><span class=\"separator\"><\/span><span class=\"project_category\">Marine<\/span><\/div><\/article>\n<article class='mix marine '><div class='image_holder'><a class='portfolio_link_for_touch' href='https:\/\/www.hexagonstudio.com.tr\/en\/proje\/48-mt-coast-guard\/' target='_self'><span class='image'><img decoding=\"async\" width=\"900\" height=\"600\" src=\"https:\/\/www.hexagonstudio.com.tr\/wp-content\/uploads\/2019\/04\/01-31.jpg\" class=\"attachment-full size-full wp-post-image\" alt=\"\" srcset=\"https:\/\/www.hexagonstudio.com.tr\/wp-content\/uploads\/2019\/04\/01-31.jpg 900w, https:\/\/www.hexagonstudio.com.tr\/wp-content\/uploads\/2019\/04\/01-31-300x200.jpg 300w, https:\/\/www.hexagonstudio.com.tr\/wp-content\/uploads\/2019\/04\/01-31-768x512.jpg 768w\" sizes=\"(max-width: 900px) 100vw, 900px\" \/><\/span><\/a><span class='text_holder'><span class='text_outer'><span class='text_inner'><span class='feature_holder'><span class=\"feature_holder_icons\"><a class='preview' href='https:\/\/www.hexagonstudio.com.tr\/en\/proje\/48-mt-coast-guard\/'><i class='fa fa-link fa-2x'><\/i><\/a><span class='portfolio_like'><a class=\"qode-like\" id=\"qode-like-19429\" title=\"Like this\"><i class=\"fa fa-heart\"><\/i><span class=\"qode-like-count\">1<\/span><\/a><\/span><\/span><\/span><\/span><\/span><\/span><\/div><div class='portfolio_description'><h5 class=\"portfolio_title\"><a href=\"https:\/\/www.hexagonstudio.com.tr\/en\/proje\/48-mt-coast-guard\/\">48 mt Coast Guard<\/a><\/h5><span class=\"separator\"><\/span><span class=\"project_category\">Marine<\/span><\/div><\/article>\n<article class='mix marine '><div class='image_holder'><a class='portfolio_link_for_touch' href='https:\/\/www.hexagonstudio.com.tr\/en\/proje\/7-5-mt-rhib\/' target='_self'><span class='image'><img decoding=\"async\" width=\"900\" height=\"600\" src=\"https:\/\/www.hexagonstudio.com.tr\/wp-content\/uploads\/2019\/04\/01-28.jpg\" class=\"attachment-full size-full wp-post-image\" alt=\"\" srcset=\"https:\/\/www.hexagonstudio.com.tr\/wp-content\/uploads\/2019\/04\/01-28.jpg 900w, https:\/\/www.hexagonstudio.com.tr\/wp-content\/uploads\/2019\/04\/01-28-300x200.jpg 300w, https:\/\/www.hexagonstudio.com.tr\/wp-content\/uploads\/2019\/04\/01-28-768x512.jpg 768w\" sizes=\"(max-width: 900px) 100vw, 900px\" \/><\/span><\/a><span class='text_holder'><span class='text_outer'><span class='text_inner'><span class='feature_holder'><span class=\"feature_holder_icons\"><a class='preview' href='https:\/\/www.hexagonstudio.com.tr\/en\/proje\/7-5-mt-rhib\/'><i class='fa fa-link fa-2x'><\/i><\/a><span class='portfolio_like'><a class=\"qode-like\" id=\"qode-like-19433\" title=\"Like this\"><i class=\"fa fa-heart\"><\/i><span class=\"qode-like-count\">1<\/span><\/a><\/span><\/span><\/span><\/span><\/span><\/span><\/div><div class='portfolio_description'><h5 class=\"portfolio_title\"><a href=\"https:\/\/www.hexagonstudio.com.tr\/en\/proje\/7-5-mt-rhib\/\">7.5 mt RHIB<\/a><\/h5><span class=\"separator\"><\/span><span class=\"project_category\">Marine<\/span><\/div><\/article>\n<article class='mix marine '><div class='image_holder'><a class='portfolio_link_for_touch' href='https:\/\/www.hexagonstudio.com.tr\/en\/proje\/8-5-mt-rhib\/' target='_self'><span class='image'><img decoding=\"async\" width=\"900\" height=\"600\" src=\"https:\/\/www.hexagonstudio.com.tr\/wp-content\/uploads\/2019\/04\/01-29.jpg\" class=\"attachment-full size-full wp-post-image\" alt=\"\" srcset=\"https:\/\/www.hexagonstudio.com.tr\/wp-content\/uploads\/2019\/04\/01-29.jpg 900w, https:\/\/www.hexagonstudio.com.tr\/wp-content\/uploads\/2019\/04\/01-29-300x200.jpg 300w, https:\/\/www.hexagonstudio.com.tr\/wp-content\/uploads\/2019\/04\/01-29-768x512.jpg 768w\" sizes=\"(max-width: 900px) 100vw, 900px\" \/><\/span><\/a><span class='text_holder'><span class='text_outer'><span class='text_inner'><span class='feature_holder'><span class=\"feature_holder_icons\"><a class='preview' href='https:\/\/www.hexagonstudio.com.tr\/en\/proje\/8-5-mt-rhib\/'><i class='fa fa-link fa-2x'><\/i><\/a><span class='portfolio_like'><a class=\"qode-like\" id=\"qode-like-19432\" title=\"Like this\"><i class=\"fa fa-heart\"><\/i><span class=\"qode-like-count\">0<\/span><\/a><\/span><\/span><\/span><\/span><\/span><\/span><\/div><div class='portfolio_description'><h5 class=\"portfolio_title\"><a href=\"https:\/\/www.hexagonstudio.com.tr\/en\/proje\/8-5-mt-rhib\/\">8.5 mt RHIB<\/a><\/h5><span class=\"separator\"><\/span><span class=\"project_category\">Marine<\/span><\/div><\/article>\n<div class='filler'><\/div>\n<div class='filler'><\/div>\n<div class='filler'><\/div>\n<\/div><\/div>[\/vc_column][\/vc_row]<\/p>\n<\/div>","protected":false},"excerpt":{"rendered":"<p>[vc_row row_type=&#8221;row&#8221; type=&#8221;grid&#8221; text_align=&#8221;left&#8221; padding_top=&#8221;40&#8243; padding_bottom=&#8221;40&#8243; css_animation=&#8221;&#8221;][vc_column][vc_text_separator title=&#8221;Composite Boats&#8221; border=&#8221;no&#8221; el_class=&#8221;referans-sep&#8221;][vc_separator type=&#8221;transparent&#8221; thickness=&#8221;20&#8243;][\/vc_column][\/vc_row]<\/p>\n","protected":false},"author":1,"featured_media":0,"parent":16826,"menu_order":2,"comment_status":"closed","ping_status":"closed","template":"full_width.php","meta":{"_acf_changed":false,"footnotes":""},"acf":[],"yoast_head":"<!-- This site is optimized with the Yoast SEO plugin v22.1 - https:\/\/yoast.com\/wordpress\/plugins\/seo\/ -->\n<title>Composite Boats - Hexagon Studio<\/title>\n<meta name=\"robots\" content=\"index, follow, max-snippet:-1, max-image-preview:large, max-video-preview:-1\" \/>\n<link rel=\"canonical\" href=\"https:\/\/www.hexagonstudio.com.tr\/en\/projects\/marine\/\" \/>\n<meta property=\"og:locale\" content=\"en_US\" \/>\n<meta property=\"og:type\" content=\"article\" \/>\n<meta property=\"og:title\" content=\"Composite Boats - Hexagon Studio\" \/>\n<meta property=\"og:description\" content=\"[vc_row row_type=&#8221;row&#8221; type=&#8221;grid&#8221; text_align=&#8221;left&#8221; padding_top=&#8221;40&#8243; padding_bottom=&#8221;40&#8243; css_animation=&#8221;&#8221;][vc_column][vc_text_separator title=&#8221;Composite Boats&#8221; border=&#8221;no&#8221; el_class=&#8221;referans-sep&#8221;][vc_separator type=&#8221;transparent&#8221; thickness=&#8221;20&#8243;][\/vc_column][\/vc_row]\" \/>\n<meta property=\"og:url\" content=\"https:\/\/www.hexagonstudio.com.tr\/en\/projects\/marine\/\" \/>\n<meta property=\"og:site_name\" content=\"Hexagon Studio\" \/>\n<meta property=\"article:publisher\" content=\"https:\/\/www.facebook.com\/hexagonstudio\" \/>\n<meta property=\"article:modified_time\" content=\"2019-05-31T12:47:37+00:00\" \/>\n<meta name=\"twitter:card\" content=\"summary_large_image\" \/>\n<meta name=\"twitter:site\" content=\"@hexagonstudiotr\" \/>\n<!-- \/ Yoast SEO plugin. -->","yoast_head_json":{"title":"Composite Boats - Hexagon Studio","robots":{"index":"index","follow":"follow","max-snippet":"max-snippet:-1","max-image-preview":"max-image-preview:large","max-video-preview":"max-video-preview:-1"},"canonical":"https:\/\/www.hexagonstudio.com.tr\/en\/projects\/marine\/","og_locale":"en_US","og_type":"article","og_title":"Composite Boats - Hexagon Studio","og_description":"[vc_row row_type=&#8221;row&#8221; type=&#8221;grid&#8221; text_align=&#8221;left&#8221; padding_top=&#8221;40&#8243; padding_bottom=&#8221;40&#8243; css_animation=&#8221;&#8221;][vc_column][vc_text_separator title=&#8221;Composite Boats&#8221; border=&#8221;no&#8221; el_class=&#8221;referans-sep&#8221;][vc_separator type=&#8221;transparent&#8221; thickness=&#8221;20&#8243;][\/vc_column][\/vc_row]","og_url":"https:\/\/www.hexagonstudio.com.tr\/en\/projects\/marine\/","og_site_name":"Hexagon Studio","article_publisher":"https:\/\/www.facebook.com\/hexagonstudio","article_modified_time":"2019-05-31T12:47:37+00:00","twitter_card":"summary_large_image","twitter_site":"@hexagonstudiotr","schema":{"@context":"https:\/\/schema.org","@graph":[{"@type":"WebPage","@id":"https:\/\/www.hexagonstudio.com.tr\/en\/projects\/marine\/","url":"https:\/\/www.hexagonstudio.com.tr\/en\/projects\/marine\/","name":"Composite Boats - Hexagon Studio","isPartOf":{"@id":"https:\/\/www.hexagonstudio.com.tr\/en\/#website"},"datePublished":"2019-05-20T11:48:55+00:00","dateModified":"2019-05-31T12:47:37+00:00","breadcrumb":{"@id":"https:\/\/www.hexagonstudio.com.tr\/en\/projects\/marine\/#breadcrumb"},"inLanguage":"en-US","potentialAction":[{"@type":"ReadAction","target":["https:\/\/www.hexagonstudio.com.tr\/en\/projects\/marine\/"]}]},{"@type":"BreadcrumbList","@id":"https:\/\/www.hexagonstudio.com.tr\/en\/projects\/marine\/#breadcrumb","itemListElement":[{"@type":"ListItem","position":1,"name":"Ana sayfa","item":"https:\/\/www.hexagonstudio.com.tr\/en\/"},{"@type":"ListItem","position":2,"name":"Projects","item":"https:\/\/www.hexagonstudio.com.tr\/en\/projects\/"},{"@type":"ListItem","position":3,"name":"Composite Boats"}]},{"@type":"WebSite","@id":"https:\/\/www.hexagonstudio.com.tr\/en\/#website","url":"https:\/\/www.hexagonstudio.com.tr\/en\/","name":"Hexagon Studio","description":"\u00d6zg\u00fcn Tasar\u0131m ve M\u00fchendislik \u00c7\u00f6z\u00fcmleri","publisher":{"@id":"https:\/\/www.hexagonstudio.com.tr\/en\/#organization"},"potentialAction":[{"@type":"SearchAction","target":{"@type":"EntryPoint","urlTemplate":"https:\/\/www.hexagonstudio.com.tr\/en\/?s={search_term_string}"},"query-input":"required name=search_term_string"}],"inLanguage":"en-US"},{"@type":"Organization","@id":"https:\/\/www.hexagonstudio.com.tr\/en\/#organization","name":"Hexagon Studio","url":"https:\/\/www.hexagonstudio.com.tr\/en\/","logo":{"@type":"ImageObject","inLanguage":"en-US","@id":"https:\/\/www.hexagonstudio.com.tr\/en\/#\/schema\/logo\/image\/","url":"https:\/\/www.hexagonstudio.com.tr\/wp-content\/uploads\/2019\/01\/logo.png","contentUrl":"https:\/\/www.hexagonstudio.com.tr\/wp-content\/uploads\/2019\/01\/logo.png","width":280,"height":130,"caption":"Hexagon Studio"},"image":{"@id":"https:\/\/www.hexagonstudio.com.tr\/en\/#\/schema\/logo\/image\/"},"sameAs":["https:\/\/www.facebook.com\/hexagonstudio","https:\/\/twitter.com\/hexagonstudiotr","https:\/\/www.instagram.com\/hexagonstudiotr\/","https:\/\/www.linkedin.com\/company\/hexagon-studio"]}]}},"jetpack_sharing_enabled":true,"_links":{"self":[{"href":"https:\/\/www.hexagonstudio.com.tr\/en\/wp-json\/wp\/v2\/pages\/19219"}],"collection":[{"href":"https:\/\/www.hexagonstudio.com.tr\/en\/wp-json\/wp\/v2\/pages"}],"about":[{"href":"https:\/\/www.hexagonstudio.com.tr\/en\/wp-json\/wp\/v2\/types\/page"}],"author":[{"embeddable":true,"href":"https:\/\/www.hexagonstudio.com.tr\/en\/wp-json\/wp\/v2\/users\/1"}],"replies":[{"embeddable":true,"href":"https:\/\/www.hexagonstudio.com.tr\/en\/wp-json\/wp\/v2\/comments?post=19219"}],"version-history":[{"count":8,"href":"https:\/\/www.hexagonstudio.com.tr\/en\/wp-json\/wp\/v2\/pages\/19219\/revisions"}],"predecessor-version":[{"id":19952,"href":"https:\/\/www.hexagonstudio.com.tr\/en\/wp-json\/wp\/v2\/pages\/19219\/revisions\/19952"}],"up":[{"embeddable":true,"href":"https:\/\/www.hexagonstudio.com.tr\/en\/wp-json\/wp\/v2\/pages\/16826"}],"wp:attachment":[{"href":"https:\/\/www.hexagonstudio.com.tr\/en\/wp-json\/wp\/v2\/media?parent=19219"}],"curies":[{"name":"wp","href":"https:\/\/api.w.org\/{rel}","templated":true}]}}