{"id":19221,"date":"2019-05-10T11:19:19","date_gmt":"2019-05-10T08:19:19","guid":{"rendered":"https:\/\/www.hexagonstudio.com.tr\/?page_id=19221"},"modified":"2019-06-11T10:46:44","modified_gmt":"2019-06-11T07:46:44","slug":"life-at-work","status":"publish","type":"page","link":"https:\/\/www.hexagonstudio.com.tr\/en\/career\/career-opportunities\/life-at-work\/","title":{"rendered":"Life at Work"},"content":{"rendered":"<div class=\"wpb-content-wrapper\"><p>[vc_row row_type=&#8221;row&#8221; type=&#8221;grid&#8221; text_align=&#8221;left&#8221; padding_top=&#8221;40&#8243; padding_bottom=&#8221;40&#8243; css_animation=&#8221;&#8221;][vc_column width=&#8221;1\/4&#8243;][vc_column_text]<div class=\"menu-kariyer-en-container\"><ul id=\"menu-kariyer-en\" class=\"menu\"><li id=\"menu-item-19264\" class=\"menu-item menu-item-type-post_type menu-item-object-page menu-item-19264\"><a href=\"https:\/\/www.hexagonstudio.com.tr\/en\/career\/human-resources-policy\/\">Human Resources Policy<\/a><\/li>\n<li id=\"menu-item-19265\" class=\"menu-item menu-item-type-post_type menu-item-object-page menu-item-19265\"><a href=\"https:\/\/www.hexagonstudio.com.tr\/en\/career\/4y-program\/\">4Y Program<\/a><\/li>\n<li id=\"menu-item-19266\" class=\"menu-item menu-item-type-post_type menu-item-object-page menu-item-has-children menu-item-19266\"><a href=\"https:\/\/www.hexagonstudio.com.tr\/en\/career\/career-opportunities\/\">Career Opportunities<\/a>\n<ul class=\"sub-menu\">\n\t<li id=\"menu-item-19267\" class=\"menu-item menu-item-type-post_type menu-item-object-page menu-item-19267\"><a href=\"https:\/\/www.hexagonstudio.com.tr\/en\/career\/career-opportunities\/internship-at-hexagon-studio\/\">Internship at Hexagon Studio<\/a><\/li>\n\t<li id=\"menu-item-19268\" class=\"menu-item menu-item-type-post_type menu-item-object-page menu-item-19268\"><a href=\"https:\/\/www.hexagonstudio.com.tr\/en\/career\/career-opportunities\/life-at-work\/\">Life at Work<\/a><\/li>\n<\/ul>\n<\/li>\n<li id=\"menu-item-19269\" class=\"menu-item menu-item-type-post_type menu-item-object-page menu-item-19269\"><a href=\"https:\/\/www.hexagonstudio.com.tr\/en\/career\/application\/\">Application<\/a><\/li>\n<\/ul><\/div>[\/vc_column_text][\/vc_column][vc_column width=&#8221;3\/4&#8243;][vc_custom_heading text=&#8221;We Are All Together!&#8221; use_theme_fonts=&#8221;yes&#8221;][vc_row_inner row_type=&#8221;row&#8221; type=&#8221;full_width&#8221; text_align=&#8221;left&#8221; css_animation=&#8221;&#8221;][vc_column_inner width=&#8221;1\/2&#8243;][vc_column_text]Turkey&#8217;s largest independent R &amp; D Center, we aim continuity of creativity and innovation. We know that we need to continually improve our processes in order to incorporate the best talents into our company and ensure that they continue to work in our company for many years.[\/vc_column_text][\/vc_column_inner][vc_column_inner width=&#8221;1\/2&#8243;][vc_single_image image=&#8221;17696&#8243; img_size=&#8221;large&#8221; alignment=&#8221;center&#8221; style=&#8221;vc_box_shadow_3d&#8221; onclick=&#8221;link_image&#8221; qode_css_animation=&#8221;element_from_fade&#8221;][\/vc_column_inner][\/vc_row_inner][vc_separator type=&#8221;transparent&#8221; thickness=&#8221;20&#8243;][vc_column_text]We support the knowledge provided by continuous development, learning and being involved in different projects with trainings. In this sense, we aim for a warm working environment where our employees can be successful both professionally and personally.<\/p>\n<p>If you are open to learning new things every day, if you want to take part in change with creativity and innovation; You can be part of our family of projects in different sectors and different products, from\u00a0 three-wheeled vehicle to 18 meter bus.[\/vc_column_text][vc_separator type=&#8221;transparent&#8221; thickness=&#8221;10&#8243;][vc_gallery type=&#8221;image_grid&#8221; images=&#8221;17707,17711,20248,17713,20253,17717&#8243; img_size=&#8221;large&#8221; column_number=&#8221;3&#8243;][\/vc_column][\/vc_row]<\/p>\n<\/div>","protected":false},"excerpt":{"rendered":"<p>[vc_row row_type=&#8221;row&#8221; type=&#8221;grid&#8221; text_align=&#8221;left&#8221; padding_top=&#8221;40&#8243; padding_bottom=&#8221;40&#8243; css_animation=&#8221;&#8221;][vc_column width=&#8221;1\/4&#8243;][vc_column_text][\/vc_column_text][\/vc_column][vc_column width=&#8221;3\/4&#8243;][vc_custom_heading text=&#8221;We Are All Together!&#8221; use_theme_fonts=&#8221;yes&#8221;][vc_row_inner row_type=&#8221;row&#8221; type=&#8221;full_width&#8221; text_align=&#8221;left&#8221; css_animation=&#8221;&#8221;][vc_column_inner width=&#8221;1\/2&#8243;][vc_column_text]Turkey&#8217;s largest independent R &amp; D Center, we aim continuity of creativity and innovation. We know that we need to continually improve our processes in order to&#8230;<\/p>\n","protected":false},"author":1,"featured_media":0,"parent":18849,"menu_order":2,"comment_status":"closed","ping_status":"closed","template":"full_width.php","meta":{"_acf_changed":false,"footnotes":""},"acf":[],"yoast_head":"<!-- This site is optimized with the Yoast SEO plugin v22.1 - https:\/\/yoast.com\/wordpress\/plugins\/seo\/ -->\n<title>Life at Work - Hexagon Studio<\/title>\n<meta name=\"robots\" content=\"index, follow, max-snippet:-1, max-image-preview:large, max-video-preview:-1\" \/>\n<link rel=\"canonical\" href=\"https:\/\/www.hexagonstudio.com.tr\/en\/career\/career-opportunities\/life-at-work\/\" \/>\n<meta property=\"og:locale\" content=\"en_US\" \/>\n<meta property=\"og:type\" content=\"article\" \/>\n<meta property=\"og:title\" content=\"Life at Work - Hexagon Studio\" \/>\n<meta property=\"og:description\" content=\"[vc_row row_type=&#8221;row&#8221; type=&#8221;grid&#8221; text_align=&#8221;left&#8221; padding_top=&#8221;40&#8243; padding_bottom=&#8221;40&#8243; css_animation=&#8221;&#8221;][vc_column width=&#8221;1\/4&#8243;][vc_column_text][\/vc_column_text][\/vc_column][vc_column width=&#8221;3\/4&#8243;][vc_custom_heading text=&#8221;We Are All Together!&#8221; use_theme_fonts=&#8221;yes&#8221;][vc_row_inner row_type=&#8221;row&#8221; type=&#8221;full_width&#8221; text_align=&#8221;left&#8221; css_animation=&#8221;&#8221;][vc_column_inner width=&#8221;1\/2&#8243;][vc_column_text]Turkey&#8217;s largest independent R &amp; D Center, we aim continuity of creativity and innovation. We know that we need to continually improve our processes in order to...\" \/>\n<meta property=\"og:url\" content=\"https:\/\/www.hexagonstudio.com.tr\/en\/career\/career-opportunities\/life-at-work\/\" \/>\n<meta property=\"og:site_name\" content=\"Hexagon Studio\" \/>\n<meta property=\"article:publisher\" content=\"https:\/\/www.facebook.com\/hexagonstudio\" \/>\n<meta property=\"article:modified_time\" content=\"2019-06-11T07:46:44+00:00\" \/>\n<meta name=\"twitter:card\" content=\"summary_large_image\" \/>\n<meta name=\"twitter:site\" content=\"@hexagonstudiotr\" \/>\n<meta name=\"twitter:label1\" content=\"Est. reading time\" \/>\n\t<meta name=\"twitter:data1\" content=\"1 minute\" \/>\n<!-- \/ Yoast SEO plugin. -->","yoast_head_json":{"title":"Life at Work - Hexagon Studio","robots":{"index":"index","follow":"follow","max-snippet":"max-snippet:-1","max-image-preview":"max-image-preview:large","max-video-preview":"max-video-preview:-1"},"canonical":"https:\/\/www.hexagonstudio.com.tr\/en\/career\/career-opportunities\/life-at-work\/","og_locale":"en_US","og_type":"article","og_title":"Life at Work - Hexagon Studio","og_description":"[vc_row row_type=&#8221;row&#8221; type=&#8221;grid&#8221; text_align=&#8221;left&#8221; padding_top=&#8221;40&#8243; padding_bottom=&#8221;40&#8243; css_animation=&#8221;&#8221;][vc_column width=&#8221;1\/4&#8243;][vc_column_text][\/vc_column_text][\/vc_column][vc_column width=&#8221;3\/4&#8243;][vc_custom_heading text=&#8221;We Are All Together!&#8221; use_theme_fonts=&#8221;yes&#8221;][vc_row_inner row_type=&#8221;row&#8221; type=&#8221;full_width&#8221; text_align=&#8221;left&#8221; css_animation=&#8221;&#8221;][vc_column_inner width=&#8221;1\/2&#8243;][vc_column_text]Turkey&#8217;s largest independent R &amp; D Center, we aim continuity of creativity and innovation. We know that we need to continually improve our processes in order to...","og_url":"https:\/\/www.hexagonstudio.com.tr\/en\/career\/career-opportunities\/life-at-work\/","og_site_name":"Hexagon Studio","article_publisher":"https:\/\/www.facebook.com\/hexagonstudio","article_modified_time":"2019-06-11T07:46:44+00:00","twitter_card":"summary_large_image","twitter_site":"@hexagonstudiotr","twitter_misc":{"Est. reading time":"1 minute"},"schema":{"@context":"https:\/\/schema.org","@graph":[{"@type":"WebPage","@id":"https:\/\/www.hexagonstudio.com.tr\/en\/career\/career-opportunities\/life-at-work\/","url":"https:\/\/www.hexagonstudio.com.tr\/en\/career\/career-opportunities\/life-at-work\/","name":"Life at Work - Hexagon Studio","isPartOf":{"@id":"https:\/\/www.hexagonstudio.com.tr\/en\/#website"},"datePublished":"2019-05-10T08:19:19+00:00","dateModified":"2019-06-11T07:46:44+00:00","breadcrumb":{"@id":"https:\/\/www.hexagonstudio.com.tr\/en\/career\/career-opportunities\/life-at-work\/#breadcrumb"},"inLanguage":"en-US","potentialAction":[{"@type":"ReadAction","target":["https:\/\/www.hexagonstudio.com.tr\/en\/career\/career-opportunities\/life-at-work\/"]}]},{"@type":"BreadcrumbList","@id":"https:\/\/www.hexagonstudio.com.tr\/en\/career\/career-opportunities\/life-at-work\/#breadcrumb","itemListElement":[{"@type":"ListItem","position":1,"name":"Ana sayfa","item":"https:\/\/www.hexagonstudio.com.tr\/en\/"},{"@type":"ListItem","position":2,"name":"Career","item":"https:\/\/www.hexagonstudio.com.tr\/en\/career\/"},{"@type":"ListItem","position":3,"name":"Career Opportunities","item":"https:\/\/www.hexagonstudio.com.tr\/en\/career\/career-opportunities\/"},{"@type":"ListItem","position":4,"name":"Life at Work"}]},{"@type":"WebSite","@id":"https:\/\/www.hexagonstudio.com.tr\/en\/#website","url":"https:\/\/www.hexagonstudio.com.tr\/en\/","name":"Hexagon Studio","description":"\u00d6zg\u00fcn Tasar\u0131m ve M\u00fchendislik \u00c7\u00f6z\u00fcmleri","publisher":{"@id":"https:\/\/www.hexagonstudio.com.tr\/en\/#organization"},"potentialAction":[{"@type":"SearchAction","target":{"@type":"EntryPoint","urlTemplate":"https:\/\/www.hexagonstudio.com.tr\/en\/?s={search_term_string}"},"query-input":"required name=search_term_string"}],"inLanguage":"en-US"},{"@type":"Organization","@id":"https:\/\/www.hexagonstudio.com.tr\/en\/#organization","name":"Hexagon Studio","url":"https:\/\/www.hexagonstudio.com.tr\/en\/","logo":{"@type":"ImageObject","inLanguage":"en-US","@id":"https:\/\/www.hexagonstudio.com.tr\/en\/#\/schema\/logo\/image\/","url":"https:\/\/www.hexagonstudio.com.tr\/wp-content\/uploads\/2019\/01\/logo.png","contentUrl":"https:\/\/www.hexagonstudio.com.tr\/wp-content\/uploads\/2019\/01\/logo.png","width":280,"height":130,"caption":"Hexagon Studio"},"image":{"@id":"https:\/\/www.hexagonstudio.com.tr\/en\/#\/schema\/logo\/image\/"},"sameAs":["https:\/\/www.facebook.com\/hexagonstudio","https:\/\/twitter.com\/hexagonstudiotr","https:\/\/www.instagram.com\/hexagonstudiotr\/","https:\/\/www.linkedin.com\/company\/hexagon-studio"]}]}},"jetpack_sharing_enabled":true,"_links":{"self":[{"href":"https:\/\/www.hexagonstudio.com.tr\/en\/wp-json\/wp\/v2\/pages\/19221"}],"collection":[{"href":"https:\/\/www.hexagonstudio.com.tr\/en\/wp-json\/wp\/v2\/pages"}],"about":[{"href":"https:\/\/www.hexagonstudio.com.tr\/en\/wp-json\/wp\/v2\/types\/page"}],"author":[{"embeddable":true,"href":"https:\/\/www.hexagonstudio.com.tr\/en\/wp-json\/wp\/v2\/users\/1"}],"replies":[{"embeddable":true,"href":"https:\/\/www.hexagonstudio.com.tr\/en\/wp-json\/wp\/v2\/comments?post=19221"}],"version-history":[{"count":8,"href":"https:\/\/www.hexagonstudio.com.tr\/en\/wp-json\/wp\/v2\/pages\/19221\/revisions"}],"predecessor-version":[{"id":20256,"href":"https:\/\/www.hexagonstudio.com.tr\/en\/wp-json\/wp\/v2\/pages\/19221\/revisions\/20256"}],"up":[{"embeddable":true,"href":"https:\/\/www.hexagonstudio.com.tr\/en\/wp-json\/wp\/v2\/pages\/18849"}],"wp:attachment":[{"href":"https:\/\/www.hexagonstudio.com.tr\/en\/wp-json\/wp\/v2\/media?parent=19221"}],"curies":[{"name":"wp","href":"https:\/\/api.w.org\/{rel}","templated":true}]}}