{"id":19232,"date":"2019-01-23T15:52:05","date_gmt":"2019-01-23T12:52:05","guid":{"rendered":"https:\/\/www.hexagonstudio.com.tr\/?page_id=19232"},"modified":"2019-06-01T14:47:21","modified_gmt":"2019-06-01T11:47:21","slug":"privacy-policy","status":"publish","type":"page","link":"https:\/\/www.hexagonstudio.com.tr\/en\/privacy-policy\/","title":{"rendered":"Privacy Policy"},"content":{"rendered":"<p>Privacy Policy<\/p>\n<p>&nbsp;<\/p>\n<p>Hexagon Studio operates <a href=\"https:\/\/www.hexagonstudio.com.tr\/\">https:\/\/www.hexagonstudio.com.tr<\/a> , as referred as the \u201dSite\u201d. This page informs you of our policies regarding the collection, use and disclosure of Personal Information we receive from users of the Site.<\/p>\n<p>We use your Personal Information only for providing and improving the Site. By using the Site, you agree to the collection and use of information in accordance with this policy.<\/p>\n<p><strong><br \/>\nInformation Collection and Use<\/strong><\/p>\n<p>While using our Site, we may ask you to provide us with certain personally identifiable information that can be used to contact or identify you.<\/p>\n<p>Personally identifiable information may include, but is not limited to your name \u201cPersonal Information\u201d. Your personal information will be handled with complete confidentiality.<\/p>\n<p>You can withdraw your consent to the storage of your data at any time by getting in touch with us: <a href=\"mailto:info@hexagonstudio.com.tr\">info@hexagonstudio.com.tr<\/a><\/p>\n<p><strong><br \/>\nLog Data<\/strong><\/p>\n<p>Like many site operators, we collect information that your browser sends whenever you visit our Site.<\/p>\n<p>This Log Data may include information such as your computer\u2019s Internet Protocol \u201cIP\u201d address, browser type, browser version, the pages of our Site that you visit, the time and date of your visit, the time spent on those pages and other statistics.<br \/>\nIn addition, we may use third party services such as Google Analytics that collect, monitor and\u00a0Analyze Site visitors\u2019 behavior.<\/p>\n<p><strong><br \/>\nCommunications<\/strong><\/p>\n<p>We may use your Personal Information to contact you with newsletters, marketing or promotional materials.<\/p>\n<p><strong><br \/>\nCookies<\/strong><\/p>\n<p>Cookies are files with small amount of data, which may include an anonymous unique identifier.\u00a0Cookies are sent to your browser from a web site and stored on your computer\u2019s hard drive.\u00a0Unlike many sites, we do not use \u201ccookies\u201d to collect information.<\/p>\n<p><strong><br \/>\nSecurity<\/strong><\/p>\n<p>The security of your Personal Information is important to us, but remember that no method of transmission over the Internet, or method of electronic storage, is 100% secure. While we strive to use commercially acceptable means to protect your Personal Information, we cannot guarantee its absolute security.<\/p>\n<p><strong><br \/>\nChanges to This Privacy Policy<\/strong><\/p>\n<p>We reserve the right to update or change our Privacy Policy at any time and you should check this\u00a0Privacy Policy periodically. Your continued use of the Service after we post any modifications to the\u00a0Privacy Policy on this page will constitute your acknowledgment of the modifications and your consent to abide and be bound by the modified Privacy Policy.<\/p>\n<p>If we make any material changes to this Privacy Policy, we will notify you either through the email address you have provided us, or by placing a prominent notice on our website.<\/p>\n<p><strong><br \/>\nContact Us<\/strong><\/p>\n<p>If you have any questions about this Privacy Policy, please get in touch with us: <a href=\"mailto:info@hexagonstudio.com.tr\">info@hexagonstudio.com.tr<\/a><\/p>\n<p>&nbsp;<\/p>\n<p>&nbsp;<\/p>\n","protected":false},"excerpt":{"rendered":"<p>Privacy Policy &nbsp; Hexagon Studio operates https:\/\/www.hexagonstudio.com.tr , as referred as the \u201dSite\u201d. This page informs you of our policies regarding the collection, use and disclosure of Personal Information we receive from users of the Site. We use your Personal Information only for providing and&#8230;<\/p>\n","protected":false},"author":1,"featured_media":0,"parent":0,"menu_order":0,"comment_status":"closed","ping_status":"open","template":"","meta":{"_acf_changed":false,"footnotes":""},"acf":[],"yoast_head":"<!-- This site is optimized with the Yoast SEO plugin v22.1 - https:\/\/yoast.com\/wordpress\/plugins\/seo\/ -->\n<title>Privacy Policy - Hexagon Studio<\/title>\n<meta name=\"robots\" content=\"index, follow, max-snippet:-1, max-image-preview:large, max-video-preview:-1\" \/>\n<link rel=\"canonical\" href=\"https:\/\/www.hexagonstudio.com.tr\/en\/privacy-policy\/\" \/>\n<meta property=\"og:locale\" content=\"en_US\" \/>\n<meta property=\"og:type\" content=\"article\" \/>\n<meta property=\"og:title\" content=\"Privacy Policy - Hexagon Studio\" \/>\n<meta property=\"og:description\" content=\"Privacy Policy &nbsp; Hexagon Studio operates https:\/\/www.hexagonstudio.com.tr , as referred as the \u201dSite\u201d. This page informs you of our policies regarding the collection, use and disclosure of Personal Information we receive from users of the Site. We use your Personal Information only for providing and...\" \/>\n<meta property=\"og:url\" content=\"https:\/\/www.hexagonstudio.com.tr\/en\/privacy-policy\/\" \/>\n<meta property=\"og:site_name\" content=\"Hexagon Studio\" \/>\n<meta property=\"article:publisher\" content=\"https:\/\/www.facebook.com\/hexagonstudio\" \/>\n<meta property=\"article:modified_time\" content=\"2019-06-01T11:47:21+00:00\" \/>\n<meta name=\"twitter:card\" content=\"summary_large_image\" \/>\n<meta name=\"twitter:site\" content=\"@hexagonstudiotr\" \/>\n<meta name=\"twitter:label1\" content=\"Est. reading time\" \/>\n\t<meta name=\"twitter:data1\" content=\"2 minutes\" \/>\n<!-- \/ Yoast SEO plugin. -->","yoast_head_json":{"title":"Privacy Policy - Hexagon Studio","robots":{"index":"index","follow":"follow","max-snippet":"max-snippet:-1","max-image-preview":"max-image-preview:large","max-video-preview":"max-video-preview:-1"},"canonical":"https:\/\/www.hexagonstudio.com.tr\/en\/privacy-policy\/","og_locale":"en_US","og_type":"article","og_title":"Privacy Policy - Hexagon Studio","og_description":"Privacy Policy &nbsp; Hexagon Studio operates https:\/\/www.hexagonstudio.com.tr , as referred as the \u201dSite\u201d. This page informs you of our policies regarding the collection, use and disclosure of Personal Information we receive from users of the Site. We use your Personal Information only for providing and...","og_url":"https:\/\/www.hexagonstudio.com.tr\/en\/privacy-policy\/","og_site_name":"Hexagon Studio","article_publisher":"https:\/\/www.facebook.com\/hexagonstudio","article_modified_time":"2019-06-01T11:47:21+00:00","twitter_card":"summary_large_image","twitter_site":"@hexagonstudiotr","twitter_misc":{"Est. reading time":"2 minutes"},"schema":{"@context":"https:\/\/schema.org","@graph":[{"@type":"WebPage","@id":"https:\/\/www.hexagonstudio.com.tr\/en\/privacy-policy\/","url":"https:\/\/www.hexagonstudio.com.tr\/en\/privacy-policy\/","name":"Privacy Policy - Hexagon Studio","isPartOf":{"@id":"https:\/\/www.hexagonstudio.com.tr\/en\/#website"},"datePublished":"2019-01-23T12:52:05+00:00","dateModified":"2019-06-01T11:47:21+00:00","breadcrumb":{"@id":"https:\/\/www.hexagonstudio.com.tr\/en\/privacy-policy\/#breadcrumb"},"inLanguage":"en-US","potentialAction":[{"@type":"ReadAction","target":["https:\/\/www.hexagonstudio.com.tr\/en\/privacy-policy\/"]}]},{"@type":"BreadcrumbList","@id":"https:\/\/www.hexagonstudio.com.tr\/en\/privacy-policy\/#breadcrumb","itemListElement":[{"@type":"ListItem","position":1,"name":"Ana sayfa","item":"https:\/\/www.hexagonstudio.com.tr\/en\/"},{"@type":"ListItem","position":2,"name":"Privacy Policy"}]},{"@type":"WebSite","@id":"https:\/\/www.hexagonstudio.com.tr\/en\/#website","url":"https:\/\/www.hexagonstudio.com.tr\/en\/","name":"Hexagon Studio","description":"\u00d6zg\u00fcn Tasar\u0131m ve M\u00fchendislik \u00c7\u00f6z\u00fcmleri","publisher":{"@id":"https:\/\/www.hexagonstudio.com.tr\/en\/#organization"},"potentialAction":[{"@type":"SearchAction","target":{"@type":"EntryPoint","urlTemplate":"https:\/\/www.hexagonstudio.com.tr\/en\/?s={search_term_string}"},"query-input":"required name=search_term_string"}],"inLanguage":"en-US"},{"@type":"Organization","@id":"https:\/\/www.hexagonstudio.com.tr\/en\/#organization","name":"Hexagon Studio","url":"https:\/\/www.hexagonstudio.com.tr\/en\/","logo":{"@type":"ImageObject","inLanguage":"en-US","@id":"https:\/\/www.hexagonstudio.com.tr\/en\/#\/schema\/logo\/image\/","url":"https:\/\/www.hexagonstudio.com.tr\/wp-content\/uploads\/2019\/01\/logo.png","contentUrl":"https:\/\/www.hexagonstudio.com.tr\/wp-content\/uploads\/2019\/01\/logo.png","width":280,"height":130,"caption":"Hexagon Studio"},"image":{"@id":"https:\/\/www.hexagonstudio.com.tr\/en\/#\/schema\/logo\/image\/"},"sameAs":["https:\/\/www.facebook.com\/hexagonstudio","https:\/\/twitter.com\/hexagonstudiotr","https:\/\/www.instagram.com\/hexagonstudiotr\/","https:\/\/www.linkedin.com\/company\/hexagon-studio"]}]}},"jetpack_sharing_enabled":true,"_links":{"self":[{"href":"https:\/\/www.hexagonstudio.com.tr\/en\/wp-json\/wp\/v2\/pages\/19232"}],"collection":[{"href":"https:\/\/www.hexagonstudio.com.tr\/en\/wp-json\/wp\/v2\/pages"}],"about":[{"href":"https:\/\/www.hexagonstudio.com.tr\/en\/wp-json\/wp\/v2\/types\/page"}],"author":[{"embeddable":true,"href":"https:\/\/www.hexagonstudio.com.tr\/en\/wp-json\/wp\/v2\/users\/1"}],"replies":[{"embeddable":true,"href":"https:\/\/www.hexagonstudio.com.tr\/en\/wp-json\/wp\/v2\/comments?post=19232"}],"version-history":[{"count":4,"href":"https:\/\/www.hexagonstudio.com.tr\/en\/wp-json\/wp\/v2\/pages\/19232\/revisions"}],"predecessor-version":[{"id":20240,"href":"https:\/\/www.hexagonstudio.com.tr\/en\/wp-json\/wp\/v2\/pages\/19232\/revisions\/20240"}],"wp:attachment":[{"href":"https:\/\/www.hexagonstudio.com.tr\/en\/wp-json\/wp\/v2\/media?parent=19232"}],"curies":[{"name":"wp","href":"https:\/\/api.w.org\/{rel}","templated":true}]}}